{"id":1096,"date":"2015-02-09T05:54:27","date_gmt":"2015-02-09T04:54:27","guid":{"rendered":"https:\/\/www.hotel-in-sirmione.it\/?page_id=1096"},"modified":"2023-04-18T16:30:42","modified_gmt":"2023-04-18T14:30:42","slug":"comme-arriver","status":"publish","type":"page","link":"https:\/\/www.hotel-in-sirmione.it\/fr\/hotel-en-sirmione\/comme-arriver\/","title":{"rendered":"Comme arriver"},"content":{"rendered":"\n<h2 class=\"wp-block-heading\">Comme arriver au &nbsp;Sirmione<\/h2>\n\n\n\n<h4 class=\"wp-block-heading\">Hotel \u00e0 Sirmione La Paul et Smeraldo sont \u00e0 cinq minutes \u00e0 pied du ch\u00e2teau et du centre historique, nous sommes dans la zone de libre circulation de sorte que vous pouvez aller et venir directement dans la voiture sans permission; nous avons un grand parking priv\u00e9 et gratuit, vous ne disposez pas de probl\u00e8mes.<\/h4>\n\n\n\n<p>A 50 m\u00e8tres de l&#8217;h\u00f4tel est l&#8217;arr\u00eat de bus et la ville de Brescia-V\u00e9rone-Brescia se d\u00e9placer vers les villes ou Desenzano et Peschiera. Depuis les a\u00e9roports de Milan Malpensa, Verona Villafranca (Valerio Catullo), Montichiari (Gabriele D&#8217;Annunzio) et Bergame (Le Caravage) vous venez avec quelques changements de moyens de transport. Voici les instructions d\u00e9taill\u00e9es avec des liens vers leurs sites officiels des entreprises de transports publics.<\/p>\n\n\n\n<p><strong>BUS<\/strong><\/p>\n\n\n\n<p>L&#8217;arr\u00eat de bus le plus proche \u00e0 l&#8221;h\u00f4tel est &#8220;Villa Trieste&#8221; \u00e0 50 m\u00e8tres, la prochaine est de &#8220;Centre de Sirmione&#8221; 500 mt. Arr\u00eatez-vous ici ces lignes:<\/p>\n\n\n\n<p><strong>La ligne bleue:<\/strong> Sirmione relie avec la ville est bleu pour le V\u00e9rone-Brescia-V\u00e9rone, la fr\u00e9quence est presque l&#8217;heure dans la saison, hors saison temps sont r\u00e9duits.<\/p>\n\n\n\n<p><strong>Ligne jaune:<\/strong> pour Voyage dans la ville, est utilis\u00e9 pour d\u00e9placer entre le centre de Sirmione et des villages de Colombare, Lugana, Rovizza.<\/p>\n\n\n\n<p><strong>Link:<\/strong> <span style=\"color: #0000ff;\"><a style=\"color: #0000ff;\" href=\"http:\/\/www.arriva.it\/web\/guest\/results\/-\/search?q=orari+brescia+verona&amp;redirecting=true&amp;freesearch=true\" target=\"_blank\" rel=\"noopener\">Horaires ligne bleue Verona-Brescia-Verona<\/a><\/span><\/p>\n\n\n\n<p><strong>TRAIN<\/strong><\/p>\n\n\n\n<p>Sur la ligne <strong>Milan-Venise<\/strong>, la gare la plus proche est la <strong>gare de Desenzano<\/strong> ou de la <strong>gare de Peschiera<\/strong>, se trouvent \u00e0 environ 8 km et vous pouvez vous y rendre en bus (ligne bleue V\u00e9rone-Brescia-V\u00e9rone) ou en taxi ( il en co\u00fbte environ 20 \u20ac *) TRAIN<\/p>\n\n\n\n<p><strong>Link:<\/strong>&nbsp;<span style=\"color: #0000ff;\"><a style=\"color: #0000ff;\" href=\"http:\/\/www.trenitalia.com\/tcom-fr\" target=\"_blank\" rel=\"noopener\">site de Trenitalia<\/a><\/span><\/p>\n\n\n\n<p><strong>A\u00c9ROPORTS<\/strong><\/p>\n\n\n\n<p><strong>Milan Malpensa<\/strong>: prendre le bus de l&#8217;a\u00e9roport \u00e0 la gare centrale de Milan, prendre le train \u00e0 la gare de Desenzano del Garda et puis vous pouvez obtenir \u00e0 Sirmione par bus (voir les instructions &#8220;bus&#8221;) ou en taxi.<\/p>\n\n\n\n<p><strong>Bergamo &#8211; Orio al Serio &#8211; Caravaggio<\/strong>: prendre le bus de l&#8217;a\u00e9roport \u00e0 la gare de Bergame, prendre le train (voir les instructions &#8220;train&#8221;) \u00e0 Desenzano del Garda, alors vous pouvez obtenir \u00e0 Sirmione par bus (voir les instructions &#8220;bus&#8221;) ou en taxi.<\/p>\n\n\n\n<p><strong>Montichiari &#8211; G. D&#8217;Annunzio:<\/strong> prendre un taxi \u00e0 l&#8217;arr\u00eat de bus en face du Centre d&#8217;expositions Garda \u00e0 Montichiari (Via Mantova), prendre le bus pour arr\u00eater \u00e0 la gare de Desenzano, prendre le bus de la ligne bleue \u00e0 Sirmione; ou prendre un taxi.<\/p>\n\n\n\n<p><strong>Link:<\/strong> <span style=\"color: #0000ff;\"><a style=\"color: #0000ff;\" href=\"http:\/\/www.autostradale.it\/fr\/airports\/1\/3\/?lang=1\" target=\"_blank\" rel=\"noopener\">Aerobus (Malpensa-Gare de Milano Central)<\/a><\/span>&nbsp;&#8211; <span style=\"color: #0000ff;\"><a style=\"color: #0000ff;\" href=\"http:\/\/www.atb.bergamo.it\/ITA\/Default.aspx?SEZ=2&amp;PAG=126&amp;NOT=257\" target=\"_blank\" rel=\"noopener\">Airport Bus (Caravaggio-Gare de Bergamo)<\/a><\/span> &#8211; <span style=\"color: #0000ff;\"><a style=\"color: #0000ff;\" href=\"http:\/\/www.arriva.it\/web\/guest\/results\/-\/search?q=montichiari+sirmione&amp;redirecting=true&amp;freesearch=false\" target=\"_blank\" rel=\"noopener\">la ligne de bus Montichiari-Desenzano-Sirmione<\/a><\/span><\/p>\n\n\n\n<p><strong>TAXI<\/strong><\/p>\n\n\n\n<p>Les emplacements des taxis \u00e0 Sirmione sont deux: en face du ch\u00e2teau de Sirmione ou \u00e0 Colombare de Sirmione en face du si\u00e8ge de Banco Popolare<\/p>\n\n\n\n<p>&#8211; Sirmione- Desenzano ou&nbsp;Sirmione-Peschiera : presque \u20ac 20<br>\n&#8211; Sirmione- A\u00e9roport de&nbsp;Verona Villafranca: presque \u20ac 65<br>\n&#8211; Sirmione- A\u00e9roport de&nbsp;Bergamo Orio al Serio : presque \u20ac 150<br>\n&#8211; Sirmione- A\u00e9roport de&nbsp;Milano Malpensa : presque \u20ac 270<\/p>\n\n\n\n<p>Ci-dessous la carte pour se rendre \u00e0 Sirmione en voiture<\/p>\n","protected":false},"excerpt":{"rendered":"<p>Comme arriver au &nbsp;Sirmione Hotel \u00e0 Sirmione La Paul et Smeraldo sont [&hellip;]<\/p>\n","protected":false},"author":4,"featured_media":0,"parent":1080,"menu_order":32,"comment_status":"open","ping_status":"open","template":"","meta":{"footnotes":""},"class_list":["post-1096","page","type-page","status-publish","hentry"],"yoast_head":"<!-- This site is optimized with the Yoast SEO plugin v27.5 - https:\/\/yoast.com\/product\/yoast-seo-wordpress\/ -->\n<title>Comme arriver dans Hotel in Sirmione | sur lac de Garde<\/title>\n<meta name=\"description\" content=\"Comme arriver dans Hotel in Sirmione avec de l&#039;auto, train, avion, bus\" \/>\n<meta name=\"robots\" content=\"index, follow, max-snippet:-1, max-image-preview:large, max-video-preview:-1\" \/>\n<link rel=\"canonical\" href=\"https:\/\/www.hotel-in-sirmione.it\/fr\/hotel-en-sirmione\/comme-arriver\/\" \/>\n<meta property=\"og:locale\" content=\"fr_FR\" \/>\n<meta property=\"og:type\" content=\"article\" \/>\n<meta property=\"og:title\" content=\"Comme arriver dans Hotel in Sirmione | sur lac de Garde\" \/>\n<meta property=\"og:description\" content=\"Comme arriver dans Hotel in Sirmione avec de l&#039;auto, train, avion, bus\" \/>\n<meta property=\"og:url\" content=\"https:\/\/www.hotel-in-sirmione.it\/fr\/hotel-en-sirmione\/comme-arriver\/\" \/>\n<meta property=\"og:site_name\" content=\"Hotel in Sirmione\" \/>\n<meta property=\"article:modified_time\" content=\"2023-04-18T14:30:42+00:00\" \/>\n<meta name=\"twitter:label1\" content=\"Est. reading time\" \/>\n\t<meta name=\"twitter:data1\" content=\"3 minutes\" \/>\n<script type=\"application\/ld+json\" class=\"yoast-schema-graph\">{\"@context\":\"https:\\\/\\\/schema.org\",\"@graph\":[{\"@type\":\"WebPage\",\"@id\":\"https:\\\/\\\/www.hotel-in-sirmione.it\\\/fr\\\/hotel-en-sirmione\\\/comme-arriver\\\/\",\"url\":\"https:\\\/\\\/www.hotel-in-sirmione.it\\\/fr\\\/hotel-en-sirmione\\\/comme-arriver\\\/\",\"name\":\"Comme arriver dans Hotel in Sirmione | sur lac de Garde\",\"isPartOf\":{\"@id\":\"https:\\\/\\\/www.hotel-in-sirmione.it\\\/#website\"},\"datePublished\":\"2015-02-09T04:54:27+00:00\",\"dateModified\":\"2023-04-18T14:30:42+00:00\",\"description\":\"Comme arriver dans Hotel in Sirmione avec de l'auto, train, avion, bus\",\"breadcrumb\":{\"@id\":\"https:\\\/\\\/www.hotel-in-sirmione.it\\\/fr\\\/hotel-en-sirmione\\\/comme-arriver\\\/#breadcrumb\"},\"inLanguage\":\"fr-FR\",\"potentialAction\":[{\"@type\":\"ReadAction\",\"target\":[\"https:\\\/\\\/www.hotel-in-sirmione.it\\\/fr\\\/hotel-en-sirmione\\\/comme-arriver\\\/\"]}]},{\"@type\":\"BreadcrumbList\",\"@id\":\"https:\\\/\\\/www.hotel-in-sirmione.it\\\/fr\\\/hotel-en-sirmione\\\/comme-arriver\\\/#breadcrumb\",\"itemListElement\":[{\"@type\":\"ListItem\",\"position\":1,\"name\":\"Home\",\"item\":\"https:\\\/\\\/www.hotel-in-sirmione.it\\\/fr\\\/\"},{\"@type\":\"ListItem\",\"position\":2,\"name\":\"Hotel en Sirmione\",\"item\":\"https:\\\/\\\/www.hotel-in-sirmione.it\\\/fr\\\/\"},{\"@type\":\"ListItem\",\"position\":3,\"name\":\"Comme arriver\"}]},{\"@type\":\"WebSite\",\"@id\":\"https:\\\/\\\/www.hotel-in-sirmione.it\\\/#website\",\"url\":\"https:\\\/\\\/www.hotel-in-sirmione.it\\\/\",\"name\":\"Hotel in Sirmione\",\"description\":\"Un nuovo sito targato WordPress\",\"potentialAction\":[{\"@type\":\"SearchAction\",\"target\":{\"@type\":\"EntryPoint\",\"urlTemplate\":\"https:\\\/\\\/www.hotel-in-sirmione.it\\\/?s={search_term_string}\"},\"query-input\":{\"@type\":\"PropertyValueSpecification\",\"valueRequired\":true,\"valueName\":\"search_term_string\"}}],\"inLanguage\":\"fr-FR\"}]}<\/script>\n<!-- \/ Yoast SEO plugin. -->","yoast_head_json":{"title":"Comme arriver dans Hotel in Sirmione | sur lac de Garde","description":"Comme arriver dans Hotel in Sirmione avec de l'auto, train, avion, bus","robots":{"index":"index","follow":"follow","max-snippet":"max-snippet:-1","max-image-preview":"max-image-preview:large","max-video-preview":"max-video-preview:-1"},"canonical":"https:\/\/www.hotel-in-sirmione.it\/fr\/hotel-en-sirmione\/comme-arriver\/","og_locale":"fr_FR","og_type":"article","og_title":"Comme arriver dans Hotel in Sirmione | sur lac de Garde","og_description":"Comme arriver dans Hotel in Sirmione avec de l'auto, train, avion, bus","og_url":"https:\/\/www.hotel-in-sirmione.it\/fr\/hotel-en-sirmione\/comme-arriver\/","og_site_name":"Hotel in Sirmione","article_modified_time":"2023-04-18T14:30:42+00:00","twitter_misc":{"Est. reading time":"3 minutes"},"schema":{"@context":"https:\/\/schema.org","@graph":[{"@type":"WebPage","@id":"https:\/\/www.hotel-in-sirmione.it\/fr\/hotel-en-sirmione\/comme-arriver\/","url":"https:\/\/www.hotel-in-sirmione.it\/fr\/hotel-en-sirmione\/comme-arriver\/","name":"Comme arriver dans Hotel in Sirmione | sur lac de Garde","isPartOf":{"@id":"https:\/\/www.hotel-in-sirmione.it\/#website"},"datePublished":"2015-02-09T04:54:27+00:00","dateModified":"2023-04-18T14:30:42+00:00","description":"Comme arriver dans Hotel in Sirmione avec de l'auto, train, avion, bus","breadcrumb":{"@id":"https:\/\/www.hotel-in-sirmione.it\/fr\/hotel-en-sirmione\/comme-arriver\/#breadcrumb"},"inLanguage":"fr-FR","potentialAction":[{"@type":"ReadAction","target":["https:\/\/www.hotel-in-sirmione.it\/fr\/hotel-en-sirmione\/comme-arriver\/"]}]},{"@type":"BreadcrumbList","@id":"https:\/\/www.hotel-in-sirmione.it\/fr\/hotel-en-sirmione\/comme-arriver\/#breadcrumb","itemListElement":[{"@type":"ListItem","position":1,"name":"Home","item":"https:\/\/www.hotel-in-sirmione.it\/fr\/"},{"@type":"ListItem","position":2,"name":"Hotel en Sirmione","item":"https:\/\/www.hotel-in-sirmione.it\/fr\/"},{"@type":"ListItem","position":3,"name":"Comme arriver"}]},{"@type":"WebSite","@id":"https:\/\/www.hotel-in-sirmione.it\/#website","url":"https:\/\/www.hotel-in-sirmione.it\/","name":"Hotel in Sirmione","description":"Un nuovo sito targato WordPress","potentialAction":[{"@type":"SearchAction","target":{"@type":"EntryPoint","urlTemplate":"https:\/\/www.hotel-in-sirmione.it\/?s={search_term_string}"},"query-input":{"@type":"PropertyValueSpecification","valueRequired":true,"valueName":"search_term_string"}}],"inLanguage":"fr-FR"}]}},"_links":{"self":[{"href":"https:\/\/www.hotel-in-sirmione.it\/fr\/wp-json\/wp\/v2\/pages\/1096","targetHints":{"allow":["GET"]}}],"collection":[{"href":"https:\/\/www.hotel-in-sirmione.it\/fr\/wp-json\/wp\/v2\/pages"}],"about":[{"href":"https:\/\/www.hotel-in-sirmione.it\/fr\/wp-json\/wp\/v2\/types\/page"}],"author":[{"embeddable":true,"href":"https:\/\/www.hotel-in-sirmione.it\/fr\/wp-json\/wp\/v2\/users\/4"}],"replies":[{"embeddable":true,"href":"https:\/\/www.hotel-in-sirmione.it\/fr\/wp-json\/wp\/v2\/comments?post=1096"}],"version-history":[{"count":4,"href":"https:\/\/www.hotel-in-sirmione.it\/fr\/wp-json\/wp\/v2\/pages\/1096\/revisions"}],"predecessor-version":[{"id":4994,"href":"https:\/\/www.hotel-in-sirmione.it\/fr\/wp-json\/wp\/v2\/pages\/1096\/revisions\/4994"}],"up":[{"embeddable":true,"href":"https:\/\/www.hotel-in-sirmione.it\/fr\/wp-json\/wp\/v2\/pages\/1080"}],"wp:attachment":[{"href":"https:\/\/www.hotel-in-sirmione.it\/fr\/wp-json\/wp\/v2\/media?parent=1096"}],"curies":[{"name":"wp","href":"https:\/\/api.w.org\/{rel}","templated":true}]}}