{"id":1094,"date":"2015-02-08T09:07:26","date_gmt":"2015-02-08T08:07:26","guid":{"rendered":"https:\/\/www.hotel-in-sirmione.it\/?page_id=1094"},"modified":"2023-04-18T16:30:42","modified_gmt":"2023-04-18T14:30:42","slug":"services-hotel","status":"publish","type":"page","link":"https:\/\/www.hotel-in-sirmione.it\/fr\/hotel-en-sirmione\/services-hotel\/","title":{"rendered":"Services Hotel"},"content":{"rendered":"\n<h3 class=\"wp-block-heading\">Services hotel en Sirmione<\/h3>\n\n\n\n<p>Au-del\u00e0 \u00e0 la commodit\u00e9 d&#8217;\u00eatre \u00e0 peu pas du centre historique et de pouvoir arriver confortablement y en voiture sans quelque restriction, dans les nosti h\u00f4tel trouve services diff\u00e9rents qu&#8217;ils te permettent de penser \u00e0 ton relax exclusivement.<\/p>\n\n\n\n<p>&#8211; Parking priv\u00e9 ample et gratuit<br>\n&#8211; Wifi gratuit dans les chambres et dans les clich\u00e9s<br>\n&#8211; R\u00e9servation je loue auto, location avec conducteur<br>\n&#8211; R\u00e9servation Transfer da\/per les a\u00e9roports<br>\n&#8211; Oasis verte bien \u00e9quip\u00e9e avec des petits lits confortables pour votre relax sur le lac<br>\n&#8211; Kiosque-bar avec petite restauration en jardin au bord lac<br>\n&#8211; Petite librairie gratuite multilingue<br>\n&#8211; R\u00e9servation tour sur le lac et patrons destinations touristiques directement en h\u00f4tel<\/p>\n\n\n\n<p>&#8211; R\u00e9servation billets il S&#8217;ensable de V\u00e9rone<\/p>\n\n\n\n<h3 class=\"wp-block-heading\">Pour les sportifs en bicyclette<\/h3>\n\n\n\n<p>&#8211; Teinturerie et stireria en 24h<br>\n&#8211; Bicyclettes gratuites pour petites tours dans les environs<br>\n&#8211; Location Mountainbike et v\u00e9lo de rue de qualit\u00e9 *<br>\n&#8211; Angle atelier &#8211; D\u00e9p\u00f4t s\u00fbr<br>\n&#8211; Fiches itin\u00e9raires en bicyclette de la zone<br>\n&#8211; M\u00e9canicien conventionn\u00e9 dans les environs<br>\n&#8211; Toiles plage gratuite<\/p>\n\n\n\n<h3 class=\"wp-block-heading\">Voyager avec des chiens<\/h3>\n\n\n\n<p>dans nos h\u00f4tels les chiens de petite et il sert de m\u00e9diateur dans taille ce sont les bienvenu, il suffit de respecter quelques r\u00e8gles simples de bonne vie en commun et \u00e9ducation; le restaurant, la zone petits d\u00e9jeuners et la piscine ne sont pas \u00e0 eux accessibles, pendant qu&#8217;en jardin il suffit de les tenir \u00e0 la laisse simplement.<\/p>\n\n\n\n<p>Vous trouverez \u00e0 eux disposition en chambre: bols pour eau et nourriture, carpette, petite escorte de sachets hygi\u00e9niques. Pour autres exigences extras, nous pourrons vous indiquer notre magasin de confiance<\/p>\n\n\n\n<p>* Service ext\u00e9rieur payant<\/p>\n","protected":false},"excerpt":{"rendered":"<p>Services hotel en Sirmione Au-del\u00e0 \u00e0 la commodit\u00e9 d&#8217;\u00eatre \u00e0 peu pas [&hellip;]<\/p>\n","protected":false},"author":4,"featured_media":0,"parent":1080,"menu_order":96,"comment_status":"open","ping_status":"closed","template":"","meta":{"footnotes":""},"class_list":["post-1094","page","type-page","status-publish","hentry"],"yoast_head":"<!-- This site is optimized with the Yoast SEO plugin v27.4 - https:\/\/yoast.com\/product\/yoast-seo-wordpress\/ -->\n<title>Services Hotel in Sirmione<\/title>\n<meta name=\"description\" content=\"Services Hotel en Sirmione: transfer, location auto, location mtb bicyclettes, teinturerie, wifi, bar en jardin, piscine, parking gratuit, chiens permis\" \/>\n<meta name=\"robots\" content=\"index, follow, max-snippet:-1, max-image-preview:large, max-video-preview:-1\" \/>\n<link rel=\"canonical\" href=\"https:\/\/www.hotel-in-sirmione.it\/fr\/hotel-en-sirmione\/services-hotel\/\" \/>\n<meta property=\"og:locale\" content=\"fr_FR\" \/>\n<meta property=\"og:type\" content=\"article\" \/>\n<meta property=\"og:title\" content=\"Services Hotel in Sirmione\" \/>\n<meta property=\"og:description\" content=\"Services Hotel en Sirmione: transfer, location auto, location mtb bicyclettes, teinturerie, wifi, bar en jardin, piscine, parking gratuit, chiens permis\" \/>\n<meta property=\"og:url\" content=\"https:\/\/www.hotel-in-sirmione.it\/fr\/hotel-en-sirmione\/services-hotel\/\" \/>\n<meta property=\"og:site_name\" content=\"Hotel in Sirmione\" \/>\n<meta property=\"article:modified_time\" content=\"2023-04-18T14:30:42+00:00\" \/>\n<meta name=\"twitter:label1\" content=\"Est. reading time\" \/>\n\t<meta name=\"twitter:data1\" content=\"2 minutes\" \/>\n<script type=\"application\/ld+json\" class=\"yoast-schema-graph\">{\"@context\":\"https:\\\/\\\/schema.org\",\"@graph\":[{\"@type\":\"WebPage\",\"@id\":\"https:\\\/\\\/www.hotel-in-sirmione.it\\\/fr\\\/hotel-en-sirmione\\\/services-hotel\\\/\",\"url\":\"https:\\\/\\\/www.hotel-in-sirmione.it\\\/fr\\\/hotel-en-sirmione\\\/services-hotel\\\/\",\"name\":\"Services Hotel in Sirmione\",\"isPartOf\":{\"@id\":\"https:\\\/\\\/www.hotel-in-sirmione.it\\\/#website\"},\"datePublished\":\"2015-02-08T08:07:26+00:00\",\"dateModified\":\"2023-04-18T14:30:42+00:00\",\"description\":\"Services Hotel en Sirmione: transfer, location auto, location mtb bicyclettes, teinturerie, wifi, bar en jardin, piscine, parking gratuit, chiens permis\",\"breadcrumb\":{\"@id\":\"https:\\\/\\\/www.hotel-in-sirmione.it\\\/fr\\\/hotel-en-sirmione\\\/services-hotel\\\/#breadcrumb\"},\"inLanguage\":\"fr-FR\",\"potentialAction\":[{\"@type\":\"ReadAction\",\"target\":[\"https:\\\/\\\/www.hotel-in-sirmione.it\\\/fr\\\/hotel-en-sirmione\\\/services-hotel\\\/\"]}]},{\"@type\":\"BreadcrumbList\",\"@id\":\"https:\\\/\\\/www.hotel-in-sirmione.it\\\/fr\\\/hotel-en-sirmione\\\/services-hotel\\\/#breadcrumb\",\"itemListElement\":[{\"@type\":\"ListItem\",\"position\":1,\"name\":\"Home\",\"item\":\"https:\\\/\\\/www.hotel-in-sirmione.it\\\/fr\\\/\"},{\"@type\":\"ListItem\",\"position\":2,\"name\":\"Hotel en Sirmione\",\"item\":\"https:\\\/\\\/www.hotel-in-sirmione.it\\\/fr\\\/\"},{\"@type\":\"ListItem\",\"position\":3,\"name\":\"Services Hotel\"}]},{\"@type\":\"WebSite\",\"@id\":\"https:\\\/\\\/www.hotel-in-sirmione.it\\\/#website\",\"url\":\"https:\\\/\\\/www.hotel-in-sirmione.it\\\/\",\"name\":\"Hotel in Sirmione\",\"description\":\"Un nuovo sito targato WordPress\",\"potentialAction\":[{\"@type\":\"SearchAction\",\"target\":{\"@type\":\"EntryPoint\",\"urlTemplate\":\"https:\\\/\\\/www.hotel-in-sirmione.it\\\/?s={search_term_string}\"},\"query-input\":{\"@type\":\"PropertyValueSpecification\",\"valueRequired\":true,\"valueName\":\"search_term_string\"}}],\"inLanguage\":\"fr-FR\"}]}<\/script>\n<!-- \/ Yoast SEO plugin. -->","yoast_head_json":{"title":"Services Hotel in Sirmione","description":"Services Hotel en Sirmione: transfer, location auto, location mtb bicyclettes, teinturerie, wifi, bar en jardin, piscine, parking gratuit, chiens permis","robots":{"index":"index","follow":"follow","max-snippet":"max-snippet:-1","max-image-preview":"max-image-preview:large","max-video-preview":"max-video-preview:-1"},"canonical":"https:\/\/www.hotel-in-sirmione.it\/fr\/hotel-en-sirmione\/services-hotel\/","og_locale":"fr_FR","og_type":"article","og_title":"Services Hotel in Sirmione","og_description":"Services Hotel en Sirmione: transfer, location auto, location mtb bicyclettes, teinturerie, wifi, bar en jardin, piscine, parking gratuit, chiens permis","og_url":"https:\/\/www.hotel-in-sirmione.it\/fr\/hotel-en-sirmione\/services-hotel\/","og_site_name":"Hotel in Sirmione","article_modified_time":"2023-04-18T14:30:42+00:00","twitter_misc":{"Est. reading time":"2 minutes"},"schema":{"@context":"https:\/\/schema.org","@graph":[{"@type":"WebPage","@id":"https:\/\/www.hotel-in-sirmione.it\/fr\/hotel-en-sirmione\/services-hotel\/","url":"https:\/\/www.hotel-in-sirmione.it\/fr\/hotel-en-sirmione\/services-hotel\/","name":"Services Hotel in Sirmione","isPartOf":{"@id":"https:\/\/www.hotel-in-sirmione.it\/#website"},"datePublished":"2015-02-08T08:07:26+00:00","dateModified":"2023-04-18T14:30:42+00:00","description":"Services Hotel en Sirmione: transfer, location auto, location mtb bicyclettes, teinturerie, wifi, bar en jardin, piscine, parking gratuit, chiens permis","breadcrumb":{"@id":"https:\/\/www.hotel-in-sirmione.it\/fr\/hotel-en-sirmione\/services-hotel\/#breadcrumb"},"inLanguage":"fr-FR","potentialAction":[{"@type":"ReadAction","target":["https:\/\/www.hotel-in-sirmione.it\/fr\/hotel-en-sirmione\/services-hotel\/"]}]},{"@type":"BreadcrumbList","@id":"https:\/\/www.hotel-in-sirmione.it\/fr\/hotel-en-sirmione\/services-hotel\/#breadcrumb","itemListElement":[{"@type":"ListItem","position":1,"name":"Home","item":"https:\/\/www.hotel-in-sirmione.it\/fr\/"},{"@type":"ListItem","position":2,"name":"Hotel en Sirmione","item":"https:\/\/www.hotel-in-sirmione.it\/fr\/"},{"@type":"ListItem","position":3,"name":"Services Hotel"}]},{"@type":"WebSite","@id":"https:\/\/www.hotel-in-sirmione.it\/#website","url":"https:\/\/www.hotel-in-sirmione.it\/","name":"Hotel in Sirmione","description":"Un nuovo sito targato WordPress","potentialAction":[{"@type":"SearchAction","target":{"@type":"EntryPoint","urlTemplate":"https:\/\/www.hotel-in-sirmione.it\/?s={search_term_string}"},"query-input":{"@type":"PropertyValueSpecification","valueRequired":true,"valueName":"search_term_string"}}],"inLanguage":"fr-FR"}]}},"_links":{"self":[{"href":"https:\/\/www.hotel-in-sirmione.it\/fr\/wp-json\/wp\/v2\/pages\/1094","targetHints":{"allow":["GET"]}}],"collection":[{"href":"https:\/\/www.hotel-in-sirmione.it\/fr\/wp-json\/wp\/v2\/pages"}],"about":[{"href":"https:\/\/www.hotel-in-sirmione.it\/fr\/wp-json\/wp\/v2\/types\/page"}],"author":[{"embeddable":true,"href":"https:\/\/www.hotel-in-sirmione.it\/fr\/wp-json\/wp\/v2\/users\/4"}],"replies":[{"embeddable":true,"href":"https:\/\/www.hotel-in-sirmione.it\/fr\/wp-json\/wp\/v2\/comments?post=1094"}],"version-history":[{"count":2,"href":"https:\/\/www.hotel-in-sirmione.it\/fr\/wp-json\/wp\/v2\/pages\/1094\/revisions"}],"predecessor-version":[{"id":4996,"href":"https:\/\/www.hotel-in-sirmione.it\/fr\/wp-json\/wp\/v2\/pages\/1094\/revisions\/4996"}],"up":[{"embeddable":true,"href":"https:\/\/www.hotel-in-sirmione.it\/fr\/wp-json\/wp\/v2\/pages\/1080"}],"wp:attachment":[{"href":"https:\/\/www.hotel-in-sirmione.it\/fr\/wp-json\/wp\/v2\/media?parent=1094"}],"curies":[{"name":"wp","href":"https:\/\/api.w.org\/{rel}","templated":true}]}}