{"id":1089,"date":"2015-02-08T08:02:35","date_gmt":"2015-02-08T07:02:35","guid":{"rendered":"https:\/\/www.hotel-in-sirmione.it\/?page_id=1089"},"modified":"2023-04-18T16:30:37","modified_gmt":"2023-04-18T14:30:37","slug":"hotel-la-paul","status":"publish","type":"page","link":"https:\/\/www.hotel-in-sirmione.it\/fr\/hotel-en-sirmione\/hotel-la-paul\/","title":{"rendered":"Hotel La Paul"},"content":{"rendered":"\n<h4 class=\"wp-block-heading\">Hotel La Paul en Sirmione il est situ\u00e9 \u00e0 proximit\u00e9 du ch\u00e2teau,<\/h4>\n\n\n\n<p>le long de la rue principale qui donn\u00e9e par la fraction de Colombare vers le <strong>Ch\u00e2teau Scaligero<\/strong> et la <strong>ville vieille<\/strong> avec son centre historique compl\u00e8tement pi\u00e9ton. Tu le trouves sur la gauche en allant vers le ch\u00e2teau et tu peux l&#8217;atteindre directement avec la voiture sans demander quelques-uns permission, il t&#8217;accueillera un <strong>parking<\/strong> confortable et un <strong>grand jardin sur le lac<\/strong>, en cinq minutes tu atteins \u00e0 pied puis la ville vieille. Entre les services offerts tu trouves piscine, restaurant, cuisine sans gluten, appontement, kiosque-bar en jardin pr\u00e8s du lac<\/p>\n\n\n\n<h5 class=\"wp-block-heading\"><a href=\"http:\/\/www.hotellapaul.it\/fr\/\" target=\"_blank\" rel=\"noopener\">Tu le vas au SITE INTERNET OFFICIEL d&#8217; Hotel La Paul en Sirmione<\/a><\/h5>\n\n\n\n<p>pour trouver tous les renseignements, les meilleures offres, tarifs personnalis\u00e9s, paquets vacances et relax<\/p>\n\n\n\n<figure class=\"wp-block-image alignnone\"><a href=\"https:\/\/www.hotel-in-sirmione.it\/wp-content\/uploads\/2015\/01\/hotel-la-paul-aerea-600r.jpg\"><img loading=\"lazy\" decoding=\"async\" width=\"600\" height=\"408\" src=\"https:\/\/www.hotel-in-sirmione.it\/wp-content\/uploads\/2015\/01\/hotel-la-paul-aerea-600r.jpg\" alt=\"Hotel La Paul in Sirmione\" class=\"wp-image-393\" srcset=\"https:\/\/www.hotel-in-sirmione.it\/wp-content\/uploads\/2015\/01\/hotel-la-paul-aerea-600r.jpg 600w, https:\/\/www.hotel-in-sirmione.it\/wp-content\/uploads\/2015\/01\/hotel-la-paul-aerea-600r-300x204.jpg 300w\" sizes=\"auto, (max-width: 600px) 100vw, 600px\" \/><\/a><figcaption class=\"wp-element-caption\">Hotel La Paul en Sirmione<\/figcaption><\/figure>\n","protected":false},"excerpt":{"rendered":"<p>Hotel La Paul en Sirmione il est situ\u00e9 \u00e0 proximit\u00e9 du ch\u00e2teau, [&hellip;]<\/p>\n","protected":false},"author":4,"featured_media":0,"parent":1080,"menu_order":95,"comment_status":"open","ping_status":"open","template":"","meta":{"footnotes":""},"class_list":["post-1089","page","type-page","status-publish","hentry"],"yoast_head":"<!-- This site is optimized with the Yoast SEO plugin v27.4 - https:\/\/yoast.com\/product\/yoast-seo-wordpress\/ -->\n<title>Hotel La Paul en Sirmione, site internet officiel<\/title>\n<meta name=\"description\" content=\"Hotel La Paul en Sirmione -sur le site officiel tu trouves tous les renseignements, les meilleures offres, tarifs personnalis\u00e9s et paquets vacances et relax\" \/>\n<meta name=\"robots\" content=\"index, follow, max-snippet:-1, max-image-preview:large, max-video-preview:-1\" \/>\n<link rel=\"canonical\" href=\"https:\/\/www.hotel-in-sirmione.it\/fr\/hotel-en-sirmione\/hotel-la-paul\/\" \/>\n<meta property=\"og:locale\" content=\"fr_FR\" \/>\n<meta property=\"og:type\" content=\"article\" \/>\n<meta property=\"og:title\" content=\"Hotel La Paul en Sirmione, site internet officiel\" \/>\n<meta property=\"og:description\" content=\"Hotel La Paul en Sirmione -sur le site officiel tu trouves tous les renseignements, les meilleures offres, tarifs personnalis\u00e9s et paquets vacances et relax\" \/>\n<meta property=\"og:url\" content=\"https:\/\/www.hotel-in-sirmione.it\/fr\/hotel-en-sirmione\/hotel-la-paul\/\" \/>\n<meta property=\"og:site_name\" content=\"Hotel in Sirmione\" \/>\n<meta property=\"article:modified_time\" content=\"2023-04-18T14:30:37+00:00\" \/>\n<meta property=\"og:image\" content=\"https:\/\/www.hotel-in-sirmione.it\/wp-content\/uploads\/2015\/01\/hotel-la-paul-aerea-600r.jpg\" \/>\n<meta name=\"twitter:label1\" content=\"Est. reading time\" \/>\n\t<meta name=\"twitter:data1\" content=\"1 minute\" \/>\n<script type=\"application\/ld+json\" class=\"yoast-schema-graph\">{\"@context\":\"https:\\\/\\\/schema.org\",\"@graph\":[{\"@type\":\"WebPage\",\"@id\":\"https:\\\/\\\/www.hotel-in-sirmione.it\\\/fr\\\/hotel-en-sirmione\\\/hotel-la-paul\\\/\",\"url\":\"https:\\\/\\\/www.hotel-in-sirmione.it\\\/fr\\\/hotel-en-sirmione\\\/hotel-la-paul\\\/\",\"name\":\"Hotel La Paul en Sirmione, site internet officiel\",\"isPartOf\":{\"@id\":\"https:\\\/\\\/www.hotel-in-sirmione.it\\\/#website\"},\"primaryImageOfPage\":{\"@id\":\"https:\\\/\\\/www.hotel-in-sirmione.it\\\/fr\\\/hotel-en-sirmione\\\/hotel-la-paul\\\/#primaryimage\"},\"image\":{\"@id\":\"https:\\\/\\\/www.hotel-in-sirmione.it\\\/fr\\\/hotel-en-sirmione\\\/hotel-la-paul\\\/#primaryimage\"},\"thumbnailUrl\":\"https:\\\/\\\/www.hotel-in-sirmione.it\\\/wp-content\\\/uploads\\\/2015\\\/01\\\/hotel-la-paul-aerea-600r.jpg\",\"datePublished\":\"2015-02-08T07:02:35+00:00\",\"dateModified\":\"2023-04-18T14:30:37+00:00\",\"description\":\"Hotel La Paul en Sirmione -sur le site officiel tu trouves tous les renseignements, les meilleures offres, tarifs personnalis\u00e9s et paquets vacances et relax\",\"breadcrumb\":{\"@id\":\"https:\\\/\\\/www.hotel-in-sirmione.it\\\/fr\\\/hotel-en-sirmione\\\/hotel-la-paul\\\/#breadcrumb\"},\"inLanguage\":\"fr-FR\",\"potentialAction\":[{\"@type\":\"ReadAction\",\"target\":[\"https:\\\/\\\/www.hotel-in-sirmione.it\\\/fr\\\/hotel-en-sirmione\\\/hotel-la-paul\\\/\"]}]},{\"@type\":\"ImageObject\",\"inLanguage\":\"fr-FR\",\"@id\":\"https:\\\/\\\/www.hotel-in-sirmione.it\\\/fr\\\/hotel-en-sirmione\\\/hotel-la-paul\\\/#primaryimage\",\"url\":\"https:\\\/\\\/www.hotel-in-sirmione.it\\\/wp-content\\\/uploads\\\/2015\\\/01\\\/hotel-la-paul-aerea-600r.jpg\",\"contentUrl\":\"https:\\\/\\\/www.hotel-in-sirmione.it\\\/wp-content\\\/uploads\\\/2015\\\/01\\\/hotel-la-paul-aerea-600r.jpg\"},{\"@type\":\"BreadcrumbList\",\"@id\":\"https:\\\/\\\/www.hotel-in-sirmione.it\\\/fr\\\/hotel-en-sirmione\\\/hotel-la-paul\\\/#breadcrumb\",\"itemListElement\":[{\"@type\":\"ListItem\",\"position\":1,\"name\":\"Home\",\"item\":\"https:\\\/\\\/www.hotel-in-sirmione.it\\\/fr\\\/\"},{\"@type\":\"ListItem\",\"position\":2,\"name\":\"Hotel en Sirmione\",\"item\":\"https:\\\/\\\/www.hotel-in-sirmione.it\\\/fr\\\/\"},{\"@type\":\"ListItem\",\"position\":3,\"name\":\"Hotel La Paul\"}]},{\"@type\":\"WebSite\",\"@id\":\"https:\\\/\\\/www.hotel-in-sirmione.it\\\/#website\",\"url\":\"https:\\\/\\\/www.hotel-in-sirmione.it\\\/\",\"name\":\"Hotel in Sirmione\",\"description\":\"Un nuovo sito targato WordPress\",\"potentialAction\":[{\"@type\":\"SearchAction\",\"target\":{\"@type\":\"EntryPoint\",\"urlTemplate\":\"https:\\\/\\\/www.hotel-in-sirmione.it\\\/?s={search_term_string}\"},\"query-input\":{\"@type\":\"PropertyValueSpecification\",\"valueRequired\":true,\"valueName\":\"search_term_string\"}}],\"inLanguage\":\"fr-FR\"}]}<\/script>\n<!-- \/ Yoast SEO plugin. -->","yoast_head_json":{"title":"Hotel La Paul en Sirmione, site internet officiel","description":"Hotel La Paul en Sirmione -sur le site officiel tu trouves tous les renseignements, les meilleures offres, tarifs personnalis\u00e9s et paquets vacances et relax","robots":{"index":"index","follow":"follow","max-snippet":"max-snippet:-1","max-image-preview":"max-image-preview:large","max-video-preview":"max-video-preview:-1"},"canonical":"https:\/\/www.hotel-in-sirmione.it\/fr\/hotel-en-sirmione\/hotel-la-paul\/","og_locale":"fr_FR","og_type":"article","og_title":"Hotel La Paul en Sirmione, site internet officiel","og_description":"Hotel La Paul en Sirmione -sur le site officiel tu trouves tous les renseignements, les meilleures offres, tarifs personnalis\u00e9s et paquets vacances et relax","og_url":"https:\/\/www.hotel-in-sirmione.it\/fr\/hotel-en-sirmione\/hotel-la-paul\/","og_site_name":"Hotel in Sirmione","article_modified_time":"2023-04-18T14:30:37+00:00","og_image":[{"url":"https:\/\/www.hotel-in-sirmione.it\/wp-content\/uploads\/2015\/01\/hotel-la-paul-aerea-600r.jpg","type":"","width":"","height":""}],"twitter_misc":{"Est. reading time":"1 minute"},"schema":{"@context":"https:\/\/schema.org","@graph":[{"@type":"WebPage","@id":"https:\/\/www.hotel-in-sirmione.it\/fr\/hotel-en-sirmione\/hotel-la-paul\/","url":"https:\/\/www.hotel-in-sirmione.it\/fr\/hotel-en-sirmione\/hotel-la-paul\/","name":"Hotel La Paul en Sirmione, site internet officiel","isPartOf":{"@id":"https:\/\/www.hotel-in-sirmione.it\/#website"},"primaryImageOfPage":{"@id":"https:\/\/www.hotel-in-sirmione.it\/fr\/hotel-en-sirmione\/hotel-la-paul\/#primaryimage"},"image":{"@id":"https:\/\/www.hotel-in-sirmione.it\/fr\/hotel-en-sirmione\/hotel-la-paul\/#primaryimage"},"thumbnailUrl":"https:\/\/www.hotel-in-sirmione.it\/wp-content\/uploads\/2015\/01\/hotel-la-paul-aerea-600r.jpg","datePublished":"2015-02-08T07:02:35+00:00","dateModified":"2023-04-18T14:30:37+00:00","description":"Hotel La Paul en Sirmione -sur le site officiel tu trouves tous les renseignements, les meilleures offres, tarifs personnalis\u00e9s et paquets vacances et relax","breadcrumb":{"@id":"https:\/\/www.hotel-in-sirmione.it\/fr\/hotel-en-sirmione\/hotel-la-paul\/#breadcrumb"},"inLanguage":"fr-FR","potentialAction":[{"@type":"ReadAction","target":["https:\/\/www.hotel-in-sirmione.it\/fr\/hotel-en-sirmione\/hotel-la-paul\/"]}]},{"@type":"ImageObject","inLanguage":"fr-FR","@id":"https:\/\/www.hotel-in-sirmione.it\/fr\/hotel-en-sirmione\/hotel-la-paul\/#primaryimage","url":"https:\/\/www.hotel-in-sirmione.it\/wp-content\/uploads\/2015\/01\/hotel-la-paul-aerea-600r.jpg","contentUrl":"https:\/\/www.hotel-in-sirmione.it\/wp-content\/uploads\/2015\/01\/hotel-la-paul-aerea-600r.jpg"},{"@type":"BreadcrumbList","@id":"https:\/\/www.hotel-in-sirmione.it\/fr\/hotel-en-sirmione\/hotel-la-paul\/#breadcrumb","itemListElement":[{"@type":"ListItem","position":1,"name":"Home","item":"https:\/\/www.hotel-in-sirmione.it\/fr\/"},{"@type":"ListItem","position":2,"name":"Hotel en Sirmione","item":"https:\/\/www.hotel-in-sirmione.it\/fr\/"},{"@type":"ListItem","position":3,"name":"Hotel La Paul"}]},{"@type":"WebSite","@id":"https:\/\/www.hotel-in-sirmione.it\/#website","url":"https:\/\/www.hotel-in-sirmione.it\/","name":"Hotel in Sirmione","description":"Un nuovo sito targato WordPress","potentialAction":[{"@type":"SearchAction","target":{"@type":"EntryPoint","urlTemplate":"https:\/\/www.hotel-in-sirmione.it\/?s={search_term_string}"},"query-input":{"@type":"PropertyValueSpecification","valueRequired":true,"valueName":"search_term_string"}}],"inLanguage":"fr-FR"}]}},"_links":{"self":[{"href":"https:\/\/www.hotel-in-sirmione.it\/fr\/wp-json\/wp\/v2\/pages\/1089","targetHints":{"allow":["GET"]}}],"collection":[{"href":"https:\/\/www.hotel-in-sirmione.it\/fr\/wp-json\/wp\/v2\/pages"}],"about":[{"href":"https:\/\/www.hotel-in-sirmione.it\/fr\/wp-json\/wp\/v2\/types\/page"}],"author":[{"embeddable":true,"href":"https:\/\/www.hotel-in-sirmione.it\/fr\/wp-json\/wp\/v2\/users\/4"}],"replies":[{"embeddable":true,"href":"https:\/\/www.hotel-in-sirmione.it\/fr\/wp-json\/wp\/v2\/comments?post=1089"}],"version-history":[{"count":3,"href":"https:\/\/www.hotel-in-sirmione.it\/fr\/wp-json\/wp\/v2\/pages\/1089\/revisions"}],"predecessor-version":[{"id":4993,"href":"https:\/\/www.hotel-in-sirmione.it\/fr\/wp-json\/wp\/v2\/pages\/1089\/revisions\/4993"}],"up":[{"embeddable":true,"href":"https:\/\/www.hotel-in-sirmione.it\/fr\/wp-json\/wp\/v2\/pages\/1080"}],"wp:attachment":[{"href":"https:\/\/www.hotel-in-sirmione.it\/fr\/wp-json\/wp\/v2\/media?parent=1089"}],"curies":[{"name":"wp","href":"https:\/\/api.w.org\/{rel}","templated":true}]}}