{"id":1086,"date":"2015-02-08T07:55:28","date_gmt":"2015-02-08T06:55:28","guid":{"rendered":"https:\/\/www.hotel-in-sirmione.it\/?page_id=1086"},"modified":"2023-04-18T16:30:36","modified_gmt":"2023-04-18T14:30:36","slug":"hotel-smeraldo","status":"publish","type":"page","link":"https:\/\/www.hotel-in-sirmione.it\/fr\/hotel-en-sirmione\/hotel-smeraldo\/","title":{"rendered":"Hotel Smeraldo"},"content":{"rendered":"\n<h4 class=\"wp-block-heading\">H\u00f4tel Smeraldo en&nbsp;Sirmione \u00e0 proximit\u00e9 du ch\u00e2teau,<\/h4>\n\n\n\n<p>il se trouve peu avant d&#8217;arriver au Ch\u00e2teau Scaligero et \u00e0 la ville vieille, positionn\u00e9 sur la berge orientale de la p\u00e9ninsule, sur le c\u00f4t\u00e9 droit pour celui qui va vers le Centre Historique.<\/p>\n\n\n\n<p>L&#8217;h\u00f4tel Smeraldo in Sirmione est confortablement <strong>accessible en voiture<\/strong> sans besoin de demander permissions, tu trouves ici <strong>parking priv\u00e9<\/strong>, un jardin tranquille <strong>sur le lac<\/strong>, chambres avec balcon ample pour se r\u00e9jouir le panoramique sur le lac de Garda; la ville vieille de Sirmione est peu \u00e9loign\u00e9e \u00e0 pied et de tu es ici aussi confort pour visiter toutes les localit\u00e9s du bas Garda.<\/p>\n\n\n\n<h4 class=\"wp-block-heading\"><a href=\"http:\/\/www.smeraldosirmione.com\/fr\/\" target=\"_blank\" rel=\"noopener\">Tu vas au SITU\u00c9 INTERNET OFFICIEL d&#8217;H\u00f4tel Smeraldo en Sirmione<\/a><\/h4>\n\n\n\n<p>pour trouver tous les renseignements, les meilleures offres, tarifs personnalis\u00e9s, paquets vacances et relax<\/p>\n\n\n\n<figure class=\"wp-block-image alignnone\"><a href=\"https:\/\/www.hotel-in-sirmione.it\/wp-content\/uploads\/2015\/01\/hotel-Smeraldo-verso-lago-6.jpg\"><img loading=\"lazy\" decoding=\"async\" width=\"600\" height=\"248\" src=\"https:\/\/www.hotel-in-sirmione.it\/wp-content\/uploads\/2015\/01\/hotel-Smeraldo-verso-lago-6.jpg\" alt=\"Hotel-Smeraldo-Sirmione\" class=\"wp-image-398\" srcset=\"https:\/\/www.hotel-in-sirmione.it\/wp-content\/uploads\/2015\/01\/hotel-Smeraldo-verso-lago-6.jpg 600w, https:\/\/www.hotel-in-sirmione.it\/wp-content\/uploads\/2015\/01\/hotel-Smeraldo-verso-lago-6-300x124.jpg 300w\" sizes=\"auto, (max-width: 600px) 100vw, 600px\" \/><\/a><figcaption class=\"wp-element-caption\">Hotel Smeraldo en Sirmione<\/figcaption><\/figure>\n","protected":false},"excerpt":{"rendered":"<p>H\u00f4tel Smeraldo en&nbsp;Sirmione \u00e0 proximit\u00e9 du ch\u00e2teau, il se trouve peu avant [&hellip;]<\/p>\n","protected":false},"author":4,"featured_media":0,"parent":1080,"menu_order":90,"comment_status":"open","ping_status":"open","template":"","meta":{"footnotes":""},"class_list":["post-1086","page","type-page","status-publish","hentry"],"yoast_head":"<!-- This site is optimized with the Yoast SEO plugin v27.4 - https:\/\/yoast.com\/product\/yoast-seo-wordpress\/ -->\n<title>Hotel Smeraldo en Sirmione \u00e0 proximit\u00e9 du ch\u00e2teau<\/title>\n<meta name=\"description\" content=\"Hotel Smeraldo en Sirmione \u00e0 proximit\u00e9 du ch\u00e2teau, tu trouves tous les renseignements, les meilleures offres, tarifs personnalis\u00e9s et paquets vacances\" \/>\n<meta name=\"robots\" content=\"index, follow, max-snippet:-1, max-image-preview:large, max-video-preview:-1\" \/>\n<link rel=\"canonical\" href=\"https:\/\/www.hotel-in-sirmione.it\/fr\/hotel-en-sirmione\/hotel-smeraldo\/\" \/>\n<meta property=\"og:locale\" content=\"fr_FR\" \/>\n<meta property=\"og:type\" content=\"article\" \/>\n<meta property=\"og:title\" content=\"Hotel Smeraldo en Sirmione \u00e0 proximit\u00e9 du ch\u00e2teau\" \/>\n<meta property=\"og:description\" content=\"Hotel Smeraldo en Sirmione \u00e0 proximit\u00e9 du ch\u00e2teau, tu trouves tous les renseignements, les meilleures offres, tarifs personnalis\u00e9s et paquets vacances\" \/>\n<meta property=\"og:url\" content=\"https:\/\/www.hotel-in-sirmione.it\/fr\/hotel-en-sirmione\/hotel-smeraldo\/\" \/>\n<meta property=\"og:site_name\" content=\"Hotel in Sirmione\" \/>\n<meta property=\"article:modified_time\" content=\"2023-04-18T14:30:36+00:00\" \/>\n<meta property=\"og:image\" content=\"https:\/\/www.hotel-in-sirmione.it\/wp-content\/uploads\/2015\/01\/hotel-Smeraldo-verso-lago-6.jpg\" \/>\n<meta name=\"twitter:label1\" content=\"Est. reading time\" \/>\n\t<meta name=\"twitter:data1\" content=\"1 minute\" \/>\n<script type=\"application\/ld+json\" class=\"yoast-schema-graph\">{\"@context\":\"https:\\\/\\\/schema.org\",\"@graph\":[{\"@type\":\"WebPage\",\"@id\":\"https:\\\/\\\/www.hotel-in-sirmione.it\\\/fr\\\/hotel-en-sirmione\\\/hotel-smeraldo\\\/\",\"url\":\"https:\\\/\\\/www.hotel-in-sirmione.it\\\/fr\\\/hotel-en-sirmione\\\/hotel-smeraldo\\\/\",\"name\":\"Hotel Smeraldo en Sirmione \u00e0 proximit\u00e9 du ch\u00e2teau\",\"isPartOf\":{\"@id\":\"https:\\\/\\\/www.hotel-in-sirmione.it\\\/#website\"},\"primaryImageOfPage\":{\"@id\":\"https:\\\/\\\/www.hotel-in-sirmione.it\\\/fr\\\/hotel-en-sirmione\\\/hotel-smeraldo\\\/#primaryimage\"},\"image\":{\"@id\":\"https:\\\/\\\/www.hotel-in-sirmione.it\\\/fr\\\/hotel-en-sirmione\\\/hotel-smeraldo\\\/#primaryimage\"},\"thumbnailUrl\":\"https:\\\/\\\/www.hotel-in-sirmione.it\\\/wp-content\\\/uploads\\\/2015\\\/01\\\/hotel-Smeraldo-verso-lago-6.jpg\",\"datePublished\":\"2015-02-08T06:55:28+00:00\",\"dateModified\":\"2023-04-18T14:30:36+00:00\",\"description\":\"Hotel Smeraldo en Sirmione \u00e0 proximit\u00e9 du ch\u00e2teau, tu trouves tous les renseignements, les meilleures offres, tarifs personnalis\u00e9s et paquets vacances\",\"breadcrumb\":{\"@id\":\"https:\\\/\\\/www.hotel-in-sirmione.it\\\/fr\\\/hotel-en-sirmione\\\/hotel-smeraldo\\\/#breadcrumb\"},\"inLanguage\":\"fr-FR\",\"potentialAction\":[{\"@type\":\"ReadAction\",\"target\":[\"https:\\\/\\\/www.hotel-in-sirmione.it\\\/fr\\\/hotel-en-sirmione\\\/hotel-smeraldo\\\/\"]}]},{\"@type\":\"ImageObject\",\"inLanguage\":\"fr-FR\",\"@id\":\"https:\\\/\\\/www.hotel-in-sirmione.it\\\/fr\\\/hotel-en-sirmione\\\/hotel-smeraldo\\\/#primaryimage\",\"url\":\"https:\\\/\\\/www.hotel-in-sirmione.it\\\/wp-content\\\/uploads\\\/2015\\\/01\\\/hotel-Smeraldo-verso-lago-6.jpg\",\"contentUrl\":\"https:\\\/\\\/www.hotel-in-sirmione.it\\\/wp-content\\\/uploads\\\/2015\\\/01\\\/hotel-Smeraldo-verso-lago-6.jpg\"},{\"@type\":\"BreadcrumbList\",\"@id\":\"https:\\\/\\\/www.hotel-in-sirmione.it\\\/fr\\\/hotel-en-sirmione\\\/hotel-smeraldo\\\/#breadcrumb\",\"itemListElement\":[{\"@type\":\"ListItem\",\"position\":1,\"name\":\"Home\",\"item\":\"https:\\\/\\\/www.hotel-in-sirmione.it\\\/fr\\\/\"},{\"@type\":\"ListItem\",\"position\":2,\"name\":\"Hotel en Sirmione\",\"item\":\"https:\\\/\\\/www.hotel-in-sirmione.it\\\/fr\\\/\"},{\"@type\":\"ListItem\",\"position\":3,\"name\":\"Hotel Smeraldo\"}]},{\"@type\":\"WebSite\",\"@id\":\"https:\\\/\\\/www.hotel-in-sirmione.it\\\/#website\",\"url\":\"https:\\\/\\\/www.hotel-in-sirmione.it\\\/\",\"name\":\"Hotel in Sirmione\",\"description\":\"Un nuovo sito targato WordPress\",\"potentialAction\":[{\"@type\":\"SearchAction\",\"target\":{\"@type\":\"EntryPoint\",\"urlTemplate\":\"https:\\\/\\\/www.hotel-in-sirmione.it\\\/?s={search_term_string}\"},\"query-input\":{\"@type\":\"PropertyValueSpecification\",\"valueRequired\":true,\"valueName\":\"search_term_string\"}}],\"inLanguage\":\"fr-FR\"}]}<\/script>\n<!-- \/ Yoast SEO plugin. -->","yoast_head_json":{"title":"Hotel Smeraldo en Sirmione \u00e0 proximit\u00e9 du ch\u00e2teau","description":"Hotel Smeraldo en Sirmione \u00e0 proximit\u00e9 du ch\u00e2teau, tu trouves tous les renseignements, les meilleures offres, tarifs personnalis\u00e9s et paquets vacances","robots":{"index":"index","follow":"follow","max-snippet":"max-snippet:-1","max-image-preview":"max-image-preview:large","max-video-preview":"max-video-preview:-1"},"canonical":"https:\/\/www.hotel-in-sirmione.it\/fr\/hotel-en-sirmione\/hotel-smeraldo\/","og_locale":"fr_FR","og_type":"article","og_title":"Hotel Smeraldo en Sirmione \u00e0 proximit\u00e9 du ch\u00e2teau","og_description":"Hotel Smeraldo en Sirmione \u00e0 proximit\u00e9 du ch\u00e2teau, tu trouves tous les renseignements, les meilleures offres, tarifs personnalis\u00e9s et paquets vacances","og_url":"https:\/\/www.hotel-in-sirmione.it\/fr\/hotel-en-sirmione\/hotel-smeraldo\/","og_site_name":"Hotel in Sirmione","article_modified_time":"2023-04-18T14:30:36+00:00","og_image":[{"url":"https:\/\/www.hotel-in-sirmione.it\/wp-content\/uploads\/2015\/01\/hotel-Smeraldo-verso-lago-6.jpg","type":"","width":"","height":""}],"twitter_misc":{"Est. reading time":"1 minute"},"schema":{"@context":"https:\/\/schema.org","@graph":[{"@type":"WebPage","@id":"https:\/\/www.hotel-in-sirmione.it\/fr\/hotel-en-sirmione\/hotel-smeraldo\/","url":"https:\/\/www.hotel-in-sirmione.it\/fr\/hotel-en-sirmione\/hotel-smeraldo\/","name":"Hotel Smeraldo en Sirmione \u00e0 proximit\u00e9 du ch\u00e2teau","isPartOf":{"@id":"https:\/\/www.hotel-in-sirmione.it\/#website"},"primaryImageOfPage":{"@id":"https:\/\/www.hotel-in-sirmione.it\/fr\/hotel-en-sirmione\/hotel-smeraldo\/#primaryimage"},"image":{"@id":"https:\/\/www.hotel-in-sirmione.it\/fr\/hotel-en-sirmione\/hotel-smeraldo\/#primaryimage"},"thumbnailUrl":"https:\/\/www.hotel-in-sirmione.it\/wp-content\/uploads\/2015\/01\/hotel-Smeraldo-verso-lago-6.jpg","datePublished":"2015-02-08T06:55:28+00:00","dateModified":"2023-04-18T14:30:36+00:00","description":"Hotel Smeraldo en Sirmione \u00e0 proximit\u00e9 du ch\u00e2teau, tu trouves tous les renseignements, les meilleures offres, tarifs personnalis\u00e9s et paquets vacances","breadcrumb":{"@id":"https:\/\/www.hotel-in-sirmione.it\/fr\/hotel-en-sirmione\/hotel-smeraldo\/#breadcrumb"},"inLanguage":"fr-FR","potentialAction":[{"@type":"ReadAction","target":["https:\/\/www.hotel-in-sirmione.it\/fr\/hotel-en-sirmione\/hotel-smeraldo\/"]}]},{"@type":"ImageObject","inLanguage":"fr-FR","@id":"https:\/\/www.hotel-in-sirmione.it\/fr\/hotel-en-sirmione\/hotel-smeraldo\/#primaryimage","url":"https:\/\/www.hotel-in-sirmione.it\/wp-content\/uploads\/2015\/01\/hotel-Smeraldo-verso-lago-6.jpg","contentUrl":"https:\/\/www.hotel-in-sirmione.it\/wp-content\/uploads\/2015\/01\/hotel-Smeraldo-verso-lago-6.jpg"},{"@type":"BreadcrumbList","@id":"https:\/\/www.hotel-in-sirmione.it\/fr\/hotel-en-sirmione\/hotel-smeraldo\/#breadcrumb","itemListElement":[{"@type":"ListItem","position":1,"name":"Home","item":"https:\/\/www.hotel-in-sirmione.it\/fr\/"},{"@type":"ListItem","position":2,"name":"Hotel en Sirmione","item":"https:\/\/www.hotel-in-sirmione.it\/fr\/"},{"@type":"ListItem","position":3,"name":"Hotel Smeraldo"}]},{"@type":"WebSite","@id":"https:\/\/www.hotel-in-sirmione.it\/#website","url":"https:\/\/www.hotel-in-sirmione.it\/","name":"Hotel in Sirmione","description":"Un nuovo sito targato WordPress","potentialAction":[{"@type":"SearchAction","target":{"@type":"EntryPoint","urlTemplate":"https:\/\/www.hotel-in-sirmione.it\/?s={search_term_string}"},"query-input":{"@type":"PropertyValueSpecification","valueRequired":true,"valueName":"search_term_string"}}],"inLanguage":"fr-FR"}]}},"_links":{"self":[{"href":"https:\/\/www.hotel-in-sirmione.it\/fr\/wp-json\/wp\/v2\/pages\/1086","targetHints":{"allow":["GET"]}}],"collection":[{"href":"https:\/\/www.hotel-in-sirmione.it\/fr\/wp-json\/wp\/v2\/pages"}],"about":[{"href":"https:\/\/www.hotel-in-sirmione.it\/fr\/wp-json\/wp\/v2\/types\/page"}],"author":[{"embeddable":true,"href":"https:\/\/www.hotel-in-sirmione.it\/fr\/wp-json\/wp\/v2\/users\/4"}],"replies":[{"embeddable":true,"href":"https:\/\/www.hotel-in-sirmione.it\/fr\/wp-json\/wp\/v2\/comments?post=1086"}],"version-history":[{"count":4,"href":"https:\/\/www.hotel-in-sirmione.it\/fr\/wp-json\/wp\/v2\/pages\/1086\/revisions"}],"predecessor-version":[{"id":4992,"href":"https:\/\/www.hotel-in-sirmione.it\/fr\/wp-json\/wp\/v2\/pages\/1086\/revisions\/4992"}],"up":[{"embeddable":true,"href":"https:\/\/www.hotel-in-sirmione.it\/fr\/wp-json\/wp\/v2\/pages\/1080"}],"wp:attachment":[{"href":"https:\/\/www.hotel-in-sirmione.it\/fr\/wp-json\/wp\/v2\/media?parent=1086"}],"curies":[{"name":"wp","href":"https:\/\/api.w.org\/{rel}","templated":true}]}}