{"id":1080,"date":"2015-02-08T07:45:16","date_gmt":"2015-02-08T06:45:16","guid":{"rendered":"https:\/\/www.hotel-in-sirmione.it\/?page_id=1080"},"modified":"2023-04-18T16:30:36","modified_gmt":"2023-04-18T14:30:36","slug":"hotel-en-sirmione","status":"publish","type":"page","link":"https:\/\/www.hotel-in-sirmione.it\/fr\/","title":{"rendered":"Hotel en Sirmione"},"content":{"rendered":"\n<h3 class=\"wp-block-heading\">Hotel en Sirmione<\/h3>\n\n\n\n<p>je vous donne le bienvenu dans leur splendide p\u00e9ninsule qu&#8217;il s&#8217;\u00e9tend au centre du lac de Garda, d\u00e9cant\u00e9e par Catulle pour sa beaut\u00e9 et c\u00e9l\u00e8bre pour les thermes de Sirmione, Aquaria, la proximit\u00e9 aux parcs du Garda et la beaut\u00e9 du centre historique.<\/p>\n\n\n\n<h5 class=\"wp-block-heading\">Zones des hotel en Sirmione:<\/h5>\n\n\n\n<p>. Je centre historique, \u00e0 l&#8217;int\u00e9rieur du ch\u00e2teau scaligero, avec de l&#8217;accessibilit\u00e9 limit\u00e9<br>\n. P\u00e9ninsule, du ch\u00e2teau au lla fraction de Colombare, sans limitations d&#8217;accessibilit\u00e9<br>\n. Colombare et Lugana, \u00e0 la base de la p\u00e9ninsule, \u00e0 environ 2,5 kms du ch\u00e2teau<\/p>\n","protected":false},"excerpt":{"rendered":"<p>Hotel en Sirmione je vous donne le bienvenu dans leur splendide p\u00e9ninsule [&hellip;]<\/p>\n","protected":false},"author":4,"featured_media":3903,"parent":0,"menu_order":14,"comment_status":"open","ping_status":"closed","template":"","meta":{"footnotes":""},"class_list":["post-1080","page","type-page","status-publish","has-post-thumbnail","hentry"],"yoast_head":"<!-- This site is optimized with the Yoast SEO plugin v27.4 - https:\/\/yoast.com\/product\/yoast-seo-wordpress\/ -->\n<title>Hotel en Sirmione - sur la p\u00e9ninsule pr\u00e8s du centre historique<\/title>\n<meta name=\"description\" content=\"Hotel en Sirmione, r\u00e9servation h\u00f4tel direct pr\u00e8s du centre historique, acc\u00e8s libre en voiture, parking, jardin ample sur le lac piscine et restaurant\" \/>\n<meta name=\"robots\" content=\"index, follow, max-snippet:-1, max-image-preview:large, max-video-preview:-1\" \/>\n<link rel=\"canonical\" href=\"https:\/\/www.hotel-in-sirmione.it\/fr\/\" \/>\n<meta property=\"og:locale\" content=\"fr_FR\" \/>\n<meta property=\"og:type\" content=\"article\" \/>\n<meta property=\"og:title\" content=\"Hotel en Sirmione - sur la p\u00e9ninsule pr\u00e8s du centre historique\" \/>\n<meta property=\"og:description\" content=\"Hotel en Sirmione, r\u00e9servation h\u00f4tel direct pr\u00e8s du centre historique, acc\u00e8s libre en voiture, parking, jardin ample sur le lac piscine et restaurant\" \/>\n<meta property=\"og:url\" content=\"https:\/\/www.hotel-in-sirmione.it\/fr\/\" \/>\n<meta property=\"og:site_name\" content=\"Hotel in Sirmione\" \/>\n<meta property=\"article:modified_time\" content=\"2023-04-18T14:30:36+00:00\" \/>\n<meta property=\"og:image\" content=\"https:\/\/www.hotel-in-sirmione.it\/wp-content\/uploads\/2014\/12\/map-paul-smeraldo-300x350.jpg\" \/>\n\t<meta property=\"og:image:width\" content=\"300\" \/>\n\t<meta property=\"og:image:height\" content=\"350\" \/>\n\t<meta property=\"og:image:type\" content=\"image\/jpeg\" \/>\n<meta name=\"twitter:label1\" content=\"Est. reading time\" \/>\n\t<meta name=\"twitter:data1\" content=\"1 minute\" \/>\n<script type=\"application\/ld+json\" class=\"yoast-schema-graph\">{\"@context\":\"https:\\\/\\\/schema.org\",\"@graph\":[{\"@type\":\"WebPage\",\"@id\":\"https:\\\/\\\/www.hotel-in-sirmione.it\\\/fr\\\/\",\"url\":\"https:\\\/\\\/www.hotel-in-sirmione.it\\\/fr\\\/\",\"name\":\"Hotel en Sirmione - sur la p\u00e9ninsule pr\u00e8s du centre historique\",\"isPartOf\":{\"@id\":\"https:\\\/\\\/www.hotel-in-sirmione.it\\\/#website\"},\"primaryImageOfPage\":{\"@id\":\"https:\\\/\\\/www.hotel-in-sirmione.it\\\/fr\\\/#primaryimage\"},\"image\":{\"@id\":\"https:\\\/\\\/www.hotel-in-sirmione.it\\\/fr\\\/#primaryimage\"},\"thumbnailUrl\":\"https:\\\/\\\/www.hotel-in-sirmione.it\\\/wp-content\\\/uploads\\\/2014\\\/12\\\/map-paul-smeraldo-300x350.jpg\",\"datePublished\":\"2015-02-08T06:45:16+00:00\",\"dateModified\":\"2023-04-18T14:30:36+00:00\",\"description\":\"Hotel en Sirmione, r\u00e9servation h\u00f4tel direct pr\u00e8s du centre historique, acc\u00e8s libre en voiture, parking, jardin ample sur le lac piscine et restaurant\",\"breadcrumb\":{\"@id\":\"https:\\\/\\\/www.hotel-in-sirmione.it\\\/fr\\\/#breadcrumb\"},\"inLanguage\":\"fr-FR\",\"potentialAction\":[{\"@type\":\"ReadAction\",\"target\":[\"https:\\\/\\\/www.hotel-in-sirmione.it\\\/fr\\\/\"]}]},{\"@type\":\"ImageObject\",\"inLanguage\":\"fr-FR\",\"@id\":\"https:\\\/\\\/www.hotel-in-sirmione.it\\\/fr\\\/#primaryimage\",\"url\":\"https:\\\/\\\/www.hotel-in-sirmione.it\\\/wp-content\\\/uploads\\\/2014\\\/12\\\/map-paul-smeraldo-300x350.jpg\",\"contentUrl\":\"https:\\\/\\\/www.hotel-in-sirmione.it\\\/wp-content\\\/uploads\\\/2014\\\/12\\\/map-paul-smeraldo-300x350.jpg\",\"width\":300,\"height\":350},{\"@type\":\"BreadcrumbList\",\"@id\":\"https:\\\/\\\/www.hotel-in-sirmione.it\\\/fr\\\/#breadcrumb\",\"itemListElement\":[{\"@type\":\"ListItem\",\"position\":1,\"name\":\"Home\",\"item\":\"https:\\\/\\\/www.hotel-in-sirmione.it\\\/fr\\\/\"},{\"@type\":\"ListItem\",\"position\":2,\"name\":\"Hotel en Sirmione\"}]},{\"@type\":\"WebSite\",\"@id\":\"https:\\\/\\\/www.hotel-in-sirmione.it\\\/#website\",\"url\":\"https:\\\/\\\/www.hotel-in-sirmione.it\\\/\",\"name\":\"Hotel in Sirmione\",\"description\":\"Un nuovo sito targato WordPress\",\"potentialAction\":[{\"@type\":\"SearchAction\",\"target\":{\"@type\":\"EntryPoint\",\"urlTemplate\":\"https:\\\/\\\/www.hotel-in-sirmione.it\\\/?s={search_term_string}\"},\"query-input\":{\"@type\":\"PropertyValueSpecification\",\"valueRequired\":true,\"valueName\":\"search_term_string\"}}],\"inLanguage\":\"fr-FR\"}]}<\/script>\n<!-- \/ Yoast SEO plugin. -->","yoast_head_json":{"title":"Hotel en Sirmione - sur la p\u00e9ninsule pr\u00e8s du centre historique","description":"Hotel en Sirmione, r\u00e9servation h\u00f4tel direct pr\u00e8s du centre historique, acc\u00e8s libre en voiture, parking, jardin ample sur le lac piscine et restaurant","robots":{"index":"index","follow":"follow","max-snippet":"max-snippet:-1","max-image-preview":"max-image-preview:large","max-video-preview":"max-video-preview:-1"},"canonical":"https:\/\/www.hotel-in-sirmione.it\/fr\/","og_locale":"fr_FR","og_type":"article","og_title":"Hotel en Sirmione - sur la p\u00e9ninsule pr\u00e8s du centre historique","og_description":"Hotel en Sirmione, r\u00e9servation h\u00f4tel direct pr\u00e8s du centre historique, acc\u00e8s libre en voiture, parking, jardin ample sur le lac piscine et restaurant","og_url":"https:\/\/www.hotel-in-sirmione.it\/fr\/","og_site_name":"Hotel in Sirmione","article_modified_time":"2023-04-18T14:30:36+00:00","og_image":[{"width":300,"height":350,"url":"https:\/\/www.hotel-in-sirmione.it\/wp-content\/uploads\/2014\/12\/map-paul-smeraldo-300x350.jpg","type":"image\/jpeg"}],"twitter_misc":{"Est. reading time":"1 minute"},"schema":{"@context":"https:\/\/schema.org","@graph":[{"@type":"WebPage","@id":"https:\/\/www.hotel-in-sirmione.it\/fr\/","url":"https:\/\/www.hotel-in-sirmione.it\/fr\/","name":"Hotel en Sirmione - sur la p\u00e9ninsule pr\u00e8s du centre historique","isPartOf":{"@id":"https:\/\/www.hotel-in-sirmione.it\/#website"},"primaryImageOfPage":{"@id":"https:\/\/www.hotel-in-sirmione.it\/fr\/#primaryimage"},"image":{"@id":"https:\/\/www.hotel-in-sirmione.it\/fr\/#primaryimage"},"thumbnailUrl":"https:\/\/www.hotel-in-sirmione.it\/wp-content\/uploads\/2014\/12\/map-paul-smeraldo-300x350.jpg","datePublished":"2015-02-08T06:45:16+00:00","dateModified":"2023-04-18T14:30:36+00:00","description":"Hotel en Sirmione, r\u00e9servation h\u00f4tel direct pr\u00e8s du centre historique, acc\u00e8s libre en voiture, parking, jardin ample sur le lac piscine et restaurant","breadcrumb":{"@id":"https:\/\/www.hotel-in-sirmione.it\/fr\/#breadcrumb"},"inLanguage":"fr-FR","potentialAction":[{"@type":"ReadAction","target":["https:\/\/www.hotel-in-sirmione.it\/fr\/"]}]},{"@type":"ImageObject","inLanguage":"fr-FR","@id":"https:\/\/www.hotel-in-sirmione.it\/fr\/#primaryimage","url":"https:\/\/www.hotel-in-sirmione.it\/wp-content\/uploads\/2014\/12\/map-paul-smeraldo-300x350.jpg","contentUrl":"https:\/\/www.hotel-in-sirmione.it\/wp-content\/uploads\/2014\/12\/map-paul-smeraldo-300x350.jpg","width":300,"height":350},{"@type":"BreadcrumbList","@id":"https:\/\/www.hotel-in-sirmione.it\/fr\/#breadcrumb","itemListElement":[{"@type":"ListItem","position":1,"name":"Home","item":"https:\/\/www.hotel-in-sirmione.it\/fr\/"},{"@type":"ListItem","position":2,"name":"Hotel en Sirmione"}]},{"@type":"WebSite","@id":"https:\/\/www.hotel-in-sirmione.it\/#website","url":"https:\/\/www.hotel-in-sirmione.it\/","name":"Hotel in Sirmione","description":"Un nuovo sito targato WordPress","potentialAction":[{"@type":"SearchAction","target":{"@type":"EntryPoint","urlTemplate":"https:\/\/www.hotel-in-sirmione.it\/?s={search_term_string}"},"query-input":{"@type":"PropertyValueSpecification","valueRequired":true,"valueName":"search_term_string"}}],"inLanguage":"fr-FR"}]}},"_links":{"self":[{"href":"https:\/\/www.hotel-in-sirmione.it\/fr\/wp-json\/wp\/v2\/pages\/1080","targetHints":{"allow":["GET"]}}],"collection":[{"href":"https:\/\/www.hotel-in-sirmione.it\/fr\/wp-json\/wp\/v2\/pages"}],"about":[{"href":"https:\/\/www.hotel-in-sirmione.it\/fr\/wp-json\/wp\/v2\/types\/page"}],"author":[{"embeddable":true,"href":"https:\/\/www.hotel-in-sirmione.it\/fr\/wp-json\/wp\/v2\/users\/4"}],"replies":[{"embeddable":true,"href":"https:\/\/www.hotel-in-sirmione.it\/fr\/wp-json\/wp\/v2\/comments?post=1080"}],"version-history":[{"count":4,"href":"https:\/\/www.hotel-in-sirmione.it\/fr\/wp-json\/wp\/v2\/pages\/1080\/revisions"}],"predecessor-version":[{"id":4990,"href":"https:\/\/www.hotel-in-sirmione.it\/fr\/wp-json\/wp\/v2\/pages\/1080\/revisions\/4990"}],"wp:featuredmedia":[{"embeddable":true,"href":"https:\/\/www.hotel-in-sirmione.it\/fr\/wp-json\/wp\/v2\/media\/3903"}],"wp:attachment":[{"href":"https:\/\/www.hotel-in-sirmione.it\/fr\/wp-json\/wp\/v2\/media?parent=1080"}],"curies":[{"name":"wp","href":"https:\/\/api.w.org\/{rel}","templated":true}]}}