{"id":1075,"date":"2015-02-08T07:28:38","date_gmt":"2015-02-08T06:28:38","guid":{"rendered":"https:\/\/www.hotel-in-sirmione.it\/?page_id=1075"},"modified":"2023-04-18T16:31:05","modified_gmt":"2023-04-18T14:31:05","slug":"cuisine-de-terroir-sur-garda","status":"publish","type":"page","link":"https:\/\/www.hotel-in-sirmione.it\/fr\/cuisine-de-terroir-sur-garda\/","title":{"rendered":"Cuisine de terroir sur Garda"},"content":{"rendered":"\n<h3 class=\"wp-block-heading\">Cuisine de terroir sur Garda, sp\u00e9cialit\u00e9 de lac de Garde<\/h3>\n\n\n\n<p>Sirmione, dans la zone sud du lac de Garda, il se trouve sur la fronti\u00e8re entre V\u00e9n\u00e8te, lombardia et mantovano, l&#8217;il fait oui que dans l&#8217;arc de peu kilom\u00e8tres ils puissent trouver plats typiques de ces trois provinces.&nbsp;Sur la bande c\u00f4ti\u00e8re ils font s\u00fbrement \u00e0 patrons les poissons de lac comme le coregone, lavarello, la truite, les aole, le brochet, la carpe, le tinca, la sardine et l&#8217;anguille et suivre nous trouvons le saucisson dans les collines moreniche, la truffe, les marrons, les herbes aromatiques du mont Vaillant, le formaggella de Tremosine, la viande sal\u00e0 du trentino, les l\u00e9gumes biologiques du Val de Gresta, l&#8217;huile vierge extra du Garda et pour appr\u00e9cier tout ceci le vin.<\/p>\n\n\n\n<p>Au Sirmione nous trouvons le lugana; le Valtenesi pour le clairet, le groppello, le marzemino; les Collines Moreniche veronesi pour le Custoza, le vin bardolino et le bardolino clairet; le Valpolicella, pour l&#8217;amarone Valpolicella, la r\u00e9vision, le recioto; le haut Garda avec la Vall\u00e9e des lacs pour le vin saint, le nosiola et le Vallagarina pour le Marzemino, le pinot gris, le muller thurgau; peu loin Suave avec le vin homonyme et le Franciacorta avec les boutons. En nos h\u00f4tels en Sirmione vous pourrez trouver lancements des produits typiques en Garda: les vins typiques comme le vin lugana, le vin bardolino, les vins Valpolicella et les poissons de lac comme la truite, le coregone, le brochet, la sardine.<\/p>\n\n\n\n<h5 class=\"wp-block-heading\">Quelques plats typiques de la Cuisine de terroir sur Garda<\/h5>\n\n\n\n<p>Casoncelli alla bresciana, Risotto agli asparagi, Baccal\u00e0 alla bresciana, Pesce persico del Garda, Trota del Garda, Coregone del Garda, Luccio alla gardesana, Sarde in saor, Spiedo alla bresciana, Polenta concia<\/p>\n","protected":false},"excerpt":{"rendered":"<p>Cuisine de terroir sur Garda, sp\u00e9cialit\u00e9 de lac de Garde Sirmione, dans [&hellip;]<\/p>\n","protected":false},"author":4,"featured_media":0,"parent":0,"menu_order":100,"comment_status":"open","ping_status":"open","template":"","meta":{"footnotes":""},"class_list":["post-1075","page","type-page","status-publish","hentry"],"yoast_head":"<!-- This site is optimized with the Yoast SEO plugin v27.4 - https:\/\/yoast.com\/product\/yoast-seo-wordpress\/ -->\n<title>Cuisine de terroir sur Garda - Hotel in Sirmione<\/title>\n<meta name=\"description\" content=\"Cuisine de terroir sur Garda - poisson du lac, dans le menu de nos h\u00f4tels en Sirmione toujours trouv\u00e9 quelques plat typique du lac de Garde\" \/>\n<meta name=\"robots\" content=\"index, follow, max-snippet:-1, max-image-preview:large, max-video-preview:-1\" \/>\n<link rel=\"canonical\" href=\"https:\/\/www.hotel-in-sirmione.it\/fr\/cuisine-de-terroir-sur-garda\/\" \/>\n<meta property=\"og:locale\" content=\"fr_FR\" \/>\n<meta property=\"og:type\" content=\"article\" \/>\n<meta property=\"og:title\" content=\"Cuisine de terroir sur Garda - Hotel in Sirmione\" \/>\n<meta property=\"og:description\" content=\"Cuisine de terroir sur Garda - poisson du lac, dans le menu de nos h\u00f4tels en Sirmione toujours trouv\u00e9 quelques plat typique du lac de Garde\" \/>\n<meta property=\"og:url\" content=\"https:\/\/www.hotel-in-sirmione.it\/fr\/cuisine-de-terroir-sur-garda\/\" \/>\n<meta property=\"og:site_name\" content=\"Hotel in Sirmione\" \/>\n<meta property=\"article:modified_time\" content=\"2023-04-18T14:31:05+00:00\" \/>\n<meta name=\"twitter:label1\" content=\"Est. reading time\" \/>\n\t<meta name=\"twitter:data1\" content=\"2 minutes\" \/>\n<script type=\"application\/ld+json\" class=\"yoast-schema-graph\">{\"@context\":\"https:\\\/\\\/schema.org\",\"@graph\":[{\"@type\":\"WebPage\",\"@id\":\"https:\\\/\\\/www.hotel-in-sirmione.it\\\/fr\\\/cuisine-de-terroir-sur-garda\\\/\",\"url\":\"https:\\\/\\\/www.hotel-in-sirmione.it\\\/fr\\\/cuisine-de-terroir-sur-garda\\\/\",\"name\":\"Cuisine de terroir sur Garda - Hotel in Sirmione\",\"isPartOf\":{\"@id\":\"https:\\\/\\\/www.hotel-in-sirmione.it\\\/#website\"},\"datePublished\":\"2015-02-08T06:28:38+00:00\",\"dateModified\":\"2023-04-18T14:31:05+00:00\",\"description\":\"Cuisine de terroir sur Garda - poisson du lac, dans le menu de nos h\u00f4tels en Sirmione toujours trouv\u00e9 quelques plat typique du lac de Garde\",\"breadcrumb\":{\"@id\":\"https:\\\/\\\/www.hotel-in-sirmione.it\\\/fr\\\/cuisine-de-terroir-sur-garda\\\/#breadcrumb\"},\"inLanguage\":\"fr-FR\",\"potentialAction\":[{\"@type\":\"ReadAction\",\"target\":[\"https:\\\/\\\/www.hotel-in-sirmione.it\\\/fr\\\/cuisine-de-terroir-sur-garda\\\/\"]}]},{\"@type\":\"BreadcrumbList\",\"@id\":\"https:\\\/\\\/www.hotel-in-sirmione.it\\\/fr\\\/cuisine-de-terroir-sur-garda\\\/#breadcrumb\",\"itemListElement\":[{\"@type\":\"ListItem\",\"position\":1,\"name\":\"Home\",\"item\":\"https:\\\/\\\/www.hotel-in-sirmione.it\\\/fr\\\/\"},{\"@type\":\"ListItem\",\"position\":2,\"name\":\"Cuisine de terroir sur Garda\"}]},{\"@type\":\"WebSite\",\"@id\":\"https:\\\/\\\/www.hotel-in-sirmione.it\\\/#website\",\"url\":\"https:\\\/\\\/www.hotel-in-sirmione.it\\\/\",\"name\":\"Hotel in Sirmione\",\"description\":\"Un nuovo sito targato WordPress\",\"potentialAction\":[{\"@type\":\"SearchAction\",\"target\":{\"@type\":\"EntryPoint\",\"urlTemplate\":\"https:\\\/\\\/www.hotel-in-sirmione.it\\\/?s={search_term_string}\"},\"query-input\":{\"@type\":\"PropertyValueSpecification\",\"valueRequired\":true,\"valueName\":\"search_term_string\"}}],\"inLanguage\":\"fr-FR\"}]}<\/script>\n<!-- \/ Yoast SEO plugin. -->","yoast_head_json":{"title":"Cuisine de terroir sur Garda - Hotel in Sirmione","description":"Cuisine de terroir sur Garda - poisson du lac, dans le menu de nos h\u00f4tels en Sirmione toujours trouv\u00e9 quelques plat typique du lac de Garde","robots":{"index":"index","follow":"follow","max-snippet":"max-snippet:-1","max-image-preview":"max-image-preview:large","max-video-preview":"max-video-preview:-1"},"canonical":"https:\/\/www.hotel-in-sirmione.it\/fr\/cuisine-de-terroir-sur-garda\/","og_locale":"fr_FR","og_type":"article","og_title":"Cuisine de terroir sur Garda - Hotel in Sirmione","og_description":"Cuisine de terroir sur Garda - poisson du lac, dans le menu de nos h\u00f4tels en Sirmione toujours trouv\u00e9 quelques plat typique du lac de Garde","og_url":"https:\/\/www.hotel-in-sirmione.it\/fr\/cuisine-de-terroir-sur-garda\/","og_site_name":"Hotel in Sirmione","article_modified_time":"2023-04-18T14:31:05+00:00","twitter_misc":{"Est. reading time":"2 minutes"},"schema":{"@context":"https:\/\/schema.org","@graph":[{"@type":"WebPage","@id":"https:\/\/www.hotel-in-sirmione.it\/fr\/cuisine-de-terroir-sur-garda\/","url":"https:\/\/www.hotel-in-sirmione.it\/fr\/cuisine-de-terroir-sur-garda\/","name":"Cuisine de terroir sur Garda - Hotel in Sirmione","isPartOf":{"@id":"https:\/\/www.hotel-in-sirmione.it\/#website"},"datePublished":"2015-02-08T06:28:38+00:00","dateModified":"2023-04-18T14:31:05+00:00","description":"Cuisine de terroir sur Garda - poisson du lac, dans le menu de nos h\u00f4tels en Sirmione toujours trouv\u00e9 quelques plat typique du lac de Garde","breadcrumb":{"@id":"https:\/\/www.hotel-in-sirmione.it\/fr\/cuisine-de-terroir-sur-garda\/#breadcrumb"},"inLanguage":"fr-FR","potentialAction":[{"@type":"ReadAction","target":["https:\/\/www.hotel-in-sirmione.it\/fr\/cuisine-de-terroir-sur-garda\/"]}]},{"@type":"BreadcrumbList","@id":"https:\/\/www.hotel-in-sirmione.it\/fr\/cuisine-de-terroir-sur-garda\/#breadcrumb","itemListElement":[{"@type":"ListItem","position":1,"name":"Home","item":"https:\/\/www.hotel-in-sirmione.it\/fr\/"},{"@type":"ListItem","position":2,"name":"Cuisine de terroir sur Garda"}]},{"@type":"WebSite","@id":"https:\/\/www.hotel-in-sirmione.it\/#website","url":"https:\/\/www.hotel-in-sirmione.it\/","name":"Hotel in Sirmione","description":"Un nuovo sito targato WordPress","potentialAction":[{"@type":"SearchAction","target":{"@type":"EntryPoint","urlTemplate":"https:\/\/www.hotel-in-sirmione.it\/?s={search_term_string}"},"query-input":{"@type":"PropertyValueSpecification","valueRequired":true,"valueName":"search_term_string"}}],"inLanguage":"fr-FR"}]}},"_links":{"self":[{"href":"https:\/\/www.hotel-in-sirmione.it\/fr\/wp-json\/wp\/v2\/pages\/1075","targetHints":{"allow":["GET"]}}],"collection":[{"href":"https:\/\/www.hotel-in-sirmione.it\/fr\/wp-json\/wp\/v2\/pages"}],"about":[{"href":"https:\/\/www.hotel-in-sirmione.it\/fr\/wp-json\/wp\/v2\/types\/page"}],"author":[{"embeddable":true,"href":"https:\/\/www.hotel-in-sirmione.it\/fr\/wp-json\/wp\/v2\/users\/4"}],"replies":[{"embeddable":true,"href":"https:\/\/www.hotel-in-sirmione.it\/fr\/wp-json\/wp\/v2\/comments?post=1075"}],"version-history":[{"count":2,"href":"https:\/\/www.hotel-in-sirmione.it\/fr\/wp-json\/wp\/v2\/pages\/1075\/revisions"}],"predecessor-version":[{"id":5008,"href":"https:\/\/www.hotel-in-sirmione.it\/fr\/wp-json\/wp\/v2\/pages\/1075\/revisions\/5008"}],"wp:attachment":[{"href":"https:\/\/www.hotel-in-sirmione.it\/fr\/wp-json\/wp\/v2\/media?parent=1075"}],"curies":[{"name":"wp","href":"https:\/\/api.w.org\/{rel}","templated":true}]}}