{"id":1073,"date":"2015-02-08T07:08:24","date_gmt":"2015-02-08T06:08:24","guid":{"rendered":"https:\/\/www.hotel-in-sirmione.it\/?page_id=1073"},"modified":"2023-04-18T16:31:08","modified_gmt":"2023-04-18T14:31:08","slug":"produit-typiques-du-garda","status":"publish","type":"page","link":"https:\/\/www.hotel-in-sirmione.it\/fr\/produit-typiques-du-garda\/","title":{"rendered":"Produit typiques du Garda"},"content":{"rendered":"\n<h4 class=\"wp-block-heading\">Produit typiques du Garda, zone qu&#8217;il jouit des produits du lac, de la plaine et des monts autour de le Garda.<\/h4>\n\n\n\n<p>Du lac les poissons de lac arrivent comme le coregone (lavarello), la truite, les aole, le brochet, la carpe, le tinca, la sardine et l&#8217;anguille; des collines moreniche et de la plaine les \u00e9levages pour la viande et les charcuteries, les olives pour l&#8217;huile extravergine du Garda, le raisin pour le vin, le fruits; tu donnes monts les fromages, les herbes aromatiques, les ch\u00e2taignes, les champignons et les truffes.<\/p>\n\n\n<div class=\"wp-block-image\">\n<figure class=\"alignleft\"><a href=\"https:\/\/www.hotel-in-sirmione.it\/wp-content\/uploads\/2015\/01\/prodotti-lago-top.jpg\"><img loading=\"lazy\" decoding=\"async\" width=\"540\" height=\"65\" src=\"https:\/\/www.hotel-in-sirmione.it\/wp-content\/uploads\/2015\/01\/prodotti-lago-top.jpg\" alt=\"prodotti-lago-garda\" class=\"wp-image-640\" srcset=\"https:\/\/www.hotel-in-sirmione.it\/wp-content\/uploads\/2015\/01\/prodotti-lago-top.jpg 540w, https:\/\/www.hotel-in-sirmione.it\/wp-content\/uploads\/2015\/01\/prodotti-lago-top-300x36.jpg 300w\" sizes=\"auto, (max-width: 540px) 100vw, 540px\" \/><\/a><figcaption class=\"wp-element-caption\">Produit typiques du Garde<\/figcaption><\/figure><\/div>\n\n\n<h4 class=\"wp-block-heading\"><\/h4>\n\n\n\n<h4 class=\"wp-block-heading\"><\/h4>\n\n\n\n<h4 class=\"wp-block-heading\"><\/h4>\n\n\n\n<h4 class=\"wp-block-heading\">Fruits et l\u00e9gumes du Garda<\/h4>\n\n\n\n<p>La zone plate et de colline du bas Garda a toujours \u00e9t\u00e9 zone de production agricole et pendant que maintenant dans les environs imm\u00e9diats du lac elle s&#8217;est consacr\u00e9e presque l&#8217;exclusive \u00e0 la vigne vu la haute valeur atteinte par la production de vin, soit dans l&#8217;arri\u00e8re-pays veronese que dans ce mantovano il est encore zone de production de fruits et l\u00e9gumes comme ciliege, p\u00eaches, kiwi, pommes, tomates, salade, brocolis, chicor\u00e9e, asperges, artichauts et autre ancre; tous produits que vous trouvez dans la cuisine aussi pi\u00e8ce typique du Garda dont exemple excellent est les f\u00eate de pays qu&#8217;ils suivent souvent la saisonnalit\u00e9 des produits agricoles, tu vois le broccoletto de Custoza, le risotto avec les asperges, le tortello amer de Castelgoffredo et nombreux autres.<\/p>\n\n\n\n<h4 class=\"wp-block-heading\">Charcuteries du Garda<\/h4>\n\n\n\n<p>le Garda est divis\u00e9 sur quatre provinces et pour ce motif territorialement ils se trouvent charcuteries typiques de ces zones comme le speck dans le haut Garda, la supprim\u00e9e sur la berge veronese, le saucisson du pays avec ail au mantovana et ce sans ail respectivement dans la zone mantovana et ce bresciana du bas Garda.<\/p>\n\n\n\n<h4 class=\"wp-block-heading\">Fromages du Garda<\/h4>\n\n\n\n<p>Entre les fromages produits sur les monts environnants le Garda le plus caract\u00e9ristique ce sont le fromage Tombea du Valvestino, le formaggella de Tremosine, le fromage Mont Veronese de la zone orientale du Mont Vaillant, en g\u00e9n\u00e9ral fromages de pas longue maturation; plus estim\u00e9 le Bagoss de Bagolino, jeune, moyen et vieux, tr\u00e8s appr\u00e9ci\u00e9 pour insaporire premiers plats et rembourrages de ravioli.<\/p>\n\n\n\n<h4 class=\"wp-block-heading\">Vins du Garda<\/h4>\n\n\n\n<p>La production de vin dans les alentours du lac de Garda a toujours eu un r\u00f4le important dans l&#8217;histoire du territoire, mais dans les derniers ans il a aussi eu un d\u00e9veloppement vu consid\u00e9rable l&#8217;int\u00e9r\u00eat international pour celui-ci estim\u00e9 produit.<\/p>\n\n\n\n<h5 class=\"wp-block-heading\">Entre les vins du Garda nous trouvons<\/h5>\n\n\n\n<p><strong>Vin lugana:<\/strong> produit avec le raisin d&#8217;elles battent cultiv\u00e9es dans la zone qui va jusqu&#8217;\u00e0 les Pozzolengo, Peschiera et Desenzano de Sirmione; la qualit\u00e9 &#8220;sup\u00e9rieure&#8221; tient un certain vieillissement aussi, il se trouve en versions barricad\u00e9es et boutons aussi avec m\u00e9thode charmat. Vin d&#8217;ap\u00e9ritif et tout repas.<\/p>\n\n\n\n<p><strong>Vin Bardolino:<\/strong> typique des collines \u00e0 l&#8217;abri de la commune homonyme, beverino et \u00e0 user jeune, apte \u00e0 toutes les heures, \u00e0 assortir \u00e0 viandes blanches ou rouquine au gril.<\/p>\n\n\n\n<p><strong>Vin Garda Classico, Valtenesi et Garda Colli Morenici:<\/strong> dans les vari\u00e9t\u00e9s blanc, rouge et clairet produits sur la berge bresciana occidental du lac de Garda d&#8217;il Sala jusqu&#8217;\u00e0 le Montichiari. De je d\u00e9tache en Valtenesi le Garda Clairet et le rouge Groppello.<\/p>\n\n\n\n<p><strong>Vin San Martino della Battaglia:<\/strong> le tocai du Garda, produit dans une zone resserr\u00e9e dans les alentours de la Tour de Saint Martino, entre Sirmione et Pozzolengo, il se trouve dans la version aussi passito, de dessert.<\/p>\n\n\n\n<p><strong>Vins du Valpolicella:<\/strong> il se trouve dans la version de base ou Sup\u00e9rieure; Je repasse plus structur\u00e9 de la version sup\u00e9rieure; Amarone est la version plusieurs estim\u00e9e de vieillissement,; Recioto a le m\u00eame travail dell&#8217; amarone mais maintenu plus sucr\u00e9 et ensuite de repas fin.<\/p>\n\n\n\n<p><strong>Vins du Vallagarina:<\/strong> de cette zone ils arrivent le Muller Thurgau, le Pinot gris, le Marzemino, le Pinot autochtones noirs et autres, vins classiques du parfum intense, souvent beverini aptes \u00e0 poisson et viandes l\u00e9g\u00e8res.<\/p>\n\n\n\n<h4 class=\"wp-block-heading\">Huile du Garda<\/h4>\n\n\n\n<p>Le Garda est une zone historique pour la production d&#8217;huile, un des &#8220;ors&#8221; du Garda, avec un go\u00fbt particulier tout; il est subdivis\u00e9 en base \u00e0 la zone de provenance (bresciano) oriental, trentino. L&#8217;huile du Garda est une des produits base de la cuisine typique du Garda.<\/p>\n\n\n\n<p>Nombreux de ces produits typiques du Garda les trouv\u00e9s dans la cuisine locale des h\u00f4tels en Sirmione.<\/p>\n","protected":false},"excerpt":{"rendered":"<p>Produit typiques du Garda, zone qu&#8217;il jouit des produits du lac, de [&hellip;]<\/p>\n","protected":false},"author":4,"featured_media":0,"parent":0,"menu_order":89,"comment_status":"open","ping_status":"open","template":"","meta":{"footnotes":""},"class_list":["post-1073","page","type-page","status-publish","hentry"],"yoast_head":"<!-- This site is optimized with the Yoast SEO plugin v27.4 - https:\/\/yoast.com\/product\/yoast-seo-wordpress\/ -->\n<title>Produit typiques du Garda les trouve dans H\u00f4tels en Sirmione<\/title>\n<meta name=\"description\" content=\"Produit typiques du Garda: poissons de lac, charcuteries, huile d&#039;olive, fruits, vin, que vous trouvez dans la cuisine typique des h\u00f4tels de Sirmione\" \/>\n<meta name=\"robots\" content=\"index, follow, max-snippet:-1, max-image-preview:large, max-video-preview:-1\" \/>\n<link rel=\"canonical\" href=\"https:\/\/www.hotel-in-sirmione.it\/fr\/produit-typiques-du-garda\/\" \/>\n<meta property=\"og:locale\" content=\"fr_FR\" \/>\n<meta property=\"og:type\" content=\"article\" \/>\n<meta property=\"og:title\" content=\"Produit typiques du Garda les trouve dans H\u00f4tels en Sirmione\" \/>\n<meta property=\"og:description\" content=\"Produit typiques du Garda: poissons de lac, charcuteries, huile d&#039;olive, fruits, vin, que vous trouvez dans la cuisine typique des h\u00f4tels de Sirmione\" \/>\n<meta property=\"og:url\" content=\"https:\/\/www.hotel-in-sirmione.it\/fr\/produit-typiques-du-garda\/\" \/>\n<meta property=\"og:site_name\" content=\"Hotel in Sirmione\" \/>\n<meta property=\"article:modified_time\" content=\"2023-04-18T14:31:08+00:00\" \/>\n<meta property=\"og:image\" content=\"https:\/\/www.hotel-in-sirmione.it\/wp-content\/uploads\/2015\/01\/prodotti-lago-top.jpg\" \/>\n<meta name=\"twitter:label1\" content=\"Est. reading time\" \/>\n\t<meta name=\"twitter:data1\" content=\"4 minutes\" \/>\n<script type=\"application\/ld+json\" class=\"yoast-schema-graph\">{\"@context\":\"https:\\\/\\\/schema.org\",\"@graph\":[{\"@type\":\"WebPage\",\"@id\":\"https:\\\/\\\/www.hotel-in-sirmione.it\\\/fr\\\/produit-typiques-du-garda\\\/\",\"url\":\"https:\\\/\\\/www.hotel-in-sirmione.it\\\/fr\\\/produit-typiques-du-garda\\\/\",\"name\":\"Produit typiques du Garda les trouve dans H\u00f4tels en Sirmione\",\"isPartOf\":{\"@id\":\"https:\\\/\\\/www.hotel-in-sirmione.it\\\/#website\"},\"primaryImageOfPage\":{\"@id\":\"https:\\\/\\\/www.hotel-in-sirmione.it\\\/fr\\\/produit-typiques-du-garda\\\/#primaryimage\"},\"image\":{\"@id\":\"https:\\\/\\\/www.hotel-in-sirmione.it\\\/fr\\\/produit-typiques-du-garda\\\/#primaryimage\"},\"thumbnailUrl\":\"https:\\\/\\\/www.hotel-in-sirmione.it\\\/wp-content\\\/uploads\\\/2015\\\/01\\\/prodotti-lago-top.jpg\",\"datePublished\":\"2015-02-08T06:08:24+00:00\",\"dateModified\":\"2023-04-18T14:31:08+00:00\",\"description\":\"Produit typiques du Garda: poissons de lac, charcuteries, huile d'olive, fruits, vin, que vous trouvez dans la cuisine typique des h\u00f4tels de Sirmione\",\"breadcrumb\":{\"@id\":\"https:\\\/\\\/www.hotel-in-sirmione.it\\\/fr\\\/produit-typiques-du-garda\\\/#breadcrumb\"},\"inLanguage\":\"fr-FR\",\"potentialAction\":[{\"@type\":\"ReadAction\",\"target\":[\"https:\\\/\\\/www.hotel-in-sirmione.it\\\/fr\\\/produit-typiques-du-garda\\\/\"]}]},{\"@type\":\"ImageObject\",\"inLanguage\":\"fr-FR\",\"@id\":\"https:\\\/\\\/www.hotel-in-sirmione.it\\\/fr\\\/produit-typiques-du-garda\\\/#primaryimage\",\"url\":\"https:\\\/\\\/www.hotel-in-sirmione.it\\\/wp-content\\\/uploads\\\/2015\\\/01\\\/prodotti-lago-top.jpg\",\"contentUrl\":\"https:\\\/\\\/www.hotel-in-sirmione.it\\\/wp-content\\\/uploads\\\/2015\\\/01\\\/prodotti-lago-top.jpg\"},{\"@type\":\"BreadcrumbList\",\"@id\":\"https:\\\/\\\/www.hotel-in-sirmione.it\\\/fr\\\/produit-typiques-du-garda\\\/#breadcrumb\",\"itemListElement\":[{\"@type\":\"ListItem\",\"position\":1,\"name\":\"Home\",\"item\":\"https:\\\/\\\/www.hotel-in-sirmione.it\\\/fr\\\/\"},{\"@type\":\"ListItem\",\"position\":2,\"name\":\"Produit typiques du Garda\"}]},{\"@type\":\"WebSite\",\"@id\":\"https:\\\/\\\/www.hotel-in-sirmione.it\\\/#website\",\"url\":\"https:\\\/\\\/www.hotel-in-sirmione.it\\\/\",\"name\":\"Hotel in Sirmione\",\"description\":\"Un nuovo sito targato WordPress\",\"potentialAction\":[{\"@type\":\"SearchAction\",\"target\":{\"@type\":\"EntryPoint\",\"urlTemplate\":\"https:\\\/\\\/www.hotel-in-sirmione.it\\\/?s={search_term_string}\"},\"query-input\":{\"@type\":\"PropertyValueSpecification\",\"valueRequired\":true,\"valueName\":\"search_term_string\"}}],\"inLanguage\":\"fr-FR\"}]}<\/script>\n<!-- \/ Yoast SEO plugin. -->","yoast_head_json":{"title":"Produit typiques du Garda les trouve dans H\u00f4tels en Sirmione","description":"Produit typiques du Garda: poissons de lac, charcuteries, huile d'olive, fruits, vin, que vous trouvez dans la cuisine typique des h\u00f4tels de Sirmione","robots":{"index":"index","follow":"follow","max-snippet":"max-snippet:-1","max-image-preview":"max-image-preview:large","max-video-preview":"max-video-preview:-1"},"canonical":"https:\/\/www.hotel-in-sirmione.it\/fr\/produit-typiques-du-garda\/","og_locale":"fr_FR","og_type":"article","og_title":"Produit typiques du Garda les trouve dans H\u00f4tels en Sirmione","og_description":"Produit typiques du Garda: poissons de lac, charcuteries, huile d'olive, fruits, vin, que vous trouvez dans la cuisine typique des h\u00f4tels de Sirmione","og_url":"https:\/\/www.hotel-in-sirmione.it\/fr\/produit-typiques-du-garda\/","og_site_name":"Hotel in Sirmione","article_modified_time":"2023-04-18T14:31:08+00:00","og_image":[{"url":"https:\/\/www.hotel-in-sirmione.it\/wp-content\/uploads\/2015\/01\/prodotti-lago-top.jpg","type":"","width":"","height":""}],"twitter_misc":{"Est. reading time":"4 minutes"},"schema":{"@context":"https:\/\/schema.org","@graph":[{"@type":"WebPage","@id":"https:\/\/www.hotel-in-sirmione.it\/fr\/produit-typiques-du-garda\/","url":"https:\/\/www.hotel-in-sirmione.it\/fr\/produit-typiques-du-garda\/","name":"Produit typiques du Garda les trouve dans H\u00f4tels en Sirmione","isPartOf":{"@id":"https:\/\/www.hotel-in-sirmione.it\/#website"},"primaryImageOfPage":{"@id":"https:\/\/www.hotel-in-sirmione.it\/fr\/produit-typiques-du-garda\/#primaryimage"},"image":{"@id":"https:\/\/www.hotel-in-sirmione.it\/fr\/produit-typiques-du-garda\/#primaryimage"},"thumbnailUrl":"https:\/\/www.hotel-in-sirmione.it\/wp-content\/uploads\/2015\/01\/prodotti-lago-top.jpg","datePublished":"2015-02-08T06:08:24+00:00","dateModified":"2023-04-18T14:31:08+00:00","description":"Produit typiques du Garda: poissons de lac, charcuteries, huile d'olive, fruits, vin, que vous trouvez dans la cuisine typique des h\u00f4tels de Sirmione","breadcrumb":{"@id":"https:\/\/www.hotel-in-sirmione.it\/fr\/produit-typiques-du-garda\/#breadcrumb"},"inLanguage":"fr-FR","potentialAction":[{"@type":"ReadAction","target":["https:\/\/www.hotel-in-sirmione.it\/fr\/produit-typiques-du-garda\/"]}]},{"@type":"ImageObject","inLanguage":"fr-FR","@id":"https:\/\/www.hotel-in-sirmione.it\/fr\/produit-typiques-du-garda\/#primaryimage","url":"https:\/\/www.hotel-in-sirmione.it\/wp-content\/uploads\/2015\/01\/prodotti-lago-top.jpg","contentUrl":"https:\/\/www.hotel-in-sirmione.it\/wp-content\/uploads\/2015\/01\/prodotti-lago-top.jpg"},{"@type":"BreadcrumbList","@id":"https:\/\/www.hotel-in-sirmione.it\/fr\/produit-typiques-du-garda\/#breadcrumb","itemListElement":[{"@type":"ListItem","position":1,"name":"Home","item":"https:\/\/www.hotel-in-sirmione.it\/fr\/"},{"@type":"ListItem","position":2,"name":"Produit typiques du Garda"}]},{"@type":"WebSite","@id":"https:\/\/www.hotel-in-sirmione.it\/#website","url":"https:\/\/www.hotel-in-sirmione.it\/","name":"Hotel in Sirmione","description":"Un nuovo sito targato WordPress","potentialAction":[{"@type":"SearchAction","target":{"@type":"EntryPoint","urlTemplate":"https:\/\/www.hotel-in-sirmione.it\/?s={search_term_string}"},"query-input":{"@type":"PropertyValueSpecification","valueRequired":true,"valueName":"search_term_string"}}],"inLanguage":"fr-FR"}]}},"_links":{"self":[{"href":"https:\/\/www.hotel-in-sirmione.it\/fr\/wp-json\/wp\/v2\/pages\/1073","targetHints":{"allow":["GET"]}}],"collection":[{"href":"https:\/\/www.hotel-in-sirmione.it\/fr\/wp-json\/wp\/v2\/pages"}],"about":[{"href":"https:\/\/www.hotel-in-sirmione.it\/fr\/wp-json\/wp\/v2\/types\/page"}],"author":[{"embeddable":true,"href":"https:\/\/www.hotel-in-sirmione.it\/fr\/wp-json\/wp\/v2\/users\/4"}],"replies":[{"embeddable":true,"href":"https:\/\/www.hotel-in-sirmione.it\/fr\/wp-json\/wp\/v2\/comments?post=1073"}],"version-history":[{"count":2,"href":"https:\/\/www.hotel-in-sirmione.it\/fr\/wp-json\/wp\/v2\/pages\/1073\/revisions"}],"predecessor-version":[{"id":5009,"href":"https:\/\/www.hotel-in-sirmione.it\/fr\/wp-json\/wp\/v2\/pages\/1073\/revisions\/5009"}],"wp:attachment":[{"href":"https:\/\/www.hotel-in-sirmione.it\/fr\/wp-json\/wp\/v2\/media?parent=1073"}],"curies":[{"name":"wp","href":"https:\/\/api.w.org\/{rel}","templated":true}]}}