{"id":1069,"date":"2015-02-07T12:53:18","date_gmt":"2015-02-07T11:53:18","guid":{"rendered":"https:\/\/www.hotel-in-sirmione.it\/?page_id=1069"},"modified":"2023-04-18T16:31:01","modified_gmt":"2023-04-18T14:31:01","slug":"golf-sur-le-garde","status":"publish","type":"page","link":"https:\/\/www.hotel-in-sirmione.it\/fr\/sport-sur-garda\/golf-sur-le-garde\/","title":{"rendered":"Golf sur le Garde"},"content":{"rendered":"\n<h4 class=\"wp-block-heading\">Golf sur le Garde, onze champs de golf pour les go\u00fbts de chaque golfeur<\/h4>\n\n\n\n<p>Sirmione est la base de d\u00e9part id\u00e9al pour un vacances \u00e0 l&#8217;\u00e9criteau du golf, il se trouve au centre d&#8217;une zone avec onze champs de golf, de 18 aux 27 trous, entre oliviers et vues de lac, chacun d&#8217;eux ambientato dans un paysage diff\u00e9rent et apr\u00e8s une journ\u00e9e sur les champs, rien de mieux d&#8217;une soir\u00e9e agr\u00e9able avec une atmosph\u00e8re charmante quel celle de la ville vieille de Sirmione entre occasions innombrables de shopping et restaurants romantiques.<\/p>\n\n\n<p>[table id=1 \/]<\/p>\n\n\n\n<h5 class=\"wp-block-heading\">Services pour golfeurs<\/h5>\n\n\n\n<p>&#8211; Service transfer (payement)<br>\n&#8211; R\u00e9servation vit<br>\n&#8211; D\u00e9p\u00f4t sacs golf<br>\n&#8211; Magasin conventionn\u00e9 pour \u00e9quipement et habillement<\/p>\n\n\n\n<figure class=\"wp-block-image alignnone\"><a href=\"https:\/\/www.hotel-in-sirmione.it\/wp-content\/uploads\/2015\/01\/golf-sul-garda-mappa.jpg\"><img loading=\"lazy\" decoding=\"async\" width=\"300\" height=\"221\" src=\"https:\/\/www.hotel-in-sirmione.it\/wp-content\/uploads\/2015\/01\/golf-sul-garda-mappa-300x221.jpg\" alt=\"golf-sul-garda-mappa\" class=\"wp-image-243\" srcset=\"https:\/\/www.hotel-in-sirmione.it\/wp-content\/uploads\/2015\/01\/golf-sul-garda-mappa-300x221.jpg 300w, https:\/\/www.hotel-in-sirmione.it\/wp-content\/uploads\/2015\/01\/golf-sul-garda-mappa-768x565.jpg 768w, https:\/\/www.hotel-in-sirmione.it\/wp-content\/uploads\/2015\/01\/golf-sul-garda-mappa.jpg 866w\" sizes=\"auto, (max-width: 300px) 100vw, 300px\" \/><\/a><figcaption class=\"wp-element-caption\">Carte des Golf sur le Garde<\/figcaption><\/figure>\n","protected":false},"excerpt":{"rendered":"<p>Golf sur le Garde, onze champs de golf pour les go\u00fbts de [&hellip;]<\/p>\n","protected":false},"author":4,"featured_media":0,"parent":1062,"menu_order":91,"comment_status":"open","ping_status":"open","template":"","meta":{"footnotes":""},"class_list":["post-1069","page","type-page","status-publish","hentry"],"yoast_head":"<!-- This site is optimized with the Yoast SEO plugin v27.4 - https:\/\/yoast.com\/product\/yoast-seo-wordpress\/ -->\n<title>Golf sur le Garde onze champs voisins \u00e0 l&#039;H\u00f4tel en Sirmione<\/title>\n<meta name=\"description\" content=\"Sirmione est id\u00e9al pour un vacances \u00e0 l&#039;\u00e9criteau du golf sur le Garde, il se trouve au centre d&#039;une zone avec onze champs de golf, entre vues de lac\" \/>\n<meta name=\"robots\" content=\"index, follow, max-snippet:-1, max-image-preview:large, max-video-preview:-1\" \/>\n<link rel=\"canonical\" href=\"https:\/\/www.hotel-in-sirmione.it\/fr\/sport-sur-garda\/golf-sur-le-garde\/\" \/>\n<meta property=\"og:locale\" content=\"fr_FR\" \/>\n<meta property=\"og:type\" content=\"article\" \/>\n<meta property=\"og:title\" content=\"Golf sur le Garde onze champs voisins \u00e0 l&#039;H\u00f4tel en Sirmione\" \/>\n<meta property=\"og:description\" content=\"Sirmione est id\u00e9al pour un vacances \u00e0 l&#039;\u00e9criteau du golf sur le Garde, il se trouve au centre d&#039;une zone avec onze champs de golf, entre vues de lac\" \/>\n<meta property=\"og:url\" content=\"https:\/\/www.hotel-in-sirmione.it\/fr\/sport-sur-garda\/golf-sur-le-garde\/\" \/>\n<meta property=\"og:site_name\" content=\"Hotel in Sirmione\" \/>\n<meta property=\"article:modified_time\" content=\"2023-04-18T14:31:01+00:00\" \/>\n<meta property=\"og:image\" content=\"https:\/\/www.hotel-in-sirmione.it\/wp-content\/uploads\/2015\/01\/golf-sul-garda-mappa-300x221.jpg\" \/>\n<meta name=\"twitter:label1\" content=\"Est. reading time\" \/>\n\t<meta name=\"twitter:data1\" content=\"1 minute\" \/>\n<script type=\"application\/ld+json\" class=\"yoast-schema-graph\">{\"@context\":\"https:\\\/\\\/schema.org\",\"@graph\":[{\"@type\":\"WebPage\",\"@id\":\"https:\\\/\\\/www.hotel-in-sirmione.it\\\/fr\\\/sport-sur-garda\\\/golf-sur-le-garde\\\/\",\"url\":\"https:\\\/\\\/www.hotel-in-sirmione.it\\\/fr\\\/sport-sur-garda\\\/golf-sur-le-garde\\\/\",\"name\":\"Golf sur le Garde onze champs voisins \u00e0 l'H\u00f4tel en Sirmione\",\"isPartOf\":{\"@id\":\"https:\\\/\\\/www.hotel-in-sirmione.it\\\/#website\"},\"primaryImageOfPage\":{\"@id\":\"https:\\\/\\\/www.hotel-in-sirmione.it\\\/fr\\\/sport-sur-garda\\\/golf-sur-le-garde\\\/#primaryimage\"},\"image\":{\"@id\":\"https:\\\/\\\/www.hotel-in-sirmione.it\\\/fr\\\/sport-sur-garda\\\/golf-sur-le-garde\\\/#primaryimage\"},\"thumbnailUrl\":\"https:\\\/\\\/www.hotel-in-sirmione.it\\\/wp-content\\\/uploads\\\/2015\\\/01\\\/golf-sul-garda-mappa-300x221.jpg\",\"datePublished\":\"2015-02-07T11:53:18+00:00\",\"dateModified\":\"2023-04-18T14:31:01+00:00\",\"description\":\"Sirmione est id\u00e9al pour un vacances \u00e0 l'\u00e9criteau du golf sur le Garde, il se trouve au centre d'une zone avec onze champs de golf, entre vues de lac\",\"breadcrumb\":{\"@id\":\"https:\\\/\\\/www.hotel-in-sirmione.it\\\/fr\\\/sport-sur-garda\\\/golf-sur-le-garde\\\/#breadcrumb\"},\"inLanguage\":\"fr-FR\",\"potentialAction\":[{\"@type\":\"ReadAction\",\"target\":[\"https:\\\/\\\/www.hotel-in-sirmione.it\\\/fr\\\/sport-sur-garda\\\/golf-sur-le-garde\\\/\"]}]},{\"@type\":\"ImageObject\",\"inLanguage\":\"fr-FR\",\"@id\":\"https:\\\/\\\/www.hotel-in-sirmione.it\\\/fr\\\/sport-sur-garda\\\/golf-sur-le-garde\\\/#primaryimage\",\"url\":\"https:\\\/\\\/www.hotel-in-sirmione.it\\\/wp-content\\\/uploads\\\/2015\\\/01\\\/golf-sul-garda-mappa-300x221.jpg\",\"contentUrl\":\"https:\\\/\\\/www.hotel-in-sirmione.it\\\/wp-content\\\/uploads\\\/2015\\\/01\\\/golf-sul-garda-mappa-300x221.jpg\"},{\"@type\":\"BreadcrumbList\",\"@id\":\"https:\\\/\\\/www.hotel-in-sirmione.it\\\/fr\\\/sport-sur-garda\\\/golf-sur-le-garde\\\/#breadcrumb\",\"itemListElement\":[{\"@type\":\"ListItem\",\"position\":1,\"name\":\"Home\",\"item\":\"https:\\\/\\\/www.hotel-in-sirmione.it\\\/fr\\\/\"},{\"@type\":\"ListItem\",\"position\":2,\"name\":\"Sport sur Garda\",\"item\":\"https:\\\/\\\/www.hotel-in-sirmione.it\\\/fr\\\/sport-sur-garda\\\/\"},{\"@type\":\"ListItem\",\"position\":3,\"name\":\"Golf sur le Garde\"}]},{\"@type\":\"WebSite\",\"@id\":\"https:\\\/\\\/www.hotel-in-sirmione.it\\\/#website\",\"url\":\"https:\\\/\\\/www.hotel-in-sirmione.it\\\/\",\"name\":\"Hotel in Sirmione\",\"description\":\"Un nuovo sito targato WordPress\",\"potentialAction\":[{\"@type\":\"SearchAction\",\"target\":{\"@type\":\"EntryPoint\",\"urlTemplate\":\"https:\\\/\\\/www.hotel-in-sirmione.it\\\/?s={search_term_string}\"},\"query-input\":{\"@type\":\"PropertyValueSpecification\",\"valueRequired\":true,\"valueName\":\"search_term_string\"}}],\"inLanguage\":\"fr-FR\"}]}<\/script>\n<!-- \/ Yoast SEO plugin. -->","yoast_head_json":{"title":"Golf sur le Garde onze champs voisins \u00e0 l'H\u00f4tel en Sirmione","description":"Sirmione est id\u00e9al pour un vacances \u00e0 l'\u00e9criteau du golf sur le Garde, il se trouve au centre d'une zone avec onze champs de golf, entre vues de lac","robots":{"index":"index","follow":"follow","max-snippet":"max-snippet:-1","max-image-preview":"max-image-preview:large","max-video-preview":"max-video-preview:-1"},"canonical":"https:\/\/www.hotel-in-sirmione.it\/fr\/sport-sur-garda\/golf-sur-le-garde\/","og_locale":"fr_FR","og_type":"article","og_title":"Golf sur le Garde onze champs voisins \u00e0 l'H\u00f4tel en Sirmione","og_description":"Sirmione est id\u00e9al pour un vacances \u00e0 l'\u00e9criteau du golf sur le Garde, il se trouve au centre d'une zone avec onze champs de golf, entre vues de lac","og_url":"https:\/\/www.hotel-in-sirmione.it\/fr\/sport-sur-garda\/golf-sur-le-garde\/","og_site_name":"Hotel in Sirmione","article_modified_time":"2023-04-18T14:31:01+00:00","og_image":[{"url":"https:\/\/www.hotel-in-sirmione.it\/wp-content\/uploads\/2015\/01\/golf-sul-garda-mappa-300x221.jpg","type":"","width":"","height":""}],"twitter_misc":{"Est. reading time":"1 minute"},"schema":{"@context":"https:\/\/schema.org","@graph":[{"@type":"WebPage","@id":"https:\/\/www.hotel-in-sirmione.it\/fr\/sport-sur-garda\/golf-sur-le-garde\/","url":"https:\/\/www.hotel-in-sirmione.it\/fr\/sport-sur-garda\/golf-sur-le-garde\/","name":"Golf sur le Garde onze champs voisins \u00e0 l'H\u00f4tel en Sirmione","isPartOf":{"@id":"https:\/\/www.hotel-in-sirmione.it\/#website"},"primaryImageOfPage":{"@id":"https:\/\/www.hotel-in-sirmione.it\/fr\/sport-sur-garda\/golf-sur-le-garde\/#primaryimage"},"image":{"@id":"https:\/\/www.hotel-in-sirmione.it\/fr\/sport-sur-garda\/golf-sur-le-garde\/#primaryimage"},"thumbnailUrl":"https:\/\/www.hotel-in-sirmione.it\/wp-content\/uploads\/2015\/01\/golf-sul-garda-mappa-300x221.jpg","datePublished":"2015-02-07T11:53:18+00:00","dateModified":"2023-04-18T14:31:01+00:00","description":"Sirmione est id\u00e9al pour un vacances \u00e0 l'\u00e9criteau du golf sur le Garde, il se trouve au centre d'une zone avec onze champs de golf, entre vues de lac","breadcrumb":{"@id":"https:\/\/www.hotel-in-sirmione.it\/fr\/sport-sur-garda\/golf-sur-le-garde\/#breadcrumb"},"inLanguage":"fr-FR","potentialAction":[{"@type":"ReadAction","target":["https:\/\/www.hotel-in-sirmione.it\/fr\/sport-sur-garda\/golf-sur-le-garde\/"]}]},{"@type":"ImageObject","inLanguage":"fr-FR","@id":"https:\/\/www.hotel-in-sirmione.it\/fr\/sport-sur-garda\/golf-sur-le-garde\/#primaryimage","url":"https:\/\/www.hotel-in-sirmione.it\/wp-content\/uploads\/2015\/01\/golf-sul-garda-mappa-300x221.jpg","contentUrl":"https:\/\/www.hotel-in-sirmione.it\/wp-content\/uploads\/2015\/01\/golf-sul-garda-mappa-300x221.jpg"},{"@type":"BreadcrumbList","@id":"https:\/\/www.hotel-in-sirmione.it\/fr\/sport-sur-garda\/golf-sur-le-garde\/#breadcrumb","itemListElement":[{"@type":"ListItem","position":1,"name":"Home","item":"https:\/\/www.hotel-in-sirmione.it\/fr\/"},{"@type":"ListItem","position":2,"name":"Sport sur Garda","item":"https:\/\/www.hotel-in-sirmione.it\/fr\/sport-sur-garda\/"},{"@type":"ListItem","position":3,"name":"Golf sur le Garde"}]},{"@type":"WebSite","@id":"https:\/\/www.hotel-in-sirmione.it\/#website","url":"https:\/\/www.hotel-in-sirmione.it\/","name":"Hotel in Sirmione","description":"Un nuovo sito targato WordPress","potentialAction":[{"@type":"SearchAction","target":{"@type":"EntryPoint","urlTemplate":"https:\/\/www.hotel-in-sirmione.it\/?s={search_term_string}"},"query-input":{"@type":"PropertyValueSpecification","valueRequired":true,"valueName":"search_term_string"}}],"inLanguage":"fr-FR"}]}},"_links":{"self":[{"href":"https:\/\/www.hotel-in-sirmione.it\/fr\/wp-json\/wp\/v2\/pages\/1069","targetHints":{"allow":["GET"]}}],"collection":[{"href":"https:\/\/www.hotel-in-sirmione.it\/fr\/wp-json\/wp\/v2\/pages"}],"about":[{"href":"https:\/\/www.hotel-in-sirmione.it\/fr\/wp-json\/wp\/v2\/types\/page"}],"author":[{"embeddable":true,"href":"https:\/\/www.hotel-in-sirmione.it\/fr\/wp-json\/wp\/v2\/users\/4"}],"replies":[{"embeddable":true,"href":"https:\/\/www.hotel-in-sirmione.it\/fr\/wp-json\/wp\/v2\/comments?post=1069"}],"version-history":[{"count":3,"href":"https:\/\/www.hotel-in-sirmione.it\/fr\/wp-json\/wp\/v2\/pages\/1069\/revisions"}],"predecessor-version":[{"id":5005,"href":"https:\/\/www.hotel-in-sirmione.it\/fr\/wp-json\/wp\/v2\/pages\/1069\/revisions\/5005"}],"up":[{"embeddable":true,"href":"https:\/\/www.hotel-in-sirmione.it\/fr\/wp-json\/wp\/v2\/pages\/1062"}],"wp:attachment":[{"href":"https:\/\/www.hotel-in-sirmione.it\/fr\/wp-json\/wp\/v2\/media?parent=1069"}],"curies":[{"name":"wp","href":"https:\/\/api.w.org\/{rel}","templated":true}]}}