{"id":1066,"date":"2015-02-07T12:42:43","date_gmt":"2015-02-07T11:42:43","guid":{"rendered":"https:\/\/www.hotel-in-sirmione.it\/?page_id=1066"},"modified":"2023-04-18T16:31:02","modified_gmt":"2023-04-18T14:31:02","slug":"velo-sur-lac-de-garde","status":"publish","type":"page","link":"https:\/\/www.hotel-in-sirmione.it\/fr\/sport-sur-garda\/velo-sur-lac-de-garde\/","title":{"rendered":"V\u00e9lo sur lac de Garde"},"content":{"rendered":"\n<h3 class=\"wp-block-heading\">V\u00e9lo sur lac de Garde&nbsp;&#8211;&nbsp;Visiter le Garda en Mountainbike &#8211; Garda mtb &#8211; Garda bike Hotels<\/h3>\n\n\n\n<p>Le bas Garda est une destination d\u00e9couverte par peu dans le monde de la bicyclette soit mountainbike que de rue;&nbsp;pique de force ce sont les itin\u00e9raire innombrables en v\u00e9los tout terrain aptes pour toutes les jambes, de la longueur plate la c\u00f4te du lac, \u00e0 celles-l\u00e0 avec des pentes moyennes sur les collines verdoyantes moreniche qu&#8217;ils se trouvent d\u00e9j\u00e0 dans l&#8217;arri\u00e8re-pays imm\u00e9diat de Sirmione et tous le bas Garda enlacent du Valtenesi m\u00eame \u00e0 l&#8217;ouest au mont Vaillant \u00e0 l&#8217;est, jusqu&#8217;\u00e0 les les pentes fortes du groupe montueux aux \u00e9paules de la C\u00f4te des citrons, d&#8217;il Sala jusqu&#8217;\u00e0 le Bord.<\/p>\n\n\n\n<p>Le bas Garda on pr\u00eate en particolar aussi mani\u00e8re pour le cicloturismo pour visiter le Garda en v\u00e9lo tout terrain, plusieurs ce sont les itin\u00e9raire v\u00e9lo tout terrain pour visiter ch\u00e2teaux, bourgs et immeubles des localit\u00e9s historiques qu&#8217;ils se trouvent soit sur la c\u00f4te qui dans l&#8217;arri\u00e8re-pays lacustre, souvent moins battu par le tourisme de masse et que visit\u00e9 en bicyclette ils ach\u00e8tent nouveau charme.<\/p>\n\n\n\n<p>En nos h\u00f4tels en Sirmione, au-del\u00e0 aux services diff\u00e9rents h\u00f4tel pour v\u00e9lo trouvera fiches de tour en v\u00e9lo tout terrain ou pour v\u00e9lo de course au plat de tous et si vous ne voulez pas vous apporter le v\u00e9lo de maison, nous y procurons la bicyclette de qualit\u00e9 \u00e9lev\u00e9e sur il mesure pour vous \u00e0 des prix modiques; depuis avril \u00e0 l&#8217;octobre nous offrons un service gratuit de tours journali\u00e8res aussi en quelques localit\u00e9s du Garda avec accompagnateur bilingue, en petits groupes aptes aussi pour familles.<\/p>\n\n\n\n<h5 class=\"wp-block-heading\">Garda Bike Hotel &#8211; Garda Bike Hospitality- V\u00e9lo sur lac de Garde<\/h5>\n\n\n\n<p>reconnaissance officielle de la Province de Brescia structures s\u00e9lectionn\u00e9es pour le tourisme en bicyclette<\/p>\n\n\n\n<figure class=\"wp-block-image alignnone\"><a href=\"https:\/\/www.hotel-in-sirmione.it\/wp-content\/uploads\/2015\/01\/Garda-BikeHospitality.jpg\"><img loading=\"lazy\" decoding=\"async\" width=\"300\" height=\"212\" src=\"https:\/\/www.hotel-in-sirmione.it\/wp-content\/uploads\/2015\/01\/Garda-BikeHospitality-300x212.jpg\" alt=\"Garda-Bike-Hospitality\" class=\"wp-image-246\" srcset=\"https:\/\/www.hotel-in-sirmione.it\/wp-content\/uploads\/2015\/01\/Garda-BikeHospitality-300x212.jpg 300w, https:\/\/www.hotel-in-sirmione.it\/wp-content\/uploads\/2015\/01\/Garda-BikeHospitality.jpg 598w\" sizes=\"auto, (max-width: 300px) 100vw, 300px\" \/><\/a><figcaption class=\"wp-element-caption\">Garda-Bike-Hospitality<\/figcaption><\/figure>\n","protected":false},"excerpt":{"rendered":"<p>V\u00e9lo sur lac de Garde&nbsp;&#8211;&nbsp;Visiter le Garda en Mountainbike &#8211; Garda mtb [&hellip;]<\/p>\n","protected":false},"author":4,"featured_media":0,"parent":1062,"menu_order":88,"comment_status":"open","ping_status":"open","template":"","meta":{"footnotes":""},"class_list":["post-1066","page","type-page","status-publish","hentry"],"yoast_head":"<!-- This site is optimized with the Yoast SEO plugin v27.4 - https:\/\/yoast.com\/product\/yoast-seo-wordpress\/ -->\n<title>V\u00e9lo sur lac de Garde - Hotel in Sirmione<\/title>\n<meta name=\"description\" content=\"V\u00e9lo sur lac de Garde -H\u00f4tels en Sirmione sont entre ceux-l\u00e0 s\u00e9lectionn\u00e9s par la Province de Brescia comme aptes pour le tourisme en bicyclette.\" \/>\n<meta name=\"robots\" content=\"index, follow, max-snippet:-1, max-image-preview:large, max-video-preview:-1\" \/>\n<link rel=\"canonical\" href=\"https:\/\/www.hotel-in-sirmione.it\/fr\/sport-sur-garda\/velo-sur-lac-de-garde\/\" \/>\n<meta property=\"og:locale\" content=\"fr_FR\" \/>\n<meta property=\"og:type\" content=\"article\" \/>\n<meta property=\"og:title\" content=\"V\u00e9lo sur lac de Garde - Hotel in Sirmione\" \/>\n<meta property=\"og:description\" content=\"V\u00e9lo sur lac de Garde -H\u00f4tels en Sirmione sont entre ceux-l\u00e0 s\u00e9lectionn\u00e9s par la Province de Brescia comme aptes pour le tourisme en bicyclette.\" \/>\n<meta property=\"og:url\" content=\"https:\/\/www.hotel-in-sirmione.it\/fr\/sport-sur-garda\/velo-sur-lac-de-garde\/\" \/>\n<meta property=\"og:site_name\" content=\"Hotel in Sirmione\" \/>\n<meta property=\"article:modified_time\" content=\"2023-04-18T14:31:02+00:00\" \/>\n<meta property=\"og:image\" content=\"https:\/\/www.hotel-in-sirmione.it\/wp-content\/uploads\/2015\/01\/Garda-BikeHospitality-300x212.jpg\" \/>\n<meta name=\"twitter:label1\" content=\"Est. reading time\" \/>\n\t<meta name=\"twitter:data1\" content=\"2 minutes\" \/>\n<script type=\"application\/ld+json\" class=\"yoast-schema-graph\">{\"@context\":\"https:\\\/\\\/schema.org\",\"@graph\":[{\"@type\":\"WebPage\",\"@id\":\"https:\\\/\\\/www.hotel-in-sirmione.it\\\/fr\\\/sport-sur-garda\\\/velo-sur-lac-de-garde\\\/\",\"url\":\"https:\\\/\\\/www.hotel-in-sirmione.it\\\/fr\\\/sport-sur-garda\\\/velo-sur-lac-de-garde\\\/\",\"name\":\"V\u00e9lo sur lac de Garde - Hotel in Sirmione\",\"isPartOf\":{\"@id\":\"https:\\\/\\\/www.hotel-in-sirmione.it\\\/#website\"},\"primaryImageOfPage\":{\"@id\":\"https:\\\/\\\/www.hotel-in-sirmione.it\\\/fr\\\/sport-sur-garda\\\/velo-sur-lac-de-garde\\\/#primaryimage\"},\"image\":{\"@id\":\"https:\\\/\\\/www.hotel-in-sirmione.it\\\/fr\\\/sport-sur-garda\\\/velo-sur-lac-de-garde\\\/#primaryimage\"},\"thumbnailUrl\":\"https:\\\/\\\/www.hotel-in-sirmione.it\\\/wp-content\\\/uploads\\\/2015\\\/01\\\/Garda-BikeHospitality-300x212.jpg\",\"datePublished\":\"2015-02-07T11:42:43+00:00\",\"dateModified\":\"2023-04-18T14:31:02+00:00\",\"description\":\"V\u00e9lo sur lac de Garde -H\u00f4tels en Sirmione sont entre ceux-l\u00e0 s\u00e9lectionn\u00e9s par la Province de Brescia comme aptes pour le tourisme en bicyclette.\",\"breadcrumb\":{\"@id\":\"https:\\\/\\\/www.hotel-in-sirmione.it\\\/fr\\\/sport-sur-garda\\\/velo-sur-lac-de-garde\\\/#breadcrumb\"},\"inLanguage\":\"fr-FR\",\"potentialAction\":[{\"@type\":\"ReadAction\",\"target\":[\"https:\\\/\\\/www.hotel-in-sirmione.it\\\/fr\\\/sport-sur-garda\\\/velo-sur-lac-de-garde\\\/\"]}]},{\"@type\":\"ImageObject\",\"inLanguage\":\"fr-FR\",\"@id\":\"https:\\\/\\\/www.hotel-in-sirmione.it\\\/fr\\\/sport-sur-garda\\\/velo-sur-lac-de-garde\\\/#primaryimage\",\"url\":\"https:\\\/\\\/www.hotel-in-sirmione.it\\\/wp-content\\\/uploads\\\/2015\\\/01\\\/Garda-BikeHospitality-300x212.jpg\",\"contentUrl\":\"https:\\\/\\\/www.hotel-in-sirmione.it\\\/wp-content\\\/uploads\\\/2015\\\/01\\\/Garda-BikeHospitality-300x212.jpg\"},{\"@type\":\"BreadcrumbList\",\"@id\":\"https:\\\/\\\/www.hotel-in-sirmione.it\\\/fr\\\/sport-sur-garda\\\/velo-sur-lac-de-garde\\\/#breadcrumb\",\"itemListElement\":[{\"@type\":\"ListItem\",\"position\":1,\"name\":\"Home\",\"item\":\"https:\\\/\\\/www.hotel-in-sirmione.it\\\/fr\\\/\"},{\"@type\":\"ListItem\",\"position\":2,\"name\":\"Sport sur Garda\",\"item\":\"https:\\\/\\\/www.hotel-in-sirmione.it\\\/fr\\\/sport-sur-garda\\\/\"},{\"@type\":\"ListItem\",\"position\":3,\"name\":\"V\u00e9lo sur lac de Garde\"}]},{\"@type\":\"WebSite\",\"@id\":\"https:\\\/\\\/www.hotel-in-sirmione.it\\\/#website\",\"url\":\"https:\\\/\\\/www.hotel-in-sirmione.it\\\/\",\"name\":\"Hotel in Sirmione\",\"description\":\"Un nuovo sito targato WordPress\",\"potentialAction\":[{\"@type\":\"SearchAction\",\"target\":{\"@type\":\"EntryPoint\",\"urlTemplate\":\"https:\\\/\\\/www.hotel-in-sirmione.it\\\/?s={search_term_string}\"},\"query-input\":{\"@type\":\"PropertyValueSpecification\",\"valueRequired\":true,\"valueName\":\"search_term_string\"}}],\"inLanguage\":\"fr-FR\"}]}<\/script>\n<!-- \/ Yoast SEO plugin. -->","yoast_head_json":{"title":"V\u00e9lo sur lac de Garde - Hotel in Sirmione","description":"V\u00e9lo sur lac de Garde -H\u00f4tels en Sirmione sont entre ceux-l\u00e0 s\u00e9lectionn\u00e9s par la Province de Brescia comme aptes pour le tourisme en bicyclette.","robots":{"index":"index","follow":"follow","max-snippet":"max-snippet:-1","max-image-preview":"max-image-preview:large","max-video-preview":"max-video-preview:-1"},"canonical":"https:\/\/www.hotel-in-sirmione.it\/fr\/sport-sur-garda\/velo-sur-lac-de-garde\/","og_locale":"fr_FR","og_type":"article","og_title":"V\u00e9lo sur lac de Garde - Hotel in Sirmione","og_description":"V\u00e9lo sur lac de Garde -H\u00f4tels en Sirmione sont entre ceux-l\u00e0 s\u00e9lectionn\u00e9s par la Province de Brescia comme aptes pour le tourisme en bicyclette.","og_url":"https:\/\/www.hotel-in-sirmione.it\/fr\/sport-sur-garda\/velo-sur-lac-de-garde\/","og_site_name":"Hotel in Sirmione","article_modified_time":"2023-04-18T14:31:02+00:00","og_image":[{"url":"https:\/\/www.hotel-in-sirmione.it\/wp-content\/uploads\/2015\/01\/Garda-BikeHospitality-300x212.jpg","type":"","width":"","height":""}],"twitter_misc":{"Est. reading time":"2 minutes"},"schema":{"@context":"https:\/\/schema.org","@graph":[{"@type":"WebPage","@id":"https:\/\/www.hotel-in-sirmione.it\/fr\/sport-sur-garda\/velo-sur-lac-de-garde\/","url":"https:\/\/www.hotel-in-sirmione.it\/fr\/sport-sur-garda\/velo-sur-lac-de-garde\/","name":"V\u00e9lo sur lac de Garde - Hotel in Sirmione","isPartOf":{"@id":"https:\/\/www.hotel-in-sirmione.it\/#website"},"primaryImageOfPage":{"@id":"https:\/\/www.hotel-in-sirmione.it\/fr\/sport-sur-garda\/velo-sur-lac-de-garde\/#primaryimage"},"image":{"@id":"https:\/\/www.hotel-in-sirmione.it\/fr\/sport-sur-garda\/velo-sur-lac-de-garde\/#primaryimage"},"thumbnailUrl":"https:\/\/www.hotel-in-sirmione.it\/wp-content\/uploads\/2015\/01\/Garda-BikeHospitality-300x212.jpg","datePublished":"2015-02-07T11:42:43+00:00","dateModified":"2023-04-18T14:31:02+00:00","description":"V\u00e9lo sur lac de Garde -H\u00f4tels en Sirmione sont entre ceux-l\u00e0 s\u00e9lectionn\u00e9s par la Province de Brescia comme aptes pour le tourisme en bicyclette.","breadcrumb":{"@id":"https:\/\/www.hotel-in-sirmione.it\/fr\/sport-sur-garda\/velo-sur-lac-de-garde\/#breadcrumb"},"inLanguage":"fr-FR","potentialAction":[{"@type":"ReadAction","target":["https:\/\/www.hotel-in-sirmione.it\/fr\/sport-sur-garda\/velo-sur-lac-de-garde\/"]}]},{"@type":"ImageObject","inLanguage":"fr-FR","@id":"https:\/\/www.hotel-in-sirmione.it\/fr\/sport-sur-garda\/velo-sur-lac-de-garde\/#primaryimage","url":"https:\/\/www.hotel-in-sirmione.it\/wp-content\/uploads\/2015\/01\/Garda-BikeHospitality-300x212.jpg","contentUrl":"https:\/\/www.hotel-in-sirmione.it\/wp-content\/uploads\/2015\/01\/Garda-BikeHospitality-300x212.jpg"},{"@type":"BreadcrumbList","@id":"https:\/\/www.hotel-in-sirmione.it\/fr\/sport-sur-garda\/velo-sur-lac-de-garde\/#breadcrumb","itemListElement":[{"@type":"ListItem","position":1,"name":"Home","item":"https:\/\/www.hotel-in-sirmione.it\/fr\/"},{"@type":"ListItem","position":2,"name":"Sport sur Garda","item":"https:\/\/www.hotel-in-sirmione.it\/fr\/sport-sur-garda\/"},{"@type":"ListItem","position":3,"name":"V\u00e9lo sur lac de Garde"}]},{"@type":"WebSite","@id":"https:\/\/www.hotel-in-sirmione.it\/#website","url":"https:\/\/www.hotel-in-sirmione.it\/","name":"Hotel in Sirmione","description":"Un nuovo sito targato WordPress","potentialAction":[{"@type":"SearchAction","target":{"@type":"EntryPoint","urlTemplate":"https:\/\/www.hotel-in-sirmione.it\/?s={search_term_string}"},"query-input":{"@type":"PropertyValueSpecification","valueRequired":true,"valueName":"search_term_string"}}],"inLanguage":"fr-FR"}]}},"_links":{"self":[{"href":"https:\/\/www.hotel-in-sirmione.it\/fr\/wp-json\/wp\/v2\/pages\/1066","targetHints":{"allow":["GET"]}}],"collection":[{"href":"https:\/\/www.hotel-in-sirmione.it\/fr\/wp-json\/wp\/v2\/pages"}],"about":[{"href":"https:\/\/www.hotel-in-sirmione.it\/fr\/wp-json\/wp\/v2\/types\/page"}],"author":[{"embeddable":true,"href":"https:\/\/www.hotel-in-sirmione.it\/fr\/wp-json\/wp\/v2\/users\/4"}],"replies":[{"embeddable":true,"href":"https:\/\/www.hotel-in-sirmione.it\/fr\/wp-json\/wp\/v2\/comments?post=1066"}],"version-history":[{"count":3,"href":"https:\/\/www.hotel-in-sirmione.it\/fr\/wp-json\/wp\/v2\/pages\/1066\/revisions"}],"predecessor-version":[{"id":5006,"href":"https:\/\/www.hotel-in-sirmione.it\/fr\/wp-json\/wp\/v2\/pages\/1066\/revisions\/5006"}],"up":[{"embeddable":true,"href":"https:\/\/www.hotel-in-sirmione.it\/fr\/wp-json\/wp\/v2\/pages\/1062"}],"wp:attachment":[{"href":"https:\/\/www.hotel-in-sirmione.it\/fr\/wp-json\/wp\/v2\/media?parent=1066"}],"curies":[{"name":"wp","href":"https:\/\/api.w.org\/{rel}","templated":true}]}}