{"id":1062,"date":"2015-02-07T12:29:19","date_gmt":"2015-02-07T11:29:19","guid":{"rendered":"https:\/\/www.hotel-in-sirmione.it\/?page_id=1062"},"modified":"2023-04-18T16:31:00","modified_gmt":"2023-04-18T14:31:00","slug":"sport-sur-garda","status":"publish","type":"page","link":"https:\/\/www.hotel-in-sirmione.it\/fr\/sport-sur-garda\/","title":{"rendered":"Sport sur Garda"},"content":{"rendered":"\n<h5 class=\"wp-block-heading\">Sirmione est la base de d\u00e9part id\u00e9al pour un vacances de sport sur Garda et relax pour chaque \u00e2ge, sa position il la rend strat\u00e9gique pour satisfaire les exigences sportives de chaque touriste.<\/h5>\n\n\n\n<figure class=\"wp-block-image alignnone\"><a href=\"https:\/\/www.hotel-in-sirmione.it\/wp-content\/uploads\/2015\/01\/line-sport.jpg\"><img loading=\"lazy\" decoding=\"async\" width=\"620\" height=\"100\" src=\"https:\/\/www.hotel-in-sirmione.it\/wp-content\/uploads\/2015\/01\/line-sport.jpg\" alt=\"Sport sul Garda\" class=\"wp-image-288\" srcset=\"https:\/\/www.hotel-in-sirmione.it\/wp-content\/uploads\/2015\/01\/line-sport.jpg 620w, https:\/\/www.hotel-in-sirmione.it\/wp-content\/uploads\/2015\/01\/line-sport-300x48.jpg 300w\" sizes=\"auto, (max-width: 620px) 100vw, 620px\" \/><\/a><figcaption class=\"wp-element-caption\">Sport sur Garda<\/figcaption><\/figure>\n\n\n\n<p>Pour le <strong>golf<\/strong>, il se trouve entre bien 11 champs golf dont quelques-uns immerg\u00e9s dans un habitat unique, entour\u00e9s d&#8217;oliviers et avec splendides panoramas sur le lac de Garda, entre le plus connus le Garda Golf et l&#8217;Arzaga; pour le <strong>jogging<\/strong>, il offre une longue et agr\u00e9able promenade il vise lac que de la ville vieille il arrive jusqu&#8217;\u00e0 le Peschiera \u00e0 est et Desenzano \u00e0 l&#8217;ouest; pour visiter le Garda en <strong>v\u00e9lo<\/strong>, le manque de pentes fortes est particuli\u00e8rement apte gr\u00e2ce \u00e0 \u00e0 chaque niveau de cycliste, en offrant la possibilit\u00e9 de visiter Sirmione soit la c\u00f4te du lac qui l&#8217;arri\u00e8re-pays comme les Collines Moreniche, le Valtenesi, les berges du Mincio; pour la <strong>navigation<\/strong>, il y a le centre surf Sirmione et autres centres v\u00e9liques o\u00f9 louer bateaux \u00e0 voiles et windsurf, cano\u00ebs ou bateaux au moteur.<\/p>\n\n\n\n<p>Nos h\u00f4tels en Sirmione se trouvent en position optimale pour atteindre sport sur Garda: les golfs du Garda, partir pour itinerarai en v\u00e9lo tout terrain et pour la navigation nous sommes voisins au centre surf Sirmione.<\/p>\n","protected":false},"excerpt":{"rendered":"<p>Sirmione est la base de d\u00e9part id\u00e9al pour un vacances de sport [&hellip;]<\/p>\n","protected":false},"author":4,"featured_media":0,"parent":0,"menu_order":76,"comment_status":"open","ping_status":"open","template":"","meta":{"footnotes":""},"class_list":["post-1062","page","type-page","status-publish","hentry"],"yoast_head":"<!-- This site is optimized with the Yoast SEO plugin v27.4 - https:\/\/yoast.com\/product\/yoast-seo-wordpress\/ -->\n<title>Sport sur Garda - Hotel in Sirmione<\/title>\n<meta name=\"description\" content=\"Pour un vacances de sport sur Garda, Sirmione est la base de d\u00e9part id\u00e9al, sa position la rend strat\u00e9gique pour satisfaire chaque sportif.\" \/>\n<meta name=\"robots\" content=\"index, follow, max-snippet:-1, max-image-preview:large, max-video-preview:-1\" \/>\n<link rel=\"canonical\" href=\"https:\/\/www.hotel-in-sirmione.it\/fr\/sport-sur-garda\/\" \/>\n<meta property=\"og:locale\" content=\"fr_FR\" \/>\n<meta property=\"og:type\" content=\"article\" \/>\n<meta property=\"og:title\" content=\"Sport sur Garda - Hotel in Sirmione\" \/>\n<meta property=\"og:description\" content=\"Pour un vacances de sport sur Garda, Sirmione est la base de d\u00e9part id\u00e9al, sa position la rend strat\u00e9gique pour satisfaire chaque sportif.\" \/>\n<meta property=\"og:url\" content=\"https:\/\/www.hotel-in-sirmione.it\/fr\/sport-sur-garda\/\" \/>\n<meta property=\"og:site_name\" content=\"Hotel in Sirmione\" \/>\n<meta property=\"article:modified_time\" content=\"2023-04-18T14:31:00+00:00\" \/>\n<meta property=\"og:image\" content=\"https:\/\/www.hotel-in-sirmione.it\/wp-content\/uploads\/2015\/01\/line-sport.jpg\" \/>\n<meta name=\"twitter:label1\" content=\"Est. reading time\" \/>\n\t<meta name=\"twitter:data1\" content=\"2 minutes\" \/>\n<script type=\"application\/ld+json\" class=\"yoast-schema-graph\">{\"@context\":\"https:\\\/\\\/schema.org\",\"@graph\":[{\"@type\":\"WebPage\",\"@id\":\"https:\\\/\\\/www.hotel-in-sirmione.it\\\/fr\\\/sport-sur-garda\\\/\",\"url\":\"https:\\\/\\\/www.hotel-in-sirmione.it\\\/fr\\\/sport-sur-garda\\\/\",\"name\":\"Sport sur Garda - Hotel in Sirmione\",\"isPartOf\":{\"@id\":\"https:\\\/\\\/www.hotel-in-sirmione.it\\\/#website\"},\"primaryImageOfPage\":{\"@id\":\"https:\\\/\\\/www.hotel-in-sirmione.it\\\/fr\\\/sport-sur-garda\\\/#primaryimage\"},\"image\":{\"@id\":\"https:\\\/\\\/www.hotel-in-sirmione.it\\\/fr\\\/sport-sur-garda\\\/#primaryimage\"},\"thumbnailUrl\":\"https:\\\/\\\/www.hotel-in-sirmione.it\\\/wp-content\\\/uploads\\\/2015\\\/01\\\/line-sport.jpg\",\"datePublished\":\"2015-02-07T11:29:19+00:00\",\"dateModified\":\"2023-04-18T14:31:00+00:00\",\"description\":\"Pour un vacances de sport sur Garda, Sirmione est la base de d\u00e9part id\u00e9al, sa position la rend strat\u00e9gique pour satisfaire chaque sportif.\",\"breadcrumb\":{\"@id\":\"https:\\\/\\\/www.hotel-in-sirmione.it\\\/fr\\\/sport-sur-garda\\\/#breadcrumb\"},\"inLanguage\":\"fr-FR\",\"potentialAction\":[{\"@type\":\"ReadAction\",\"target\":[\"https:\\\/\\\/www.hotel-in-sirmione.it\\\/fr\\\/sport-sur-garda\\\/\"]}]},{\"@type\":\"ImageObject\",\"inLanguage\":\"fr-FR\",\"@id\":\"https:\\\/\\\/www.hotel-in-sirmione.it\\\/fr\\\/sport-sur-garda\\\/#primaryimage\",\"url\":\"https:\\\/\\\/www.hotel-in-sirmione.it\\\/wp-content\\\/uploads\\\/2015\\\/01\\\/line-sport.jpg\",\"contentUrl\":\"https:\\\/\\\/www.hotel-in-sirmione.it\\\/wp-content\\\/uploads\\\/2015\\\/01\\\/line-sport.jpg\"},{\"@type\":\"BreadcrumbList\",\"@id\":\"https:\\\/\\\/www.hotel-in-sirmione.it\\\/fr\\\/sport-sur-garda\\\/#breadcrumb\",\"itemListElement\":[{\"@type\":\"ListItem\",\"position\":1,\"name\":\"Home\",\"item\":\"https:\\\/\\\/www.hotel-in-sirmione.it\\\/fr\\\/\"},{\"@type\":\"ListItem\",\"position\":2,\"name\":\"Sport sur Garda\"}]},{\"@type\":\"WebSite\",\"@id\":\"https:\\\/\\\/www.hotel-in-sirmione.it\\\/#website\",\"url\":\"https:\\\/\\\/www.hotel-in-sirmione.it\\\/\",\"name\":\"Hotel in Sirmione\",\"description\":\"Un nuovo sito targato WordPress\",\"potentialAction\":[{\"@type\":\"SearchAction\",\"target\":{\"@type\":\"EntryPoint\",\"urlTemplate\":\"https:\\\/\\\/www.hotel-in-sirmione.it\\\/?s={search_term_string}\"},\"query-input\":{\"@type\":\"PropertyValueSpecification\",\"valueRequired\":true,\"valueName\":\"search_term_string\"}}],\"inLanguage\":\"fr-FR\"}]}<\/script>\n<!-- \/ Yoast SEO plugin. -->","yoast_head_json":{"title":"Sport sur Garda - Hotel in Sirmione","description":"Pour un vacances de sport sur Garda, Sirmione est la base de d\u00e9part id\u00e9al, sa position la rend strat\u00e9gique pour satisfaire chaque sportif.","robots":{"index":"index","follow":"follow","max-snippet":"max-snippet:-1","max-image-preview":"max-image-preview:large","max-video-preview":"max-video-preview:-1"},"canonical":"https:\/\/www.hotel-in-sirmione.it\/fr\/sport-sur-garda\/","og_locale":"fr_FR","og_type":"article","og_title":"Sport sur Garda - Hotel in Sirmione","og_description":"Pour un vacances de sport sur Garda, Sirmione est la base de d\u00e9part id\u00e9al, sa position la rend strat\u00e9gique pour satisfaire chaque sportif.","og_url":"https:\/\/www.hotel-in-sirmione.it\/fr\/sport-sur-garda\/","og_site_name":"Hotel in Sirmione","article_modified_time":"2023-04-18T14:31:00+00:00","og_image":[{"url":"https:\/\/www.hotel-in-sirmione.it\/wp-content\/uploads\/2015\/01\/line-sport.jpg","type":"","width":"","height":""}],"twitter_misc":{"Est. reading time":"2 minutes"},"schema":{"@context":"https:\/\/schema.org","@graph":[{"@type":"WebPage","@id":"https:\/\/www.hotel-in-sirmione.it\/fr\/sport-sur-garda\/","url":"https:\/\/www.hotel-in-sirmione.it\/fr\/sport-sur-garda\/","name":"Sport sur Garda - Hotel in Sirmione","isPartOf":{"@id":"https:\/\/www.hotel-in-sirmione.it\/#website"},"primaryImageOfPage":{"@id":"https:\/\/www.hotel-in-sirmione.it\/fr\/sport-sur-garda\/#primaryimage"},"image":{"@id":"https:\/\/www.hotel-in-sirmione.it\/fr\/sport-sur-garda\/#primaryimage"},"thumbnailUrl":"https:\/\/www.hotel-in-sirmione.it\/wp-content\/uploads\/2015\/01\/line-sport.jpg","datePublished":"2015-02-07T11:29:19+00:00","dateModified":"2023-04-18T14:31:00+00:00","description":"Pour un vacances de sport sur Garda, Sirmione est la base de d\u00e9part id\u00e9al, sa position la rend strat\u00e9gique pour satisfaire chaque sportif.","breadcrumb":{"@id":"https:\/\/www.hotel-in-sirmione.it\/fr\/sport-sur-garda\/#breadcrumb"},"inLanguage":"fr-FR","potentialAction":[{"@type":"ReadAction","target":["https:\/\/www.hotel-in-sirmione.it\/fr\/sport-sur-garda\/"]}]},{"@type":"ImageObject","inLanguage":"fr-FR","@id":"https:\/\/www.hotel-in-sirmione.it\/fr\/sport-sur-garda\/#primaryimage","url":"https:\/\/www.hotel-in-sirmione.it\/wp-content\/uploads\/2015\/01\/line-sport.jpg","contentUrl":"https:\/\/www.hotel-in-sirmione.it\/wp-content\/uploads\/2015\/01\/line-sport.jpg"},{"@type":"BreadcrumbList","@id":"https:\/\/www.hotel-in-sirmione.it\/fr\/sport-sur-garda\/#breadcrumb","itemListElement":[{"@type":"ListItem","position":1,"name":"Home","item":"https:\/\/www.hotel-in-sirmione.it\/fr\/"},{"@type":"ListItem","position":2,"name":"Sport sur Garda"}]},{"@type":"WebSite","@id":"https:\/\/www.hotel-in-sirmione.it\/#website","url":"https:\/\/www.hotel-in-sirmione.it\/","name":"Hotel in Sirmione","description":"Un nuovo sito targato WordPress","potentialAction":[{"@type":"SearchAction","target":{"@type":"EntryPoint","urlTemplate":"https:\/\/www.hotel-in-sirmione.it\/?s={search_term_string}"},"query-input":{"@type":"PropertyValueSpecification","valueRequired":true,"valueName":"search_term_string"}}],"inLanguage":"fr-FR"}]}},"_links":{"self":[{"href":"https:\/\/www.hotel-in-sirmione.it\/fr\/wp-json\/wp\/v2\/pages\/1062","targetHints":{"allow":["GET"]}}],"collection":[{"href":"https:\/\/www.hotel-in-sirmione.it\/fr\/wp-json\/wp\/v2\/pages"}],"about":[{"href":"https:\/\/www.hotel-in-sirmione.it\/fr\/wp-json\/wp\/v2\/types\/page"}],"author":[{"embeddable":true,"href":"https:\/\/www.hotel-in-sirmione.it\/fr\/wp-json\/wp\/v2\/users\/4"}],"replies":[{"embeddable":true,"href":"https:\/\/www.hotel-in-sirmione.it\/fr\/wp-json\/wp\/v2\/comments?post=1062"}],"version-history":[{"count":4,"href":"https:\/\/www.hotel-in-sirmione.it\/fr\/wp-json\/wp\/v2\/pages\/1062\/revisions"}],"predecessor-version":[{"id":5003,"href":"https:\/\/www.hotel-in-sirmione.it\/fr\/wp-json\/wp\/v2\/pages\/1062\/revisions\/5003"}],"wp:attachment":[{"href":"https:\/\/www.hotel-in-sirmione.it\/fr\/wp-json\/wp\/v2\/media?parent=1062"}],"curies":[{"name":"wp","href":"https:\/\/api.w.org\/{rel}","templated":true}]}}