{"id":1060,"date":"2015-02-07T12:21:46","date_gmt":"2015-02-07T11:21:46","guid":{"rendered":"https:\/\/www.hotel-in-sirmione.it\/?page_id=1060"},"modified":"2023-04-18T16:30:59","modified_gmt":"2023-04-18T14:30:59","slug":"parc-thermal-du-garda","status":"publish","type":"page","link":"https:\/\/www.hotel-in-sirmione.it\/fr\/thermes-du-lac-de-garde\/parc-thermal-du-garda\/","title":{"rendered":"Parc Thermal du Garda"},"content":{"rendered":"\n<h3 class=\"wp-block-heading\">Le Parc Thermal du Garda, Villa des C\u00e8dres<\/h3>\n\n\n\n<h5 class=\"wp-block-heading\">il offre un petit lac avec des eaux thermales \u00e0 37\u00b0 et des piscines \u00e0 l&#8217;int\u00e9rieur du parc avec des plantes s\u00e9culaires de Villa des C\u00e8dres, un&#8217; milieu suggestif et d\u00e9lassant au Col\u00e0 de Lazise, \u00e0 peu kilom\u00e8tres de nos h\u00f4tels en Sirmione il se trouve \u00e0 l&#8217;int\u00e9rieur d&#8217;un parc avec des plantes s\u00e9culaires<\/h5>\n\n\n\n<p>Le Parc Thermal du Garda \u00e0 Col\u00e0 de Lazise ou Villa des C\u00e8dres fait partie des thermes du Garda, il consiste dans un parc v\u00e9ritable d&#8217;environ 13 hectares avec des plantes s\u00e9culaires de genre diff\u00e9rent, originaire du XVII si\u00e8cle et avec des \u00e9l\u00e9ments diff\u00e9rents de jardins &#8220;romantiques&#8221; Du dix-neuvi\u00e8me si\u00e8cle comme ruisseaux, grottes, petits ponts et structures n\u00e9ogothiques; un milieu unique et d\u00e9lassant o\u00f9 jouir des eaux thermales pleinement.<br>\nAll&#8217;interno del parco del centro terme Col\u00e0 si trovano due laghetti di acqua termale a 37\u00b0 con una grotta artificiale dedicata all&#8217;idromassaggio ed una moderna piscina con idromassaggi, per la stagione invernale una struttura in legno permette di spogliarsi ed immergersi nelle acque del laghetto stando in ambiente caldo. A l&#8217;int\u00e9rieur du Parc Thermal du Garda il se trouve la Villa des C\u00e8dres, une villa de la V\u00e9n\u00e9tie originaire du XVIII\/XIX si\u00e8cle, d\u00e9di\u00e9 au meeting, \u00e0 son int\u00e9rieur le centre bien-\u00eatre a aussi \u00e9t\u00e9 ouvert avec des traitements bien-\u00eatre, relax et massages. Nos h\u00f4tels en Sirmione sont \u00e0 environ quinze minutes de Villa des C\u00e8dres, en outre de nous ils sont disponibles les entr\u00e9es au parc.<\/p>\n\n\n\n<figure class=\"wp-block-image alignnone\"><a href=\"https:\/\/www.hotel-in-sirmione.it\/wp-content\/uploads\/2015\/01\/terme-villa-dei-cedri-top.jpg\"><img loading=\"lazy\" decoding=\"async\" width=\"620\" height=\"100\" src=\"https:\/\/www.hotel-in-sirmione.it\/wp-content\/uploads\/2015\/01\/terme-villa-dei-cedri-top.jpg\" alt=\"Parco Termale del Garda -Villa dei Cedri\" class=\"wp-image-336\" srcset=\"https:\/\/www.hotel-in-sirmione.it\/wp-content\/uploads\/2015\/01\/terme-villa-dei-cedri-top.jpg 620w, https:\/\/www.hotel-in-sirmione.it\/wp-content\/uploads\/2015\/01\/terme-villa-dei-cedri-top-300x48.jpg 300w\" sizes=\"auto, (max-width: 620px) 100vw, 620px\" \/><\/a><figcaption class=\"wp-element-caption\">Parc Thermal du Garda -Villa des C\u00e8dres<\/figcaption><\/figure>\n","protected":false},"excerpt":{"rendered":"<p>Le Parc Thermal du Garda, Villa des C\u00e8dres il offre un petit [&hellip;]<\/p>\n","protected":false},"author":4,"featured_media":335,"parent":1029,"menu_order":46,"comment_status":"open","ping_status":"open","template":"","meta":{"footnotes":""},"class_list":["post-1060","page","type-page","status-publish","has-post-thumbnail","hentry"],"yoast_head":"<!-- This site is optimized with the Yoast SEO plugin v27.4 - https:\/\/yoast.com\/product\/yoast-seo-wordpress\/ -->\n<title>Parc Thermal du Garda - Hotel in Sirmione<\/title>\n<meta name=\"description\" content=\"Parc Thermal du Garda, Villa des C\u00e8dres, au Col\u00e0 de Lazise, eaux thermales dans un parc avec des plantes s\u00e9culaires, \u00e0 peu kilom\u00e8tres de nos h\u00f4tels en Sirmione\" \/>\n<meta name=\"robots\" content=\"index, follow, max-snippet:-1, max-image-preview:large, max-video-preview:-1\" \/>\n<link rel=\"canonical\" href=\"https:\/\/www.hotel-in-sirmione.it\/fr\/thermes-du-lac-de-garde\/parc-thermal-du-garda\/\" \/>\n<meta property=\"og:locale\" content=\"fr_FR\" \/>\n<meta property=\"og:type\" content=\"article\" \/>\n<meta property=\"og:title\" content=\"Parc Thermal du Garda - Hotel in Sirmione\" \/>\n<meta property=\"og:description\" content=\"Parc Thermal du Garda, Villa des C\u00e8dres, au Col\u00e0 de Lazise, eaux thermales dans un parc avec des plantes s\u00e9culaires, \u00e0 peu kilom\u00e8tres de nos h\u00f4tels en Sirmione\" \/>\n<meta property=\"og:url\" content=\"https:\/\/www.hotel-in-sirmione.it\/fr\/thermes-du-lac-de-garde\/parc-thermal-du-garda\/\" \/>\n<meta property=\"og:site_name\" content=\"Hotel in Sirmione\" \/>\n<meta property=\"article:modified_time\" content=\"2023-04-18T14:30:59+00:00\" \/>\n<meta property=\"og:image\" content=\"https:\/\/www.hotel-in-sirmione.it\/wp-content\/uploads\/2015\/01\/terme-villa-dei-cedri.jpg\" \/>\n\t<meta property=\"og:image:width\" content=\"498\" \/>\n\t<meta property=\"og:image:height\" content=\"333\" \/>\n\t<meta property=\"og:image:type\" content=\"image\/jpeg\" \/>\n<meta name=\"twitter:label1\" content=\"Est. reading time\" \/>\n\t<meta name=\"twitter:data1\" content=\"2 minutes\" \/>\n<script type=\"application\/ld+json\" class=\"yoast-schema-graph\">{\"@context\":\"https:\\\/\\\/schema.org\",\"@graph\":[{\"@type\":\"WebPage\",\"@id\":\"https:\\\/\\\/www.hotel-in-sirmione.it\\\/fr\\\/thermes-du-lac-de-garde\\\/parc-thermal-du-garda\\\/\",\"url\":\"https:\\\/\\\/www.hotel-in-sirmione.it\\\/fr\\\/thermes-du-lac-de-garde\\\/parc-thermal-du-garda\\\/\",\"name\":\"Parc Thermal du Garda - Hotel in Sirmione\",\"isPartOf\":{\"@id\":\"https:\\\/\\\/www.hotel-in-sirmione.it\\\/#website\"},\"primaryImageOfPage\":{\"@id\":\"https:\\\/\\\/www.hotel-in-sirmione.it\\\/fr\\\/thermes-du-lac-de-garde\\\/parc-thermal-du-garda\\\/#primaryimage\"},\"image\":{\"@id\":\"https:\\\/\\\/www.hotel-in-sirmione.it\\\/fr\\\/thermes-du-lac-de-garde\\\/parc-thermal-du-garda\\\/#primaryimage\"},\"thumbnailUrl\":\"https:\\\/\\\/www.hotel-in-sirmione.it\\\/wp-content\\\/uploads\\\/2015\\\/01\\\/terme-villa-dei-cedri.jpg\",\"datePublished\":\"2015-02-07T11:21:46+00:00\",\"dateModified\":\"2023-04-18T14:30:59+00:00\",\"description\":\"Parc Thermal du Garda, Villa des C\u00e8dres, au Col\u00e0 de Lazise, eaux thermales dans un parc avec des plantes s\u00e9culaires, \u00e0 peu kilom\u00e8tres de nos h\u00f4tels en Sirmione\",\"breadcrumb\":{\"@id\":\"https:\\\/\\\/www.hotel-in-sirmione.it\\\/fr\\\/thermes-du-lac-de-garde\\\/parc-thermal-du-garda\\\/#breadcrumb\"},\"inLanguage\":\"fr-FR\",\"potentialAction\":[{\"@type\":\"ReadAction\",\"target\":[\"https:\\\/\\\/www.hotel-in-sirmione.it\\\/fr\\\/thermes-du-lac-de-garde\\\/parc-thermal-du-garda\\\/\"]}]},{\"@type\":\"ImageObject\",\"inLanguage\":\"fr-FR\",\"@id\":\"https:\\\/\\\/www.hotel-in-sirmione.it\\\/fr\\\/thermes-du-lac-de-garde\\\/parc-thermal-du-garda\\\/#primaryimage\",\"url\":\"https:\\\/\\\/www.hotel-in-sirmione.it\\\/wp-content\\\/uploads\\\/2015\\\/01\\\/terme-villa-dei-cedri.jpg\",\"contentUrl\":\"https:\\\/\\\/www.hotel-in-sirmione.it\\\/wp-content\\\/uploads\\\/2015\\\/01\\\/terme-villa-dei-cedri.jpg\",\"width\":498,\"height\":333,\"caption\":\"Thermal Park of Garda Lake\"},{\"@type\":\"BreadcrumbList\",\"@id\":\"https:\\\/\\\/www.hotel-in-sirmione.it\\\/fr\\\/thermes-du-lac-de-garde\\\/parc-thermal-du-garda\\\/#breadcrumb\",\"itemListElement\":[{\"@type\":\"ListItem\",\"position\":1,\"name\":\"Home\",\"item\":\"https:\\\/\\\/www.hotel-in-sirmione.it\\\/fr\\\/\"},{\"@type\":\"ListItem\",\"position\":2,\"name\":\"Thermes du lac de Garde\",\"item\":\"https:\\\/\\\/www.hotel-in-sirmione.it\\\/fr\\\/thermes-du-lac-de-garde\\\/\"},{\"@type\":\"ListItem\",\"position\":3,\"name\":\"Parc Thermal du Garda\"}]},{\"@type\":\"WebSite\",\"@id\":\"https:\\\/\\\/www.hotel-in-sirmione.it\\\/#website\",\"url\":\"https:\\\/\\\/www.hotel-in-sirmione.it\\\/\",\"name\":\"Hotel in Sirmione\",\"description\":\"Un nuovo sito targato WordPress\",\"potentialAction\":[{\"@type\":\"SearchAction\",\"target\":{\"@type\":\"EntryPoint\",\"urlTemplate\":\"https:\\\/\\\/www.hotel-in-sirmione.it\\\/?s={search_term_string}\"},\"query-input\":{\"@type\":\"PropertyValueSpecification\",\"valueRequired\":true,\"valueName\":\"search_term_string\"}}],\"inLanguage\":\"fr-FR\"}]}<\/script>\n<!-- \/ Yoast SEO plugin. -->","yoast_head_json":{"title":"Parc Thermal du Garda - Hotel in Sirmione","description":"Parc Thermal du Garda, Villa des C\u00e8dres, au Col\u00e0 de Lazise, eaux thermales dans un parc avec des plantes s\u00e9culaires, \u00e0 peu kilom\u00e8tres de nos h\u00f4tels en Sirmione","robots":{"index":"index","follow":"follow","max-snippet":"max-snippet:-1","max-image-preview":"max-image-preview:large","max-video-preview":"max-video-preview:-1"},"canonical":"https:\/\/www.hotel-in-sirmione.it\/fr\/thermes-du-lac-de-garde\/parc-thermal-du-garda\/","og_locale":"fr_FR","og_type":"article","og_title":"Parc Thermal du Garda - Hotel in Sirmione","og_description":"Parc Thermal du Garda, Villa des C\u00e8dres, au Col\u00e0 de Lazise, eaux thermales dans un parc avec des plantes s\u00e9culaires, \u00e0 peu kilom\u00e8tres de nos h\u00f4tels en Sirmione","og_url":"https:\/\/www.hotel-in-sirmione.it\/fr\/thermes-du-lac-de-garde\/parc-thermal-du-garda\/","og_site_name":"Hotel in Sirmione","article_modified_time":"2023-04-18T14:30:59+00:00","og_image":[{"width":498,"height":333,"url":"https:\/\/www.hotel-in-sirmione.it\/wp-content\/uploads\/2015\/01\/terme-villa-dei-cedri.jpg","type":"image\/jpeg"}],"twitter_misc":{"Est. reading time":"2 minutes"},"schema":{"@context":"https:\/\/schema.org","@graph":[{"@type":"WebPage","@id":"https:\/\/www.hotel-in-sirmione.it\/fr\/thermes-du-lac-de-garde\/parc-thermal-du-garda\/","url":"https:\/\/www.hotel-in-sirmione.it\/fr\/thermes-du-lac-de-garde\/parc-thermal-du-garda\/","name":"Parc Thermal du Garda - Hotel in Sirmione","isPartOf":{"@id":"https:\/\/www.hotel-in-sirmione.it\/#website"},"primaryImageOfPage":{"@id":"https:\/\/www.hotel-in-sirmione.it\/fr\/thermes-du-lac-de-garde\/parc-thermal-du-garda\/#primaryimage"},"image":{"@id":"https:\/\/www.hotel-in-sirmione.it\/fr\/thermes-du-lac-de-garde\/parc-thermal-du-garda\/#primaryimage"},"thumbnailUrl":"https:\/\/www.hotel-in-sirmione.it\/wp-content\/uploads\/2015\/01\/terme-villa-dei-cedri.jpg","datePublished":"2015-02-07T11:21:46+00:00","dateModified":"2023-04-18T14:30:59+00:00","description":"Parc Thermal du Garda, Villa des C\u00e8dres, au Col\u00e0 de Lazise, eaux thermales dans un parc avec des plantes s\u00e9culaires, \u00e0 peu kilom\u00e8tres de nos h\u00f4tels en Sirmione","breadcrumb":{"@id":"https:\/\/www.hotel-in-sirmione.it\/fr\/thermes-du-lac-de-garde\/parc-thermal-du-garda\/#breadcrumb"},"inLanguage":"fr-FR","potentialAction":[{"@type":"ReadAction","target":["https:\/\/www.hotel-in-sirmione.it\/fr\/thermes-du-lac-de-garde\/parc-thermal-du-garda\/"]}]},{"@type":"ImageObject","inLanguage":"fr-FR","@id":"https:\/\/www.hotel-in-sirmione.it\/fr\/thermes-du-lac-de-garde\/parc-thermal-du-garda\/#primaryimage","url":"https:\/\/www.hotel-in-sirmione.it\/wp-content\/uploads\/2015\/01\/terme-villa-dei-cedri.jpg","contentUrl":"https:\/\/www.hotel-in-sirmione.it\/wp-content\/uploads\/2015\/01\/terme-villa-dei-cedri.jpg","width":498,"height":333,"caption":"Thermal Park of Garda Lake"},{"@type":"BreadcrumbList","@id":"https:\/\/www.hotel-in-sirmione.it\/fr\/thermes-du-lac-de-garde\/parc-thermal-du-garda\/#breadcrumb","itemListElement":[{"@type":"ListItem","position":1,"name":"Home","item":"https:\/\/www.hotel-in-sirmione.it\/fr\/"},{"@type":"ListItem","position":2,"name":"Thermes du lac de Garde","item":"https:\/\/www.hotel-in-sirmione.it\/fr\/thermes-du-lac-de-garde\/"},{"@type":"ListItem","position":3,"name":"Parc Thermal du Garda"}]},{"@type":"WebSite","@id":"https:\/\/www.hotel-in-sirmione.it\/#website","url":"https:\/\/www.hotel-in-sirmione.it\/","name":"Hotel in Sirmione","description":"Un nuovo sito targato WordPress","potentialAction":[{"@type":"SearchAction","target":{"@type":"EntryPoint","urlTemplate":"https:\/\/www.hotel-in-sirmione.it\/?s={search_term_string}"},"query-input":{"@type":"PropertyValueSpecification","valueRequired":true,"valueName":"search_term_string"}}],"inLanguage":"fr-FR"}]}},"_links":{"self":[{"href":"https:\/\/www.hotel-in-sirmione.it\/fr\/wp-json\/wp\/v2\/pages\/1060","targetHints":{"allow":["GET"]}}],"collection":[{"href":"https:\/\/www.hotel-in-sirmione.it\/fr\/wp-json\/wp\/v2\/pages"}],"about":[{"href":"https:\/\/www.hotel-in-sirmione.it\/fr\/wp-json\/wp\/v2\/types\/page"}],"author":[{"embeddable":true,"href":"https:\/\/www.hotel-in-sirmione.it\/fr\/wp-json\/wp\/v2\/users\/4"}],"replies":[{"embeddable":true,"href":"https:\/\/www.hotel-in-sirmione.it\/fr\/wp-json\/wp\/v2\/comments?post=1060"}],"version-history":[{"count":2,"href":"https:\/\/www.hotel-in-sirmione.it\/fr\/wp-json\/wp\/v2\/pages\/1060\/revisions"}],"predecessor-version":[{"id":5004,"href":"https:\/\/www.hotel-in-sirmione.it\/fr\/wp-json\/wp\/v2\/pages\/1060\/revisions\/5004"}],"up":[{"embeddable":true,"href":"https:\/\/www.hotel-in-sirmione.it\/fr\/wp-json\/wp\/v2\/pages\/1029"}],"wp:featuredmedia":[{"embeddable":true,"href":"https:\/\/www.hotel-in-sirmione.it\/fr\/wp-json\/wp\/v2\/media\/335"}],"wp:attachment":[{"href":"https:\/\/www.hotel-in-sirmione.it\/fr\/wp-json\/wp\/v2\/media?parent=1060"}],"curies":[{"name":"wp","href":"https:\/\/api.w.org\/{rel}","templated":true}]}}