{"id":1034,"date":"2015-02-07T10:32:44","date_gmt":"2015-02-07T09:32:44","guid":{"rendered":"https:\/\/www.hotel-in-sirmione.it\/?page_id=1034"},"modified":"2023-04-18T16:30:57","modified_gmt":"2023-04-18T14:30:57","slug":"thermes-aquaria","status":"publish","type":"page","link":"https:\/\/www.hotel-in-sirmione.it\/fr\/thermes-du-lac-de-garde\/thermes-aquaria\/","title":{"rendered":"Thermes Aquaria"},"content":{"rendered":"\n<h3 class=\"wp-block-heading\">Les Thermes Aquaria sont le centres bien-\u00eatre des Thermes de Sirmione<\/h3>\n\n\n\n<h5 class=\"wp-block-heading\">et ils se trouvent dans le centre thermal Catulle \u00e0 l&#8217;int\u00e9rieur du centre historique de Sirmione, ils sont accessibles \u00e0 pied avec une marche de dix minutes de nos h\u00f4tels en Sirmione.<\/h5>\n\n\n\n<p>Le centre bien-\u00eatre thermes Aquaria il repr\u00e9sente la section bien-\u00eatre et relax des Thermes de Sirmione, il s&#8217;agit d&#8217;une grande zone d&#8217;environ10.000 mq d\u00e9di\u00e9s au bien-\u00eatre du physicien et de l&#8217;esprit, avec une piscine qu&#8217;il offre une splendide vue sur le lac. \u00c0 l&#8217;int\u00e9rieur du centre bien-\u00eatre on peut b\u00e9n\u00e9ficier soit des piscines thermales, avec des hydromassage, douches aromo-chromatiques, petits lits effervescents, que de cabines diff\u00e9rentes d\u00e9di\u00e9es au bien-\u00eatre avec des types diff\u00e9rents de traitements esth\u00e9tiques et massages, en alternative il est possible d&#8217;utiliser un gymnase moderne.<br>\nPour n&#8217;importe quel exigence il y a \u00e0 disposition les conseillers du staff des Thermes d&#8217;Aquaria pour trouver la solution meilleure \u00e0 chaque personne et exigence.<br>\nNos h\u00f4tels en Sirmione, qu&#8217;ils se trouvent voisins \u00e0 Thermes Aquaria du Sirmione est conventionn\u00e9 avec les thermes et ils disposent soit d&#8217;escomptes que de quelques produits des Thermes de Sirmione.<\/p>\n\n\n\n<figure class=\"wp-block-image alignnone\"><a href=\"https:\/\/www.hotel-in-sirmione.it\/wp-content\/uploads\/2015\/01\/terme-aquaria-top.jpg\"><img loading=\"lazy\" decoding=\"async\" width=\"620\" height=\"100\" src=\"https:\/\/www.hotel-in-sirmione.it\/wp-content\/uploads\/2015\/01\/terme-aquaria-top.jpg\" alt=\"Terme di Aquaria Sirmione\" class=\"wp-image-343\" srcset=\"https:\/\/www.hotel-in-sirmione.it\/wp-content\/uploads\/2015\/01\/terme-aquaria-top.jpg 620w, https:\/\/www.hotel-in-sirmione.it\/wp-content\/uploads\/2015\/01\/terme-aquaria-top-300x48.jpg 300w\" sizes=\"auto, (max-width: 620px) 100vw, 620px\" \/><\/a><figcaption class=\"wp-element-caption\">Thermes Aquaria in Sirmione<\/figcaption><\/figure>\n","protected":false},"excerpt":{"rendered":"<p>Les Thermes Aquaria sont le centres bien-\u00eatre des Thermes de Sirmione et [&hellip;]<\/p>\n","protected":false},"author":4,"featured_media":231,"parent":1029,"menu_order":41,"comment_status":"open","ping_status":"open","template":"","meta":{"footnotes":""},"class_list":["post-1034","page","type-page","status-publish","has-post-thumbnail","hentry"],"yoast_head":"<!-- This site is optimized with the Yoast SEO plugin v27.4 - https:\/\/yoast.com\/product\/yoast-seo-wordpress\/ -->\n<title>Thermes Aquaria en proximit\u00e9 des h\u00f4tels \u00e0 Sirmione<\/title>\n<meta name=\"description\" content=\"Les thermes Aquaria des Thermes de Sirmione se trouvent dans le centre historique et ils sont accessibles avec une br\u00e8ve marche de nos h\u00f4tels en Sirmione.\" \/>\n<meta name=\"robots\" content=\"index, follow, max-snippet:-1, max-image-preview:large, max-video-preview:-1\" \/>\n<link rel=\"canonical\" href=\"https:\/\/www.hotel-in-sirmione.it\/fr\/thermes-du-lac-de-garde\/thermes-aquaria\/\" \/>\n<meta property=\"og:locale\" content=\"fr_FR\" \/>\n<meta property=\"og:type\" content=\"article\" \/>\n<meta property=\"og:title\" content=\"Thermes Aquaria en proximit\u00e9 des h\u00f4tels \u00e0 Sirmione\" \/>\n<meta property=\"og:description\" content=\"Les thermes Aquaria des Thermes de Sirmione se trouvent dans le centre historique et ils sont accessibles avec une br\u00e8ve marche de nos h\u00f4tels en Sirmione.\" \/>\n<meta property=\"og:url\" content=\"https:\/\/www.hotel-in-sirmione.it\/fr\/thermes-du-lac-de-garde\/thermes-aquaria\/\" \/>\n<meta property=\"og:site_name\" content=\"Hotel in Sirmione\" \/>\n<meta property=\"article:modified_time\" content=\"2023-04-18T14:30:57+00:00\" \/>\n<meta property=\"og:image\" content=\"https:\/\/www.hotel-in-sirmione.it\/wp-content\/uploads\/2015\/01\/terme-di-aquaria-logo.jpg\" \/>\n\t<meta property=\"og:image:width\" content=\"220\" \/>\n\t<meta property=\"og:image:height\" content=\"134\" \/>\n\t<meta property=\"og:image:type\" content=\"image\/jpeg\" \/>\n<meta name=\"twitter:label1\" content=\"Est. reading time\" \/>\n\t<meta name=\"twitter:data1\" content=\"2 minutes\" \/>\n<script type=\"application\/ld+json\" class=\"yoast-schema-graph\">{\"@context\":\"https:\\\/\\\/schema.org\",\"@graph\":[{\"@type\":\"WebPage\",\"@id\":\"https:\\\/\\\/www.hotel-in-sirmione.it\\\/fr\\\/thermes-du-lac-de-garde\\\/thermes-aquaria\\\/\",\"url\":\"https:\\\/\\\/www.hotel-in-sirmione.it\\\/fr\\\/thermes-du-lac-de-garde\\\/thermes-aquaria\\\/\",\"name\":\"Thermes Aquaria en proximit\u00e9 des h\u00f4tels \u00e0 Sirmione\",\"isPartOf\":{\"@id\":\"https:\\\/\\\/www.hotel-in-sirmione.it\\\/#website\"},\"primaryImageOfPage\":{\"@id\":\"https:\\\/\\\/www.hotel-in-sirmione.it\\\/fr\\\/thermes-du-lac-de-garde\\\/thermes-aquaria\\\/#primaryimage\"},\"image\":{\"@id\":\"https:\\\/\\\/www.hotel-in-sirmione.it\\\/fr\\\/thermes-du-lac-de-garde\\\/thermes-aquaria\\\/#primaryimage\"},\"thumbnailUrl\":\"https:\\\/\\\/www.hotel-in-sirmione.it\\\/wp-content\\\/uploads\\\/2015\\\/01\\\/terme-di-aquaria-logo.jpg\",\"datePublished\":\"2015-02-07T09:32:44+00:00\",\"dateModified\":\"2023-04-18T14:30:57+00:00\",\"description\":\"Les thermes Aquaria des Thermes de Sirmione se trouvent dans le centre historique et ils sont accessibles avec une br\u00e8ve marche de nos h\u00f4tels en Sirmione.\",\"breadcrumb\":{\"@id\":\"https:\\\/\\\/www.hotel-in-sirmione.it\\\/fr\\\/thermes-du-lac-de-garde\\\/thermes-aquaria\\\/#breadcrumb\"},\"inLanguage\":\"fr-FR\",\"potentialAction\":[{\"@type\":\"ReadAction\",\"target\":[\"https:\\\/\\\/www.hotel-in-sirmione.it\\\/fr\\\/thermes-du-lac-de-garde\\\/thermes-aquaria\\\/\"]}]},{\"@type\":\"ImageObject\",\"inLanguage\":\"fr-FR\",\"@id\":\"https:\\\/\\\/www.hotel-in-sirmione.it\\\/fr\\\/thermes-du-lac-de-garde\\\/thermes-aquaria\\\/#primaryimage\",\"url\":\"https:\\\/\\\/www.hotel-in-sirmione.it\\\/wp-content\\\/uploads\\\/2015\\\/01\\\/terme-di-aquaria-logo.jpg\",\"contentUrl\":\"https:\\\/\\\/www.hotel-in-sirmione.it\\\/wp-content\\\/uploads\\\/2015\\\/01\\\/terme-di-aquaria-logo.jpg\",\"width\":220,\"height\":134,\"caption\":\"terme-di-aquaria\"},{\"@type\":\"BreadcrumbList\",\"@id\":\"https:\\\/\\\/www.hotel-in-sirmione.it\\\/fr\\\/thermes-du-lac-de-garde\\\/thermes-aquaria\\\/#breadcrumb\",\"itemListElement\":[{\"@type\":\"ListItem\",\"position\":1,\"name\":\"Home\",\"item\":\"https:\\\/\\\/www.hotel-in-sirmione.it\\\/fr\\\/\"},{\"@type\":\"ListItem\",\"position\":2,\"name\":\"Thermes du lac de Garde\",\"item\":\"https:\\\/\\\/www.hotel-in-sirmione.it\\\/fr\\\/thermes-du-lac-de-garde\\\/\"},{\"@type\":\"ListItem\",\"position\":3,\"name\":\"Thermes Aquaria\"}]},{\"@type\":\"WebSite\",\"@id\":\"https:\\\/\\\/www.hotel-in-sirmione.it\\\/#website\",\"url\":\"https:\\\/\\\/www.hotel-in-sirmione.it\\\/\",\"name\":\"Hotel in Sirmione\",\"description\":\"Un nuovo sito targato WordPress\",\"potentialAction\":[{\"@type\":\"SearchAction\",\"target\":{\"@type\":\"EntryPoint\",\"urlTemplate\":\"https:\\\/\\\/www.hotel-in-sirmione.it\\\/?s={search_term_string}\"},\"query-input\":{\"@type\":\"PropertyValueSpecification\",\"valueRequired\":true,\"valueName\":\"search_term_string\"}}],\"inLanguage\":\"fr-FR\"}]}<\/script>\n<!-- \/ Yoast SEO plugin. -->","yoast_head_json":{"title":"Thermes Aquaria en proximit\u00e9 des h\u00f4tels \u00e0 Sirmione","description":"Les thermes Aquaria des Thermes de Sirmione se trouvent dans le centre historique et ils sont accessibles avec une br\u00e8ve marche de nos h\u00f4tels en Sirmione.","robots":{"index":"index","follow":"follow","max-snippet":"max-snippet:-1","max-image-preview":"max-image-preview:large","max-video-preview":"max-video-preview:-1"},"canonical":"https:\/\/www.hotel-in-sirmione.it\/fr\/thermes-du-lac-de-garde\/thermes-aquaria\/","og_locale":"fr_FR","og_type":"article","og_title":"Thermes Aquaria en proximit\u00e9 des h\u00f4tels \u00e0 Sirmione","og_description":"Les thermes Aquaria des Thermes de Sirmione se trouvent dans le centre historique et ils sont accessibles avec une br\u00e8ve marche de nos h\u00f4tels en Sirmione.","og_url":"https:\/\/www.hotel-in-sirmione.it\/fr\/thermes-du-lac-de-garde\/thermes-aquaria\/","og_site_name":"Hotel in Sirmione","article_modified_time":"2023-04-18T14:30:57+00:00","og_image":[{"width":220,"height":134,"url":"https:\/\/www.hotel-in-sirmione.it\/wp-content\/uploads\/2015\/01\/terme-di-aquaria-logo.jpg","type":"image\/jpeg"}],"twitter_misc":{"Est. reading time":"2 minutes"},"schema":{"@context":"https:\/\/schema.org","@graph":[{"@type":"WebPage","@id":"https:\/\/www.hotel-in-sirmione.it\/fr\/thermes-du-lac-de-garde\/thermes-aquaria\/","url":"https:\/\/www.hotel-in-sirmione.it\/fr\/thermes-du-lac-de-garde\/thermes-aquaria\/","name":"Thermes Aquaria en proximit\u00e9 des h\u00f4tels \u00e0 Sirmione","isPartOf":{"@id":"https:\/\/www.hotel-in-sirmione.it\/#website"},"primaryImageOfPage":{"@id":"https:\/\/www.hotel-in-sirmione.it\/fr\/thermes-du-lac-de-garde\/thermes-aquaria\/#primaryimage"},"image":{"@id":"https:\/\/www.hotel-in-sirmione.it\/fr\/thermes-du-lac-de-garde\/thermes-aquaria\/#primaryimage"},"thumbnailUrl":"https:\/\/www.hotel-in-sirmione.it\/wp-content\/uploads\/2015\/01\/terme-di-aquaria-logo.jpg","datePublished":"2015-02-07T09:32:44+00:00","dateModified":"2023-04-18T14:30:57+00:00","description":"Les thermes Aquaria des Thermes de Sirmione se trouvent dans le centre historique et ils sont accessibles avec une br\u00e8ve marche de nos h\u00f4tels en Sirmione.","breadcrumb":{"@id":"https:\/\/www.hotel-in-sirmione.it\/fr\/thermes-du-lac-de-garde\/thermes-aquaria\/#breadcrumb"},"inLanguage":"fr-FR","potentialAction":[{"@type":"ReadAction","target":["https:\/\/www.hotel-in-sirmione.it\/fr\/thermes-du-lac-de-garde\/thermes-aquaria\/"]}]},{"@type":"ImageObject","inLanguage":"fr-FR","@id":"https:\/\/www.hotel-in-sirmione.it\/fr\/thermes-du-lac-de-garde\/thermes-aquaria\/#primaryimage","url":"https:\/\/www.hotel-in-sirmione.it\/wp-content\/uploads\/2015\/01\/terme-di-aquaria-logo.jpg","contentUrl":"https:\/\/www.hotel-in-sirmione.it\/wp-content\/uploads\/2015\/01\/terme-di-aquaria-logo.jpg","width":220,"height":134,"caption":"terme-di-aquaria"},{"@type":"BreadcrumbList","@id":"https:\/\/www.hotel-in-sirmione.it\/fr\/thermes-du-lac-de-garde\/thermes-aquaria\/#breadcrumb","itemListElement":[{"@type":"ListItem","position":1,"name":"Home","item":"https:\/\/www.hotel-in-sirmione.it\/fr\/"},{"@type":"ListItem","position":2,"name":"Thermes du lac de Garde","item":"https:\/\/www.hotel-in-sirmione.it\/fr\/thermes-du-lac-de-garde\/"},{"@type":"ListItem","position":3,"name":"Thermes Aquaria"}]},{"@type":"WebSite","@id":"https:\/\/www.hotel-in-sirmione.it\/#website","url":"https:\/\/www.hotel-in-sirmione.it\/","name":"Hotel in Sirmione","description":"Un nuovo sito targato WordPress","potentialAction":[{"@type":"SearchAction","target":{"@type":"EntryPoint","urlTemplate":"https:\/\/www.hotel-in-sirmione.it\/?s={search_term_string}"},"query-input":{"@type":"PropertyValueSpecification","valueRequired":true,"valueName":"search_term_string"}}],"inLanguage":"fr-FR"}]}},"_links":{"self":[{"href":"https:\/\/www.hotel-in-sirmione.it\/fr\/wp-json\/wp\/v2\/pages\/1034","targetHints":{"allow":["GET"]}}],"collection":[{"href":"https:\/\/www.hotel-in-sirmione.it\/fr\/wp-json\/wp\/v2\/pages"}],"about":[{"href":"https:\/\/www.hotel-in-sirmione.it\/fr\/wp-json\/wp\/v2\/types\/page"}],"author":[{"embeddable":true,"href":"https:\/\/www.hotel-in-sirmione.it\/fr\/wp-json\/wp\/v2\/users\/4"}],"replies":[{"embeddable":true,"href":"https:\/\/www.hotel-in-sirmione.it\/fr\/wp-json\/wp\/v2\/comments?post=1034"}],"version-history":[{"count":2,"href":"https:\/\/www.hotel-in-sirmione.it\/fr\/wp-json\/wp\/v2\/pages\/1034\/revisions"}],"predecessor-version":[{"id":5002,"href":"https:\/\/www.hotel-in-sirmione.it\/fr\/wp-json\/wp\/v2\/pages\/1034\/revisions\/5002"}],"up":[{"embeddable":true,"href":"https:\/\/www.hotel-in-sirmione.it\/fr\/wp-json\/wp\/v2\/pages\/1029"}],"wp:featuredmedia":[{"embeddable":true,"href":"https:\/\/www.hotel-in-sirmione.it\/fr\/wp-json\/wp\/v2\/media\/231"}],"wp:attachment":[{"href":"https:\/\/www.hotel-in-sirmione.it\/fr\/wp-json\/wp\/v2\/media?parent=1034"}],"curies":[{"name":"wp","href":"https:\/\/api.w.org\/{rel}","templated":true}]}}