{"id":1032,"date":"2015-02-07T10:20:32","date_gmt":"2015-02-07T09:20:32","guid":{"rendered":"https:\/\/www.hotel-in-sirmione.it\/?page_id=1032"},"modified":"2023-04-18T16:30:57","modified_gmt":"2023-04-18T14:30:57","slug":"thermes-de-sirmione","status":"publish","type":"page","link":"https:\/\/www.hotel-in-sirmione.it\/fr\/thermes-du-lac-de-garde\/thermes-de-sirmione\/","title":{"rendered":"Thermes de Sirmione"},"content":{"rendered":"\n<h4 class=\"wp-block-heading\">Les Thermes de Sirmione sont divis\u00e9s en deux centres curatifs,<\/h4>\n\n\n\n<h5 class=\"wp-block-heading\">le centre Catulle dans le centre historique \u00e0 peu pas de nos h\u00f4tels en Sirmione et le centre Virgile dans la fraction de Colombare \u00e0 environ deux kilom\u00e8tres de nous.<\/h5>\n\n\n\n<p>Les centres curatifs des Thermes de Sirmione sont actifs en deux-points, le centre Thermal Catulle, qu&#8217;il inclut le centre bien-\u00eatre Thermes d&#8217;Aquaria, dans le centre historique de Sirmione, \u00e0 peu minutes \u00e0 pied de nos h\u00f4tels en Sirmione et le centre Thermal Virgile, seul curatif, \u00e0 Colombare de Sirmione que dista environ deux kilom\u00e8tres de nos h\u00f4tels en Sirmione. Les centres thermaux sont c\u00e9l\u00e8bres pour les propri\u00e9t\u00e9s curatives de leur eau sulfurea riche de tu montes min\u00e9ral, particuli\u00e8rement indiqu\u00e9e pour le soin des voies respiratoires. Pour chaque renseignement au soin des soins il faut contacter les centres thermaux directement.<\/p>\n\n\n<div class=\"wp-block-image\">\n<figure class=\"alignleft\"><a href=\"https:\/\/www.hotel-in-sirmione.it\/wp-content\/uploads\/2015\/01\/terme-virgilio-sirmione.png\"><img decoding=\"async\" src=\"https:\/\/www.hotel-in-sirmione.it\/wp-content\/uploads\/2015\/01\/terme-virgilio-sirmione-150x150.png\" alt=\"Virgilio Terme di Sirmione\" class=\"wp-image-589\"\/><\/a><figcaption class=\"wp-element-caption\">Virgilio &#8211; Thermes de Sirmione<\/figcaption><\/figure><\/div>\n\n<div class=\"wp-block-image\">\n<figure class=\"alignleft\"><a href=\"https:\/\/www.hotel-in-sirmione.it\/wp-content\/uploads\/2015\/01\/terme-di-aquaria-logo.jpg\"><img loading=\"lazy\" decoding=\"async\" width=\"220\" height=\"134\" src=\"https:\/\/www.hotel-in-sirmione.it\/wp-content\/uploads\/2015\/01\/terme-di-aquaria-logo.jpg\" alt=\"Aquaria Terme di Sirmione\" class=\"wp-image-231\"\/><\/a><figcaption class=\"wp-element-caption\">Aquaria &#8211; Thermes de Sirmione<\/figcaption><\/figure><\/div>","protected":false},"excerpt":{"rendered":"<p>Les Thermes de Sirmione sont divis\u00e9s en deux centres curatifs, le centre [&hellip;]<\/p>\n","protected":false},"author":4,"featured_media":234,"parent":1029,"menu_order":62,"comment_status":"open","ping_status":"open","template":"","meta":{"footnotes":""},"class_list":["post-1032","page","type-page","status-publish","has-post-thumbnail","hentry"],"yoast_head":"<!-- This site is optimized with the Yoast SEO plugin v27.4 - https:\/\/yoast.com\/product\/yoast-seo-wordpress\/ -->\n<title>Thermes de Sirmione sont voisins aux H\u00f4tels en Sirmione<\/title>\n<meta name=\"description\" content=\"Thermes de Sirmione ont deux centres curatifs, Catulle dans le centre historique \u00e0 peu pas de nos h\u00f4tels en Sirmione et Virgile dans la fraction de Colombar\" \/>\n<meta name=\"robots\" content=\"index, follow, max-snippet:-1, max-image-preview:large, max-video-preview:-1\" \/>\n<link rel=\"canonical\" href=\"https:\/\/www.hotel-in-sirmione.it\/fr\/thermes-du-lac-de-garde\/thermes-de-sirmione\/\" \/>\n<meta property=\"og:locale\" content=\"fr_FR\" \/>\n<meta property=\"og:type\" content=\"article\" \/>\n<meta property=\"og:title\" content=\"Thermes de Sirmione sont voisins aux H\u00f4tels en Sirmione\" \/>\n<meta property=\"og:description\" content=\"Thermes de Sirmione ont deux centres curatifs, Catulle dans le centre historique \u00e0 peu pas de nos h\u00f4tels en Sirmione et Virgile dans la fraction de Colombar\" \/>\n<meta property=\"og:url\" content=\"https:\/\/www.hotel-in-sirmione.it\/fr\/thermes-du-lac-de-garde\/thermes-de-sirmione\/\" \/>\n<meta property=\"og:site_name\" content=\"Hotel in Sirmione\" \/>\n<meta property=\"article:modified_time\" content=\"2023-04-18T14:30:57+00:00\" \/>\n<meta property=\"og:image\" content=\"https:\/\/www.hotel-in-sirmione.it\/wp-content\/uploads\/2015\/01\/terme-di-sirmione-logo.jpg\" \/>\n\t<meta property=\"og:image:width\" content=\"303\" \/>\n\t<meta property=\"og:image:height\" content=\"212\" \/>\n\t<meta property=\"og:image:type\" content=\"image\/jpeg\" \/>\n<meta name=\"twitter:label1\" content=\"Est. reading time\" \/>\n\t<meta name=\"twitter:data1\" content=\"2 minutes\" \/>\n<script type=\"application\/ld+json\" class=\"yoast-schema-graph\">{\"@context\":\"https:\\\/\\\/schema.org\",\"@graph\":[{\"@type\":\"WebPage\",\"@id\":\"https:\\\/\\\/www.hotel-in-sirmione.it\\\/fr\\\/thermes-du-lac-de-garde\\\/thermes-de-sirmione\\\/\",\"url\":\"https:\\\/\\\/www.hotel-in-sirmione.it\\\/fr\\\/thermes-du-lac-de-garde\\\/thermes-de-sirmione\\\/\",\"name\":\"Thermes de Sirmione sont voisins aux H\u00f4tels en Sirmione\",\"isPartOf\":{\"@id\":\"https:\\\/\\\/www.hotel-in-sirmione.it\\\/#website\"},\"primaryImageOfPage\":{\"@id\":\"https:\\\/\\\/www.hotel-in-sirmione.it\\\/fr\\\/thermes-du-lac-de-garde\\\/thermes-de-sirmione\\\/#primaryimage\"},\"image\":{\"@id\":\"https:\\\/\\\/www.hotel-in-sirmione.it\\\/fr\\\/thermes-du-lac-de-garde\\\/thermes-de-sirmione\\\/#primaryimage\"},\"thumbnailUrl\":\"https:\\\/\\\/www.hotel-in-sirmione.it\\\/wp-content\\\/uploads\\\/2015\\\/01\\\/terme-di-sirmione-logo.jpg\",\"datePublished\":\"2015-02-07T09:20:32+00:00\",\"dateModified\":\"2023-04-18T14:30:57+00:00\",\"description\":\"Thermes de Sirmione ont deux centres curatifs, Catulle dans le centre historique \u00e0 peu pas de nos h\u00f4tels en Sirmione et Virgile dans la fraction de Colombar\",\"breadcrumb\":{\"@id\":\"https:\\\/\\\/www.hotel-in-sirmione.it\\\/fr\\\/thermes-du-lac-de-garde\\\/thermes-de-sirmione\\\/#breadcrumb\"},\"inLanguage\":\"fr-FR\",\"potentialAction\":[{\"@type\":\"ReadAction\",\"target\":[\"https:\\\/\\\/www.hotel-in-sirmione.it\\\/fr\\\/thermes-du-lac-de-garde\\\/thermes-de-sirmione\\\/\"]}]},{\"@type\":\"ImageObject\",\"inLanguage\":\"fr-FR\",\"@id\":\"https:\\\/\\\/www.hotel-in-sirmione.it\\\/fr\\\/thermes-du-lac-de-garde\\\/thermes-de-sirmione\\\/#primaryimage\",\"url\":\"https:\\\/\\\/www.hotel-in-sirmione.it\\\/wp-content\\\/uploads\\\/2015\\\/01\\\/terme-di-sirmione-logo.jpg\",\"contentUrl\":\"https:\\\/\\\/www.hotel-in-sirmione.it\\\/wp-content\\\/uploads\\\/2015\\\/01\\\/terme-di-sirmione-logo.jpg\",\"width\":303,\"height\":212,\"caption\":\"terme-di-sirmione\"},{\"@type\":\"BreadcrumbList\",\"@id\":\"https:\\\/\\\/www.hotel-in-sirmione.it\\\/fr\\\/thermes-du-lac-de-garde\\\/thermes-de-sirmione\\\/#breadcrumb\",\"itemListElement\":[{\"@type\":\"ListItem\",\"position\":1,\"name\":\"Home\",\"item\":\"https:\\\/\\\/www.hotel-in-sirmione.it\\\/fr\\\/\"},{\"@type\":\"ListItem\",\"position\":2,\"name\":\"Thermes du lac de Garde\",\"item\":\"https:\\\/\\\/www.hotel-in-sirmione.it\\\/fr\\\/thermes-du-lac-de-garde\\\/\"},{\"@type\":\"ListItem\",\"position\":3,\"name\":\"Thermes de Sirmione\"}]},{\"@type\":\"WebSite\",\"@id\":\"https:\\\/\\\/www.hotel-in-sirmione.it\\\/#website\",\"url\":\"https:\\\/\\\/www.hotel-in-sirmione.it\\\/\",\"name\":\"Hotel in Sirmione\",\"description\":\"Un nuovo sito targato WordPress\",\"potentialAction\":[{\"@type\":\"SearchAction\",\"target\":{\"@type\":\"EntryPoint\",\"urlTemplate\":\"https:\\\/\\\/www.hotel-in-sirmione.it\\\/?s={search_term_string}\"},\"query-input\":{\"@type\":\"PropertyValueSpecification\",\"valueRequired\":true,\"valueName\":\"search_term_string\"}}],\"inLanguage\":\"fr-FR\"}]}<\/script>\n<!-- \/ Yoast SEO plugin. -->","yoast_head_json":{"title":"Thermes de Sirmione sont voisins aux H\u00f4tels en Sirmione","description":"Thermes de Sirmione ont deux centres curatifs, Catulle dans le centre historique \u00e0 peu pas de nos h\u00f4tels en Sirmione et Virgile dans la fraction de Colombar","robots":{"index":"index","follow":"follow","max-snippet":"max-snippet:-1","max-image-preview":"max-image-preview:large","max-video-preview":"max-video-preview:-1"},"canonical":"https:\/\/www.hotel-in-sirmione.it\/fr\/thermes-du-lac-de-garde\/thermes-de-sirmione\/","og_locale":"fr_FR","og_type":"article","og_title":"Thermes de Sirmione sont voisins aux H\u00f4tels en Sirmione","og_description":"Thermes de Sirmione ont deux centres curatifs, Catulle dans le centre historique \u00e0 peu pas de nos h\u00f4tels en Sirmione et Virgile dans la fraction de Colombar","og_url":"https:\/\/www.hotel-in-sirmione.it\/fr\/thermes-du-lac-de-garde\/thermes-de-sirmione\/","og_site_name":"Hotel in Sirmione","article_modified_time":"2023-04-18T14:30:57+00:00","og_image":[{"width":303,"height":212,"url":"https:\/\/www.hotel-in-sirmione.it\/wp-content\/uploads\/2015\/01\/terme-di-sirmione-logo.jpg","type":"image\/jpeg"}],"twitter_misc":{"Est. reading time":"2 minutes"},"schema":{"@context":"https:\/\/schema.org","@graph":[{"@type":"WebPage","@id":"https:\/\/www.hotel-in-sirmione.it\/fr\/thermes-du-lac-de-garde\/thermes-de-sirmione\/","url":"https:\/\/www.hotel-in-sirmione.it\/fr\/thermes-du-lac-de-garde\/thermes-de-sirmione\/","name":"Thermes de Sirmione sont voisins aux H\u00f4tels en Sirmione","isPartOf":{"@id":"https:\/\/www.hotel-in-sirmione.it\/#website"},"primaryImageOfPage":{"@id":"https:\/\/www.hotel-in-sirmione.it\/fr\/thermes-du-lac-de-garde\/thermes-de-sirmione\/#primaryimage"},"image":{"@id":"https:\/\/www.hotel-in-sirmione.it\/fr\/thermes-du-lac-de-garde\/thermes-de-sirmione\/#primaryimage"},"thumbnailUrl":"https:\/\/www.hotel-in-sirmione.it\/wp-content\/uploads\/2015\/01\/terme-di-sirmione-logo.jpg","datePublished":"2015-02-07T09:20:32+00:00","dateModified":"2023-04-18T14:30:57+00:00","description":"Thermes de Sirmione ont deux centres curatifs, Catulle dans le centre historique \u00e0 peu pas de nos h\u00f4tels en Sirmione et Virgile dans la fraction de Colombar","breadcrumb":{"@id":"https:\/\/www.hotel-in-sirmione.it\/fr\/thermes-du-lac-de-garde\/thermes-de-sirmione\/#breadcrumb"},"inLanguage":"fr-FR","potentialAction":[{"@type":"ReadAction","target":["https:\/\/www.hotel-in-sirmione.it\/fr\/thermes-du-lac-de-garde\/thermes-de-sirmione\/"]}]},{"@type":"ImageObject","inLanguage":"fr-FR","@id":"https:\/\/www.hotel-in-sirmione.it\/fr\/thermes-du-lac-de-garde\/thermes-de-sirmione\/#primaryimage","url":"https:\/\/www.hotel-in-sirmione.it\/wp-content\/uploads\/2015\/01\/terme-di-sirmione-logo.jpg","contentUrl":"https:\/\/www.hotel-in-sirmione.it\/wp-content\/uploads\/2015\/01\/terme-di-sirmione-logo.jpg","width":303,"height":212,"caption":"terme-di-sirmione"},{"@type":"BreadcrumbList","@id":"https:\/\/www.hotel-in-sirmione.it\/fr\/thermes-du-lac-de-garde\/thermes-de-sirmione\/#breadcrumb","itemListElement":[{"@type":"ListItem","position":1,"name":"Home","item":"https:\/\/www.hotel-in-sirmione.it\/fr\/"},{"@type":"ListItem","position":2,"name":"Thermes du lac de Garde","item":"https:\/\/www.hotel-in-sirmione.it\/fr\/thermes-du-lac-de-garde\/"},{"@type":"ListItem","position":3,"name":"Thermes de Sirmione"}]},{"@type":"WebSite","@id":"https:\/\/www.hotel-in-sirmione.it\/#website","url":"https:\/\/www.hotel-in-sirmione.it\/","name":"Hotel in Sirmione","description":"Un nuovo sito targato WordPress","potentialAction":[{"@type":"SearchAction","target":{"@type":"EntryPoint","urlTemplate":"https:\/\/www.hotel-in-sirmione.it\/?s={search_term_string}"},"query-input":{"@type":"PropertyValueSpecification","valueRequired":true,"valueName":"search_term_string"}}],"inLanguage":"fr-FR"}]}},"_links":{"self":[{"href":"https:\/\/www.hotel-in-sirmione.it\/fr\/wp-json\/wp\/v2\/pages\/1032","targetHints":{"allow":["GET"]}}],"collection":[{"href":"https:\/\/www.hotel-in-sirmione.it\/fr\/wp-json\/wp\/v2\/pages"}],"about":[{"href":"https:\/\/www.hotel-in-sirmione.it\/fr\/wp-json\/wp\/v2\/types\/page"}],"author":[{"embeddable":true,"href":"https:\/\/www.hotel-in-sirmione.it\/fr\/wp-json\/wp\/v2\/users\/4"}],"replies":[{"embeddable":true,"href":"https:\/\/www.hotel-in-sirmione.it\/fr\/wp-json\/wp\/v2\/comments?post=1032"}],"version-history":[{"count":2,"href":"https:\/\/www.hotel-in-sirmione.it\/fr\/wp-json\/wp\/v2\/pages\/1032\/revisions"}],"predecessor-version":[{"id":5001,"href":"https:\/\/www.hotel-in-sirmione.it\/fr\/wp-json\/wp\/v2\/pages\/1032\/revisions\/5001"}],"up":[{"embeddable":true,"href":"https:\/\/www.hotel-in-sirmione.it\/fr\/wp-json\/wp\/v2\/pages\/1029"}],"wp:featuredmedia":[{"embeddable":true,"href":"https:\/\/www.hotel-in-sirmione.it\/fr\/wp-json\/wp\/v2\/media\/234"}],"wp:attachment":[{"href":"https:\/\/www.hotel-in-sirmione.it\/fr\/wp-json\/wp\/v2\/media?parent=1032"}],"curies":[{"name":"wp","href":"https:\/\/api.w.org\/{rel}","templated":true}]}}