{"id":997,"date":"2015-02-07T02:57:39","date_gmt":"2015-02-07T01:57:39","guid":{"rendered":"https:\/\/www.hotel-in-sirmione.it\/?page_id=997"},"modified":"2023-04-18T16:29:28","modified_gmt":"2023-04-18T14:29:28","slug":"thermen-von-gardasee","status":"publish","type":"page","link":"https:\/\/www.hotel-in-sirmione.it\/de\/thermen-von-gardasee\/","title":{"rendered":"Thermen von Gardasee"},"content":{"rendered":"\n<h5 class=\"wp-block-heading\">Die Thermen von Gardasee wurde von den R\u00f6mern f\u00fcr sein mildes Klima das ganze Jahr bekannt,<\/h5>\n\n\n\n<p>so dass es einige der gr\u00f6\u00dften r\u00f6mischen Villen in Norditalien und schon Catull er lobte die Qualit\u00e4t des neunzehnten Jahrhunderts w\u00e4hrend des Aufenthaltes auf Garda wurde zu einem echten Mode f\u00fcr die obere H\u00e4lfte Europas, die hierher kamen, um die kalten Monate zu verbringen. Eine Quelle Boiola Sirmione, seit dem sechzehnten Jahrhundert bekannt, war ber\u00fchmt f\u00fcr die Qualit\u00e4t seiner schwefelhaltige Wasser, das erst 1889 der Taucher Prokop geschafft, intubieren so dass Sie das Beste aus ihrer heilenden Eigenschaften machen, wodurch nach dem Heilzentrum Catull und dann Virgil. Weitere Zentren wurden sp\u00e4ter als der Garda-Thermalpark von Col\u00e0 di Lazise Villa der Zedern, die B\u00e4der des Kurortes Pescantina oder Bardolino geboren. Unsere Hotel in Sirmione sind praktisch f\u00fcr alle, die Thermen auf den Gardasee zu erreichen.<\/p>\n\n\n<div class=\"wp-block-image\">\n<figure class=\"alignleft\"><a href=\"https:\/\/www.hotel-in-sirmione.it\/wp-content\/uploads\/2015\/01\/terme-del-garda-line.jpg\"><img loading=\"lazy\" decoding=\"async\" width=\"620\" height=\"100\" src=\"https:\/\/www.hotel-in-sirmione.it\/wp-content\/uploads\/2015\/01\/terme-del-garda-line.jpg\" alt=\"terme-del-garda\" class=\"wp-image-330\" srcset=\"https:\/\/www.hotel-in-sirmione.it\/wp-content\/uploads\/2015\/01\/terme-del-garda-line.jpg 620w, https:\/\/www.hotel-in-sirmione.it\/wp-content\/uploads\/2015\/01\/terme-del-garda-line-300x48.jpg 300w\" sizes=\"auto, (max-width: 620px) 100vw, 620px\" \/><\/a><figcaption class=\"wp-element-caption\">Thermen von Gardasee<\/figcaption><\/figure><\/div>","protected":false},"excerpt":{"rendered":"<p>Die Thermen von Gardasee wurde von den R\u00f6mern f\u00fcr sein mildes Klima [&hellip;]<\/p>\n","protected":false},"author":4,"featured_media":0,"parent":0,"menu_order":58,"comment_status":"open","ping_status":"open","template":"","meta":{"footnotes":""},"class_list":["post-997","page","type-page","status-publish","hentry"],"yoast_head":"<!-- This site is optimized with the Yoast SEO plugin v27.4 - https:\/\/yoast.com\/product\/yoast-seo-wordpress\/ -->\n<title>Thermen von Gardasee - Hotel in Sirmione<\/title>\n<meta name=\"description\" content=\"Die Thermen von Gardasee wurden schon von den R\u00f6mern im Laufe des Jahres bekannt, Hotels in Sirmione haben viele g\u00fcnstige Angebote f\u00fcr einen erholsamen\" \/>\n<meta name=\"robots\" content=\"index, follow, max-snippet:-1, max-image-preview:large, max-video-preview:-1\" \/>\n<link rel=\"canonical\" href=\"https:\/\/www.hotel-in-sirmione.it\/de\/thermen-von-gardasee\/\" \/>\n<meta property=\"og:locale\" content=\"de_DE\" \/>\n<meta property=\"og:type\" content=\"article\" \/>\n<meta property=\"og:title\" content=\"Thermen von Gardasee - Hotel in Sirmione\" \/>\n<meta property=\"og:description\" content=\"Die Thermen von Gardasee wurden schon von den R\u00f6mern im Laufe des Jahres bekannt, Hotels in Sirmione haben viele g\u00fcnstige Angebote f\u00fcr einen erholsamen\" \/>\n<meta property=\"og:url\" content=\"https:\/\/www.hotel-in-sirmione.it\/de\/thermen-von-gardasee\/\" \/>\n<meta property=\"og:site_name\" content=\"Hotel in Sirmione\" \/>\n<meta property=\"article:modified_time\" content=\"2023-04-18T14:29:28+00:00\" \/>\n<meta property=\"og:image\" content=\"https:\/\/www.hotel-in-sirmione.it\/wp-content\/uploads\/2015\/01\/terme-del-garda-line.jpg\" \/>\n<meta name=\"twitter:label1\" content=\"Est. reading time\" \/>\n\t<meta name=\"twitter:data1\" content=\"1 minute\" \/>\n<script type=\"application\/ld+json\" class=\"yoast-schema-graph\">{\"@context\":\"https:\\\/\\\/schema.org\",\"@graph\":[{\"@type\":\"WebPage\",\"@id\":\"https:\\\/\\\/www.hotel-in-sirmione.it\\\/de\\\/thermen-von-gardasee\\\/\",\"url\":\"https:\\\/\\\/www.hotel-in-sirmione.it\\\/de\\\/thermen-von-gardasee\\\/\",\"name\":\"Thermen von Gardasee - Hotel in Sirmione\",\"isPartOf\":{\"@id\":\"https:\\\/\\\/www.hotel-in-sirmione.it\\\/#website\"},\"primaryImageOfPage\":{\"@id\":\"https:\\\/\\\/www.hotel-in-sirmione.it\\\/de\\\/thermen-von-gardasee\\\/#primaryimage\"},\"image\":{\"@id\":\"https:\\\/\\\/www.hotel-in-sirmione.it\\\/de\\\/thermen-von-gardasee\\\/#primaryimage\"},\"thumbnailUrl\":\"https:\\\/\\\/www.hotel-in-sirmione.it\\\/wp-content\\\/uploads\\\/2015\\\/01\\\/terme-del-garda-line.jpg\",\"datePublished\":\"2015-02-07T01:57:39+00:00\",\"dateModified\":\"2023-04-18T14:29:28+00:00\",\"description\":\"Die Thermen von Gardasee wurden schon von den R\u00f6mern im Laufe des Jahres bekannt, Hotels in Sirmione haben viele g\u00fcnstige Angebote f\u00fcr einen erholsamen\",\"breadcrumb\":{\"@id\":\"https:\\\/\\\/www.hotel-in-sirmione.it\\\/de\\\/thermen-von-gardasee\\\/#breadcrumb\"},\"inLanguage\":\"de-DE\",\"potentialAction\":[{\"@type\":\"ReadAction\",\"target\":[\"https:\\\/\\\/www.hotel-in-sirmione.it\\\/de\\\/thermen-von-gardasee\\\/\"]}]},{\"@type\":\"ImageObject\",\"inLanguage\":\"de-DE\",\"@id\":\"https:\\\/\\\/www.hotel-in-sirmione.it\\\/de\\\/thermen-von-gardasee\\\/#primaryimage\",\"url\":\"https:\\\/\\\/www.hotel-in-sirmione.it\\\/wp-content\\\/uploads\\\/2015\\\/01\\\/terme-del-garda-line.jpg\",\"contentUrl\":\"https:\\\/\\\/www.hotel-in-sirmione.it\\\/wp-content\\\/uploads\\\/2015\\\/01\\\/terme-del-garda-line.jpg\"},{\"@type\":\"BreadcrumbList\",\"@id\":\"https:\\\/\\\/www.hotel-in-sirmione.it\\\/de\\\/thermen-von-gardasee\\\/#breadcrumb\",\"itemListElement\":[{\"@type\":\"ListItem\",\"position\":1,\"name\":\"Home\",\"item\":\"https:\\\/\\\/www.hotel-in-sirmione.it\\\/de\\\/\"},{\"@type\":\"ListItem\",\"position\":2,\"name\":\"Thermen von Gardasee\"}]},{\"@type\":\"WebSite\",\"@id\":\"https:\\\/\\\/www.hotel-in-sirmione.it\\\/#website\",\"url\":\"https:\\\/\\\/www.hotel-in-sirmione.it\\\/\",\"name\":\"Hotel in Sirmione\",\"description\":\"Un nuovo sito targato WordPress\",\"potentialAction\":[{\"@type\":\"SearchAction\",\"target\":{\"@type\":\"EntryPoint\",\"urlTemplate\":\"https:\\\/\\\/www.hotel-in-sirmione.it\\\/?s={search_term_string}\"},\"query-input\":{\"@type\":\"PropertyValueSpecification\",\"valueRequired\":true,\"valueName\":\"search_term_string\"}}],\"inLanguage\":\"de-DE\"}]}<\/script>\n<!-- \/ Yoast SEO plugin. -->","yoast_head_json":{"title":"Thermen von Gardasee - Hotel in Sirmione","description":"Die Thermen von Gardasee wurden schon von den R\u00f6mern im Laufe des Jahres bekannt, Hotels in Sirmione haben viele g\u00fcnstige Angebote f\u00fcr einen erholsamen","robots":{"index":"index","follow":"follow","max-snippet":"max-snippet:-1","max-image-preview":"max-image-preview:large","max-video-preview":"max-video-preview:-1"},"canonical":"https:\/\/www.hotel-in-sirmione.it\/de\/thermen-von-gardasee\/","og_locale":"de_DE","og_type":"article","og_title":"Thermen von Gardasee - Hotel in Sirmione","og_description":"Die Thermen von Gardasee wurden schon von den R\u00f6mern im Laufe des Jahres bekannt, Hotels in Sirmione haben viele g\u00fcnstige Angebote f\u00fcr einen erholsamen","og_url":"https:\/\/www.hotel-in-sirmione.it\/de\/thermen-von-gardasee\/","og_site_name":"Hotel in Sirmione","article_modified_time":"2023-04-18T14:29:28+00:00","og_image":[{"url":"https:\/\/www.hotel-in-sirmione.it\/wp-content\/uploads\/2015\/01\/terme-del-garda-line.jpg","type":"","width":"","height":""}],"twitter_misc":{"Est. reading time":"1 minute"},"schema":{"@context":"https:\/\/schema.org","@graph":[{"@type":"WebPage","@id":"https:\/\/www.hotel-in-sirmione.it\/de\/thermen-von-gardasee\/","url":"https:\/\/www.hotel-in-sirmione.it\/de\/thermen-von-gardasee\/","name":"Thermen von Gardasee - Hotel in Sirmione","isPartOf":{"@id":"https:\/\/www.hotel-in-sirmione.it\/#website"},"primaryImageOfPage":{"@id":"https:\/\/www.hotel-in-sirmione.it\/de\/thermen-von-gardasee\/#primaryimage"},"image":{"@id":"https:\/\/www.hotel-in-sirmione.it\/de\/thermen-von-gardasee\/#primaryimage"},"thumbnailUrl":"https:\/\/www.hotel-in-sirmione.it\/wp-content\/uploads\/2015\/01\/terme-del-garda-line.jpg","datePublished":"2015-02-07T01:57:39+00:00","dateModified":"2023-04-18T14:29:28+00:00","description":"Die Thermen von Gardasee wurden schon von den R\u00f6mern im Laufe des Jahres bekannt, Hotels in Sirmione haben viele g\u00fcnstige Angebote f\u00fcr einen erholsamen","breadcrumb":{"@id":"https:\/\/www.hotel-in-sirmione.it\/de\/thermen-von-gardasee\/#breadcrumb"},"inLanguage":"de-DE","potentialAction":[{"@type":"ReadAction","target":["https:\/\/www.hotel-in-sirmione.it\/de\/thermen-von-gardasee\/"]}]},{"@type":"ImageObject","inLanguage":"de-DE","@id":"https:\/\/www.hotel-in-sirmione.it\/de\/thermen-von-gardasee\/#primaryimage","url":"https:\/\/www.hotel-in-sirmione.it\/wp-content\/uploads\/2015\/01\/terme-del-garda-line.jpg","contentUrl":"https:\/\/www.hotel-in-sirmione.it\/wp-content\/uploads\/2015\/01\/terme-del-garda-line.jpg"},{"@type":"BreadcrumbList","@id":"https:\/\/www.hotel-in-sirmione.it\/de\/thermen-von-gardasee\/#breadcrumb","itemListElement":[{"@type":"ListItem","position":1,"name":"Home","item":"https:\/\/www.hotel-in-sirmione.it\/de\/"},{"@type":"ListItem","position":2,"name":"Thermen von Gardasee"}]},{"@type":"WebSite","@id":"https:\/\/www.hotel-in-sirmione.it\/#website","url":"https:\/\/www.hotel-in-sirmione.it\/","name":"Hotel in Sirmione","description":"Un nuovo sito targato WordPress","potentialAction":[{"@type":"SearchAction","target":{"@type":"EntryPoint","urlTemplate":"https:\/\/www.hotel-in-sirmione.it\/?s={search_term_string}"},"query-input":{"@type":"PropertyValueSpecification","valueRequired":true,"valueName":"search_term_string"}}],"inLanguage":"de-DE"}]}},"_links":{"self":[{"href":"https:\/\/www.hotel-in-sirmione.it\/de\/wp-json\/wp\/v2\/pages\/997","targetHints":{"allow":["GET"]}}],"collection":[{"href":"https:\/\/www.hotel-in-sirmione.it\/de\/wp-json\/wp\/v2\/pages"}],"about":[{"href":"https:\/\/www.hotel-in-sirmione.it\/de\/wp-json\/wp\/v2\/types\/page"}],"author":[{"embeddable":true,"href":"https:\/\/www.hotel-in-sirmione.it\/de\/wp-json\/wp\/v2\/users\/4"}],"replies":[{"embeddable":true,"href":"https:\/\/www.hotel-in-sirmione.it\/de\/wp-json\/wp\/v2\/comments?post=997"}],"version-history":[{"count":3,"href":"https:\/\/www.hotel-in-sirmione.it\/de\/wp-json\/wp\/v2\/pages\/997\/revisions"}],"predecessor-version":[{"id":4979,"href":"https:\/\/www.hotel-in-sirmione.it\/de\/wp-json\/wp\/v2\/pages\/997\/revisions\/4979"}],"wp:attachment":[{"href":"https:\/\/www.hotel-in-sirmione.it\/de\/wp-json\/wp\/v2\/media?parent=997"}],"curies":[{"name":"wp","href":"https:\/\/api.w.org\/{rel}","templated":true}]}}