{"id":987,"date":"2015-02-06T17:12:26","date_gmt":"2015-02-06T16:12:26","guid":{"rendered":"https:\/\/www.hotel-in-sirmione.it\/?page_id=987"},"modified":"2023-04-18T16:29:43","modified_gmt":"2023-04-18T14:29:43","slug":"typische-produkte-der-garda","status":"publish","type":"page","link":"https:\/\/www.hotel-in-sirmione.it\/de\/typische-produkte-der-garda\/","title":{"rendered":"Typische Produkte der Garda"},"content":{"rendered":"\n<h3 class=\"wp-block-heading\">Typische Produkte der Garda<\/h3>\n\n\n\n<p>Sirmione befindet sich im Zentrum des Gardasees Bereich und genie\u00dfen die Produkte auf den See, die Ebenen und die Berge rund um den Gardasee entfernt. Vom See kommen die Fische aus dem See, wie Felchen (Felchen), die Forelle, die d\u00fcstere, Hecht, Karpfen, Schleie, Sardinen und Aal; mit Mor\u00e4ne H\u00fcgel und Ebenen Betriebe f\u00fcr Fleisch und Wurstwaren, Oliven f\u00fcr Oliven\u00f6l des Garda, Trauben f\u00fcr Wein, Obst; von den Bergen K\u00e4se, Kr\u00e4uter, Kastanien, Pilze und Tr\u00fcffel.<\/p>\n\n\n<div class=\"wp-block-image\">\n<figure class=\"alignleft\"><a href=\"https:\/\/www.hotel-in-sirmione.it\/wp-content\/uploads\/2015\/01\/prodotti-lago-top.jpg\"><img loading=\"lazy\" decoding=\"async\" width=\"540\" height=\"65\" src=\"https:\/\/www.hotel-in-sirmione.it\/wp-content\/uploads\/2015\/01\/prodotti-lago-top.jpg\" alt=\"prodotti-lago-garda\" class=\"wp-image-640\" srcset=\"https:\/\/www.hotel-in-sirmione.it\/wp-content\/uploads\/2015\/01\/prodotti-lago-top.jpg 540w, https:\/\/www.hotel-in-sirmione.it\/wp-content\/uploads\/2015\/01\/prodotti-lago-top-300x36.jpg 300w\" sizes=\"auto, (max-width: 540px) 100vw, 540px\" \/><\/a><figcaption class=\"wp-element-caption\">Typische Produkte der Garda<\/figcaption><\/figure><\/div>\n\n\n<h4 class=\"wp-block-heading\"><\/h4>\n\n\n\n<h4 class=\"wp-block-heading\"><\/h4>\n\n\n\n<h4 class=\"wp-block-heading\">Obst und Gem\u00fcse del Garda<\/h4>\n\n\n\n<p>Die flache und h\u00fcgelige Gegend des Gardasees, ist seit jeher das Gebiet der landwirtschaftlichen Produktion, w\u00e4hrend jetzt und in unmittelbarer N\u00e4he des Sees ist fast ausschlie\u00dflich auf die Reben gegeben, angesichts der hohen Wert durch die Herstellung von Wein erreicht, sowohl im Landesinneren Verona die sich noch in der Mantua Bereich der Produktion von Obst und Gem\u00fcse, wie Kirschen, Pfirsiche, Kiwi, \u00c4pfel, Tomaten, Salat, Brokkoli, Rettich, Spargel, Artischocken, und mehr; Alle Produkte finden Sie auch in der lokalen K\u00fcche des Garda, deren gutes Beispiel sind die Feste des Landes, die oft folgen die Saisonalit\u00e4t der landwirtschaftlichen Erzeugnisse finden Sie in der Brokkoli Custoza, Risotto mit Spargel, tortello bitter Castelgoffredo und viele mehr .<\/p>\n\n\n\n<h4 class=\"wp-block-heading\">Wurstwaren&nbsp;der Garda<\/h4>\n\n\n\n<p>Garda ist territorial in vier Provinzen typische Fleisch dieser Gebiete als Fleck im hohen Garda, die unterdr\u00fcckt auf der Verona-Seite, die Salami mit Knoblauch Mantua und eine ohne Knoblauch jeweils in der Sch\u00fcrze und der geteilte, und aus diesem Grund sind Brescia Teil des Garda<\/p>\n\n\n\n<h4 class=\"wp-block-heading\">K\u00e4se der Garda<\/h4>\n\n\n\n<p>Unter den in den Bergen rund um den Gardasee hergestellte K\u00e4sesorten sind die charakteristischen K\u00e4se Tombea Valves die Formaggella Tremosine, K\u00e4se Monte Veronese aus dem Osten des Monte Baldo, in der Regel nicht lange, reifem K\u00e4se; feinste Bagoss Bagolino, jung, mittleren Alters und Geschmack Pasta sehr gesch\u00e4tzt und Ravioli<\/p>\n\n\n\n<h4 class=\"wp-block-heading\">Garda Weine<\/h4>\n\n\n\n<p>Die Weinproduktion in der Gegend des Gardasees hat schon immer eine wichtige Rolle in der Geschichte der Gegend, aber in den letzten Jahren eine bemerkenswerte Entwicklung f\u00fcr dieses kostbare Produkt angesichts der sich au\u00dferdem international hatte.<\/p>\n\n\n\n<h5 class=\"wp-block-heading\">Unter den Weinen des Gardasees finden wir<\/h5>\n\n\n\n<p><strong>Wine lugana:<\/strong> mit Trauben Trebbiano in der Gegend, die bis zu Pozzolengo Sirmione, Peschiera und Desenzano geht angebaut; Die &#8220;Superior&#8221; Qualit\u00e4t braucht auch ein gewisses Alter, ist auch in Versionen Barrikaden gefunden und Blasen mit Charmat-Methode. Aperitif Wein und die ganze Mahlzeit<\/p>\n\n\n\n<p><strong>Bardolino Weine:<\/strong> typisch f\u00fcr die H\u00fcgel mit Blick auf den gleichnamigen Gemeinde, leicht zu trinken und jung getrunken, geeignet f\u00fcr alle Stunden, mit wei\u00dfem Fleisch oder gegrillten roten kombinieren<\/p>\n\n\n\n<p><strong>Garda Classico Wein, Valtenesi und Garda Colli Morenici:<\/strong> in Sorten rot, wei\u00df und weinrot, das Produkt auf der Brescia Seite des Gardasees westlich von Sal\u00f2 bis zu Montichiari. Prominent im Garda Valtenesi weinrot und rot Groppello<\/p>\n\n\n\n<p><strong>Wine San Martino della Battaglia:<\/strong> Tocai del Garda, in einem kleinen Bereich um den Turm von St. Martin, zwischen Sirmione und Pozzolengo produziert wird, ist auch in der s\u00fc\u00dfen Version, Dessert<\/p>\n\n\n\n<p><strong>Valpolicella Weine:<\/strong> ist in der Basisversion oder h\u00f6her liegt; Ripasso strukturiertere Version von der Spitze; Amarone ist das wertvollste, vor dem Altern; Recioto hat die gleiche Arbeits dell &#8216;Amarone aber gepflegt mehr Zucker und dann das Ende der Mahlzeiten.<\/p>\n\n\n\n<p><strong>Weine von Vallagarina:<\/strong> aus diesem Bereich kommen, M\u00fcller-Thurgau, Grauburgunder, Marzemino, Pinot Noir und anderen indigenen, klassische Weine aus dem intensiven, oft Beverini geeignet f\u00fcr Fisch und Fleisch Licht.<\/p>\n\n\n\n<h4 class=\"wp-block-heading\">Oliven\u00f6l&nbsp;der Garda<\/h4>\n\n\n\n<p>Der Gardasee ist ein historisches Gebiet f\u00fcr die Herstellung von Oliven\u00f6l, einer der &#8220;Gold&#8221; des Gardasees, mit einem besonderen Geschmack; wird nach dem Herkunftsgebiet (Brescia, \u00f6stlichen und Trentino) unterteilt. Das&nbsp;Oliven\u00f6l der Garda ist eine der Grundprodukte der K\u00fcche des Garda.<\/p>\n\n\n\n<p>Viele dieser typischen Produkte des Garda Sie sie finden in der lokalen K\u00fcche des Hotels in Sirmione.<\/p>\n","protected":false},"excerpt":{"rendered":"<p>Typische Produkte der Garda Sirmione befindet sich im Zentrum des Gardasees Bereich [&hellip;]<\/p>\n","protected":false},"author":4,"featured_media":0,"parent":0,"menu_order":89,"comment_status":"open","ping_status":"open","template":"","meta":{"footnotes":""},"class_list":["post-987","page","type-page","status-publish","hentry"],"yoast_head":"<!-- This site is optimized with the Yoast SEO plugin v27.4 - https:\/\/yoast.com\/product\/yoast-seo-wordpress\/ -->\n<title>Typische Produkte der Garda - Hotel in Sirmione<\/title>\n<meta name=\"description\" content=\"Typische Produkte der Garda sind der Fisch, Wurstwaren, Oliven\u00f6l Tr\u00fcffel, Obst Gem\u00fcse, Wein, Produkte die Sie in typischen K\u00fcche der Hotel in Sirmione finden\" \/>\n<meta name=\"robots\" content=\"index, follow, max-snippet:-1, max-image-preview:large, max-video-preview:-1\" \/>\n<link rel=\"canonical\" href=\"https:\/\/www.hotel-in-sirmione.it\/de\/typische-produkte-der-garda\/\" \/>\n<meta property=\"og:locale\" content=\"de_DE\" \/>\n<meta property=\"og:type\" content=\"article\" \/>\n<meta property=\"og:title\" content=\"Typische Produkte der Garda - Hotel in Sirmione\" \/>\n<meta property=\"og:description\" content=\"Typische Produkte der Garda sind der Fisch, Wurstwaren, Oliven\u00f6l Tr\u00fcffel, Obst Gem\u00fcse, Wein, Produkte die Sie in typischen K\u00fcche der Hotel in Sirmione finden\" \/>\n<meta property=\"og:url\" content=\"https:\/\/www.hotel-in-sirmione.it\/de\/typische-produkte-der-garda\/\" \/>\n<meta property=\"og:site_name\" content=\"Hotel in Sirmione\" \/>\n<meta property=\"article:modified_time\" content=\"2023-04-18T14:29:43+00:00\" \/>\n<meta property=\"og:image\" content=\"https:\/\/www.hotel-in-sirmione.it\/wp-content\/uploads\/2015\/01\/prodotti-lago-top.jpg\" \/>\n<meta name=\"twitter:label1\" content=\"Est. reading time\" \/>\n\t<meta name=\"twitter:data1\" content=\"4 minutes\" \/>\n<script type=\"application\/ld+json\" class=\"yoast-schema-graph\">{\"@context\":\"https:\\\/\\\/schema.org\",\"@graph\":[{\"@type\":\"WebPage\",\"@id\":\"https:\\\/\\\/www.hotel-in-sirmione.it\\\/de\\\/typische-produkte-der-garda\\\/\",\"url\":\"https:\\\/\\\/www.hotel-in-sirmione.it\\\/de\\\/typische-produkte-der-garda\\\/\",\"name\":\"Typische Produkte der Garda - Hotel in Sirmione\",\"isPartOf\":{\"@id\":\"https:\\\/\\\/www.hotel-in-sirmione.it\\\/#website\"},\"primaryImageOfPage\":{\"@id\":\"https:\\\/\\\/www.hotel-in-sirmione.it\\\/de\\\/typische-produkte-der-garda\\\/#primaryimage\"},\"image\":{\"@id\":\"https:\\\/\\\/www.hotel-in-sirmione.it\\\/de\\\/typische-produkte-der-garda\\\/#primaryimage\"},\"thumbnailUrl\":\"https:\\\/\\\/www.hotel-in-sirmione.it\\\/wp-content\\\/uploads\\\/2015\\\/01\\\/prodotti-lago-top.jpg\",\"datePublished\":\"2015-02-06T16:12:26+00:00\",\"dateModified\":\"2023-04-18T14:29:43+00:00\",\"description\":\"Typische Produkte der Garda sind der Fisch, Wurstwaren, Oliven\u00f6l Tr\u00fcffel, Obst Gem\u00fcse, Wein, Produkte die Sie in typischen K\u00fcche der Hotel in Sirmione finden\",\"breadcrumb\":{\"@id\":\"https:\\\/\\\/www.hotel-in-sirmione.it\\\/de\\\/typische-produkte-der-garda\\\/#breadcrumb\"},\"inLanguage\":\"de-DE\",\"potentialAction\":[{\"@type\":\"ReadAction\",\"target\":[\"https:\\\/\\\/www.hotel-in-sirmione.it\\\/de\\\/typische-produkte-der-garda\\\/\"]}]},{\"@type\":\"ImageObject\",\"inLanguage\":\"de-DE\",\"@id\":\"https:\\\/\\\/www.hotel-in-sirmione.it\\\/de\\\/typische-produkte-der-garda\\\/#primaryimage\",\"url\":\"https:\\\/\\\/www.hotel-in-sirmione.it\\\/wp-content\\\/uploads\\\/2015\\\/01\\\/prodotti-lago-top.jpg\",\"contentUrl\":\"https:\\\/\\\/www.hotel-in-sirmione.it\\\/wp-content\\\/uploads\\\/2015\\\/01\\\/prodotti-lago-top.jpg\"},{\"@type\":\"BreadcrumbList\",\"@id\":\"https:\\\/\\\/www.hotel-in-sirmione.it\\\/de\\\/typische-produkte-der-garda\\\/#breadcrumb\",\"itemListElement\":[{\"@type\":\"ListItem\",\"position\":1,\"name\":\"Home\",\"item\":\"https:\\\/\\\/www.hotel-in-sirmione.it\\\/de\\\/\"},{\"@type\":\"ListItem\",\"position\":2,\"name\":\"Typische Produkte der Garda\"}]},{\"@type\":\"WebSite\",\"@id\":\"https:\\\/\\\/www.hotel-in-sirmione.it\\\/#website\",\"url\":\"https:\\\/\\\/www.hotel-in-sirmione.it\\\/\",\"name\":\"Hotel in Sirmione\",\"description\":\"Un nuovo sito targato WordPress\",\"potentialAction\":[{\"@type\":\"SearchAction\",\"target\":{\"@type\":\"EntryPoint\",\"urlTemplate\":\"https:\\\/\\\/www.hotel-in-sirmione.it\\\/?s={search_term_string}\"},\"query-input\":{\"@type\":\"PropertyValueSpecification\",\"valueRequired\":true,\"valueName\":\"search_term_string\"}}],\"inLanguage\":\"de-DE\"}]}<\/script>\n<!-- \/ Yoast SEO plugin. -->","yoast_head_json":{"title":"Typische Produkte der Garda - Hotel in Sirmione","description":"Typische Produkte der Garda sind der Fisch, Wurstwaren, Oliven\u00f6l Tr\u00fcffel, Obst Gem\u00fcse, Wein, Produkte die Sie in typischen K\u00fcche der Hotel in Sirmione finden","robots":{"index":"index","follow":"follow","max-snippet":"max-snippet:-1","max-image-preview":"max-image-preview:large","max-video-preview":"max-video-preview:-1"},"canonical":"https:\/\/www.hotel-in-sirmione.it\/de\/typische-produkte-der-garda\/","og_locale":"de_DE","og_type":"article","og_title":"Typische Produkte der Garda - Hotel in Sirmione","og_description":"Typische Produkte der Garda sind der Fisch, Wurstwaren, Oliven\u00f6l Tr\u00fcffel, Obst Gem\u00fcse, Wein, Produkte die Sie in typischen K\u00fcche der Hotel in Sirmione finden","og_url":"https:\/\/www.hotel-in-sirmione.it\/de\/typische-produkte-der-garda\/","og_site_name":"Hotel in Sirmione","article_modified_time":"2023-04-18T14:29:43+00:00","og_image":[{"url":"https:\/\/www.hotel-in-sirmione.it\/wp-content\/uploads\/2015\/01\/prodotti-lago-top.jpg","type":"","width":"","height":""}],"twitter_misc":{"Est. reading time":"4 minutes"},"schema":{"@context":"https:\/\/schema.org","@graph":[{"@type":"WebPage","@id":"https:\/\/www.hotel-in-sirmione.it\/de\/typische-produkte-der-garda\/","url":"https:\/\/www.hotel-in-sirmione.it\/de\/typische-produkte-der-garda\/","name":"Typische Produkte der Garda - Hotel in Sirmione","isPartOf":{"@id":"https:\/\/www.hotel-in-sirmione.it\/#website"},"primaryImageOfPage":{"@id":"https:\/\/www.hotel-in-sirmione.it\/de\/typische-produkte-der-garda\/#primaryimage"},"image":{"@id":"https:\/\/www.hotel-in-sirmione.it\/de\/typische-produkte-der-garda\/#primaryimage"},"thumbnailUrl":"https:\/\/www.hotel-in-sirmione.it\/wp-content\/uploads\/2015\/01\/prodotti-lago-top.jpg","datePublished":"2015-02-06T16:12:26+00:00","dateModified":"2023-04-18T14:29:43+00:00","description":"Typische Produkte der Garda sind der Fisch, Wurstwaren, Oliven\u00f6l Tr\u00fcffel, Obst Gem\u00fcse, Wein, Produkte die Sie in typischen K\u00fcche der Hotel in Sirmione finden","breadcrumb":{"@id":"https:\/\/www.hotel-in-sirmione.it\/de\/typische-produkte-der-garda\/#breadcrumb"},"inLanguage":"de-DE","potentialAction":[{"@type":"ReadAction","target":["https:\/\/www.hotel-in-sirmione.it\/de\/typische-produkte-der-garda\/"]}]},{"@type":"ImageObject","inLanguage":"de-DE","@id":"https:\/\/www.hotel-in-sirmione.it\/de\/typische-produkte-der-garda\/#primaryimage","url":"https:\/\/www.hotel-in-sirmione.it\/wp-content\/uploads\/2015\/01\/prodotti-lago-top.jpg","contentUrl":"https:\/\/www.hotel-in-sirmione.it\/wp-content\/uploads\/2015\/01\/prodotti-lago-top.jpg"},{"@type":"BreadcrumbList","@id":"https:\/\/www.hotel-in-sirmione.it\/de\/typische-produkte-der-garda\/#breadcrumb","itemListElement":[{"@type":"ListItem","position":1,"name":"Home","item":"https:\/\/www.hotel-in-sirmione.it\/de\/"},{"@type":"ListItem","position":2,"name":"Typische Produkte der Garda"}]},{"@type":"WebSite","@id":"https:\/\/www.hotel-in-sirmione.it\/#website","url":"https:\/\/www.hotel-in-sirmione.it\/","name":"Hotel in Sirmione","description":"Un nuovo sito targato WordPress","potentialAction":[{"@type":"SearchAction","target":{"@type":"EntryPoint","urlTemplate":"https:\/\/www.hotel-in-sirmione.it\/?s={search_term_string}"},"query-input":{"@type":"PropertyValueSpecification","valueRequired":true,"valueName":"search_term_string"}}],"inLanguage":"de-DE"}]}},"_links":{"self":[{"href":"https:\/\/www.hotel-in-sirmione.it\/de\/wp-json\/wp\/v2\/pages\/987","targetHints":{"allow":["GET"]}}],"collection":[{"href":"https:\/\/www.hotel-in-sirmione.it\/de\/wp-json\/wp\/v2\/pages"}],"about":[{"href":"https:\/\/www.hotel-in-sirmione.it\/de\/wp-json\/wp\/v2\/types\/page"}],"author":[{"embeddable":true,"href":"https:\/\/www.hotel-in-sirmione.it\/de\/wp-json\/wp\/v2\/users\/4"}],"replies":[{"embeddable":true,"href":"https:\/\/www.hotel-in-sirmione.it\/de\/wp-json\/wp\/v2\/comments?post=987"}],"version-history":[{"count":3,"href":"https:\/\/www.hotel-in-sirmione.it\/de\/wp-json\/wp\/v2\/pages\/987\/revisions"}],"predecessor-version":[{"id":4989,"href":"https:\/\/www.hotel-in-sirmione.it\/de\/wp-json\/wp\/v2\/pages\/987\/revisions\/4989"}],"wp:attachment":[{"href":"https:\/\/www.hotel-in-sirmione.it\/de\/wp-json\/wp\/v2\/media?parent=987"}],"curies":[{"name":"wp","href":"https:\/\/api.w.org\/{rel}","templated":true}]}}