{"id":983,"date":"2015-02-06T16:42:39","date_gmt":"2015-02-06T15:42:39","guid":{"rendered":"https:\/\/www.hotel-in-sirmione.it\/?page_id=983"},"modified":"2023-04-18T16:29:20","modified_gmt":"2023-04-18T14:29:20","slug":"la-paul-hotel-sirmione-direkt-am-see","status":"publish","type":"page","link":"https:\/\/www.hotel-in-sirmione.it\/de\/hotel-sirmione\/la-paul-hotel-sirmione-direkt-am-see\/","title":{"rendered":"La Pa\u00fcl Hotel Sirmione direkt am See"},"content":{"rendered":"\n<h4 class=\"wp-block-heading\">La Pa\u00fcl <strong>Hotel Sirmione direkt am See<\/strong>, liegt in der N\u00e4he der Altstadt,<\/h4>\n\n\n\n<p>entlang der Hauptstra\u00dfe, die vom Dorf Colombare auf die mittelalterliche Burg&nbsp;und die Schloss&nbsp;mit ihrem historischen Zentrum komplett Fu\u00dfg\u00e4nger. Sie k\u00f6nnen es auf der linken Seite in Richtung der Burg zu finden und man kann es direkt mit der Maschine zu erreichen keine Berechtigung, einen bequemen <strong>Parkplatz<\/strong> und einen gro\u00dfen Garten auf dem See gern gesehen, in f\u00fcnf Minuten zu Fu\u00df und die Altstadt erreichen Sie. Hotel Sirmione <strong>direkt am See<\/strong>, Unter den angebotenen Dienstleistungen sind Schwimmbad, Restaurant, Gluten, Anlegesteg, Kiosk im Garten direkt am&nbsp;See<\/p>\n\n\n\n<h4 class=\"wp-block-heading\"><a href=\"http:\/\/www.hotellapaul.it\/de\/\" target=\"_blank\" rel=\"noopener\">Zur offiziellen Website von La Pa\u00fcl Hotel Sirmione direkt am See<\/a><\/h4>\n\n\n\n<p>alle Informationen, die besten Angebote, kundenspezifische Tarife, Pauschalreisen und Erholung<\/p>\n\n\n\n<figure class=\"wp-block-image alignnone\"><a href=\"https:\/\/www.hotel-in-sirmione.it\/wp-content\/uploads\/2015\/01\/hotel-la-paul-aerea-600r.jpg\"><img loading=\"lazy\" decoding=\"async\" width=\"600\" height=\"408\" src=\"https:\/\/www.hotel-in-sirmione.it\/wp-content\/uploads\/2015\/01\/hotel-la-paul-aerea-600r.jpg\" alt=\"Hotel La Paul in Sirmione\" class=\"wp-image-393\" srcset=\"https:\/\/www.hotel-in-sirmione.it\/wp-content\/uploads\/2015\/01\/hotel-la-paul-aerea-600r.jpg 600w, https:\/\/www.hotel-in-sirmione.it\/wp-content\/uploads\/2015\/01\/hotel-la-paul-aerea-600r-300x204.jpg 300w\" sizes=\"auto, (max-width: 600px) 100vw, 600px\" \/><\/a><figcaption class=\"wp-element-caption\">La Pa\u00fcl Hotel Sirmione direkt am See<\/figcaption><\/figure>\n","protected":false},"excerpt":{"rendered":"<p>La Pa\u00fcl Hotel Sirmione direkt am See, liegt in der N\u00e4he der [&hellip;]<\/p>\n","protected":false},"author":4,"featured_media":0,"parent":979,"menu_order":95,"comment_status":"open","ping_status":"open","template":"","meta":{"footnotes":""},"class_list":["post-983","page","type-page","status-publish","hentry"],"yoast_head":"<!-- This site is optimized with the Yoast SEO plugin v27.4 - https:\/\/yoast.com\/product\/yoast-seo-wordpress\/ -->\n<title>La Pa\u00fcl Hotel Sirmione direkt am See<\/title>\n<meta name=\"description\" content=\"La Pa\u00fcl Hotel Sirmione direkt am See, offiziellen Website finden Sie alle Informationen, die besten Angebote, kundenspezifische Preise und Pauschalreisen\" \/>\n<meta name=\"robots\" content=\"index, follow, max-snippet:-1, max-image-preview:large, max-video-preview:-1\" \/>\n<link rel=\"canonical\" href=\"https:\/\/www.hotel-in-sirmione.it\/de\/hotel-sirmione\/la-paul-hotel-sirmione-direkt-am-see\/\" \/>\n<meta property=\"og:locale\" content=\"de_DE\" \/>\n<meta property=\"og:type\" content=\"article\" \/>\n<meta property=\"og:title\" content=\"La Pa\u00fcl Hotel Sirmione direkt am See\" \/>\n<meta property=\"og:description\" content=\"La Pa\u00fcl Hotel Sirmione direkt am See, offiziellen Website finden Sie alle Informationen, die besten Angebote, kundenspezifische Preise und Pauschalreisen\" \/>\n<meta property=\"og:url\" content=\"https:\/\/www.hotel-in-sirmione.it\/de\/hotel-sirmione\/la-paul-hotel-sirmione-direkt-am-see\/\" \/>\n<meta property=\"og:site_name\" content=\"Hotel in Sirmione\" \/>\n<meta property=\"article:modified_time\" content=\"2023-04-18T14:29:20+00:00\" \/>\n<meta property=\"og:image\" content=\"https:\/\/www.hotel-in-sirmione.it\/wp-content\/uploads\/2015\/01\/hotel-la-paul-aerea-600r.jpg\" \/>\n<meta name=\"twitter:label1\" content=\"Est. reading time\" \/>\n\t<meta name=\"twitter:data1\" content=\"1 minute\" \/>\n<script type=\"application\/ld+json\" class=\"yoast-schema-graph\">{\"@context\":\"https:\\\/\\\/schema.org\",\"@graph\":[{\"@type\":\"WebPage\",\"@id\":\"https:\\\/\\\/www.hotel-in-sirmione.it\\\/de\\\/hotel-sirmione\\\/la-paul-hotel-sirmione-direkt-am-see\\\/\",\"url\":\"https:\\\/\\\/www.hotel-in-sirmione.it\\\/de\\\/hotel-sirmione\\\/la-paul-hotel-sirmione-direkt-am-see\\\/\",\"name\":\"La Pa\u00fcl Hotel Sirmione direkt am See\",\"isPartOf\":{\"@id\":\"https:\\\/\\\/www.hotel-in-sirmione.it\\\/#website\"},\"primaryImageOfPage\":{\"@id\":\"https:\\\/\\\/www.hotel-in-sirmione.it\\\/de\\\/hotel-sirmione\\\/la-paul-hotel-sirmione-direkt-am-see\\\/#primaryimage\"},\"image\":{\"@id\":\"https:\\\/\\\/www.hotel-in-sirmione.it\\\/de\\\/hotel-sirmione\\\/la-paul-hotel-sirmione-direkt-am-see\\\/#primaryimage\"},\"thumbnailUrl\":\"https:\\\/\\\/www.hotel-in-sirmione.it\\\/wp-content\\\/uploads\\\/2015\\\/01\\\/hotel-la-paul-aerea-600r.jpg\",\"datePublished\":\"2015-02-06T15:42:39+00:00\",\"dateModified\":\"2023-04-18T14:29:20+00:00\",\"description\":\"La Pa\u00fcl Hotel Sirmione direkt am See, offiziellen Website finden Sie alle Informationen, die besten Angebote, kundenspezifische Preise und Pauschalreisen\",\"breadcrumb\":{\"@id\":\"https:\\\/\\\/www.hotel-in-sirmione.it\\\/de\\\/hotel-sirmione\\\/la-paul-hotel-sirmione-direkt-am-see\\\/#breadcrumb\"},\"inLanguage\":\"de-DE\",\"potentialAction\":[{\"@type\":\"ReadAction\",\"target\":[\"https:\\\/\\\/www.hotel-in-sirmione.it\\\/de\\\/hotel-sirmione\\\/la-paul-hotel-sirmione-direkt-am-see\\\/\"]}]},{\"@type\":\"ImageObject\",\"inLanguage\":\"de-DE\",\"@id\":\"https:\\\/\\\/www.hotel-in-sirmione.it\\\/de\\\/hotel-sirmione\\\/la-paul-hotel-sirmione-direkt-am-see\\\/#primaryimage\",\"url\":\"https:\\\/\\\/www.hotel-in-sirmione.it\\\/wp-content\\\/uploads\\\/2015\\\/01\\\/hotel-la-paul-aerea-600r.jpg\",\"contentUrl\":\"https:\\\/\\\/www.hotel-in-sirmione.it\\\/wp-content\\\/uploads\\\/2015\\\/01\\\/hotel-la-paul-aerea-600r.jpg\"},{\"@type\":\"BreadcrumbList\",\"@id\":\"https:\\\/\\\/www.hotel-in-sirmione.it\\\/de\\\/hotel-sirmione\\\/la-paul-hotel-sirmione-direkt-am-see\\\/#breadcrumb\",\"itemListElement\":[{\"@type\":\"ListItem\",\"position\":1,\"name\":\"Home\",\"item\":\"https:\\\/\\\/www.hotel-in-sirmione.it\\\/de\\\/\"},{\"@type\":\"ListItem\",\"position\":2,\"name\":\"Hotel in Sirmione\",\"item\":\"https:\\\/\\\/www.hotel-in-sirmione.it\\\/de\\\/\"},{\"@type\":\"ListItem\",\"position\":3,\"name\":\"La Pa\u00fcl Hotel Sirmione direkt am See\"}]},{\"@type\":\"WebSite\",\"@id\":\"https:\\\/\\\/www.hotel-in-sirmione.it\\\/#website\",\"url\":\"https:\\\/\\\/www.hotel-in-sirmione.it\\\/\",\"name\":\"Hotel in Sirmione\",\"description\":\"Un nuovo sito targato WordPress\",\"potentialAction\":[{\"@type\":\"SearchAction\",\"target\":{\"@type\":\"EntryPoint\",\"urlTemplate\":\"https:\\\/\\\/www.hotel-in-sirmione.it\\\/?s={search_term_string}\"},\"query-input\":{\"@type\":\"PropertyValueSpecification\",\"valueRequired\":true,\"valueName\":\"search_term_string\"}}],\"inLanguage\":\"de-DE\"}]}<\/script>\n<!-- \/ Yoast SEO plugin. -->","yoast_head_json":{"title":"La Pa\u00fcl Hotel Sirmione direkt am See","description":"La Pa\u00fcl Hotel Sirmione direkt am See, offiziellen Website finden Sie alle Informationen, die besten Angebote, kundenspezifische Preise und Pauschalreisen","robots":{"index":"index","follow":"follow","max-snippet":"max-snippet:-1","max-image-preview":"max-image-preview:large","max-video-preview":"max-video-preview:-1"},"canonical":"https:\/\/www.hotel-in-sirmione.it\/de\/hotel-sirmione\/la-paul-hotel-sirmione-direkt-am-see\/","og_locale":"de_DE","og_type":"article","og_title":"La Pa\u00fcl Hotel Sirmione direkt am See","og_description":"La Pa\u00fcl Hotel Sirmione direkt am See, offiziellen Website finden Sie alle Informationen, die besten Angebote, kundenspezifische Preise und Pauschalreisen","og_url":"https:\/\/www.hotel-in-sirmione.it\/de\/hotel-sirmione\/la-paul-hotel-sirmione-direkt-am-see\/","og_site_name":"Hotel in Sirmione","article_modified_time":"2023-04-18T14:29:20+00:00","og_image":[{"url":"https:\/\/www.hotel-in-sirmione.it\/wp-content\/uploads\/2015\/01\/hotel-la-paul-aerea-600r.jpg","type":"","width":"","height":""}],"twitter_misc":{"Est. reading time":"1 minute"},"schema":{"@context":"https:\/\/schema.org","@graph":[{"@type":"WebPage","@id":"https:\/\/www.hotel-in-sirmione.it\/de\/hotel-sirmione\/la-paul-hotel-sirmione-direkt-am-see\/","url":"https:\/\/www.hotel-in-sirmione.it\/de\/hotel-sirmione\/la-paul-hotel-sirmione-direkt-am-see\/","name":"La Pa\u00fcl Hotel Sirmione direkt am See","isPartOf":{"@id":"https:\/\/www.hotel-in-sirmione.it\/#website"},"primaryImageOfPage":{"@id":"https:\/\/www.hotel-in-sirmione.it\/de\/hotel-sirmione\/la-paul-hotel-sirmione-direkt-am-see\/#primaryimage"},"image":{"@id":"https:\/\/www.hotel-in-sirmione.it\/de\/hotel-sirmione\/la-paul-hotel-sirmione-direkt-am-see\/#primaryimage"},"thumbnailUrl":"https:\/\/www.hotel-in-sirmione.it\/wp-content\/uploads\/2015\/01\/hotel-la-paul-aerea-600r.jpg","datePublished":"2015-02-06T15:42:39+00:00","dateModified":"2023-04-18T14:29:20+00:00","description":"La Pa\u00fcl Hotel Sirmione direkt am See, offiziellen Website finden Sie alle Informationen, die besten Angebote, kundenspezifische Preise und Pauschalreisen","breadcrumb":{"@id":"https:\/\/www.hotel-in-sirmione.it\/de\/hotel-sirmione\/la-paul-hotel-sirmione-direkt-am-see\/#breadcrumb"},"inLanguage":"de-DE","potentialAction":[{"@type":"ReadAction","target":["https:\/\/www.hotel-in-sirmione.it\/de\/hotel-sirmione\/la-paul-hotel-sirmione-direkt-am-see\/"]}]},{"@type":"ImageObject","inLanguage":"de-DE","@id":"https:\/\/www.hotel-in-sirmione.it\/de\/hotel-sirmione\/la-paul-hotel-sirmione-direkt-am-see\/#primaryimage","url":"https:\/\/www.hotel-in-sirmione.it\/wp-content\/uploads\/2015\/01\/hotel-la-paul-aerea-600r.jpg","contentUrl":"https:\/\/www.hotel-in-sirmione.it\/wp-content\/uploads\/2015\/01\/hotel-la-paul-aerea-600r.jpg"},{"@type":"BreadcrumbList","@id":"https:\/\/www.hotel-in-sirmione.it\/de\/hotel-sirmione\/la-paul-hotel-sirmione-direkt-am-see\/#breadcrumb","itemListElement":[{"@type":"ListItem","position":1,"name":"Home","item":"https:\/\/www.hotel-in-sirmione.it\/de\/"},{"@type":"ListItem","position":2,"name":"Hotel in Sirmione","item":"https:\/\/www.hotel-in-sirmione.it\/de\/"},{"@type":"ListItem","position":3,"name":"La Pa\u00fcl Hotel Sirmione direkt am See"}]},{"@type":"WebSite","@id":"https:\/\/www.hotel-in-sirmione.it\/#website","url":"https:\/\/www.hotel-in-sirmione.it\/","name":"Hotel in Sirmione","description":"Un nuovo sito targato WordPress","potentialAction":[{"@type":"SearchAction","target":{"@type":"EntryPoint","urlTemplate":"https:\/\/www.hotel-in-sirmione.it\/?s={search_term_string}"},"query-input":{"@type":"PropertyValueSpecification","valueRequired":true,"valueName":"search_term_string"}}],"inLanguage":"de-DE"}]}},"_links":{"self":[{"href":"https:\/\/www.hotel-in-sirmione.it\/de\/wp-json\/wp\/v2\/pages\/983","targetHints":{"allow":["GET"]}}],"collection":[{"href":"https:\/\/www.hotel-in-sirmione.it\/de\/wp-json\/wp\/v2\/pages"}],"about":[{"href":"https:\/\/www.hotel-in-sirmione.it\/de\/wp-json\/wp\/v2\/types\/page"}],"author":[{"embeddable":true,"href":"https:\/\/www.hotel-in-sirmione.it\/de\/wp-json\/wp\/v2\/users\/4"}],"replies":[{"embeddable":true,"href":"https:\/\/www.hotel-in-sirmione.it\/de\/wp-json\/wp\/v2\/comments?post=983"}],"version-history":[{"count":7,"href":"https:\/\/www.hotel-in-sirmione.it\/de\/wp-json\/wp\/v2\/pages\/983\/revisions"}],"predecessor-version":[{"id":4974,"href":"https:\/\/www.hotel-in-sirmione.it\/de\/wp-json\/wp\/v2\/pages\/983\/revisions\/4974"}],"up":[{"embeddable":true,"href":"https:\/\/www.hotel-in-sirmione.it\/de\/wp-json\/wp\/v2\/pages\/979"}],"wp:attachment":[{"href":"https:\/\/www.hotel-in-sirmione.it\/de\/wp-json\/wp\/v2\/media?parent=983"}],"curies":[{"name":"wp","href":"https:\/\/api.w.org\/{rel}","templated":true}]}}