{"id":981,"date":"2015-02-06T16:31:39","date_gmt":"2015-02-06T15:31:39","guid":{"rendered":"https:\/\/www.hotel-in-sirmione.it\/?page_id=981"},"modified":"2023-04-18T16:29:19","modified_gmt":"2023-04-18T14:29:19","slug":"smeraldo-hotel-nahe-sirmione-altstadt","status":"publish","type":"page","link":"https:\/\/www.hotel-in-sirmione.it\/de\/hotel-sirmione\/smeraldo-hotel-nahe-sirmione-altstadt\/","title":{"rendered":"Smeraldo Hotel N\u00e4he Sirmione Altstadt"},"content":{"rendered":"\n<h3 class=\"wp-block-heading\">Smeraldo Hotel N\u00e4he Sirmione Altstadt<\/h3>\n\n\n\n<p><strong>Hotel in Sirmione direkt am See<\/strong>, kurz vor der Ankunft in der mittelalterlichen Schloss&nbsp;und der Altstadt, an der Ostk\u00fcste der Halbinsel, auf der rechten Seite f\u00fcr die, in Richtung der Altstadt entfernt. Das Smeraldo Hotel N\u00e4he Sirmione Altstadt ist leicht mit dem Auto, ohne um Erlaubnis zu fragen, hier finden Sie einen privaten Parkplatz, einen ruhigen Garten am See, Zimmer mit gro\u00dfem Balkon, die einen Panoramablick auf den Gardasee zu genie\u00dfen erreicht; die Altstadt von Sirmione ist nur einen kurzen Spaziergang von hier und sechs auch bequem zu allen Orten des Gardasees besuchen.<\/p>\n\n\n\n<h4 class=\"wp-block-heading\"><a href=\"http:\/\/www.smeraldosirmione.com\/de\/\" target=\"_blank\" rel=\"noopener\">Besuchen Sie die Website des Smeraldo Hotel N\u00e4he Sirmione&nbsp;Altstadt<\/a><\/h4>\n\n\n\n<p>alle Informationen, die besten Angebote, kundenspezifische Tarife, Pauschalreisen und Erholung<\/p>\n\n\n\n<figure class=\"wp-block-image alignnone\"><a href=\"https:\/\/www.hotel-in-sirmione.it\/wp-content\/uploads\/2015\/01\/hotel-Smeraldo-verso-lago-6.jpg\"><img loading=\"lazy\" decoding=\"async\" width=\"600\" height=\"248\" src=\"https:\/\/www.hotel-in-sirmione.it\/wp-content\/uploads\/2015\/01\/hotel-Smeraldo-verso-lago-6.jpg\" alt=\"Hotel-Smeraldo-Sirmione\" class=\"wp-image-398\" srcset=\"https:\/\/www.hotel-in-sirmione.it\/wp-content\/uploads\/2015\/01\/hotel-Smeraldo-verso-lago-6.jpg 600w, https:\/\/www.hotel-in-sirmione.it\/wp-content\/uploads\/2015\/01\/hotel-Smeraldo-verso-lago-6-300x124.jpg 300w\" sizes=\"auto, (max-width: 600px) 100vw, 600px\" \/><\/a><figcaption class=\"wp-element-caption\">Smeraldo Hotel N\u00e4he Sirmione&nbsp;Altstadt<\/figcaption><\/figure>\n","protected":false},"excerpt":{"rendered":"<p>Smeraldo Hotel N\u00e4he Sirmione Altstadt Hotel in Sirmione direkt am See, kurz [&hellip;]<\/p>\n","protected":false},"author":4,"featured_media":0,"parent":979,"menu_order":90,"comment_status":"open","ping_status":"open","template":"","meta":{"footnotes":""},"class_list":["post-981","page","type-page","status-publish","hentry"],"yoast_head":"<!-- This site is optimized with the Yoast SEO plugin v27.4 - https:\/\/yoast.com\/product\/yoast-seo-wordpress\/ -->\n<title>Smeraldo Hotel N\u00e4he Sirmione Altstadt direkt am See<\/title>\n<meta name=\"description\" content=\"Smeraldo Hotel N\u00e4he Sirmione Altstadt direkt am See - Offizielle Website, finden Sie alle Informationen, die besten Angebote und Tarife\" \/>\n<meta name=\"robots\" content=\"index, follow, max-snippet:-1, max-image-preview:large, max-video-preview:-1\" \/>\n<link rel=\"canonical\" href=\"https:\/\/www.hotel-in-sirmione.it\/de\/hotel-sirmione\/smeraldo-hotel-nahe-sirmione-altstadt\/\" \/>\n<meta property=\"og:locale\" content=\"de_DE\" \/>\n<meta property=\"og:type\" content=\"article\" \/>\n<meta property=\"og:title\" content=\"Smeraldo Hotel N\u00e4he Sirmione Altstadt direkt am See\" \/>\n<meta property=\"og:description\" content=\"Smeraldo Hotel N\u00e4he Sirmione Altstadt direkt am See - Offizielle Website, finden Sie alle Informationen, die besten Angebote und Tarife\" \/>\n<meta property=\"og:url\" content=\"https:\/\/www.hotel-in-sirmione.it\/de\/hotel-sirmione\/smeraldo-hotel-nahe-sirmione-altstadt\/\" \/>\n<meta property=\"og:site_name\" content=\"Hotel in Sirmione\" \/>\n<meta property=\"article:modified_time\" content=\"2023-04-18T14:29:19+00:00\" \/>\n<meta property=\"og:image\" content=\"https:\/\/www.hotel-in-sirmione.it\/wp-content\/uploads\/2015\/01\/hotel-Smeraldo-verso-lago-6.jpg\" \/>\n<meta name=\"twitter:label1\" content=\"Est. reading time\" \/>\n\t<meta name=\"twitter:data1\" content=\"1 minute\" \/>\n<script type=\"application\/ld+json\" class=\"yoast-schema-graph\">{\"@context\":\"https:\\\/\\\/schema.org\",\"@graph\":[{\"@type\":\"WebPage\",\"@id\":\"https:\\\/\\\/www.hotel-in-sirmione.it\\\/de\\\/hotel-sirmione\\\/smeraldo-hotel-nahe-sirmione-altstadt\\\/\",\"url\":\"https:\\\/\\\/www.hotel-in-sirmione.it\\\/de\\\/hotel-sirmione\\\/smeraldo-hotel-nahe-sirmione-altstadt\\\/\",\"name\":\"Smeraldo Hotel N\u00e4he Sirmione Altstadt direkt am See\",\"isPartOf\":{\"@id\":\"https:\\\/\\\/www.hotel-in-sirmione.it\\\/#website\"},\"primaryImageOfPage\":{\"@id\":\"https:\\\/\\\/www.hotel-in-sirmione.it\\\/de\\\/hotel-sirmione\\\/smeraldo-hotel-nahe-sirmione-altstadt\\\/#primaryimage\"},\"image\":{\"@id\":\"https:\\\/\\\/www.hotel-in-sirmione.it\\\/de\\\/hotel-sirmione\\\/smeraldo-hotel-nahe-sirmione-altstadt\\\/#primaryimage\"},\"thumbnailUrl\":\"https:\\\/\\\/www.hotel-in-sirmione.it\\\/wp-content\\\/uploads\\\/2015\\\/01\\\/hotel-Smeraldo-verso-lago-6.jpg\",\"datePublished\":\"2015-02-06T15:31:39+00:00\",\"dateModified\":\"2023-04-18T14:29:19+00:00\",\"description\":\"Smeraldo Hotel N\u00e4he Sirmione Altstadt direkt am See - Offizielle Website, finden Sie alle Informationen, die besten Angebote und Tarife\",\"breadcrumb\":{\"@id\":\"https:\\\/\\\/www.hotel-in-sirmione.it\\\/de\\\/hotel-sirmione\\\/smeraldo-hotel-nahe-sirmione-altstadt\\\/#breadcrumb\"},\"inLanguage\":\"de-DE\",\"potentialAction\":[{\"@type\":\"ReadAction\",\"target\":[\"https:\\\/\\\/www.hotel-in-sirmione.it\\\/de\\\/hotel-sirmione\\\/smeraldo-hotel-nahe-sirmione-altstadt\\\/\"]}]},{\"@type\":\"ImageObject\",\"inLanguage\":\"de-DE\",\"@id\":\"https:\\\/\\\/www.hotel-in-sirmione.it\\\/de\\\/hotel-sirmione\\\/smeraldo-hotel-nahe-sirmione-altstadt\\\/#primaryimage\",\"url\":\"https:\\\/\\\/www.hotel-in-sirmione.it\\\/wp-content\\\/uploads\\\/2015\\\/01\\\/hotel-Smeraldo-verso-lago-6.jpg\",\"contentUrl\":\"https:\\\/\\\/www.hotel-in-sirmione.it\\\/wp-content\\\/uploads\\\/2015\\\/01\\\/hotel-Smeraldo-verso-lago-6.jpg\"},{\"@type\":\"BreadcrumbList\",\"@id\":\"https:\\\/\\\/www.hotel-in-sirmione.it\\\/de\\\/hotel-sirmione\\\/smeraldo-hotel-nahe-sirmione-altstadt\\\/#breadcrumb\",\"itemListElement\":[{\"@type\":\"ListItem\",\"position\":1,\"name\":\"Home\",\"item\":\"https:\\\/\\\/www.hotel-in-sirmione.it\\\/de\\\/\"},{\"@type\":\"ListItem\",\"position\":2,\"name\":\"Hotel in Sirmione\",\"item\":\"https:\\\/\\\/www.hotel-in-sirmione.it\\\/de\\\/\"},{\"@type\":\"ListItem\",\"position\":3,\"name\":\"Smeraldo Hotel N\u00e4he Sirmione Altstadt\"}]},{\"@type\":\"WebSite\",\"@id\":\"https:\\\/\\\/www.hotel-in-sirmione.it\\\/#website\",\"url\":\"https:\\\/\\\/www.hotel-in-sirmione.it\\\/\",\"name\":\"Hotel in Sirmione\",\"description\":\"Un nuovo sito targato WordPress\",\"potentialAction\":[{\"@type\":\"SearchAction\",\"target\":{\"@type\":\"EntryPoint\",\"urlTemplate\":\"https:\\\/\\\/www.hotel-in-sirmione.it\\\/?s={search_term_string}\"},\"query-input\":{\"@type\":\"PropertyValueSpecification\",\"valueRequired\":true,\"valueName\":\"search_term_string\"}}],\"inLanguage\":\"de-DE\"}]}<\/script>\n<!-- \/ Yoast SEO plugin. -->","yoast_head_json":{"title":"Smeraldo Hotel N\u00e4he Sirmione Altstadt direkt am See","description":"Smeraldo Hotel N\u00e4he Sirmione Altstadt direkt am See - Offizielle Website, finden Sie alle Informationen, die besten Angebote und Tarife","robots":{"index":"index","follow":"follow","max-snippet":"max-snippet:-1","max-image-preview":"max-image-preview:large","max-video-preview":"max-video-preview:-1"},"canonical":"https:\/\/www.hotel-in-sirmione.it\/de\/hotel-sirmione\/smeraldo-hotel-nahe-sirmione-altstadt\/","og_locale":"de_DE","og_type":"article","og_title":"Smeraldo Hotel N\u00e4he Sirmione Altstadt direkt am See","og_description":"Smeraldo Hotel N\u00e4he Sirmione Altstadt direkt am See - Offizielle Website, finden Sie alle Informationen, die besten Angebote und Tarife","og_url":"https:\/\/www.hotel-in-sirmione.it\/de\/hotel-sirmione\/smeraldo-hotel-nahe-sirmione-altstadt\/","og_site_name":"Hotel in Sirmione","article_modified_time":"2023-04-18T14:29:19+00:00","og_image":[{"url":"https:\/\/www.hotel-in-sirmione.it\/wp-content\/uploads\/2015\/01\/hotel-Smeraldo-verso-lago-6.jpg","type":"","width":"","height":""}],"twitter_misc":{"Est. reading time":"1 minute"},"schema":{"@context":"https:\/\/schema.org","@graph":[{"@type":"WebPage","@id":"https:\/\/www.hotel-in-sirmione.it\/de\/hotel-sirmione\/smeraldo-hotel-nahe-sirmione-altstadt\/","url":"https:\/\/www.hotel-in-sirmione.it\/de\/hotel-sirmione\/smeraldo-hotel-nahe-sirmione-altstadt\/","name":"Smeraldo Hotel N\u00e4he Sirmione Altstadt direkt am See","isPartOf":{"@id":"https:\/\/www.hotel-in-sirmione.it\/#website"},"primaryImageOfPage":{"@id":"https:\/\/www.hotel-in-sirmione.it\/de\/hotel-sirmione\/smeraldo-hotel-nahe-sirmione-altstadt\/#primaryimage"},"image":{"@id":"https:\/\/www.hotel-in-sirmione.it\/de\/hotel-sirmione\/smeraldo-hotel-nahe-sirmione-altstadt\/#primaryimage"},"thumbnailUrl":"https:\/\/www.hotel-in-sirmione.it\/wp-content\/uploads\/2015\/01\/hotel-Smeraldo-verso-lago-6.jpg","datePublished":"2015-02-06T15:31:39+00:00","dateModified":"2023-04-18T14:29:19+00:00","description":"Smeraldo Hotel N\u00e4he Sirmione Altstadt direkt am See - Offizielle Website, finden Sie alle Informationen, die besten Angebote und Tarife","breadcrumb":{"@id":"https:\/\/www.hotel-in-sirmione.it\/de\/hotel-sirmione\/smeraldo-hotel-nahe-sirmione-altstadt\/#breadcrumb"},"inLanguage":"de-DE","potentialAction":[{"@type":"ReadAction","target":["https:\/\/www.hotel-in-sirmione.it\/de\/hotel-sirmione\/smeraldo-hotel-nahe-sirmione-altstadt\/"]}]},{"@type":"ImageObject","inLanguage":"de-DE","@id":"https:\/\/www.hotel-in-sirmione.it\/de\/hotel-sirmione\/smeraldo-hotel-nahe-sirmione-altstadt\/#primaryimage","url":"https:\/\/www.hotel-in-sirmione.it\/wp-content\/uploads\/2015\/01\/hotel-Smeraldo-verso-lago-6.jpg","contentUrl":"https:\/\/www.hotel-in-sirmione.it\/wp-content\/uploads\/2015\/01\/hotel-Smeraldo-verso-lago-6.jpg"},{"@type":"BreadcrumbList","@id":"https:\/\/www.hotel-in-sirmione.it\/de\/hotel-sirmione\/smeraldo-hotel-nahe-sirmione-altstadt\/#breadcrumb","itemListElement":[{"@type":"ListItem","position":1,"name":"Home","item":"https:\/\/www.hotel-in-sirmione.it\/de\/"},{"@type":"ListItem","position":2,"name":"Hotel in Sirmione","item":"https:\/\/www.hotel-in-sirmione.it\/de\/"},{"@type":"ListItem","position":3,"name":"Smeraldo Hotel N\u00e4he Sirmione Altstadt"}]},{"@type":"WebSite","@id":"https:\/\/www.hotel-in-sirmione.it\/#website","url":"https:\/\/www.hotel-in-sirmione.it\/","name":"Hotel in Sirmione","description":"Un nuovo sito targato WordPress","potentialAction":[{"@type":"SearchAction","target":{"@type":"EntryPoint","urlTemplate":"https:\/\/www.hotel-in-sirmione.it\/?s={search_term_string}"},"query-input":{"@type":"PropertyValueSpecification","valueRequired":true,"valueName":"search_term_string"}}],"inLanguage":"de-DE"}]}},"_links":{"self":[{"href":"https:\/\/www.hotel-in-sirmione.it\/de\/wp-json\/wp\/v2\/pages\/981","targetHints":{"allow":["GET"]}}],"collection":[{"href":"https:\/\/www.hotel-in-sirmione.it\/de\/wp-json\/wp\/v2\/pages"}],"about":[{"href":"https:\/\/www.hotel-in-sirmione.it\/de\/wp-json\/wp\/v2\/types\/page"}],"author":[{"embeddable":true,"href":"https:\/\/www.hotel-in-sirmione.it\/de\/wp-json\/wp\/v2\/users\/4"}],"replies":[{"embeddable":true,"href":"https:\/\/www.hotel-in-sirmione.it\/de\/wp-json\/wp\/v2\/comments?post=981"}],"version-history":[{"count":9,"href":"https:\/\/www.hotel-in-sirmione.it\/de\/wp-json\/wp\/v2\/pages\/981\/revisions"}],"predecessor-version":[{"id":4973,"href":"https:\/\/www.hotel-in-sirmione.it\/de\/wp-json\/wp\/v2\/pages\/981\/revisions\/4973"}],"up":[{"embeddable":true,"href":"https:\/\/www.hotel-in-sirmione.it\/de\/wp-json\/wp\/v2\/pages\/979"}],"wp:attachment":[{"href":"https:\/\/www.hotel-in-sirmione.it\/de\/wp-json\/wp\/v2\/media?parent=981"}],"curies":[{"name":"wp","href":"https:\/\/api.w.org\/{rel}","templated":true}]}}