{"id":979,"date":"2015-02-06T16:20:16","date_gmt":"2015-02-06T15:20:16","guid":{"rendered":"https:\/\/www.hotel-in-sirmione.it\/?page_id=979"},"modified":"2023-04-18T16:29:14","modified_gmt":"2023-04-18T14:29:14","slug":"hotel-sirmione","status":"publish","type":"page","link":"https:\/\/www.hotel-in-sirmione.it\/de\/","title":{"rendered":"Hotel in Sirmione"},"content":{"rendered":"\n<h3 class=\"wp-block-heading\"><strong>Hotel in Sirmione<\/strong> in der N\u00e4he der Altstadt<\/h3>\n\n\n\n<p>empfangen Sie in ihrem wundersch\u00f6nen Halbinsel, die das Zentrum des Gardasees, von Catull f\u00fcr seine Sch\u00f6nheit und ber\u00fchmt f\u00fcr die Thermalquellen von Sirmione Aquaria, die N\u00e4he zu den Parks von Garda und die Sch\u00f6nheit des historischen Zentrums gelobt erstreckt.&nbsp;Dies ist der ideale Ort f\u00fcr Ihre <a href=\"http:\/\/de.hotel-in-sirmione.it\/category\/was-tun\/fahrradtouren-am-gardasee\/\">Fahrradtour<\/a>, wir sind Teil des Garda Bike Hotel. Hotel in Sirmione in der N\u00e4he der Altstadt, <strong>hotel direkt am See<\/strong>.<\/p>\n\n\n\n<p>Bereiche des Hotel in Sirmione:<\/p>\n\n\n\n<p>. Altstadt, in der Burg, eingeschr\u00e4nkte Zug\u00e4nglichkeit<br>\n. in der N\u00e4he der Altstadt, von der Burg&nbsp;zu Colombare, uneingeschr\u00e4nkte Zug\u00e4nglichkeit<br>\n. Colombare und Lugana, am Fu\u00dfe der Halbinsel, ca. 2,5 km von der Burg<\/p>\n","protected":false},"excerpt":{"rendered":"<p>Hotel in Sirmione in der N\u00e4he der Altstadt empfangen Sie in ihrem [&hellip;]<\/p>\n","protected":false},"author":4,"featured_media":3903,"parent":0,"menu_order":14,"comment_status":"open","ping_status":"closed","template":"","meta":{"footnotes":""},"class_list":["post-979","page","type-page","status-publish","has-post-thumbnail","hentry"],"yoast_head":"<!-- This site is optimized with the Yoast SEO plugin v27.4 - https:\/\/yoast.com\/product\/yoast-seo-wordpress\/ -->\n<title>Hotel in Sirmione in der N\u00e4he der Altstadt<\/title>\n<meta name=\"description\" content=\"Hotel in Sirmione in der N\u00e4he der Altstadt, hotel direkt am See, offiziellen Website mit direkte Buchung, den freien Zugang mit dem Auto Parkplatz\" \/>\n<meta name=\"robots\" content=\"index, follow, max-snippet:-1, max-image-preview:large, max-video-preview:-1\" \/>\n<link rel=\"canonical\" href=\"https:\/\/www.hotel-in-sirmione.it\/de\/\" \/>\n<meta property=\"og:locale\" content=\"de_DE\" \/>\n<meta property=\"og:type\" content=\"article\" \/>\n<meta property=\"og:title\" content=\"Hotel in Sirmione in der N\u00e4he der Altstadt\" \/>\n<meta property=\"og:description\" content=\"Hotel in Sirmione in der N\u00e4he der Altstadt, hotel direkt am See, offiziellen Website mit direkte Buchung, den freien Zugang mit dem Auto Parkplatz\" \/>\n<meta property=\"og:url\" content=\"https:\/\/www.hotel-in-sirmione.it\/de\/\" \/>\n<meta property=\"og:site_name\" content=\"Hotel in Sirmione\" \/>\n<meta property=\"article:modified_time\" content=\"2023-04-18T14:29:14+00:00\" \/>\n<meta property=\"og:image\" content=\"https:\/\/www.hotel-in-sirmione.it\/wp-content\/uploads\/2014\/12\/map-paul-smeraldo-300x350.jpg\" \/>\n\t<meta property=\"og:image:width\" content=\"300\" \/>\n\t<meta property=\"og:image:height\" content=\"350\" \/>\n\t<meta property=\"og:image:type\" content=\"image\/jpeg\" \/>\n<meta name=\"twitter:label1\" content=\"Est. reading time\" \/>\n\t<meta name=\"twitter:data1\" content=\"1 minute\" \/>\n<script type=\"application\/ld+json\" class=\"yoast-schema-graph\">{\"@context\":\"https:\\\/\\\/schema.org\",\"@graph\":[{\"@type\":\"WebPage\",\"@id\":\"https:\\\/\\\/www.hotel-in-sirmione.it\\\/de\\\/\",\"url\":\"https:\\\/\\\/www.hotel-in-sirmione.it\\\/de\\\/\",\"name\":\"Hotel in Sirmione in der N\u00e4he der Altstadt\",\"isPartOf\":{\"@id\":\"https:\\\/\\\/www.hotel-in-sirmione.it\\\/#website\"},\"primaryImageOfPage\":{\"@id\":\"https:\\\/\\\/www.hotel-in-sirmione.it\\\/de\\\/#primaryimage\"},\"image\":{\"@id\":\"https:\\\/\\\/www.hotel-in-sirmione.it\\\/de\\\/#primaryimage\"},\"thumbnailUrl\":\"https:\\\/\\\/www.hotel-in-sirmione.it\\\/wp-content\\\/uploads\\\/2014\\\/12\\\/map-paul-smeraldo-300x350.jpg\",\"datePublished\":\"2015-02-06T15:20:16+00:00\",\"dateModified\":\"2023-04-18T14:29:14+00:00\",\"description\":\"Hotel in Sirmione in der N\u00e4he der Altstadt, hotel direkt am See, offiziellen Website mit direkte Buchung, den freien Zugang mit dem Auto Parkplatz\",\"breadcrumb\":{\"@id\":\"https:\\\/\\\/www.hotel-in-sirmione.it\\\/de\\\/#breadcrumb\"},\"inLanguage\":\"de-DE\",\"potentialAction\":[{\"@type\":\"ReadAction\",\"target\":[\"https:\\\/\\\/www.hotel-in-sirmione.it\\\/de\\\/\"]}]},{\"@type\":\"ImageObject\",\"inLanguage\":\"de-DE\",\"@id\":\"https:\\\/\\\/www.hotel-in-sirmione.it\\\/de\\\/#primaryimage\",\"url\":\"https:\\\/\\\/www.hotel-in-sirmione.it\\\/wp-content\\\/uploads\\\/2014\\\/12\\\/map-paul-smeraldo-300x350.jpg\",\"contentUrl\":\"https:\\\/\\\/www.hotel-in-sirmione.it\\\/wp-content\\\/uploads\\\/2014\\\/12\\\/map-paul-smeraldo-300x350.jpg\",\"width\":300,\"height\":350},{\"@type\":\"BreadcrumbList\",\"@id\":\"https:\\\/\\\/www.hotel-in-sirmione.it\\\/de\\\/#breadcrumb\",\"itemListElement\":[{\"@type\":\"ListItem\",\"position\":1,\"name\":\"Home\",\"item\":\"https:\\\/\\\/www.hotel-in-sirmione.it\\\/de\\\/\"},{\"@type\":\"ListItem\",\"position\":2,\"name\":\"Hotel in Sirmione\"}]},{\"@type\":\"WebSite\",\"@id\":\"https:\\\/\\\/www.hotel-in-sirmione.it\\\/#website\",\"url\":\"https:\\\/\\\/www.hotel-in-sirmione.it\\\/\",\"name\":\"Hotel in Sirmione\",\"description\":\"Un nuovo sito targato WordPress\",\"potentialAction\":[{\"@type\":\"SearchAction\",\"target\":{\"@type\":\"EntryPoint\",\"urlTemplate\":\"https:\\\/\\\/www.hotel-in-sirmione.it\\\/?s={search_term_string}\"},\"query-input\":{\"@type\":\"PropertyValueSpecification\",\"valueRequired\":true,\"valueName\":\"search_term_string\"}}],\"inLanguage\":\"de-DE\"}]}<\/script>\n<!-- \/ Yoast SEO plugin. -->","yoast_head_json":{"title":"Hotel in Sirmione in der N\u00e4he der Altstadt","description":"Hotel in Sirmione in der N\u00e4he der Altstadt, hotel direkt am See, offiziellen Website mit direkte Buchung, den freien Zugang mit dem Auto Parkplatz","robots":{"index":"index","follow":"follow","max-snippet":"max-snippet:-1","max-image-preview":"max-image-preview:large","max-video-preview":"max-video-preview:-1"},"canonical":"https:\/\/www.hotel-in-sirmione.it\/de\/","og_locale":"de_DE","og_type":"article","og_title":"Hotel in Sirmione in der N\u00e4he der Altstadt","og_description":"Hotel in Sirmione in der N\u00e4he der Altstadt, hotel direkt am See, offiziellen Website mit direkte Buchung, den freien Zugang mit dem Auto Parkplatz","og_url":"https:\/\/www.hotel-in-sirmione.it\/de\/","og_site_name":"Hotel in Sirmione","article_modified_time":"2023-04-18T14:29:14+00:00","og_image":[{"width":300,"height":350,"url":"https:\/\/www.hotel-in-sirmione.it\/wp-content\/uploads\/2014\/12\/map-paul-smeraldo-300x350.jpg","type":"image\/jpeg"}],"twitter_misc":{"Est. reading time":"1 minute"},"schema":{"@context":"https:\/\/schema.org","@graph":[{"@type":"WebPage","@id":"https:\/\/www.hotel-in-sirmione.it\/de\/","url":"https:\/\/www.hotel-in-sirmione.it\/de\/","name":"Hotel in Sirmione in der N\u00e4he der Altstadt","isPartOf":{"@id":"https:\/\/www.hotel-in-sirmione.it\/#website"},"primaryImageOfPage":{"@id":"https:\/\/www.hotel-in-sirmione.it\/de\/#primaryimage"},"image":{"@id":"https:\/\/www.hotel-in-sirmione.it\/de\/#primaryimage"},"thumbnailUrl":"https:\/\/www.hotel-in-sirmione.it\/wp-content\/uploads\/2014\/12\/map-paul-smeraldo-300x350.jpg","datePublished":"2015-02-06T15:20:16+00:00","dateModified":"2023-04-18T14:29:14+00:00","description":"Hotel in Sirmione in der N\u00e4he der Altstadt, hotel direkt am See, offiziellen Website mit direkte Buchung, den freien Zugang mit dem Auto Parkplatz","breadcrumb":{"@id":"https:\/\/www.hotel-in-sirmione.it\/de\/#breadcrumb"},"inLanguage":"de-DE","potentialAction":[{"@type":"ReadAction","target":["https:\/\/www.hotel-in-sirmione.it\/de\/"]}]},{"@type":"ImageObject","inLanguage":"de-DE","@id":"https:\/\/www.hotel-in-sirmione.it\/de\/#primaryimage","url":"https:\/\/www.hotel-in-sirmione.it\/wp-content\/uploads\/2014\/12\/map-paul-smeraldo-300x350.jpg","contentUrl":"https:\/\/www.hotel-in-sirmione.it\/wp-content\/uploads\/2014\/12\/map-paul-smeraldo-300x350.jpg","width":300,"height":350},{"@type":"BreadcrumbList","@id":"https:\/\/www.hotel-in-sirmione.it\/de\/#breadcrumb","itemListElement":[{"@type":"ListItem","position":1,"name":"Home","item":"https:\/\/www.hotel-in-sirmione.it\/de\/"},{"@type":"ListItem","position":2,"name":"Hotel in Sirmione"}]},{"@type":"WebSite","@id":"https:\/\/www.hotel-in-sirmione.it\/#website","url":"https:\/\/www.hotel-in-sirmione.it\/","name":"Hotel in Sirmione","description":"Un nuovo sito targato WordPress","potentialAction":[{"@type":"SearchAction","target":{"@type":"EntryPoint","urlTemplate":"https:\/\/www.hotel-in-sirmione.it\/?s={search_term_string}"},"query-input":{"@type":"PropertyValueSpecification","valueRequired":true,"valueName":"search_term_string"}}],"inLanguage":"de-DE"}]}},"_links":{"self":[{"href":"https:\/\/www.hotel-in-sirmione.it\/de\/wp-json\/wp\/v2\/pages\/979","targetHints":{"allow":["GET"]}}],"collection":[{"href":"https:\/\/www.hotel-in-sirmione.it\/de\/wp-json\/wp\/v2\/pages"}],"about":[{"href":"https:\/\/www.hotel-in-sirmione.it\/de\/wp-json\/wp\/v2\/types\/page"}],"author":[{"embeddable":true,"href":"https:\/\/www.hotel-in-sirmione.it\/de\/wp-json\/wp\/v2\/users\/4"}],"replies":[{"embeddable":true,"href":"https:\/\/www.hotel-in-sirmione.it\/de\/wp-json\/wp\/v2\/comments?post=979"}],"version-history":[{"count":6,"href":"https:\/\/www.hotel-in-sirmione.it\/de\/wp-json\/wp\/v2\/pages\/979\/revisions"}],"predecessor-version":[{"id":4971,"href":"https:\/\/www.hotel-in-sirmione.it\/de\/wp-json\/wp\/v2\/pages\/979\/revisions\/4971"}],"wp:featuredmedia":[{"embeddable":true,"href":"https:\/\/www.hotel-in-sirmione.it\/de\/wp-json\/wp\/v2\/media\/3903"}],"wp:attachment":[{"href":"https:\/\/www.hotel-in-sirmione.it\/de\/wp-json\/wp\/v2\/media?parent=979"}],"curies":[{"name":"wp","href":"https:\/\/api.w.org\/{rel}","templated":true}]}}