{"id":1099,"date":"2015-02-09T06:07:28","date_gmt":"2015-02-09T05:07:28","guid":{"rendered":"https:\/\/www.hotel-in-sirmione.it\/?page_id=1099"},"modified":"2023-04-18T16:29:21","modified_gmt":"2023-04-18T14:29:21","slug":"sirmione-zu-reichen","status":"publish","type":"page","link":"https:\/\/www.hotel-in-sirmione.it\/de\/hotel-sirmione\/sirmione-zu-reichen\/","title":{"rendered":"Sirmione zu reichen"},"content":{"rendered":"\n<h2 class=\"wp-block-heading\">Sirmione zu reichen Auto, Bus, Taxi, Flugzeug<\/h2>\n\n\n\n<h4 class=\"wp-block-heading\">Hotel in Sirmione ist f\u00fcnf Minuten zu Fu\u00df vom Schloss Scaligero und historischen Zentrum, sind wir in der Verkehrsfl\u00e4che frei, so dass Sie kommen und gehen direkt in das Auto ohne Genehmigung; haben wir kostenloses Parkpl\u00e4tze, so dass Sie Probleme haben.<\/h4>\n\n\n\n<p>Auf 50 Meter vom Hotel entfernt ist die Bushaltestelle und kommunaler Buslinie Brescia-Verona-Brescia in die St\u00e4dte oder Desenzano und Peschiera zu bewegen. Von den Flugh\u00e4fen Mailand Malpensa, Verona Villafranca (Valerio Catullo), Montichiari (Gabriele D&#8217;Annunzio) und Bergamo (Caravaggio) Sie erhalten einige ver\u00e4ndernden Fahrzeugen. Im Folgenden finden Sie detaillierte Anweisungen mit Links zu den offiziellen Webseiten der \u00f6ffentlichen Verkehrsunternehmen.<\/p>\n\n\n\n<p><strong>BUS<\/strong><\/p>\n\n\n\n<p>Die Bushaltestelle am n\u00e4chsten zum Hotel &#8220;Villa Trieste&#8221; 50 Meter, eine nur weiter entfernt ist &#8220;Sirmione Zentrum&#8221; 500 mt. Wir halten die folgenden Zeilen:<\/p>\n\n\n\n<p><strong>Die blaue Linie:<\/strong> verbindet Sirmione mit der Stadt ist blau f\u00fcr die Verona-Brescia-Verona, ist die Frequenz fast st\u00fcndlich in der Saison, in der Nebensaison Zeiten werden reduziert.<\/p>\n\n\n\n<p><strong>Gelbe Linie:<\/strong> f\u00fcr Reisen innerhalb der Stadt, es verwendet wird, um zwischen Sirmione entfernt und den D\u00f6rfern von Colombare, Lugana, Rovizza bewegen.<\/p>\n\n\n\n<p><strong>Link:<\/strong> <span style=\"color: #0000ff;\"><a style=\"color: #0000ff;\" href=\"http:\/\/www.arriva.it\/en\/results\/-\/search?q=orari+brescia+verona&amp;redirecting=true&amp;freesearch=true\" target=\"_blank\" rel=\"noopener\">Fahrplan blaue Linie Verona-Brescia-Verona<\/a><\/span><\/p>\n\n\n\n<p><strong>BAHN<\/strong><\/p>\n\n\n\n<p>Auf der Mailand-Venedig, ist die Bushaltestelle der n\u00e4chste Bahnhof von <strong>Desenzano<\/strong> oder <strong>Peschiera<\/strong> sind beide etwa 8 km entfernt und kann mit dem Bus (blaue Linie Verona-Brescia-Verona) erreicht werden oder mit dem Taxi (Kosten ca. 20 \u20ac *)<\/p>\n\n\n\n<p><strong>Link:<\/strong>&nbsp;<span style=\"color: #0000ff;\"><a style=\"color: #0000ff;\" href=\"http:\/\/www.trenitalia.com\/tcom-de\" target=\"_blank\" rel=\"noopener\">Site Trenitalia<\/a><\/span><\/p>\n\n\n\n<p><strong>FLUGH\u00c4FEN<\/strong><\/p>\n\n\n\n<p><strong>Milano Malpensa<\/strong>: nehmen Sie den Bus vom Flughafen zum Hauptbahnhof von Mailand nehmen Sie den Zug bis zum Bahnhof von Desenzano del Garda und dann k\u00f6nnen Sie nach Sirmione mit dem Bus (siehe Anleitung &#8220;Bus&#8221;) oder mit dem Taxi.<\/p>\n\n\n\n<p><strong>Bergamo &#8211; Orio al Serio &#8211; Caravaggio<\/strong>: Mit dem Flughafenbus zum Bahnhof Bergamo mit dem Zug (siehe Anleitung &#8220;trainieren&#8221;) zu Desenzano del Garda, dann k\u00f6nnen Sie nach Sirmione mit dem Bus (siehe Anleitung &#8220;Bus&#8221;) oder mit dem Taxi.<\/p>\n\n\n\n<p><strong>Montichiari &#8211; G. D&#8217;Annunzio:<\/strong> nehmen Sie ein Taxi zur Bushaltestelle direkt vor dem Garda Messegel\u00e4nde in Montichiari (Via Mantova), nehmen Sie den Bus bis in Desenzano Bahnhof zu stoppen, nehmen Sie die blaue Linie Bus nach Sirmione; oder ein Taxi nehmen<\/p>\n\n\n\n<p><strong>Link:<\/strong> <span style=\"color: #0000ff;\"><a style=\"color: #0000ff;\" href=\"http:\/\/www.autostradale.it\/de\/airports\/1\/3\/?lang=1\" target=\"_blank\" rel=\"noopener\">Aerobus (Malpensa-Bahnhof Mailand Hauptbahnhof)<\/a><\/span>&nbsp;&#8211; <span style=\"color: #0000ff;\"><a style=\"color: #0000ff;\" href=\"http:\/\/www.atb.bergamo.it\/ENG\/homepage.aspx\" target=\"_blank\" rel=\"noopener\">Airport Bus (Caravaggio-Bahnhof Bergamo)<\/a><\/span> &#8211; <span style=\"color: #0000ff;\"><a style=\"color: #0000ff;\" href=\"http:\/\/www.arriva.it\/en\/results\/-\/search?q=orari+brescia+verona&amp;redirecting=true&amp;freesearch=true\" target=\"_blank\" rel=\"noopener\">Bus-Leitung Montichiari-Desenzano-Sirmione<\/a><\/span><\/p>\n\n\n\n<p><strong>TAXI<\/strong><\/p>\n\n\n\n<p>Die Standorte der Taxis in Sirmione sind zwei: vor der Burg von Sirmione oder in Colombare Sirmione vor der Zentrale der Banco Popolare<\/p>\n\n\n\n<p>&#8211; Sirmione- Desenzano oder&nbsp;Sirmione-Peschiera : fast&nbsp;\u20ac 20<br>\n&#8211; Sirmione- Flughafen Verona Villafranca: fast \u20ac 65<br>\n&#8211; Sirmione- Flughafen Bergamo Orio al Serio :fast \u20ac 150<br>\n&#8211; Sirmione- Flughafen Milano Malpensa : fast \u20ac 270<\/p>\n\n\n\n<p>Unten die Karte, um nach Sirmione mit dem Auto<\/p>\n","protected":false},"excerpt":{"rendered":"<p>Sirmione zu reichen Auto, Bus, Taxi, Flugzeug Hotel in Sirmione ist f\u00fcnf [&hellip;]<\/p>\n","protected":false},"author":4,"featured_media":0,"parent":979,"menu_order":32,"comment_status":"open","ping_status":"open","template":"","meta":{"footnotes":""},"class_list":["post-1099","page","type-page","status-publish","hentry"],"yoast_head":"<!-- This site is optimized with the Yoast SEO plugin v27.5 - https:\/\/yoast.com\/product\/yoast-seo-wordpress\/ -->\n<title>Sirmione zu reichen Hotel in Sirmione<\/title>\n<meta name=\"description\" content=\"Sirmione zu reichen und Hotels in Sirmione mit Auto, Zug, Flugzeug, Bus\" \/>\n<meta name=\"robots\" content=\"index, follow, max-snippet:-1, max-image-preview:large, max-video-preview:-1\" \/>\n<link rel=\"canonical\" href=\"https:\/\/www.hotel-in-sirmione.it\/de\/hotel-sirmione\/sirmione-zu-reichen\/\" \/>\n<meta property=\"og:locale\" content=\"de_DE\" \/>\n<meta property=\"og:type\" content=\"article\" \/>\n<meta property=\"og:title\" content=\"Sirmione zu reichen Hotel in Sirmione\" \/>\n<meta property=\"og:description\" content=\"Sirmione zu reichen und Hotels in Sirmione mit Auto, Zug, Flugzeug, Bus\" \/>\n<meta property=\"og:url\" content=\"https:\/\/www.hotel-in-sirmione.it\/de\/hotel-sirmione\/sirmione-zu-reichen\/\" \/>\n<meta property=\"og:site_name\" content=\"Hotel in Sirmione\" \/>\n<meta property=\"article:modified_time\" content=\"2023-04-18T14:29:21+00:00\" \/>\n<meta name=\"twitter:label1\" content=\"Est. reading time\" \/>\n\t<meta name=\"twitter:data1\" content=\"3 minutes\" \/>\n<script type=\"application\/ld+json\" class=\"yoast-schema-graph\">{\"@context\":\"https:\\\/\\\/schema.org\",\"@graph\":[{\"@type\":\"WebPage\",\"@id\":\"https:\\\/\\\/www.hotel-in-sirmione.it\\\/de\\\/hotel-sirmione\\\/sirmione-zu-reichen\\\/\",\"url\":\"https:\\\/\\\/www.hotel-in-sirmione.it\\\/de\\\/hotel-sirmione\\\/sirmione-zu-reichen\\\/\",\"name\":\"Sirmione zu reichen Hotel in Sirmione\",\"isPartOf\":{\"@id\":\"https:\\\/\\\/www.hotel-in-sirmione.it\\\/#website\"},\"datePublished\":\"2015-02-09T05:07:28+00:00\",\"dateModified\":\"2023-04-18T14:29:21+00:00\",\"description\":\"Sirmione zu reichen und Hotels in Sirmione mit Auto, Zug, Flugzeug, Bus\",\"breadcrumb\":{\"@id\":\"https:\\\/\\\/www.hotel-in-sirmione.it\\\/de\\\/hotel-sirmione\\\/sirmione-zu-reichen\\\/#breadcrumb\"},\"inLanguage\":\"de-DE\",\"potentialAction\":[{\"@type\":\"ReadAction\",\"target\":[\"https:\\\/\\\/www.hotel-in-sirmione.it\\\/de\\\/hotel-sirmione\\\/sirmione-zu-reichen\\\/\"]}]},{\"@type\":\"BreadcrumbList\",\"@id\":\"https:\\\/\\\/www.hotel-in-sirmione.it\\\/de\\\/hotel-sirmione\\\/sirmione-zu-reichen\\\/#breadcrumb\",\"itemListElement\":[{\"@type\":\"ListItem\",\"position\":1,\"name\":\"Home\",\"item\":\"https:\\\/\\\/www.hotel-in-sirmione.it\\\/de\\\/\"},{\"@type\":\"ListItem\",\"position\":2,\"name\":\"Hotel in Sirmione\",\"item\":\"https:\\\/\\\/www.hotel-in-sirmione.it\\\/de\\\/\"},{\"@type\":\"ListItem\",\"position\":3,\"name\":\"Sirmione zu reichen\"}]},{\"@type\":\"WebSite\",\"@id\":\"https:\\\/\\\/www.hotel-in-sirmione.it\\\/#website\",\"url\":\"https:\\\/\\\/www.hotel-in-sirmione.it\\\/\",\"name\":\"Hotel in Sirmione\",\"description\":\"Un nuovo sito targato WordPress\",\"potentialAction\":[{\"@type\":\"SearchAction\",\"target\":{\"@type\":\"EntryPoint\",\"urlTemplate\":\"https:\\\/\\\/www.hotel-in-sirmione.it\\\/?s={search_term_string}\"},\"query-input\":{\"@type\":\"PropertyValueSpecification\",\"valueRequired\":true,\"valueName\":\"search_term_string\"}}],\"inLanguage\":\"de-DE\"}]}<\/script>\n<!-- \/ Yoast SEO plugin. -->","yoast_head_json":{"title":"Sirmione zu reichen Hotel in Sirmione","description":"Sirmione zu reichen und Hotels in Sirmione mit Auto, Zug, Flugzeug, Bus","robots":{"index":"index","follow":"follow","max-snippet":"max-snippet:-1","max-image-preview":"max-image-preview:large","max-video-preview":"max-video-preview:-1"},"canonical":"https:\/\/www.hotel-in-sirmione.it\/de\/hotel-sirmione\/sirmione-zu-reichen\/","og_locale":"de_DE","og_type":"article","og_title":"Sirmione zu reichen Hotel in Sirmione","og_description":"Sirmione zu reichen und Hotels in Sirmione mit Auto, Zug, Flugzeug, Bus","og_url":"https:\/\/www.hotel-in-sirmione.it\/de\/hotel-sirmione\/sirmione-zu-reichen\/","og_site_name":"Hotel in Sirmione","article_modified_time":"2023-04-18T14:29:21+00:00","twitter_misc":{"Est. reading time":"3 minutes"},"schema":{"@context":"https:\/\/schema.org","@graph":[{"@type":"WebPage","@id":"https:\/\/www.hotel-in-sirmione.it\/de\/hotel-sirmione\/sirmione-zu-reichen\/","url":"https:\/\/www.hotel-in-sirmione.it\/de\/hotel-sirmione\/sirmione-zu-reichen\/","name":"Sirmione zu reichen Hotel in Sirmione","isPartOf":{"@id":"https:\/\/www.hotel-in-sirmione.it\/#website"},"datePublished":"2015-02-09T05:07:28+00:00","dateModified":"2023-04-18T14:29:21+00:00","description":"Sirmione zu reichen und Hotels in Sirmione mit Auto, Zug, Flugzeug, Bus","breadcrumb":{"@id":"https:\/\/www.hotel-in-sirmione.it\/de\/hotel-sirmione\/sirmione-zu-reichen\/#breadcrumb"},"inLanguage":"de-DE","potentialAction":[{"@type":"ReadAction","target":["https:\/\/www.hotel-in-sirmione.it\/de\/hotel-sirmione\/sirmione-zu-reichen\/"]}]},{"@type":"BreadcrumbList","@id":"https:\/\/www.hotel-in-sirmione.it\/de\/hotel-sirmione\/sirmione-zu-reichen\/#breadcrumb","itemListElement":[{"@type":"ListItem","position":1,"name":"Home","item":"https:\/\/www.hotel-in-sirmione.it\/de\/"},{"@type":"ListItem","position":2,"name":"Hotel in Sirmione","item":"https:\/\/www.hotel-in-sirmione.it\/de\/"},{"@type":"ListItem","position":3,"name":"Sirmione zu reichen"}]},{"@type":"WebSite","@id":"https:\/\/www.hotel-in-sirmione.it\/#website","url":"https:\/\/www.hotel-in-sirmione.it\/","name":"Hotel in Sirmione","description":"Un nuovo sito targato WordPress","potentialAction":[{"@type":"SearchAction","target":{"@type":"EntryPoint","urlTemplate":"https:\/\/www.hotel-in-sirmione.it\/?s={search_term_string}"},"query-input":{"@type":"PropertyValueSpecification","valueRequired":true,"valueName":"search_term_string"}}],"inLanguage":"de-DE"}]}},"_links":{"self":[{"href":"https:\/\/www.hotel-in-sirmione.it\/de\/wp-json\/wp\/v2\/pages\/1099","targetHints":{"allow":["GET"]}}],"collection":[{"href":"https:\/\/www.hotel-in-sirmione.it\/de\/wp-json\/wp\/v2\/pages"}],"about":[{"href":"https:\/\/www.hotel-in-sirmione.it\/de\/wp-json\/wp\/v2\/types\/page"}],"author":[{"embeddable":true,"href":"https:\/\/www.hotel-in-sirmione.it\/de\/wp-json\/wp\/v2\/users\/4"}],"replies":[{"embeddable":true,"href":"https:\/\/www.hotel-in-sirmione.it\/de\/wp-json\/wp\/v2\/comments?post=1099"}],"version-history":[{"count":4,"href":"https:\/\/www.hotel-in-sirmione.it\/de\/wp-json\/wp\/v2\/pages\/1099\/revisions"}],"predecessor-version":[{"id":4975,"href":"https:\/\/www.hotel-in-sirmione.it\/de\/wp-json\/wp\/v2\/pages\/1099\/revisions\/4975"}],"up":[{"embeddable":true,"href":"https:\/\/www.hotel-in-sirmione.it\/de\/wp-json\/wp\/v2\/pages\/979"}],"wp:attachment":[{"href":"https:\/\/www.hotel-in-sirmione.it\/de\/wp-json\/wp\/v2\/media?parent=1099"}],"curies":[{"name":"wp","href":"https:\/\/api.w.org\/{rel}","templated":true}]}}