{"id":1026,"date":"2015-02-07T05:13:42","date_gmt":"2015-02-07T04:13:42","guid":{"rendered":"https:\/\/www.hotel-in-sirmione.it\/?page_id=1026"},"modified":"2023-04-18T16:29:24","modified_gmt":"2023-04-18T14:29:24","slug":"hoteldienst","status":"publish","type":"page","link":"https:\/\/www.hotel-in-sirmione.it\/de\/hotel-sirmione\/hoteldienst\/","title":{"rendered":"Hoteldienst"},"content":{"rendered":"\n<h3 class=\"wp-block-heading\">Hoteldienst&nbsp;in Sirmione<\/h3>\n\n\n\n<p>Neben der g\u00fcnstigen Lage, nur einen kurzen Spaziergang von der Altstadt entfernt, und wir k\u00f6nnen einfach in das Auto ohne Einschr\u00e4nkungen, in nosti Hotel gibt verschiedene Dienste, die Sie ausschlie\u00dflich f\u00fcr Ihre Entspannung denken lassen<\/p>\n\n\n\n<p>&#8211; Private Parkpl\u00e4tze und ausreichend kostenlose<br>\n&#8211; Kostenloser WLAN in den Zimmern und in den Gemeinschaftsbereichen<br>\n&#8211; Reservierung Mietwagen, Mietwagen mit Fahrer<br>\n&#8211; Reservation Transfer von \/ zu den Flugh\u00e4fen<br>\n&#8211; Gr\u00fcne Oase mit bequemen Liegen ausgestattet, um auf dem See zu entspannen<br>\n&#8211; Kiosk-Bar mit einem kleinen Restaurant im Garten am See<br>\n&#8211; Kleine Bibliothek Kostenlose Mehrsprachige<br>\n&#8211; Reservation Tour auf den See und die wichtigsten touristischen Ziele in der Hotel<br>\n&#8211; Tickets bestellen Arena di Verona<\/p>\n\n\n\n<h4 class=\"wp-block-heading\">F\u00fcr Sport-Bike<\/h4>\n\n\n\n<p>&#8211; W\u00e4scheservice in 24h<br>\n&#8211; Fahrr\u00e4der f\u00fcr kleine Tour in der N\u00e4he verf\u00fcgbar<br>\n&#8211; Mieten Sie ein Mountainbike und Rennrad-Qualit\u00e4t *<br>\n&#8211; Caf\u00e9<br>\n&#8211; Sichere Lagerung<br>\n&#8211; Karten Fahrrad-Routen in der Umgebung<br>\n&#8211; Mechanische Anordnung in der N\u00e4he<br>\n&#8211; Kostenlose Strandt\u00fccher<\/p>\n\n\n\n<h3 class=\"wp-block-heading\">Reisen mit Hund<\/h3>\n\n\n\n<p>in unserem Hotel Hunde kleiner und mittlerer Gr\u00f6\u00dfe sind willkommen, folgen Sie einfach ein paar einfache Regeln des Gemeinschaftslebens und Bildung; Restaurant, Fr\u00fchst\u00fccksraum und der Pool sind nicht zug\u00e4nglich, um sie, w\u00e4hrend im Garten einfach halten sie an der Leine.<\/p>\n\n\n\n<p>Sie finden sie in den Raum zu finden: Sch\u00fcsseln f\u00fcr Wasser und Lebensmittel, Matte, kleinen Vorrat an Toilettentaschen. F\u00fcr andere Bed\u00fcrfnisse zus\u00e4tzliche, k\u00f6nnen wir Ihnen in unserem Ladengesch\u00e4ft zeigen<\/p>\n\n\n\n<p>* Externe Servicegeb\u00fchr<\/p>\n","protected":false},"excerpt":{"rendered":"<p>Hoteldienst&nbsp;in Sirmione Neben der g\u00fcnstigen Lage, nur einen kurzen Spaziergang von der [&hellip;]<\/p>\n","protected":false},"author":4,"featured_media":0,"parent":979,"menu_order":96,"comment_status":"open","ping_status":"closed","template":"","meta":{"footnotes":""},"class_list":["post-1026","page","type-page","status-publish","hentry"],"yoast_head":"<!-- This site is optimized with the Yoast SEO plugin v27.4 - https:\/\/yoast.com\/product\/yoast-seo-wordpress\/ -->\n<title>Hoteldienst in der Hotel in Sirmione<\/title>\n<meta name=\"description\" content=\"Hoteldienst in Sirmione: Transfer, Mietwagen, MTB Fahrrad, W\u00e4scherei, Wi-Fi, Garten-Bar, Pool, Parkplatz, Hunde erlaubt\" \/>\n<meta name=\"robots\" content=\"index, follow, max-snippet:-1, max-image-preview:large, max-video-preview:-1\" \/>\n<link rel=\"canonical\" href=\"https:\/\/www.hotel-in-sirmione.it\/de\/hotel-sirmione\/hoteldienst\/\" \/>\n<meta property=\"og:locale\" content=\"de_DE\" \/>\n<meta property=\"og:type\" content=\"article\" \/>\n<meta property=\"og:title\" content=\"Hoteldienst in der Hotel in Sirmione\" \/>\n<meta property=\"og:description\" content=\"Hoteldienst in Sirmione: Transfer, Mietwagen, MTB Fahrrad, W\u00e4scherei, Wi-Fi, Garten-Bar, Pool, Parkplatz, Hunde erlaubt\" \/>\n<meta property=\"og:url\" content=\"https:\/\/www.hotel-in-sirmione.it\/de\/hotel-sirmione\/hoteldienst\/\" \/>\n<meta property=\"og:site_name\" content=\"Hotel in Sirmione\" \/>\n<meta property=\"article:modified_time\" content=\"2023-04-18T14:29:24+00:00\" \/>\n<meta name=\"twitter:label1\" content=\"Est. reading time\" \/>\n\t<meta name=\"twitter:data1\" content=\"2 minutes\" \/>\n<script type=\"application\/ld+json\" class=\"yoast-schema-graph\">{\"@context\":\"https:\\\/\\\/schema.org\",\"@graph\":[{\"@type\":\"WebPage\",\"@id\":\"https:\\\/\\\/www.hotel-in-sirmione.it\\\/de\\\/hotel-sirmione\\\/hoteldienst\\\/\",\"url\":\"https:\\\/\\\/www.hotel-in-sirmione.it\\\/de\\\/hotel-sirmione\\\/hoteldienst\\\/\",\"name\":\"Hoteldienst in der Hotel in Sirmione\",\"isPartOf\":{\"@id\":\"https:\\\/\\\/www.hotel-in-sirmione.it\\\/#website\"},\"datePublished\":\"2015-02-07T04:13:42+00:00\",\"dateModified\":\"2023-04-18T14:29:24+00:00\",\"description\":\"Hoteldienst in Sirmione: Transfer, Mietwagen, MTB Fahrrad, W\u00e4scherei, Wi-Fi, Garten-Bar, Pool, Parkplatz, Hunde erlaubt\",\"breadcrumb\":{\"@id\":\"https:\\\/\\\/www.hotel-in-sirmione.it\\\/de\\\/hotel-sirmione\\\/hoteldienst\\\/#breadcrumb\"},\"inLanguage\":\"de-DE\",\"potentialAction\":[{\"@type\":\"ReadAction\",\"target\":[\"https:\\\/\\\/www.hotel-in-sirmione.it\\\/de\\\/hotel-sirmione\\\/hoteldienst\\\/\"]}]},{\"@type\":\"BreadcrumbList\",\"@id\":\"https:\\\/\\\/www.hotel-in-sirmione.it\\\/de\\\/hotel-sirmione\\\/hoteldienst\\\/#breadcrumb\",\"itemListElement\":[{\"@type\":\"ListItem\",\"position\":1,\"name\":\"Home\",\"item\":\"https:\\\/\\\/www.hotel-in-sirmione.it\\\/de\\\/\"},{\"@type\":\"ListItem\",\"position\":2,\"name\":\"Hotel in Sirmione\",\"item\":\"https:\\\/\\\/www.hotel-in-sirmione.it\\\/de\\\/\"},{\"@type\":\"ListItem\",\"position\":3,\"name\":\"Hoteldienst\"}]},{\"@type\":\"WebSite\",\"@id\":\"https:\\\/\\\/www.hotel-in-sirmione.it\\\/#website\",\"url\":\"https:\\\/\\\/www.hotel-in-sirmione.it\\\/\",\"name\":\"Hotel in Sirmione\",\"description\":\"Un nuovo sito targato WordPress\",\"potentialAction\":[{\"@type\":\"SearchAction\",\"target\":{\"@type\":\"EntryPoint\",\"urlTemplate\":\"https:\\\/\\\/www.hotel-in-sirmione.it\\\/?s={search_term_string}\"},\"query-input\":{\"@type\":\"PropertyValueSpecification\",\"valueRequired\":true,\"valueName\":\"search_term_string\"}}],\"inLanguage\":\"de-DE\"}]}<\/script>\n<!-- \/ Yoast SEO plugin. -->","yoast_head_json":{"title":"Hoteldienst in der Hotel in Sirmione","description":"Hoteldienst in Sirmione: Transfer, Mietwagen, MTB Fahrrad, W\u00e4scherei, Wi-Fi, Garten-Bar, Pool, Parkplatz, Hunde erlaubt","robots":{"index":"index","follow":"follow","max-snippet":"max-snippet:-1","max-image-preview":"max-image-preview:large","max-video-preview":"max-video-preview:-1"},"canonical":"https:\/\/www.hotel-in-sirmione.it\/de\/hotel-sirmione\/hoteldienst\/","og_locale":"de_DE","og_type":"article","og_title":"Hoteldienst in der Hotel in Sirmione","og_description":"Hoteldienst in Sirmione: Transfer, Mietwagen, MTB Fahrrad, W\u00e4scherei, Wi-Fi, Garten-Bar, Pool, Parkplatz, Hunde erlaubt","og_url":"https:\/\/www.hotel-in-sirmione.it\/de\/hotel-sirmione\/hoteldienst\/","og_site_name":"Hotel in Sirmione","article_modified_time":"2023-04-18T14:29:24+00:00","twitter_misc":{"Est. reading time":"2 minutes"},"schema":{"@context":"https:\/\/schema.org","@graph":[{"@type":"WebPage","@id":"https:\/\/www.hotel-in-sirmione.it\/de\/hotel-sirmione\/hoteldienst\/","url":"https:\/\/www.hotel-in-sirmione.it\/de\/hotel-sirmione\/hoteldienst\/","name":"Hoteldienst in der Hotel in Sirmione","isPartOf":{"@id":"https:\/\/www.hotel-in-sirmione.it\/#website"},"datePublished":"2015-02-07T04:13:42+00:00","dateModified":"2023-04-18T14:29:24+00:00","description":"Hoteldienst in Sirmione: Transfer, Mietwagen, MTB Fahrrad, W\u00e4scherei, Wi-Fi, Garten-Bar, Pool, Parkplatz, Hunde erlaubt","breadcrumb":{"@id":"https:\/\/www.hotel-in-sirmione.it\/de\/hotel-sirmione\/hoteldienst\/#breadcrumb"},"inLanguage":"de-DE","potentialAction":[{"@type":"ReadAction","target":["https:\/\/www.hotel-in-sirmione.it\/de\/hotel-sirmione\/hoteldienst\/"]}]},{"@type":"BreadcrumbList","@id":"https:\/\/www.hotel-in-sirmione.it\/de\/hotel-sirmione\/hoteldienst\/#breadcrumb","itemListElement":[{"@type":"ListItem","position":1,"name":"Home","item":"https:\/\/www.hotel-in-sirmione.it\/de\/"},{"@type":"ListItem","position":2,"name":"Hotel in Sirmione","item":"https:\/\/www.hotel-in-sirmione.it\/de\/"},{"@type":"ListItem","position":3,"name":"Hoteldienst"}]},{"@type":"WebSite","@id":"https:\/\/www.hotel-in-sirmione.it\/#website","url":"https:\/\/www.hotel-in-sirmione.it\/","name":"Hotel in Sirmione","description":"Un nuovo sito targato WordPress","potentialAction":[{"@type":"SearchAction","target":{"@type":"EntryPoint","urlTemplate":"https:\/\/www.hotel-in-sirmione.it\/?s={search_term_string}"},"query-input":{"@type":"PropertyValueSpecification","valueRequired":true,"valueName":"search_term_string"}}],"inLanguage":"de-DE"}]}},"_links":{"self":[{"href":"https:\/\/www.hotel-in-sirmione.it\/de\/wp-json\/wp\/v2\/pages\/1026","targetHints":{"allow":["GET"]}}],"collection":[{"href":"https:\/\/www.hotel-in-sirmione.it\/de\/wp-json\/wp\/v2\/pages"}],"about":[{"href":"https:\/\/www.hotel-in-sirmione.it\/de\/wp-json\/wp\/v2\/types\/page"}],"author":[{"embeddable":true,"href":"https:\/\/www.hotel-in-sirmione.it\/de\/wp-json\/wp\/v2\/users\/4"}],"replies":[{"embeddable":true,"href":"https:\/\/www.hotel-in-sirmione.it\/de\/wp-json\/wp\/v2\/comments?post=1026"}],"version-history":[{"count":2,"href":"https:\/\/www.hotel-in-sirmione.it\/de\/wp-json\/wp\/v2\/pages\/1026\/revisions"}],"predecessor-version":[{"id":4977,"href":"https:\/\/www.hotel-in-sirmione.it\/de\/wp-json\/wp\/v2\/pages\/1026\/revisions\/4977"}],"up":[{"embeddable":true,"href":"https:\/\/www.hotel-in-sirmione.it\/de\/wp-json\/wp\/v2\/pages\/979"}],"wp:attachment":[{"href":"https:\/\/www.hotel-in-sirmione.it\/de\/wp-json\/wp\/v2\/media?parent=1026"}],"curies":[{"name":"wp","href":"https:\/\/api.w.org\/{rel}","templated":true}]}}