{"id":1019,"date":"2015-02-07T04:51:01","date_gmt":"2015-02-07T03:51:01","guid":{"rendered":"https:\/\/www.hotel-in-sirmione.it\/?page_id=1019"},"modified":"2023-04-18T16:29:41","modified_gmt":"2023-04-18T14:29:41","slug":"typische-gerichte-gardasee","status":"publish","type":"page","link":"https:\/\/www.hotel-in-sirmione.it\/de\/typische-gerichte-gardasee\/","title":{"rendered":"Typische Gerichte Gardasee"},"content":{"rendered":"\n<h3 class=\"wp-block-heading\">Typische Gerichte Gardasee, die K\u00fcche des Gardasees<\/h3>\n\n\n\n<p>Sirmione, im S\u00fcden des Gardasees, liegt an der Grenze zwischen Venetien, Lombardei und Mantua, bedeutet dies, dass nur wenige Kilometer Sie Gerichte der drei Provinzen finden;<br>\nam K\u00fcstenstreifen sind auf jeden Fall die Herren der Fische wie Felchen (Felchen), die Forelle, die d\u00fcstere, Hecht, Karpfen, Schleie, Sardinen und Aal und folgen, sind die Salami in den H\u00fcgeln, Tr\u00fcffel , Kastanien, Kr\u00e4utern des Monte Baldo, der Formaggella Tremosine, Fleisch Sala of Trentino, Bio-Gem\u00fcse von Grestatals, extra natives del Garda und das alles, den Wein zu sch\u00e4tzen wissen.<\/p>\n\n\n\n<p>Der Gardasee mit Sirmione, f\u00fcr lugana; Valtenesi f\u00fcr den Rotwein, der Groppello, die marzemino; die Mor\u00e4nenh\u00fcgel von Verona f\u00fcr Custoza, der Wein Bardolino und Bardolino Rotwein; Valpolicella, Amarone Valpolicella f\u00fcr die \u00dcberpr\u00fcfung, der Recioto; der Alto Garda mit dem Tal der Seen f\u00fcr den Vin Santo, der nosiola und Vallagarina f\u00fcr Marzemino, Grauburgunder, M\u00fcller-Thurgau, nicht weit Soave mit dem gleichen Namen und der Franciacorta Wein mit Blasen. In unserem Hotel in Sirmione finden viele der typischen Produkte in Garda: die typischen Weine wie Wein lugana, Wein Bardolino, Valpolicella Weine und Seefisch wie Forelle, Wei\u00dffisch, Hecht, Sardinen.<br>\nEinige typische Gerichte der Garda<\/p>\n\n\n\n<p>Casoncelli zu Brescia<\/p>\n\n\n\n<p>Risotto mit Spargel<\/p>\n\n\n\n<p>Stockfisch Brescia<\/p>\n\n\n\n<p>Perch del Garda, dem Garda Forelle, Mar\u00e4ne del Garda,<\/p>\n\n\n\n<p>Pike gardesana<\/p>\n\n\n\n<p>Sardinen in Sauce<\/p>\n\n\n\n<p>Spie\u00df nach Brescia<\/p>\n\n\n\n<p>Polenta<\/p>\n","protected":false},"excerpt":{"rendered":"<p>Typische Gerichte Gardasee, die K\u00fcche des Gardasees Sirmione, im S\u00fcden des Gardasees, [&hellip;]<\/p>\n","protected":false},"author":4,"featured_media":0,"parent":0,"menu_order":100,"comment_status":"open","ping_status":"open","template":"","meta":{"footnotes":""},"class_list":["post-1019","page","type-page","status-publish","hentry"],"yoast_head":"<!-- This site is optimized with the Yoast SEO plugin v27.5 - https:\/\/yoast.com\/product\/yoast-seo-wordpress\/ -->\n<title>Typische Gerichte Gardasee - Hotel in Sirmione<\/title>\n<meta name=\"description\" content=\"Typische Gerichte Gardasee - die K\u00fcche des Gardasees, Seefisch, das Men\u00fc unseres Hotel in Sirmione immer finden Sie einige typische Gerichte der Garda.\" \/>\n<meta name=\"robots\" content=\"index, follow, max-snippet:-1, max-image-preview:large, max-video-preview:-1\" \/>\n<link rel=\"canonical\" href=\"https:\/\/www.hotel-in-sirmione.it\/de\/typische-gerichte-gardasee\/\" \/>\n<meta property=\"og:locale\" content=\"de_DE\" \/>\n<meta property=\"og:type\" content=\"article\" \/>\n<meta property=\"og:title\" content=\"Typische Gerichte Gardasee - Hotel in Sirmione\" \/>\n<meta property=\"og:description\" content=\"Typische Gerichte Gardasee - die K\u00fcche des Gardasees, Seefisch, das Men\u00fc unseres Hotel in Sirmione immer finden Sie einige typische Gerichte der Garda.\" \/>\n<meta property=\"og:url\" content=\"https:\/\/www.hotel-in-sirmione.it\/de\/typische-gerichte-gardasee\/\" \/>\n<meta property=\"og:site_name\" content=\"Hotel in Sirmione\" \/>\n<meta property=\"article:modified_time\" content=\"2023-04-18T14:29:41+00:00\" \/>\n<meta name=\"twitter:label1\" content=\"Est. reading time\" \/>\n\t<meta name=\"twitter:data1\" content=\"2 minutes\" \/>\n<script type=\"application\/ld+json\" class=\"yoast-schema-graph\">{\"@context\":\"https:\\\/\\\/schema.org\",\"@graph\":[{\"@type\":\"WebPage\",\"@id\":\"https:\\\/\\\/www.hotel-in-sirmione.it\\\/de\\\/typische-gerichte-gardasee\\\/\",\"url\":\"https:\\\/\\\/www.hotel-in-sirmione.it\\\/de\\\/typische-gerichte-gardasee\\\/\",\"name\":\"Typische Gerichte Gardasee - Hotel in Sirmione\",\"isPartOf\":{\"@id\":\"https:\\\/\\\/www.hotel-in-sirmione.it\\\/#website\"},\"datePublished\":\"2015-02-07T03:51:01+00:00\",\"dateModified\":\"2023-04-18T14:29:41+00:00\",\"description\":\"Typische Gerichte Gardasee - die K\u00fcche des Gardasees, Seefisch, das Men\u00fc unseres Hotel in Sirmione immer finden Sie einige typische Gerichte der Garda.\",\"breadcrumb\":{\"@id\":\"https:\\\/\\\/www.hotel-in-sirmione.it\\\/de\\\/typische-gerichte-gardasee\\\/#breadcrumb\"},\"inLanguage\":\"de-DE\",\"potentialAction\":[{\"@type\":\"ReadAction\",\"target\":[\"https:\\\/\\\/www.hotel-in-sirmione.it\\\/de\\\/typische-gerichte-gardasee\\\/\"]}]},{\"@type\":\"BreadcrumbList\",\"@id\":\"https:\\\/\\\/www.hotel-in-sirmione.it\\\/de\\\/typische-gerichte-gardasee\\\/#breadcrumb\",\"itemListElement\":[{\"@type\":\"ListItem\",\"position\":1,\"name\":\"Home\",\"item\":\"https:\\\/\\\/www.hotel-in-sirmione.it\\\/de\\\/\"},{\"@type\":\"ListItem\",\"position\":2,\"name\":\"Typische Gerichte Gardasee\"}]},{\"@type\":\"WebSite\",\"@id\":\"https:\\\/\\\/www.hotel-in-sirmione.it\\\/#website\",\"url\":\"https:\\\/\\\/www.hotel-in-sirmione.it\\\/\",\"name\":\"Hotel in Sirmione\",\"description\":\"Un nuovo sito targato WordPress\",\"potentialAction\":[{\"@type\":\"SearchAction\",\"target\":{\"@type\":\"EntryPoint\",\"urlTemplate\":\"https:\\\/\\\/www.hotel-in-sirmione.it\\\/?s={search_term_string}\"},\"query-input\":{\"@type\":\"PropertyValueSpecification\",\"valueRequired\":true,\"valueName\":\"search_term_string\"}}],\"inLanguage\":\"de-DE\"}]}<\/script>\n<!-- \/ Yoast SEO plugin. -->","yoast_head_json":{"title":"Typische Gerichte Gardasee - Hotel in Sirmione","description":"Typische Gerichte Gardasee - die K\u00fcche des Gardasees, Seefisch, das Men\u00fc unseres Hotel in Sirmione immer finden Sie einige typische Gerichte der Garda.","robots":{"index":"index","follow":"follow","max-snippet":"max-snippet:-1","max-image-preview":"max-image-preview:large","max-video-preview":"max-video-preview:-1"},"canonical":"https:\/\/www.hotel-in-sirmione.it\/de\/typische-gerichte-gardasee\/","og_locale":"de_DE","og_type":"article","og_title":"Typische Gerichte Gardasee - Hotel in Sirmione","og_description":"Typische Gerichte Gardasee - die K\u00fcche des Gardasees, Seefisch, das Men\u00fc unseres Hotel in Sirmione immer finden Sie einige typische Gerichte der Garda.","og_url":"https:\/\/www.hotel-in-sirmione.it\/de\/typische-gerichte-gardasee\/","og_site_name":"Hotel in Sirmione","article_modified_time":"2023-04-18T14:29:41+00:00","twitter_misc":{"Est. reading time":"2 minutes"},"schema":{"@context":"https:\/\/schema.org","@graph":[{"@type":"WebPage","@id":"https:\/\/www.hotel-in-sirmione.it\/de\/typische-gerichte-gardasee\/","url":"https:\/\/www.hotel-in-sirmione.it\/de\/typische-gerichte-gardasee\/","name":"Typische Gerichte Gardasee - Hotel in Sirmione","isPartOf":{"@id":"https:\/\/www.hotel-in-sirmione.it\/#website"},"datePublished":"2015-02-07T03:51:01+00:00","dateModified":"2023-04-18T14:29:41+00:00","description":"Typische Gerichte Gardasee - die K\u00fcche des Gardasees, Seefisch, das Men\u00fc unseres Hotel in Sirmione immer finden Sie einige typische Gerichte der Garda.","breadcrumb":{"@id":"https:\/\/www.hotel-in-sirmione.it\/de\/typische-gerichte-gardasee\/#breadcrumb"},"inLanguage":"de-DE","potentialAction":[{"@type":"ReadAction","target":["https:\/\/www.hotel-in-sirmione.it\/de\/typische-gerichte-gardasee\/"]}]},{"@type":"BreadcrumbList","@id":"https:\/\/www.hotel-in-sirmione.it\/de\/typische-gerichte-gardasee\/#breadcrumb","itemListElement":[{"@type":"ListItem","position":1,"name":"Home","item":"https:\/\/www.hotel-in-sirmione.it\/de\/"},{"@type":"ListItem","position":2,"name":"Typische Gerichte Gardasee"}]},{"@type":"WebSite","@id":"https:\/\/www.hotel-in-sirmione.it\/#website","url":"https:\/\/www.hotel-in-sirmione.it\/","name":"Hotel in Sirmione","description":"Un nuovo sito targato WordPress","potentialAction":[{"@type":"SearchAction","target":{"@type":"EntryPoint","urlTemplate":"https:\/\/www.hotel-in-sirmione.it\/?s={search_term_string}"},"query-input":{"@type":"PropertyValueSpecification","valueRequired":true,"valueName":"search_term_string"}}],"inLanguage":"de-DE"}]}},"_links":{"self":[{"href":"https:\/\/www.hotel-in-sirmione.it\/de\/wp-json\/wp\/v2\/pages\/1019","targetHints":{"allow":["GET"]}}],"collection":[{"href":"https:\/\/www.hotel-in-sirmione.it\/de\/wp-json\/wp\/v2\/pages"}],"about":[{"href":"https:\/\/www.hotel-in-sirmione.it\/de\/wp-json\/wp\/v2\/types\/page"}],"author":[{"embeddable":true,"href":"https:\/\/www.hotel-in-sirmione.it\/de\/wp-json\/wp\/v2\/users\/4"}],"replies":[{"embeddable":true,"href":"https:\/\/www.hotel-in-sirmione.it\/de\/wp-json\/wp\/v2\/comments?post=1019"}],"version-history":[{"count":2,"href":"https:\/\/www.hotel-in-sirmione.it\/de\/wp-json\/wp\/v2\/pages\/1019\/revisions"}],"predecessor-version":[{"id":4988,"href":"https:\/\/www.hotel-in-sirmione.it\/de\/wp-json\/wp\/v2\/pages\/1019\/revisions\/4988"}],"wp:attachment":[{"href":"https:\/\/www.hotel-in-sirmione.it\/de\/wp-json\/wp\/v2\/media?parent=1019"}],"curies":[{"name":"wp","href":"https:\/\/api.w.org\/{rel}","templated":true}]}}