{"id":1016,"date":"2015-02-07T04:40:47","date_gmt":"2015-02-07T03:40:47","guid":{"rendered":"https:\/\/www.hotel-in-sirmione.it\/?page_id=1016"},"modified":"2023-04-18T16:29:38","modified_gmt":"2023-04-18T14:29:38","slug":"sirmione-umfeld","status":"publish","type":"page","link":"https:\/\/www.hotel-in-sirmione.it\/de\/sirmione-umfeld\/","title":{"rendered":"Sirmione Umfeld"},"content":{"rendered":"\n<h2 class=\"wp-block-heading\">Sirmione Umfeld besuchen<\/h2>\n\n\n\n<h5 class=\"wp-block-heading\">Sirmione liegt in der Mitte des Gardasees. Von hier kann man bequem jede Ortschaft am Gardasee und das Hinterland besuchen.<\/h5>\n\n\n\n<figure class=\"wp-block-image alignnone\"><a href=\"https:\/\/www.hotel-in-sirmione.it\/wp-content\/uploads\/2015\/01\/sirmione-dintorni-visitare-.jpg\"><img loading=\"lazy\" decoding=\"async\" width=\"620\" height=\"100\" src=\"https:\/\/www.hotel-in-sirmione.it\/wp-content\/uploads\/2015\/01\/sirmione-dintorni-visitare-.jpg\" alt=\"sirmione-dintorni-visitare\" class=\"wp-image-654\" srcset=\"https:\/\/www.hotel-in-sirmione.it\/wp-content\/uploads\/2015\/01\/sirmione-dintorni-visitare-.jpg 620w, https:\/\/www.hotel-in-sirmione.it\/wp-content\/uploads\/2015\/01\/sirmione-dintorni-visitare--300x48.jpg 300w\" sizes=\"auto, (max-width: 620px) 100vw, 620px\" \/><\/a><figcaption class=\"wp-element-caption\">Sirmione Umfeld besuchen<\/figcaption><\/figure>\n\n\n\n<p>Es bieten sich zahlreiche Tagesausfl\u00fcge zu den Themen Kultur und Natur an Der Gardasee bietet allerdings nicht nur Vergn\u00fcgungsparks wie Gardaland, Movieland und Canevaworld, sondern auch eine ausgezeichnete \u00d6nogastronomie mit all seinen typischen Weinen (Lugana, Valpolicella, Bardolino, Custoza, Vin Santo), sowie Geschichte mit der Republik von Sal\u00f2 und den Unabh\u00e4ngigkeitskriegen von San Martino della Battaglia und Pastrengo; Burgen, mittelalterliche Ortschaften und Museen wie die Burgen von Sirmione, Manerba, Malcesine und Arco, Peschiera, die Burg Lonato, Castellaro Lagusello, Valeggio sul Mincio, Borghetto sul Mincio, der Museumskomplex &#8220;Il Vittoriale&#8221;, Naturparks wie Mincio, Alto Garda, Monte Baldo, das Ledrotal, der Parco Natura Viva und der Parco Sigurt\u00e0. Sirmione und der Gardasee k\u00f6nnen das ganze Jahr \u00fcber besichtigt werden, da jede Jahreszeit einen anderen Aspekt des Sees zum Ausdruck bringt. Unsere Hotels in Sirmione sind sicherlich ein idealer Ausgangspunkt f\u00fcr eine Tour am Gardasee, f\u00fcr den Besuch der Ortschaften und der Parks.<\/p>\n","protected":false},"excerpt":{"rendered":"<p>Sirmione Umfeld besuchen Sirmione liegt in der Mitte des Gardasees. Von hier [&hellip;]<\/p>\n","protected":false},"author":4,"featured_media":0,"parent":0,"menu_order":67,"comment_status":"open","ping_status":"closed","template":"","meta":{"footnotes":""},"class_list":["post-1016","page","type-page","status-publish","hentry"],"yoast_head":"<!-- This site is optimized with the Yoast SEO plugin v27.5 - https:\/\/yoast.com\/product\/yoast-seo-wordpress\/ -->\n<title>Hotels in Sirmione f\u00fcr Besuch Sirmione Umfeld<\/title>\n<meta name=\"description\" content=\"Sirmione Umfeld, um die Naturparks, Garda Parks, Museen, historische St\u00e4tten, Burgen, Hotels in Sirmione sind in der Mitte von allem.\" \/>\n<meta name=\"robots\" content=\"index, follow, max-snippet:-1, max-image-preview:large, max-video-preview:-1\" \/>\n<link rel=\"canonical\" href=\"https:\/\/www.hotel-in-sirmione.it\/de\/sirmione-umfeld\/\" \/>\n<meta property=\"og:locale\" content=\"de_DE\" \/>\n<meta property=\"og:type\" content=\"article\" \/>\n<meta property=\"og:title\" content=\"Hotels in Sirmione f\u00fcr Besuch Sirmione Umfeld\" \/>\n<meta property=\"og:description\" content=\"Sirmione Umfeld, um die Naturparks, Garda Parks, Museen, historische St\u00e4tten, Burgen, Hotels in Sirmione sind in der Mitte von allem.\" \/>\n<meta property=\"og:url\" content=\"https:\/\/www.hotel-in-sirmione.it\/de\/sirmione-umfeld\/\" \/>\n<meta property=\"og:site_name\" content=\"Hotel in Sirmione\" \/>\n<meta property=\"article:modified_time\" content=\"2023-04-18T14:29:38+00:00\" \/>\n<meta property=\"og:image\" content=\"https:\/\/www.hotel-in-sirmione.it\/wp-content\/uploads\/2015\/01\/sirmione-dintorni-visitare-.jpg\" \/>\n<meta name=\"twitter:label1\" content=\"Est. reading time\" \/>\n\t<meta name=\"twitter:data1\" content=\"2 minutes\" \/>\n<script type=\"application\/ld+json\" class=\"yoast-schema-graph\">{\"@context\":\"https:\\\/\\\/schema.org\",\"@graph\":[{\"@type\":\"WebPage\",\"@id\":\"https:\\\/\\\/www.hotel-in-sirmione.it\\\/de\\\/sirmione-umfeld\\\/\",\"url\":\"https:\\\/\\\/www.hotel-in-sirmione.it\\\/de\\\/sirmione-umfeld\\\/\",\"name\":\"Hotels in Sirmione f\u00fcr Besuch Sirmione Umfeld\",\"isPartOf\":{\"@id\":\"https:\\\/\\\/www.hotel-in-sirmione.it\\\/#website\"},\"primaryImageOfPage\":{\"@id\":\"https:\\\/\\\/www.hotel-in-sirmione.it\\\/de\\\/sirmione-umfeld\\\/#primaryimage\"},\"image\":{\"@id\":\"https:\\\/\\\/www.hotel-in-sirmione.it\\\/de\\\/sirmione-umfeld\\\/#primaryimage\"},\"thumbnailUrl\":\"https:\\\/\\\/www.hotel-in-sirmione.it\\\/wp-content\\\/uploads\\\/2015\\\/01\\\/sirmione-dintorni-visitare-.jpg\",\"datePublished\":\"2015-02-07T03:40:47+00:00\",\"dateModified\":\"2023-04-18T14:29:38+00:00\",\"description\":\"Sirmione Umfeld, um die Naturparks, Garda Parks, Museen, historische St\u00e4tten, Burgen, Hotels in Sirmione sind in der Mitte von allem.\",\"breadcrumb\":{\"@id\":\"https:\\\/\\\/www.hotel-in-sirmione.it\\\/de\\\/sirmione-umfeld\\\/#breadcrumb\"},\"inLanguage\":\"de-DE\",\"potentialAction\":[{\"@type\":\"ReadAction\",\"target\":[\"https:\\\/\\\/www.hotel-in-sirmione.it\\\/de\\\/sirmione-umfeld\\\/\"]}]},{\"@type\":\"ImageObject\",\"inLanguage\":\"de-DE\",\"@id\":\"https:\\\/\\\/www.hotel-in-sirmione.it\\\/de\\\/sirmione-umfeld\\\/#primaryimage\",\"url\":\"https:\\\/\\\/www.hotel-in-sirmione.it\\\/wp-content\\\/uploads\\\/2015\\\/01\\\/sirmione-dintorni-visitare-.jpg\",\"contentUrl\":\"https:\\\/\\\/www.hotel-in-sirmione.it\\\/wp-content\\\/uploads\\\/2015\\\/01\\\/sirmione-dintorni-visitare-.jpg\"},{\"@type\":\"BreadcrumbList\",\"@id\":\"https:\\\/\\\/www.hotel-in-sirmione.it\\\/de\\\/sirmione-umfeld\\\/#breadcrumb\",\"itemListElement\":[{\"@type\":\"ListItem\",\"position\":1,\"name\":\"Home\",\"item\":\"https:\\\/\\\/www.hotel-in-sirmione.it\\\/de\\\/\"},{\"@type\":\"ListItem\",\"position\":2,\"name\":\"Sirmione Umfeld\"}]},{\"@type\":\"WebSite\",\"@id\":\"https:\\\/\\\/www.hotel-in-sirmione.it\\\/#website\",\"url\":\"https:\\\/\\\/www.hotel-in-sirmione.it\\\/\",\"name\":\"Hotel in Sirmione\",\"description\":\"Un nuovo sito targato WordPress\",\"potentialAction\":[{\"@type\":\"SearchAction\",\"target\":{\"@type\":\"EntryPoint\",\"urlTemplate\":\"https:\\\/\\\/www.hotel-in-sirmione.it\\\/?s={search_term_string}\"},\"query-input\":{\"@type\":\"PropertyValueSpecification\",\"valueRequired\":true,\"valueName\":\"search_term_string\"}}],\"inLanguage\":\"de-DE\"}]}<\/script>\n<!-- \/ Yoast SEO plugin. -->","yoast_head_json":{"title":"Hotels in Sirmione f\u00fcr Besuch Sirmione Umfeld","description":"Sirmione Umfeld, um die Naturparks, Garda Parks, Museen, historische St\u00e4tten, Burgen, Hotels in Sirmione sind in der Mitte von allem.","robots":{"index":"index","follow":"follow","max-snippet":"max-snippet:-1","max-image-preview":"max-image-preview:large","max-video-preview":"max-video-preview:-1"},"canonical":"https:\/\/www.hotel-in-sirmione.it\/de\/sirmione-umfeld\/","og_locale":"de_DE","og_type":"article","og_title":"Hotels in Sirmione f\u00fcr Besuch Sirmione Umfeld","og_description":"Sirmione Umfeld, um die Naturparks, Garda Parks, Museen, historische St\u00e4tten, Burgen, Hotels in Sirmione sind in der Mitte von allem.","og_url":"https:\/\/www.hotel-in-sirmione.it\/de\/sirmione-umfeld\/","og_site_name":"Hotel in Sirmione","article_modified_time":"2023-04-18T14:29:38+00:00","og_image":[{"url":"https:\/\/www.hotel-in-sirmione.it\/wp-content\/uploads\/2015\/01\/sirmione-dintorni-visitare-.jpg","type":"","width":"","height":""}],"twitter_misc":{"Est. reading time":"2 minutes"},"schema":{"@context":"https:\/\/schema.org","@graph":[{"@type":"WebPage","@id":"https:\/\/www.hotel-in-sirmione.it\/de\/sirmione-umfeld\/","url":"https:\/\/www.hotel-in-sirmione.it\/de\/sirmione-umfeld\/","name":"Hotels in Sirmione f\u00fcr Besuch Sirmione Umfeld","isPartOf":{"@id":"https:\/\/www.hotel-in-sirmione.it\/#website"},"primaryImageOfPage":{"@id":"https:\/\/www.hotel-in-sirmione.it\/de\/sirmione-umfeld\/#primaryimage"},"image":{"@id":"https:\/\/www.hotel-in-sirmione.it\/de\/sirmione-umfeld\/#primaryimage"},"thumbnailUrl":"https:\/\/www.hotel-in-sirmione.it\/wp-content\/uploads\/2015\/01\/sirmione-dintorni-visitare-.jpg","datePublished":"2015-02-07T03:40:47+00:00","dateModified":"2023-04-18T14:29:38+00:00","description":"Sirmione Umfeld, um die Naturparks, Garda Parks, Museen, historische St\u00e4tten, Burgen, Hotels in Sirmione sind in der Mitte von allem.","breadcrumb":{"@id":"https:\/\/www.hotel-in-sirmione.it\/de\/sirmione-umfeld\/#breadcrumb"},"inLanguage":"de-DE","potentialAction":[{"@type":"ReadAction","target":["https:\/\/www.hotel-in-sirmione.it\/de\/sirmione-umfeld\/"]}]},{"@type":"ImageObject","inLanguage":"de-DE","@id":"https:\/\/www.hotel-in-sirmione.it\/de\/sirmione-umfeld\/#primaryimage","url":"https:\/\/www.hotel-in-sirmione.it\/wp-content\/uploads\/2015\/01\/sirmione-dintorni-visitare-.jpg","contentUrl":"https:\/\/www.hotel-in-sirmione.it\/wp-content\/uploads\/2015\/01\/sirmione-dintorni-visitare-.jpg"},{"@type":"BreadcrumbList","@id":"https:\/\/www.hotel-in-sirmione.it\/de\/sirmione-umfeld\/#breadcrumb","itemListElement":[{"@type":"ListItem","position":1,"name":"Home","item":"https:\/\/www.hotel-in-sirmione.it\/de\/"},{"@type":"ListItem","position":2,"name":"Sirmione Umfeld"}]},{"@type":"WebSite","@id":"https:\/\/www.hotel-in-sirmione.it\/#website","url":"https:\/\/www.hotel-in-sirmione.it\/","name":"Hotel in Sirmione","description":"Un nuovo sito targato WordPress","potentialAction":[{"@type":"SearchAction","target":{"@type":"EntryPoint","urlTemplate":"https:\/\/www.hotel-in-sirmione.it\/?s={search_term_string}"},"query-input":{"@type":"PropertyValueSpecification","valueRequired":true,"valueName":"search_term_string"}}],"inLanguage":"de-DE"}]}},"_links":{"self":[{"href":"https:\/\/www.hotel-in-sirmione.it\/de\/wp-json\/wp\/v2\/pages\/1016","targetHints":{"allow":["GET"]}}],"collection":[{"href":"https:\/\/www.hotel-in-sirmione.it\/de\/wp-json\/wp\/v2\/pages"}],"about":[{"href":"https:\/\/www.hotel-in-sirmione.it\/de\/wp-json\/wp\/v2\/types\/page"}],"author":[{"embeddable":true,"href":"https:\/\/www.hotel-in-sirmione.it\/de\/wp-json\/wp\/v2\/users\/4"}],"replies":[{"embeddable":true,"href":"https:\/\/www.hotel-in-sirmione.it\/de\/wp-json\/wp\/v2\/comments?post=1016"}],"version-history":[{"count":3,"href":"https:\/\/www.hotel-in-sirmione.it\/de\/wp-json\/wp\/v2\/pages\/1016\/revisions"}],"predecessor-version":[{"id":4986,"href":"https:\/\/www.hotel-in-sirmione.it\/de\/wp-json\/wp\/v2\/pages\/1016\/revisions\/4986"}],"wp:attachment":[{"href":"https:\/\/www.hotel-in-sirmione.it\/de\/wp-json\/wp\/v2\/media?parent=1016"}],"curies":[{"name":"wp","href":"https:\/\/api.w.org\/{rel}","templated":true}]}}