{"id":1012,"date":"2015-02-07T04:25:00","date_gmt":"2015-02-07T03:25:00","guid":{"rendered":"https:\/\/www.hotel-in-sirmione.it\/?page_id=1012"},"modified":"2023-04-18T16:29:37","modified_gmt":"2023-04-18T14:29:37","slug":"golf-am-gardasee","status":"publish","type":"page","link":"https:\/\/www.hotel-in-sirmione.it\/de\/sport-am-gardasee\/golf-am-gardasee\/","title":{"rendered":"Golf am Gardasee"},"content":{"rendered":"\n<h4 class=\"wp-block-heading\">Golf am Gardasee, elf Golfpl\u00e4tze f\u00fcr den Geschmack eines jeden Golfers<\/h4>\n\n\n\n<p>Sirmione ist die perfekte Basis f\u00fcr einen Golfurlaub, befindet sich in einem Gebiet mit elf Golfpl\u00e4tzen, 18 bis 27 L\u00f6cher, zwischen Olivenb\u00e4umen und Blick auf den See, die jeweils in einer Landschaft anders und nach einem Tag auf dem Golfplatz, nichts Besseres, als einen gem\u00fctlichen Abend mit einer sch\u00f6nen Atmosph\u00e4re, wie sie von der Altstadt von Sirmione unter unz\u00e4hligen M\u00f6glichkeiten zum Einkaufen und romantischen Restaurants.<\/p>\n\n\n<p>[table id=1 \/]<\/p>\n\n\n\n<h5 class=\"wp-block-heading\">Dienstleistungen f\u00fcr Golfer<\/h5>\n\n\n\n<p>&#8211; Transferservice (gegen Aufpreis)<br>\n&#8211; Reservation Felder<br>\n&#8211; Golftaschenaufbewahrung<br>\n&#8211; Shop f\u00fcr Ausr\u00fcstung und Bekleidung<\/p>\n\n\n\n<figure class=\"wp-block-image alignnone\"><a href=\"https:\/\/www.hotel-in-sirmione.it\/wp-content\/uploads\/2015\/01\/golf-sul-garda-mappa.jpg\"><img loading=\"lazy\" decoding=\"async\" width=\"300\" height=\"221\" src=\"https:\/\/www.hotel-in-sirmione.it\/wp-content\/uploads\/2015\/01\/golf-sul-garda-mappa-300x221.jpg\" alt=\"golf-sul-garda-mappa\" class=\"wp-image-243\" srcset=\"https:\/\/www.hotel-in-sirmione.it\/wp-content\/uploads\/2015\/01\/golf-sul-garda-mappa-300x221.jpg 300w, https:\/\/www.hotel-in-sirmione.it\/wp-content\/uploads\/2015\/01\/golf-sul-garda-mappa-768x565.jpg 768w, https:\/\/www.hotel-in-sirmione.it\/wp-content\/uploads\/2015\/01\/golf-sul-garda-mappa.jpg 866w\" sizes=\"auto, (max-width: 300px) 100vw, 300px\" \/><\/a><figcaption class=\"wp-element-caption\">Karte von Golf am Gardasee<\/figcaption><\/figure>\n","protected":false},"excerpt":{"rendered":"<p>Golf am Gardasee, elf Golfpl\u00e4tze f\u00fcr den Geschmack eines jeden Golfers Sirmione [&hellip;]<\/p>\n","protected":false},"author":4,"featured_media":0,"parent":1008,"menu_order":91,"comment_status":"open","ping_status":"open","template":"","meta":{"footnotes":""},"class_list":["post-1012","page","type-page","status-publish","hentry"],"yoast_head":"<!-- This site is optimized with the Yoast SEO plugin v27.4 - https:\/\/yoast.com\/product\/yoast-seo-wordpress\/ -->\n<title>Golf am Gardasee - Hotel in Sirmione f\u00fcr Golfer<\/title>\n<meta name=\"description\" content=\"Golf am Gardasee - Hotels in Sirmione ist ideal f\u00fcr einen Golfurlaub am Gardasee, liegt in einem Gebiet mit elf Golfpl\u00e4tze\" \/>\n<meta name=\"robots\" content=\"index, follow, max-snippet:-1, max-image-preview:large, max-video-preview:-1\" \/>\n<link rel=\"canonical\" href=\"https:\/\/www.hotel-in-sirmione.it\/de\/sport-am-gardasee\/golf-am-gardasee\/\" \/>\n<meta property=\"og:locale\" content=\"de_DE\" \/>\n<meta property=\"og:type\" content=\"article\" \/>\n<meta property=\"og:title\" content=\"Golf am Gardasee - Hotel in Sirmione f\u00fcr Golfer\" \/>\n<meta property=\"og:description\" content=\"Golf am Gardasee - Hotels in Sirmione ist ideal f\u00fcr einen Golfurlaub am Gardasee, liegt in einem Gebiet mit elf Golfpl\u00e4tze\" \/>\n<meta property=\"og:url\" content=\"https:\/\/www.hotel-in-sirmione.it\/de\/sport-am-gardasee\/golf-am-gardasee\/\" \/>\n<meta property=\"og:site_name\" content=\"Hotel in Sirmione\" \/>\n<meta property=\"article:modified_time\" content=\"2023-04-18T14:29:37+00:00\" \/>\n<meta property=\"og:image\" content=\"https:\/\/www.hotel-in-sirmione.it\/wp-content\/uploads\/2015\/01\/golf-sul-garda-mappa-300x221.jpg\" \/>\n<meta name=\"twitter:label1\" content=\"Est. reading time\" \/>\n\t<meta name=\"twitter:data1\" content=\"1 minute\" \/>\n<script type=\"application\/ld+json\" class=\"yoast-schema-graph\">{\"@context\":\"https:\\\/\\\/schema.org\",\"@graph\":[{\"@type\":\"WebPage\",\"@id\":\"https:\\\/\\\/www.hotel-in-sirmione.it\\\/de\\\/sport-am-gardasee\\\/golf-am-gardasee\\\/\",\"url\":\"https:\\\/\\\/www.hotel-in-sirmione.it\\\/de\\\/sport-am-gardasee\\\/golf-am-gardasee\\\/\",\"name\":\"Golf am Gardasee - Hotel in Sirmione f\u00fcr Golfer\",\"isPartOf\":{\"@id\":\"https:\\\/\\\/www.hotel-in-sirmione.it\\\/#website\"},\"primaryImageOfPage\":{\"@id\":\"https:\\\/\\\/www.hotel-in-sirmione.it\\\/de\\\/sport-am-gardasee\\\/golf-am-gardasee\\\/#primaryimage\"},\"image\":{\"@id\":\"https:\\\/\\\/www.hotel-in-sirmione.it\\\/de\\\/sport-am-gardasee\\\/golf-am-gardasee\\\/#primaryimage\"},\"thumbnailUrl\":\"https:\\\/\\\/www.hotel-in-sirmione.it\\\/wp-content\\\/uploads\\\/2015\\\/01\\\/golf-sul-garda-mappa-300x221.jpg\",\"datePublished\":\"2015-02-07T03:25:00+00:00\",\"dateModified\":\"2023-04-18T14:29:37+00:00\",\"description\":\"Golf am Gardasee - Hotels in Sirmione ist ideal f\u00fcr einen Golfurlaub am Gardasee, liegt in einem Gebiet mit elf Golfpl\u00e4tze\",\"breadcrumb\":{\"@id\":\"https:\\\/\\\/www.hotel-in-sirmione.it\\\/de\\\/sport-am-gardasee\\\/golf-am-gardasee\\\/#breadcrumb\"},\"inLanguage\":\"de-DE\",\"potentialAction\":[{\"@type\":\"ReadAction\",\"target\":[\"https:\\\/\\\/www.hotel-in-sirmione.it\\\/de\\\/sport-am-gardasee\\\/golf-am-gardasee\\\/\"]}]},{\"@type\":\"ImageObject\",\"inLanguage\":\"de-DE\",\"@id\":\"https:\\\/\\\/www.hotel-in-sirmione.it\\\/de\\\/sport-am-gardasee\\\/golf-am-gardasee\\\/#primaryimage\",\"url\":\"https:\\\/\\\/www.hotel-in-sirmione.it\\\/wp-content\\\/uploads\\\/2015\\\/01\\\/golf-sul-garda-mappa-300x221.jpg\",\"contentUrl\":\"https:\\\/\\\/www.hotel-in-sirmione.it\\\/wp-content\\\/uploads\\\/2015\\\/01\\\/golf-sul-garda-mappa-300x221.jpg\"},{\"@type\":\"BreadcrumbList\",\"@id\":\"https:\\\/\\\/www.hotel-in-sirmione.it\\\/de\\\/sport-am-gardasee\\\/golf-am-gardasee\\\/#breadcrumb\",\"itemListElement\":[{\"@type\":\"ListItem\",\"position\":1,\"name\":\"Home\",\"item\":\"https:\\\/\\\/www.hotel-in-sirmione.it\\\/de\\\/\"},{\"@type\":\"ListItem\",\"position\":2,\"name\":\"Sport am Gardasee\",\"item\":\"https:\\\/\\\/www.hotel-in-sirmione.it\\\/de\\\/sport-am-gardasee\\\/\"},{\"@type\":\"ListItem\",\"position\":3,\"name\":\"Golf am Gardasee\"}]},{\"@type\":\"WebSite\",\"@id\":\"https:\\\/\\\/www.hotel-in-sirmione.it\\\/#website\",\"url\":\"https:\\\/\\\/www.hotel-in-sirmione.it\\\/\",\"name\":\"Hotel in Sirmione\",\"description\":\"Un nuovo sito targato WordPress\",\"potentialAction\":[{\"@type\":\"SearchAction\",\"target\":{\"@type\":\"EntryPoint\",\"urlTemplate\":\"https:\\\/\\\/www.hotel-in-sirmione.it\\\/?s={search_term_string}\"},\"query-input\":{\"@type\":\"PropertyValueSpecification\",\"valueRequired\":true,\"valueName\":\"search_term_string\"}}],\"inLanguage\":\"de-DE\"}]}<\/script>\n<!-- \/ Yoast SEO plugin. -->","yoast_head_json":{"title":"Golf am Gardasee - Hotel in Sirmione f\u00fcr Golfer","description":"Golf am Gardasee - Hotels in Sirmione ist ideal f\u00fcr einen Golfurlaub am Gardasee, liegt in einem Gebiet mit elf Golfpl\u00e4tze","robots":{"index":"index","follow":"follow","max-snippet":"max-snippet:-1","max-image-preview":"max-image-preview:large","max-video-preview":"max-video-preview:-1"},"canonical":"https:\/\/www.hotel-in-sirmione.it\/de\/sport-am-gardasee\/golf-am-gardasee\/","og_locale":"de_DE","og_type":"article","og_title":"Golf am Gardasee - Hotel in Sirmione f\u00fcr Golfer","og_description":"Golf am Gardasee - Hotels in Sirmione ist ideal f\u00fcr einen Golfurlaub am Gardasee, liegt in einem Gebiet mit elf Golfpl\u00e4tze","og_url":"https:\/\/www.hotel-in-sirmione.it\/de\/sport-am-gardasee\/golf-am-gardasee\/","og_site_name":"Hotel in Sirmione","article_modified_time":"2023-04-18T14:29:37+00:00","og_image":[{"url":"https:\/\/www.hotel-in-sirmione.it\/wp-content\/uploads\/2015\/01\/golf-sul-garda-mappa-300x221.jpg","type":"","width":"","height":""}],"twitter_misc":{"Est. reading time":"1 minute"},"schema":{"@context":"https:\/\/schema.org","@graph":[{"@type":"WebPage","@id":"https:\/\/www.hotel-in-sirmione.it\/de\/sport-am-gardasee\/golf-am-gardasee\/","url":"https:\/\/www.hotel-in-sirmione.it\/de\/sport-am-gardasee\/golf-am-gardasee\/","name":"Golf am Gardasee - Hotel in Sirmione f\u00fcr Golfer","isPartOf":{"@id":"https:\/\/www.hotel-in-sirmione.it\/#website"},"primaryImageOfPage":{"@id":"https:\/\/www.hotel-in-sirmione.it\/de\/sport-am-gardasee\/golf-am-gardasee\/#primaryimage"},"image":{"@id":"https:\/\/www.hotel-in-sirmione.it\/de\/sport-am-gardasee\/golf-am-gardasee\/#primaryimage"},"thumbnailUrl":"https:\/\/www.hotel-in-sirmione.it\/wp-content\/uploads\/2015\/01\/golf-sul-garda-mappa-300x221.jpg","datePublished":"2015-02-07T03:25:00+00:00","dateModified":"2023-04-18T14:29:37+00:00","description":"Golf am Gardasee - Hotels in Sirmione ist ideal f\u00fcr einen Golfurlaub am Gardasee, liegt in einem Gebiet mit elf Golfpl\u00e4tze","breadcrumb":{"@id":"https:\/\/www.hotel-in-sirmione.it\/de\/sport-am-gardasee\/golf-am-gardasee\/#breadcrumb"},"inLanguage":"de-DE","potentialAction":[{"@type":"ReadAction","target":["https:\/\/www.hotel-in-sirmione.it\/de\/sport-am-gardasee\/golf-am-gardasee\/"]}]},{"@type":"ImageObject","inLanguage":"de-DE","@id":"https:\/\/www.hotel-in-sirmione.it\/de\/sport-am-gardasee\/golf-am-gardasee\/#primaryimage","url":"https:\/\/www.hotel-in-sirmione.it\/wp-content\/uploads\/2015\/01\/golf-sul-garda-mappa-300x221.jpg","contentUrl":"https:\/\/www.hotel-in-sirmione.it\/wp-content\/uploads\/2015\/01\/golf-sul-garda-mappa-300x221.jpg"},{"@type":"BreadcrumbList","@id":"https:\/\/www.hotel-in-sirmione.it\/de\/sport-am-gardasee\/golf-am-gardasee\/#breadcrumb","itemListElement":[{"@type":"ListItem","position":1,"name":"Home","item":"https:\/\/www.hotel-in-sirmione.it\/de\/"},{"@type":"ListItem","position":2,"name":"Sport am Gardasee","item":"https:\/\/www.hotel-in-sirmione.it\/de\/sport-am-gardasee\/"},{"@type":"ListItem","position":3,"name":"Golf am Gardasee"}]},{"@type":"WebSite","@id":"https:\/\/www.hotel-in-sirmione.it\/#website","url":"https:\/\/www.hotel-in-sirmione.it\/","name":"Hotel in Sirmione","description":"Un nuovo sito targato WordPress","potentialAction":[{"@type":"SearchAction","target":{"@type":"EntryPoint","urlTemplate":"https:\/\/www.hotel-in-sirmione.it\/?s={search_term_string}"},"query-input":{"@type":"PropertyValueSpecification","valueRequired":true,"valueName":"search_term_string"}}],"inLanguage":"de-DE"}]}},"_links":{"self":[{"href":"https:\/\/www.hotel-in-sirmione.it\/de\/wp-json\/wp\/v2\/pages\/1012","targetHints":{"allow":["GET"]}}],"collection":[{"href":"https:\/\/www.hotel-in-sirmione.it\/de\/wp-json\/wp\/v2\/pages"}],"about":[{"href":"https:\/\/www.hotel-in-sirmione.it\/de\/wp-json\/wp\/v2\/types\/page"}],"author":[{"embeddable":true,"href":"https:\/\/www.hotel-in-sirmione.it\/de\/wp-json\/wp\/v2\/users\/4"}],"replies":[{"embeddable":true,"href":"https:\/\/www.hotel-in-sirmione.it\/de\/wp-json\/wp\/v2\/comments?post=1012"}],"version-history":[{"count":3,"href":"https:\/\/www.hotel-in-sirmione.it\/de\/wp-json\/wp\/v2\/pages\/1012\/revisions"}],"predecessor-version":[{"id":4985,"href":"https:\/\/www.hotel-in-sirmione.it\/de\/wp-json\/wp\/v2\/pages\/1012\/revisions\/4985"}],"up":[{"embeddable":true,"href":"https:\/\/www.hotel-in-sirmione.it\/de\/wp-json\/wp\/v2\/pages\/1008"}],"wp:attachment":[{"href":"https:\/\/www.hotel-in-sirmione.it\/de\/wp-json\/wp\/v2\/media?parent=1012"}],"curies":[{"name":"wp","href":"https:\/\/api.w.org\/{rel}","templated":true}]}}