{"id":1008,"date":"2015-02-07T04:04:33","date_gmt":"2015-02-07T03:04:33","guid":{"rendered":"https:\/\/www.hotel-in-sirmione.it\/?page_id=1008"},"modified":"2023-04-18T16:29:33","modified_gmt":"2023-04-18T14:29:33","slug":"sport-am-gardasee","status":"publish","type":"page","link":"https:\/\/www.hotel-in-sirmione.it\/de\/sport-am-gardasee\/","title":{"rendered":"Sport am Gardasee"},"content":{"rendered":"\n<h5 class=\"wp-block-heading\">Sirmione ist die perfekte Basis f\u00fcr einen erholsamen Urlaub und Sport am Gardasee f\u00fcr jedes Alter, macht seine Lage ist strategisch, um die Bed\u00fcrfnisse eines jeden Touristen Sportarten erf\u00fcllen.<\/h5>\n\n\n\n<figure class=\"wp-block-image alignnone\"><a href=\"https:\/\/www.hotel-in-sirmione.it\/wp-content\/uploads\/2015\/01\/line-sport.jpg\"><img loading=\"lazy\" decoding=\"async\" width=\"620\" height=\"100\" src=\"https:\/\/www.hotel-in-sirmione.it\/wp-content\/uploads\/2015\/01\/line-sport.jpg\" alt=\"Sport sul Garda\" class=\"wp-image-288\" srcset=\"https:\/\/www.hotel-in-sirmione.it\/wp-content\/uploads\/2015\/01\/line-sport.jpg 620w, https:\/\/www.hotel-in-sirmione.it\/wp-content\/uploads\/2015\/01\/line-sport-300x48.jpg 300w\" sizes=\"auto, (max-width: 620px) 100vw, 620px\" \/><\/a><figcaption class=\"wp-element-caption\">Sport am Gardasee<\/figcaption><\/figure>\n\n\n\n<p>F\u00fcr Golf, auch zwischen 11 Golfpl\u00e4tzen, die teilweise eingetaucht in einem einzigartigen Lebensraum, von Olivenb\u00e4umen und mit herrlichem Blick auf den Gardasee (unter die Besten der Garda Golf und Arzaga bekannt) umgeben ist; Joggen, bietet eine lange und angenehmen Spaziergang von der Altstadt mit Blick auf den See, der sich bis nach Desenzano und Peschiera Osten nach Westen; um den Garda Bike besuchen, dank der Mangel an steilen H\u00e4ngen, ist besonders geeignet f\u00fcr jede Ebene der Fahrer und bietet die M\u00f6glichkeit, Sirmione besuchen, die beide an der K\u00fcste und im Binnenbereich des Sees, wie die Mor\u00e4nenh\u00fcgel, Valtenesi, Ufer Mincio; f\u00fcr die Navigation gibt es eine Surf-Stadt Sirmione und anderen Segelzentren, wo Mieten Segel-und Windsurfer, Kanus oder Boote.<\/p>\n\n\n\n<p>Unsere Hotels in Sirmione sind in der Lage, den Golf del Garda zu erreichen, ausgehend itinerarai zum Mountainbiken und f\u00fcr die Navigation sind wir nah an dem Surfcenter Sirmione<\/p>\n","protected":false},"excerpt":{"rendered":"<p>Sirmione ist die perfekte Basis f\u00fcr einen erholsamen Urlaub und Sport am [&hellip;]<\/p>\n","protected":false},"author":4,"featured_media":0,"parent":0,"menu_order":76,"comment_status":"open","ping_status":"open","template":"","meta":{"footnotes":""},"class_list":["post-1008","page","type-page","status-publish","hentry"],"yoast_head":"<!-- This site is optimized with the Yoast SEO plugin v27.4 - https:\/\/yoast.com\/product\/yoast-seo-wordpress\/ -->\n<title>Sport am Gardasee - Hotel in Sirmione f\u00fcr den Sport<\/title>\n<meta name=\"description\" content=\"Sport am Gardasee - Hotels in Sirmione ist der perfekte Ausgangspunkt f\u00fcr einen Urlaub mit Sport am Gardasee, itinerari bici, barche a vela, canoa\" \/>\n<meta name=\"robots\" content=\"index, follow, max-snippet:-1, max-image-preview:large, max-video-preview:-1\" \/>\n<link rel=\"canonical\" href=\"https:\/\/www.hotel-in-sirmione.it\/de\/sport-am-gardasee\/\" \/>\n<meta property=\"og:locale\" content=\"de_DE\" \/>\n<meta property=\"og:type\" content=\"article\" \/>\n<meta property=\"og:title\" content=\"Sport am Gardasee - Hotel in Sirmione f\u00fcr den Sport\" \/>\n<meta property=\"og:description\" content=\"Sport am Gardasee - Hotels in Sirmione ist der perfekte Ausgangspunkt f\u00fcr einen Urlaub mit Sport am Gardasee, itinerari bici, barche a vela, canoa\" \/>\n<meta property=\"og:url\" content=\"https:\/\/www.hotel-in-sirmione.it\/de\/sport-am-gardasee\/\" \/>\n<meta property=\"og:site_name\" content=\"Hotel in Sirmione\" \/>\n<meta property=\"article:modified_time\" content=\"2023-04-18T14:29:33+00:00\" \/>\n<meta property=\"og:image\" content=\"https:\/\/www.hotel-in-sirmione.it\/wp-content\/uploads\/2015\/01\/line-sport.jpg\" \/>\n<meta name=\"twitter:label1\" content=\"Est. reading time\" \/>\n\t<meta name=\"twitter:data1\" content=\"2 minutes\" \/>\n<script type=\"application\/ld+json\" class=\"yoast-schema-graph\">{\"@context\":\"https:\\\/\\\/schema.org\",\"@graph\":[{\"@type\":\"WebPage\",\"@id\":\"https:\\\/\\\/www.hotel-in-sirmione.it\\\/de\\\/sport-am-gardasee\\\/\",\"url\":\"https:\\\/\\\/www.hotel-in-sirmione.it\\\/de\\\/sport-am-gardasee\\\/\",\"name\":\"Sport am Gardasee - Hotel in Sirmione f\u00fcr den Sport\",\"isPartOf\":{\"@id\":\"https:\\\/\\\/www.hotel-in-sirmione.it\\\/#website\"},\"primaryImageOfPage\":{\"@id\":\"https:\\\/\\\/www.hotel-in-sirmione.it\\\/de\\\/sport-am-gardasee\\\/#primaryimage\"},\"image\":{\"@id\":\"https:\\\/\\\/www.hotel-in-sirmione.it\\\/de\\\/sport-am-gardasee\\\/#primaryimage\"},\"thumbnailUrl\":\"https:\\\/\\\/www.hotel-in-sirmione.it\\\/wp-content\\\/uploads\\\/2015\\\/01\\\/line-sport.jpg\",\"datePublished\":\"2015-02-07T03:04:33+00:00\",\"dateModified\":\"2023-04-18T14:29:33+00:00\",\"description\":\"Sport am Gardasee - Hotels in Sirmione ist der perfekte Ausgangspunkt f\u00fcr einen Urlaub mit Sport am Gardasee, itinerari bici, barche a vela, canoa\",\"breadcrumb\":{\"@id\":\"https:\\\/\\\/www.hotel-in-sirmione.it\\\/de\\\/sport-am-gardasee\\\/#breadcrumb\"},\"inLanguage\":\"de-DE\",\"potentialAction\":[{\"@type\":\"ReadAction\",\"target\":[\"https:\\\/\\\/www.hotel-in-sirmione.it\\\/de\\\/sport-am-gardasee\\\/\"]}]},{\"@type\":\"ImageObject\",\"inLanguage\":\"de-DE\",\"@id\":\"https:\\\/\\\/www.hotel-in-sirmione.it\\\/de\\\/sport-am-gardasee\\\/#primaryimage\",\"url\":\"https:\\\/\\\/www.hotel-in-sirmione.it\\\/wp-content\\\/uploads\\\/2015\\\/01\\\/line-sport.jpg\",\"contentUrl\":\"https:\\\/\\\/www.hotel-in-sirmione.it\\\/wp-content\\\/uploads\\\/2015\\\/01\\\/line-sport.jpg\"},{\"@type\":\"BreadcrumbList\",\"@id\":\"https:\\\/\\\/www.hotel-in-sirmione.it\\\/de\\\/sport-am-gardasee\\\/#breadcrumb\",\"itemListElement\":[{\"@type\":\"ListItem\",\"position\":1,\"name\":\"Home\",\"item\":\"https:\\\/\\\/www.hotel-in-sirmione.it\\\/de\\\/\"},{\"@type\":\"ListItem\",\"position\":2,\"name\":\"Sport am Gardasee\"}]},{\"@type\":\"WebSite\",\"@id\":\"https:\\\/\\\/www.hotel-in-sirmione.it\\\/#website\",\"url\":\"https:\\\/\\\/www.hotel-in-sirmione.it\\\/\",\"name\":\"Hotel in Sirmione\",\"description\":\"Un nuovo sito targato WordPress\",\"potentialAction\":[{\"@type\":\"SearchAction\",\"target\":{\"@type\":\"EntryPoint\",\"urlTemplate\":\"https:\\\/\\\/www.hotel-in-sirmione.it\\\/?s={search_term_string}\"},\"query-input\":{\"@type\":\"PropertyValueSpecification\",\"valueRequired\":true,\"valueName\":\"search_term_string\"}}],\"inLanguage\":\"de-DE\"}]}<\/script>\n<!-- \/ Yoast SEO plugin. -->","yoast_head_json":{"title":"Sport am Gardasee - Hotel in Sirmione f\u00fcr den Sport","description":"Sport am Gardasee - Hotels in Sirmione ist der perfekte Ausgangspunkt f\u00fcr einen Urlaub mit Sport am Gardasee, itinerari bici, barche a vela, canoa","robots":{"index":"index","follow":"follow","max-snippet":"max-snippet:-1","max-image-preview":"max-image-preview:large","max-video-preview":"max-video-preview:-1"},"canonical":"https:\/\/www.hotel-in-sirmione.it\/de\/sport-am-gardasee\/","og_locale":"de_DE","og_type":"article","og_title":"Sport am Gardasee - Hotel in Sirmione f\u00fcr den Sport","og_description":"Sport am Gardasee - Hotels in Sirmione ist der perfekte Ausgangspunkt f\u00fcr einen Urlaub mit Sport am Gardasee, itinerari bici, barche a vela, canoa","og_url":"https:\/\/www.hotel-in-sirmione.it\/de\/sport-am-gardasee\/","og_site_name":"Hotel in Sirmione","article_modified_time":"2023-04-18T14:29:33+00:00","og_image":[{"url":"https:\/\/www.hotel-in-sirmione.it\/wp-content\/uploads\/2015\/01\/line-sport.jpg","type":"","width":"","height":""}],"twitter_misc":{"Est. reading time":"2 minutes"},"schema":{"@context":"https:\/\/schema.org","@graph":[{"@type":"WebPage","@id":"https:\/\/www.hotel-in-sirmione.it\/de\/sport-am-gardasee\/","url":"https:\/\/www.hotel-in-sirmione.it\/de\/sport-am-gardasee\/","name":"Sport am Gardasee - Hotel in Sirmione f\u00fcr den Sport","isPartOf":{"@id":"https:\/\/www.hotel-in-sirmione.it\/#website"},"primaryImageOfPage":{"@id":"https:\/\/www.hotel-in-sirmione.it\/de\/sport-am-gardasee\/#primaryimage"},"image":{"@id":"https:\/\/www.hotel-in-sirmione.it\/de\/sport-am-gardasee\/#primaryimage"},"thumbnailUrl":"https:\/\/www.hotel-in-sirmione.it\/wp-content\/uploads\/2015\/01\/line-sport.jpg","datePublished":"2015-02-07T03:04:33+00:00","dateModified":"2023-04-18T14:29:33+00:00","description":"Sport am Gardasee - Hotels in Sirmione ist der perfekte Ausgangspunkt f\u00fcr einen Urlaub mit Sport am Gardasee, itinerari bici, barche a vela, canoa","breadcrumb":{"@id":"https:\/\/www.hotel-in-sirmione.it\/de\/sport-am-gardasee\/#breadcrumb"},"inLanguage":"de-DE","potentialAction":[{"@type":"ReadAction","target":["https:\/\/www.hotel-in-sirmione.it\/de\/sport-am-gardasee\/"]}]},{"@type":"ImageObject","inLanguage":"de-DE","@id":"https:\/\/www.hotel-in-sirmione.it\/de\/sport-am-gardasee\/#primaryimage","url":"https:\/\/www.hotel-in-sirmione.it\/wp-content\/uploads\/2015\/01\/line-sport.jpg","contentUrl":"https:\/\/www.hotel-in-sirmione.it\/wp-content\/uploads\/2015\/01\/line-sport.jpg"},{"@type":"BreadcrumbList","@id":"https:\/\/www.hotel-in-sirmione.it\/de\/sport-am-gardasee\/#breadcrumb","itemListElement":[{"@type":"ListItem","position":1,"name":"Home","item":"https:\/\/www.hotel-in-sirmione.it\/de\/"},{"@type":"ListItem","position":2,"name":"Sport am Gardasee"}]},{"@type":"WebSite","@id":"https:\/\/www.hotel-in-sirmione.it\/#website","url":"https:\/\/www.hotel-in-sirmione.it\/","name":"Hotel in Sirmione","description":"Un nuovo sito targato WordPress","potentialAction":[{"@type":"SearchAction","target":{"@type":"EntryPoint","urlTemplate":"https:\/\/www.hotel-in-sirmione.it\/?s={search_term_string}"},"query-input":{"@type":"PropertyValueSpecification","valueRequired":true,"valueName":"search_term_string"}}],"inLanguage":"de-DE"}]}},"_links":{"self":[{"href":"https:\/\/www.hotel-in-sirmione.it\/de\/wp-json\/wp\/v2\/pages\/1008","targetHints":{"allow":["GET"]}}],"collection":[{"href":"https:\/\/www.hotel-in-sirmione.it\/de\/wp-json\/wp\/v2\/pages"}],"about":[{"href":"https:\/\/www.hotel-in-sirmione.it\/de\/wp-json\/wp\/v2\/types\/page"}],"author":[{"embeddable":true,"href":"https:\/\/www.hotel-in-sirmione.it\/de\/wp-json\/wp\/v2\/users\/4"}],"replies":[{"embeddable":true,"href":"https:\/\/www.hotel-in-sirmione.it\/de\/wp-json\/wp\/v2\/comments?post=1008"}],"version-history":[{"count":2,"href":"https:\/\/www.hotel-in-sirmione.it\/de\/wp-json\/wp\/v2\/pages\/1008\/revisions"}],"predecessor-version":[{"id":4983,"href":"https:\/\/www.hotel-in-sirmione.it\/de\/wp-json\/wp\/v2\/pages\/1008\/revisions\/4983"}],"wp:attachment":[{"href":"https:\/\/www.hotel-in-sirmione.it\/de\/wp-json\/wp\/v2\/media?parent=1008"}],"curies":[{"name":"wp","href":"https:\/\/api.w.org\/{rel}","templated":true}]}}