{"id":1003,"date":"2015-02-07T03:43:49","date_gmt":"2015-02-07T02:43:49","guid":{"rendered":"https:\/\/www.hotel-in-sirmione.it\/?page_id=1003"},"modified":"2023-04-18T16:29:29","modified_gmt":"2023-04-18T14:29:29","slug":"thermen-von-sirmione","status":"publish","type":"page","link":"https:\/\/www.hotel-in-sirmione.it\/de\/thermen-von-gardasee\/thermen-von-sirmione\/","title":{"rendered":"Thermen von Sirmione"},"content":{"rendered":"\n<h3 class=\"wp-block-heading\">Die Thermen von Sirmione sind in zwei Thermalzentren,<\/h3>\n\n\n\n<p>die Thermen Catull in der Altstadt, nur wenige Schritte von unserem Hotel in Sirmione und Vergil thermen in der Ortschaft Colombare etwa zwei Meilen von uns entfernt.<\/p>\n\n\n\n<p>Die&nbsp;Thermalzentren von Sirmione sind an zwei Stellen aktiv, das Thermen Catullo, die Thermen von Aquaria umfasst, in der Altstadt von Sirmione, zu Fu\u00df nur wenige Minuten von unserem Hotel in Sirmione und Thermen Virgil, nur heilende, in Colombare Sirmione, die etwa zwei Kilometer von unserem Hotel in Sirmione ist. Die Thermalb\u00e4der sind bekannt f\u00fcr die heilende Wirkung der Schwefelwasser reich an Mineralien, besonders geeignet f\u00fcr die Behandlung der Atemwege. Falls weitere Informationen \u00fcber die Pflege sollten Sie sich direkt an die Spas.<\/p>\n\n\n<div class=\"wp-block-image\">\n<figure class=\"alignleft\"><a href=\"https:\/\/www.hotel-in-sirmione.it\/wp-content\/uploads\/2015\/01\/terme-virgilio-sirmione.png\"><img decoding=\"async\" src=\"https:\/\/www.hotel-in-sirmione.it\/wp-content\/uploads\/2015\/01\/terme-virgilio-sirmione-150x150.png\" alt=\"Virgilio Terme di Sirmione\" class=\"wp-image-589\"\/><\/a><figcaption class=\"wp-element-caption\">Virgilio thermen von Sirmione<\/figcaption><\/figure><\/div>\n\n<div class=\"wp-block-image\">\n<figure class=\"alignleft\"><a href=\"https:\/\/www.hotel-in-sirmione.it\/wp-content\/uploads\/2015\/01\/terme-di-aquaria-logo.jpg\"><img loading=\"lazy\" decoding=\"async\" width=\"220\" height=\"134\" src=\"https:\/\/www.hotel-in-sirmione.it\/wp-content\/uploads\/2015\/01\/terme-di-aquaria-logo.jpg\" alt=\"Aquaria Terme di Sirmione\" class=\"wp-image-231\"\/><\/a><figcaption class=\"wp-element-caption\">Aquaria Thermen von Sirmione<\/figcaption><\/figure><\/div>","protected":false},"excerpt":{"rendered":"<p>Die Thermen von Sirmione sind in zwei Thermalzentren, die Thermen Catull in [&hellip;]<\/p>\n","protected":false},"author":4,"featured_media":234,"parent":997,"menu_order":62,"comment_status":"open","ping_status":"open","template":"","meta":{"footnotes":""},"class_list":["post-1003","page","type-page","status-publish","has-post-thumbnail","hentry"],"yoast_head":"<!-- This site is optimized with the Yoast SEO plugin v27.4 - https:\/\/yoast.com\/product\/yoast-seo-wordpress\/ -->\n<title>Thermen von Sirmione - Hotel in Sirmione<\/title>\n<meta name=\"description\" content=\"Thermen von Sirmione hat zwei Thermalzentren, Catullo in der Altstadt nur wenige Gehminuten von unserem Hotel in Sirmione und Virgil im Ortsteil Colombare\" \/>\n<meta name=\"robots\" content=\"index, follow, max-snippet:-1, max-image-preview:large, max-video-preview:-1\" \/>\n<link rel=\"canonical\" href=\"https:\/\/www.hotel-in-sirmione.it\/de\/thermen-von-gardasee\/thermen-von-sirmione\/\" \/>\n<meta property=\"og:locale\" content=\"de_DE\" \/>\n<meta property=\"og:type\" content=\"article\" \/>\n<meta property=\"og:title\" content=\"Thermen von Sirmione - Hotel in Sirmione\" \/>\n<meta property=\"og:description\" content=\"Thermen von Sirmione hat zwei Thermalzentren, Catullo in der Altstadt nur wenige Gehminuten von unserem Hotel in Sirmione und Virgil im Ortsteil Colombare\" \/>\n<meta property=\"og:url\" content=\"https:\/\/www.hotel-in-sirmione.it\/de\/thermen-von-gardasee\/thermen-von-sirmione\/\" \/>\n<meta property=\"og:site_name\" content=\"Hotel in Sirmione\" \/>\n<meta property=\"article:modified_time\" content=\"2023-04-18T14:29:29+00:00\" \/>\n<meta property=\"og:image\" content=\"https:\/\/www.hotel-in-sirmione.it\/wp-content\/uploads\/2015\/01\/terme-di-sirmione-logo.jpg\" \/>\n\t<meta property=\"og:image:width\" content=\"303\" \/>\n\t<meta property=\"og:image:height\" content=\"212\" \/>\n\t<meta property=\"og:image:type\" content=\"image\/jpeg\" \/>\n<meta name=\"twitter:label1\" content=\"Est. reading time\" \/>\n\t<meta name=\"twitter:data1\" content=\"2 minutes\" \/>\n<script type=\"application\/ld+json\" class=\"yoast-schema-graph\">{\"@context\":\"https:\\\/\\\/schema.org\",\"@graph\":[{\"@type\":\"WebPage\",\"@id\":\"https:\\\/\\\/www.hotel-in-sirmione.it\\\/de\\\/thermen-von-gardasee\\\/thermen-von-sirmione\\\/\",\"url\":\"https:\\\/\\\/www.hotel-in-sirmione.it\\\/de\\\/thermen-von-gardasee\\\/thermen-von-sirmione\\\/\",\"name\":\"Thermen von Sirmione - Hotel in Sirmione\",\"isPartOf\":{\"@id\":\"https:\\\/\\\/www.hotel-in-sirmione.it\\\/#website\"},\"primaryImageOfPage\":{\"@id\":\"https:\\\/\\\/www.hotel-in-sirmione.it\\\/de\\\/thermen-von-gardasee\\\/thermen-von-sirmione\\\/#primaryimage\"},\"image\":{\"@id\":\"https:\\\/\\\/www.hotel-in-sirmione.it\\\/de\\\/thermen-von-gardasee\\\/thermen-von-sirmione\\\/#primaryimage\"},\"thumbnailUrl\":\"https:\\\/\\\/www.hotel-in-sirmione.it\\\/wp-content\\\/uploads\\\/2015\\\/01\\\/terme-di-sirmione-logo.jpg\",\"datePublished\":\"2015-02-07T02:43:49+00:00\",\"dateModified\":\"2023-04-18T14:29:29+00:00\",\"description\":\"Thermen von Sirmione hat zwei Thermalzentren, Catullo in der Altstadt nur wenige Gehminuten von unserem Hotel in Sirmione und Virgil im Ortsteil Colombare\",\"breadcrumb\":{\"@id\":\"https:\\\/\\\/www.hotel-in-sirmione.it\\\/de\\\/thermen-von-gardasee\\\/thermen-von-sirmione\\\/#breadcrumb\"},\"inLanguage\":\"de-DE\",\"potentialAction\":[{\"@type\":\"ReadAction\",\"target\":[\"https:\\\/\\\/www.hotel-in-sirmione.it\\\/de\\\/thermen-von-gardasee\\\/thermen-von-sirmione\\\/\"]}]},{\"@type\":\"ImageObject\",\"inLanguage\":\"de-DE\",\"@id\":\"https:\\\/\\\/www.hotel-in-sirmione.it\\\/de\\\/thermen-von-gardasee\\\/thermen-von-sirmione\\\/#primaryimage\",\"url\":\"https:\\\/\\\/www.hotel-in-sirmione.it\\\/wp-content\\\/uploads\\\/2015\\\/01\\\/terme-di-sirmione-logo.jpg\",\"contentUrl\":\"https:\\\/\\\/www.hotel-in-sirmione.it\\\/wp-content\\\/uploads\\\/2015\\\/01\\\/terme-di-sirmione-logo.jpg\",\"width\":303,\"height\":212,\"caption\":\"terme-di-sirmione\"},{\"@type\":\"BreadcrumbList\",\"@id\":\"https:\\\/\\\/www.hotel-in-sirmione.it\\\/de\\\/thermen-von-gardasee\\\/thermen-von-sirmione\\\/#breadcrumb\",\"itemListElement\":[{\"@type\":\"ListItem\",\"position\":1,\"name\":\"Home\",\"item\":\"https:\\\/\\\/www.hotel-in-sirmione.it\\\/de\\\/\"},{\"@type\":\"ListItem\",\"position\":2,\"name\":\"Thermen von Gardasee\",\"item\":\"https:\\\/\\\/www.hotel-in-sirmione.it\\\/de\\\/thermen-von-gardasee\\\/\"},{\"@type\":\"ListItem\",\"position\":3,\"name\":\"Thermen von Sirmione\"}]},{\"@type\":\"WebSite\",\"@id\":\"https:\\\/\\\/www.hotel-in-sirmione.it\\\/#website\",\"url\":\"https:\\\/\\\/www.hotel-in-sirmione.it\\\/\",\"name\":\"Hotel in Sirmione\",\"description\":\"Un nuovo sito targato WordPress\",\"potentialAction\":[{\"@type\":\"SearchAction\",\"target\":{\"@type\":\"EntryPoint\",\"urlTemplate\":\"https:\\\/\\\/www.hotel-in-sirmione.it\\\/?s={search_term_string}\"},\"query-input\":{\"@type\":\"PropertyValueSpecification\",\"valueRequired\":true,\"valueName\":\"search_term_string\"}}],\"inLanguage\":\"de-DE\"}]}<\/script>\n<!-- \/ Yoast SEO plugin. -->","yoast_head_json":{"title":"Thermen von Sirmione - Hotel in Sirmione","description":"Thermen von Sirmione hat zwei Thermalzentren, Catullo in der Altstadt nur wenige Gehminuten von unserem Hotel in Sirmione und Virgil im Ortsteil Colombare","robots":{"index":"index","follow":"follow","max-snippet":"max-snippet:-1","max-image-preview":"max-image-preview:large","max-video-preview":"max-video-preview:-1"},"canonical":"https:\/\/www.hotel-in-sirmione.it\/de\/thermen-von-gardasee\/thermen-von-sirmione\/","og_locale":"de_DE","og_type":"article","og_title":"Thermen von Sirmione - Hotel in Sirmione","og_description":"Thermen von Sirmione hat zwei Thermalzentren, Catullo in der Altstadt nur wenige Gehminuten von unserem Hotel in Sirmione und Virgil im Ortsteil Colombare","og_url":"https:\/\/www.hotel-in-sirmione.it\/de\/thermen-von-gardasee\/thermen-von-sirmione\/","og_site_name":"Hotel in Sirmione","article_modified_time":"2023-04-18T14:29:29+00:00","og_image":[{"width":303,"height":212,"url":"https:\/\/www.hotel-in-sirmione.it\/wp-content\/uploads\/2015\/01\/terme-di-sirmione-logo.jpg","type":"image\/jpeg"}],"twitter_misc":{"Est. reading time":"2 minutes"},"schema":{"@context":"https:\/\/schema.org","@graph":[{"@type":"WebPage","@id":"https:\/\/www.hotel-in-sirmione.it\/de\/thermen-von-gardasee\/thermen-von-sirmione\/","url":"https:\/\/www.hotel-in-sirmione.it\/de\/thermen-von-gardasee\/thermen-von-sirmione\/","name":"Thermen von Sirmione - Hotel in Sirmione","isPartOf":{"@id":"https:\/\/www.hotel-in-sirmione.it\/#website"},"primaryImageOfPage":{"@id":"https:\/\/www.hotel-in-sirmione.it\/de\/thermen-von-gardasee\/thermen-von-sirmione\/#primaryimage"},"image":{"@id":"https:\/\/www.hotel-in-sirmione.it\/de\/thermen-von-gardasee\/thermen-von-sirmione\/#primaryimage"},"thumbnailUrl":"https:\/\/www.hotel-in-sirmione.it\/wp-content\/uploads\/2015\/01\/terme-di-sirmione-logo.jpg","datePublished":"2015-02-07T02:43:49+00:00","dateModified":"2023-04-18T14:29:29+00:00","description":"Thermen von Sirmione hat zwei Thermalzentren, Catullo in der Altstadt nur wenige Gehminuten von unserem Hotel in Sirmione und Virgil im Ortsteil Colombare","breadcrumb":{"@id":"https:\/\/www.hotel-in-sirmione.it\/de\/thermen-von-gardasee\/thermen-von-sirmione\/#breadcrumb"},"inLanguage":"de-DE","potentialAction":[{"@type":"ReadAction","target":["https:\/\/www.hotel-in-sirmione.it\/de\/thermen-von-gardasee\/thermen-von-sirmione\/"]}]},{"@type":"ImageObject","inLanguage":"de-DE","@id":"https:\/\/www.hotel-in-sirmione.it\/de\/thermen-von-gardasee\/thermen-von-sirmione\/#primaryimage","url":"https:\/\/www.hotel-in-sirmione.it\/wp-content\/uploads\/2015\/01\/terme-di-sirmione-logo.jpg","contentUrl":"https:\/\/www.hotel-in-sirmione.it\/wp-content\/uploads\/2015\/01\/terme-di-sirmione-logo.jpg","width":303,"height":212,"caption":"terme-di-sirmione"},{"@type":"BreadcrumbList","@id":"https:\/\/www.hotel-in-sirmione.it\/de\/thermen-von-gardasee\/thermen-von-sirmione\/#breadcrumb","itemListElement":[{"@type":"ListItem","position":1,"name":"Home","item":"https:\/\/www.hotel-in-sirmione.it\/de\/"},{"@type":"ListItem","position":2,"name":"Thermen von Gardasee","item":"https:\/\/www.hotel-in-sirmione.it\/de\/thermen-von-gardasee\/"},{"@type":"ListItem","position":3,"name":"Thermen von Sirmione"}]},{"@type":"WebSite","@id":"https:\/\/www.hotel-in-sirmione.it\/#website","url":"https:\/\/www.hotel-in-sirmione.it\/","name":"Hotel in Sirmione","description":"Un nuovo sito targato WordPress","potentialAction":[{"@type":"SearchAction","target":{"@type":"EntryPoint","urlTemplate":"https:\/\/www.hotel-in-sirmione.it\/?s={search_term_string}"},"query-input":{"@type":"PropertyValueSpecification","valueRequired":true,"valueName":"search_term_string"}}],"inLanguage":"de-DE"}]}},"_links":{"self":[{"href":"https:\/\/www.hotel-in-sirmione.it\/de\/wp-json\/wp\/v2\/pages\/1003","targetHints":{"allow":["GET"]}}],"collection":[{"href":"https:\/\/www.hotel-in-sirmione.it\/de\/wp-json\/wp\/v2\/pages"}],"about":[{"href":"https:\/\/www.hotel-in-sirmione.it\/de\/wp-json\/wp\/v2\/types\/page"}],"author":[{"embeddable":true,"href":"https:\/\/www.hotel-in-sirmione.it\/de\/wp-json\/wp\/v2\/users\/4"}],"replies":[{"embeddable":true,"href":"https:\/\/www.hotel-in-sirmione.it\/de\/wp-json\/wp\/v2\/comments?post=1003"}],"version-history":[{"count":2,"href":"https:\/\/www.hotel-in-sirmione.it\/de\/wp-json\/wp\/v2\/pages\/1003\/revisions"}],"predecessor-version":[{"id":4980,"href":"https:\/\/www.hotel-in-sirmione.it\/de\/wp-json\/wp\/v2\/pages\/1003\/revisions\/4980"}],"up":[{"embeddable":true,"href":"https:\/\/www.hotel-in-sirmione.it\/de\/wp-json\/wp\/v2\/pages\/997"}],"wp:featuredmedia":[{"embeddable":true,"href":"https:\/\/www.hotel-in-sirmione.it\/de\/wp-json\/wp\/v2\/media\/234"}],"wp:attachment":[{"href":"https:\/\/www.hotel-in-sirmione.it\/de\/wp-json\/wp\/v2\/media?parent=1003"}],"curies":[{"name":"wp","href":"https:\/\/api.w.org\/{rel}","templated":true}]}}