{"id":1001,"date":"2015-02-07T03:27:34","date_gmt":"2015-02-07T02:27:34","guid":{"rendered":"https:\/\/www.hotel-in-sirmione.it\/?page_id=1001"},"modified":"2023-04-18T16:29:30","modified_gmt":"2023-04-18T14:29:30","slug":"thermen-aquaria","status":"publish","type":"page","link":"https:\/\/www.hotel-in-sirmione.it\/de\/thermen-von-gardasee\/thermen-aquaria\/","title":{"rendered":"Thermen Aquaria"},"content":{"rendered":"\n<h3 class=\"wp-block-heading\">Die Thermen Aquaria sind der Thermalzentren von Sirmione<\/h3>\n\n\n\n<h5 class=\"wp-block-heading\">und Sie in den Sitz des Thermalzentren Catullo in historischen Zentrum von Sirmione, nur wenige Gehminuten mit zehn Minuten zu Fu\u00df von unserem Hotel in Sirmione sind.<\/h5>\n\n\n\n<p>Die Thermen Aquaria ist das Wohlbefinden und Entspannung Abschnitt der Therme von Sirmione, ist es eine gro\u00dfe Fl\u00e4che von rund 10.000 Quadratmetern f\u00fcr das Wohlbefinden von K\u00f6rper und Geist gewidmet, mit einem Pool, die einen sch\u00f6nen Blick auf den See bietet. Innerhalb der Spa k\u00f6nnen Sie die Vorteile der beiden Thermalbecken mit Whirlpool, Aroma-Farb, Brause Betten, von denen mehrere St\u00e4nde auf Wellness mit einer Vielzahl von Beauty-Behandlungen und Massagen gewidmet, alternativ k\u00f6nnen Sie auch einen modernen Fitnessraum nutzen zu nehmen.<br>\nF\u00fcr Anfragen, es gibt Berater zur Verf\u00fcgung, um Mitarbeiter der Terme von Sirmione, um die beste L\u00f6sung f\u00fcr jede Person und Notwendigkeit zu finden.<br>\nUnsere Hotel in Sirmione, die sich in der N\u00e4he Aquaria Spa Sirmione sind, mit der Therme verbunden und haben beide Rabatte, die einige Produkte von Therme von Sirmione.<\/p>\n\n\n<div class=\"wp-block-image\">\n<figure class=\"alignleft\"><a href=\"https:\/\/www.hotel-in-sirmione.it\/wp-content\/uploads\/2015\/01\/terme-aquaria-top.jpg\"><img loading=\"lazy\" decoding=\"async\" width=\"620\" height=\"100\" src=\"https:\/\/www.hotel-in-sirmione.it\/wp-content\/uploads\/2015\/01\/terme-aquaria-top.jpg\" alt=\"Terme di Aquaria Sirmione\" class=\"wp-image-343\" srcset=\"https:\/\/www.hotel-in-sirmione.it\/wp-content\/uploads\/2015\/01\/terme-aquaria-top.jpg 620w, https:\/\/www.hotel-in-sirmione.it\/wp-content\/uploads\/2015\/01\/terme-aquaria-top-300x48.jpg 300w\" sizes=\"auto, (max-width: 620px) 100vw, 620px\" \/><\/a><figcaption class=\"wp-element-caption\">Thermen Aquaria in Sirmione<\/figcaption><\/figure><\/div>","protected":false},"excerpt":{"rendered":"<p>Die Thermen Aquaria sind der Thermalzentren von Sirmione und Sie in den [&hellip;]<\/p>\n","protected":false},"author":4,"featured_media":231,"parent":997,"menu_order":41,"comment_status":"open","ping_status":"open","template":"","meta":{"footnotes":""},"class_list":["post-1001","page","type-page","status-publish","has-post-thumbnail","hentry"],"yoast_head":"<!-- This site is optimized with the Yoast SEO plugin v27.4 - https:\/\/yoast.com\/product\/yoast-seo-wordpress\/ -->\n<title>Thermen Aquaria - Hotel in Sirmione<\/title>\n<meta name=\"description\" content=\"Die Thermen Aquaria Terme di Sirmione befinden sich im historischen Zentrum und sind nur einen kurzen Spaziergang von unserem Hotel in Sirmione.\" \/>\n<meta name=\"robots\" content=\"index, follow, max-snippet:-1, max-image-preview:large, max-video-preview:-1\" \/>\n<link rel=\"canonical\" href=\"https:\/\/www.hotel-in-sirmione.it\/de\/thermen-von-gardasee\/thermen-aquaria\/\" \/>\n<meta property=\"og:locale\" content=\"de_DE\" \/>\n<meta property=\"og:type\" content=\"article\" \/>\n<meta property=\"og:title\" content=\"Thermen Aquaria - Hotel in Sirmione\" \/>\n<meta property=\"og:description\" content=\"Die Thermen Aquaria Terme di Sirmione befinden sich im historischen Zentrum und sind nur einen kurzen Spaziergang von unserem Hotel in Sirmione.\" \/>\n<meta property=\"og:url\" content=\"https:\/\/www.hotel-in-sirmione.it\/de\/thermen-von-gardasee\/thermen-aquaria\/\" \/>\n<meta property=\"og:site_name\" content=\"Hotel in Sirmione\" \/>\n<meta property=\"article:modified_time\" content=\"2023-04-18T14:29:30+00:00\" \/>\n<meta property=\"og:image\" content=\"https:\/\/www.hotel-in-sirmione.it\/wp-content\/uploads\/2015\/01\/terme-di-aquaria-logo.jpg\" \/>\n\t<meta property=\"og:image:width\" content=\"220\" \/>\n\t<meta property=\"og:image:height\" content=\"134\" \/>\n\t<meta property=\"og:image:type\" content=\"image\/jpeg\" \/>\n<meta name=\"twitter:label1\" content=\"Est. reading time\" \/>\n\t<meta name=\"twitter:data1\" content=\"2 minutes\" \/>\n<script type=\"application\/ld+json\" class=\"yoast-schema-graph\">{\"@context\":\"https:\\\/\\\/schema.org\",\"@graph\":[{\"@type\":\"WebPage\",\"@id\":\"https:\\\/\\\/www.hotel-in-sirmione.it\\\/de\\\/thermen-von-gardasee\\\/thermen-aquaria\\\/\",\"url\":\"https:\\\/\\\/www.hotel-in-sirmione.it\\\/de\\\/thermen-von-gardasee\\\/thermen-aquaria\\\/\",\"name\":\"Thermen Aquaria - Hotel in Sirmione\",\"isPartOf\":{\"@id\":\"https:\\\/\\\/www.hotel-in-sirmione.it\\\/#website\"},\"primaryImageOfPage\":{\"@id\":\"https:\\\/\\\/www.hotel-in-sirmione.it\\\/de\\\/thermen-von-gardasee\\\/thermen-aquaria\\\/#primaryimage\"},\"image\":{\"@id\":\"https:\\\/\\\/www.hotel-in-sirmione.it\\\/de\\\/thermen-von-gardasee\\\/thermen-aquaria\\\/#primaryimage\"},\"thumbnailUrl\":\"https:\\\/\\\/www.hotel-in-sirmione.it\\\/wp-content\\\/uploads\\\/2015\\\/01\\\/terme-di-aquaria-logo.jpg\",\"datePublished\":\"2015-02-07T02:27:34+00:00\",\"dateModified\":\"2023-04-18T14:29:30+00:00\",\"description\":\"Die Thermen Aquaria Terme di Sirmione befinden sich im historischen Zentrum und sind nur einen kurzen Spaziergang von unserem Hotel in Sirmione.\",\"breadcrumb\":{\"@id\":\"https:\\\/\\\/www.hotel-in-sirmione.it\\\/de\\\/thermen-von-gardasee\\\/thermen-aquaria\\\/#breadcrumb\"},\"inLanguage\":\"de-DE\",\"potentialAction\":[{\"@type\":\"ReadAction\",\"target\":[\"https:\\\/\\\/www.hotel-in-sirmione.it\\\/de\\\/thermen-von-gardasee\\\/thermen-aquaria\\\/\"]}]},{\"@type\":\"ImageObject\",\"inLanguage\":\"de-DE\",\"@id\":\"https:\\\/\\\/www.hotel-in-sirmione.it\\\/de\\\/thermen-von-gardasee\\\/thermen-aquaria\\\/#primaryimage\",\"url\":\"https:\\\/\\\/www.hotel-in-sirmione.it\\\/wp-content\\\/uploads\\\/2015\\\/01\\\/terme-di-aquaria-logo.jpg\",\"contentUrl\":\"https:\\\/\\\/www.hotel-in-sirmione.it\\\/wp-content\\\/uploads\\\/2015\\\/01\\\/terme-di-aquaria-logo.jpg\",\"width\":220,\"height\":134,\"caption\":\"terme-di-aquaria\"},{\"@type\":\"BreadcrumbList\",\"@id\":\"https:\\\/\\\/www.hotel-in-sirmione.it\\\/de\\\/thermen-von-gardasee\\\/thermen-aquaria\\\/#breadcrumb\",\"itemListElement\":[{\"@type\":\"ListItem\",\"position\":1,\"name\":\"Home\",\"item\":\"https:\\\/\\\/www.hotel-in-sirmione.it\\\/de\\\/\"},{\"@type\":\"ListItem\",\"position\":2,\"name\":\"Thermen von Gardasee\",\"item\":\"https:\\\/\\\/www.hotel-in-sirmione.it\\\/de\\\/thermen-von-gardasee\\\/\"},{\"@type\":\"ListItem\",\"position\":3,\"name\":\"Thermen Aquaria\"}]},{\"@type\":\"WebSite\",\"@id\":\"https:\\\/\\\/www.hotel-in-sirmione.it\\\/#website\",\"url\":\"https:\\\/\\\/www.hotel-in-sirmione.it\\\/\",\"name\":\"Hotel in Sirmione\",\"description\":\"Un nuovo sito targato WordPress\",\"potentialAction\":[{\"@type\":\"SearchAction\",\"target\":{\"@type\":\"EntryPoint\",\"urlTemplate\":\"https:\\\/\\\/www.hotel-in-sirmione.it\\\/?s={search_term_string}\"},\"query-input\":{\"@type\":\"PropertyValueSpecification\",\"valueRequired\":true,\"valueName\":\"search_term_string\"}}],\"inLanguage\":\"de-DE\"}]}<\/script>\n<!-- \/ Yoast SEO plugin. -->","yoast_head_json":{"title":"Thermen Aquaria - Hotel in Sirmione","description":"Die Thermen Aquaria Terme di Sirmione befinden sich im historischen Zentrum und sind nur einen kurzen Spaziergang von unserem Hotel in Sirmione.","robots":{"index":"index","follow":"follow","max-snippet":"max-snippet:-1","max-image-preview":"max-image-preview:large","max-video-preview":"max-video-preview:-1"},"canonical":"https:\/\/www.hotel-in-sirmione.it\/de\/thermen-von-gardasee\/thermen-aquaria\/","og_locale":"de_DE","og_type":"article","og_title":"Thermen Aquaria - Hotel in Sirmione","og_description":"Die Thermen Aquaria Terme di Sirmione befinden sich im historischen Zentrum und sind nur einen kurzen Spaziergang von unserem Hotel in Sirmione.","og_url":"https:\/\/www.hotel-in-sirmione.it\/de\/thermen-von-gardasee\/thermen-aquaria\/","og_site_name":"Hotel in Sirmione","article_modified_time":"2023-04-18T14:29:30+00:00","og_image":[{"width":220,"height":134,"url":"https:\/\/www.hotel-in-sirmione.it\/wp-content\/uploads\/2015\/01\/terme-di-aquaria-logo.jpg","type":"image\/jpeg"}],"twitter_misc":{"Est. reading time":"2 minutes"},"schema":{"@context":"https:\/\/schema.org","@graph":[{"@type":"WebPage","@id":"https:\/\/www.hotel-in-sirmione.it\/de\/thermen-von-gardasee\/thermen-aquaria\/","url":"https:\/\/www.hotel-in-sirmione.it\/de\/thermen-von-gardasee\/thermen-aquaria\/","name":"Thermen Aquaria - Hotel in Sirmione","isPartOf":{"@id":"https:\/\/www.hotel-in-sirmione.it\/#website"},"primaryImageOfPage":{"@id":"https:\/\/www.hotel-in-sirmione.it\/de\/thermen-von-gardasee\/thermen-aquaria\/#primaryimage"},"image":{"@id":"https:\/\/www.hotel-in-sirmione.it\/de\/thermen-von-gardasee\/thermen-aquaria\/#primaryimage"},"thumbnailUrl":"https:\/\/www.hotel-in-sirmione.it\/wp-content\/uploads\/2015\/01\/terme-di-aquaria-logo.jpg","datePublished":"2015-02-07T02:27:34+00:00","dateModified":"2023-04-18T14:29:30+00:00","description":"Die Thermen Aquaria Terme di Sirmione befinden sich im historischen Zentrum und sind nur einen kurzen Spaziergang von unserem Hotel in Sirmione.","breadcrumb":{"@id":"https:\/\/www.hotel-in-sirmione.it\/de\/thermen-von-gardasee\/thermen-aquaria\/#breadcrumb"},"inLanguage":"de-DE","potentialAction":[{"@type":"ReadAction","target":["https:\/\/www.hotel-in-sirmione.it\/de\/thermen-von-gardasee\/thermen-aquaria\/"]}]},{"@type":"ImageObject","inLanguage":"de-DE","@id":"https:\/\/www.hotel-in-sirmione.it\/de\/thermen-von-gardasee\/thermen-aquaria\/#primaryimage","url":"https:\/\/www.hotel-in-sirmione.it\/wp-content\/uploads\/2015\/01\/terme-di-aquaria-logo.jpg","contentUrl":"https:\/\/www.hotel-in-sirmione.it\/wp-content\/uploads\/2015\/01\/terme-di-aquaria-logo.jpg","width":220,"height":134,"caption":"terme-di-aquaria"},{"@type":"BreadcrumbList","@id":"https:\/\/www.hotel-in-sirmione.it\/de\/thermen-von-gardasee\/thermen-aquaria\/#breadcrumb","itemListElement":[{"@type":"ListItem","position":1,"name":"Home","item":"https:\/\/www.hotel-in-sirmione.it\/de\/"},{"@type":"ListItem","position":2,"name":"Thermen von Gardasee","item":"https:\/\/www.hotel-in-sirmione.it\/de\/thermen-von-gardasee\/"},{"@type":"ListItem","position":3,"name":"Thermen Aquaria"}]},{"@type":"WebSite","@id":"https:\/\/www.hotel-in-sirmione.it\/#website","url":"https:\/\/www.hotel-in-sirmione.it\/","name":"Hotel in Sirmione","description":"Un nuovo sito targato WordPress","potentialAction":[{"@type":"SearchAction","target":{"@type":"EntryPoint","urlTemplate":"https:\/\/www.hotel-in-sirmione.it\/?s={search_term_string}"},"query-input":{"@type":"PropertyValueSpecification","valueRequired":true,"valueName":"search_term_string"}}],"inLanguage":"de-DE"}]}},"_links":{"self":[{"href":"https:\/\/www.hotel-in-sirmione.it\/de\/wp-json\/wp\/v2\/pages\/1001","targetHints":{"allow":["GET"]}}],"collection":[{"href":"https:\/\/www.hotel-in-sirmione.it\/de\/wp-json\/wp\/v2\/pages"}],"about":[{"href":"https:\/\/www.hotel-in-sirmione.it\/de\/wp-json\/wp\/v2\/types\/page"}],"author":[{"embeddable":true,"href":"https:\/\/www.hotel-in-sirmione.it\/de\/wp-json\/wp\/v2\/users\/4"}],"replies":[{"embeddable":true,"href":"https:\/\/www.hotel-in-sirmione.it\/de\/wp-json\/wp\/v2\/comments?post=1001"}],"version-history":[{"count":2,"href":"https:\/\/www.hotel-in-sirmione.it\/de\/wp-json\/wp\/v2\/pages\/1001\/revisions"}],"predecessor-version":[{"id":4981,"href":"https:\/\/www.hotel-in-sirmione.it\/de\/wp-json\/wp\/v2\/pages\/1001\/revisions\/4981"}],"up":[{"embeddable":true,"href":"https:\/\/www.hotel-in-sirmione.it\/de\/wp-json\/wp\/v2\/pages\/997"}],"wp:featuredmedia":[{"embeddable":true,"href":"https:\/\/www.hotel-in-sirmione.it\/de\/wp-json\/wp\/v2\/media\/231"}],"wp:attachment":[{"href":"https:\/\/www.hotel-in-sirmione.it\/de\/wp-json\/wp\/v2\/media?parent=1001"}],"curies":[{"name":"wp","href":"https:\/\/api.w.org\/{rel}","templated":true}]}}